{"id":1165,"date":"2024-01-02T14:12:35","date_gmt":"2024-01-02T13:12:35","guid":{"rendered":"https:\/\/www.vorlen.geek-tonic.dev\/sonderangebote-auf-dem-campingplatz-in-fouesnant\/"},"modified":"2024-06-24T14:25:22","modified_gmt":"2024-06-24T12:25:22","slug":"sonderangebote-auf-dem-campingplatz-in-fouesnant","status":"publish","type":"page","link":"https:\/\/vorlen.geek-tonic.dev\/de\/sonderangebote-auf-dem-campingplatz-in-fouesnant\/","title":{"rendered":"Unsere Angebote"},"content":{"rendered":"<section id=\"ls-section-block_0eaa53c2f8f5633efb1138572af2db08\" class=\"ls-section  page-one has-background has-color-4-background-color has-m-t m-t-0 has-m-b m-b-0 has-p-t p-t-14 has-p-b p-b-1\" >\r\n        <div class=\"container container--wide\">\r\n        \n\n<h1 class=\"ls__heading wp-block-heading\">Campingplatz mit Sonderangeboten im Finist\u00e8re<\/h1>\n\n\n<p><script>\n    window.ctoutvert = {\n\t\tid: 6082, \n\t\tlang: 'auto', \n\t\turl: 'https:\/\/reservation.secureholiday.net\/widgets\/'\n    };<\/p>\n<p>    (function (w, d, s, ctv, r, js, fjs) {\n        r=new XMLHttpRequest();r.open('GET',w[ctv].url+'js\/src.json');\n        r.responseType='json';r.json=true;r.send();\n        r.onload=function(){w[ctv].src=r.responseType=='json'?r.response:JSON.parse(r.response);\n        js.src=w[ctv].src[0];fjs.parentNode.insertBefore(js, fjs);}\n        js=d.createElement(s),fjs=d.getElementsByTagName(s)[0];\n        js.id='ctvwidget';js.async=1;\n    }(window, document, 'script', 'ctoutvert'));\n<\/script><br \/>\n<ctv-offers data-display-mode=\"carousel\" ><\/ctv-offers><\/p>\n\n\r\n    <\/div>\r\n<\/section><section id=\"ls-section-block_360aca961aa19569fa8b6de42da7b796\" class=\"ls-section  page-one has-background has-color-4-background-color has-m-t m-t-0 has-m-b m-b-0 has-p-t p-t-14 has-p-b p-b-14\" >\r\n        <div class=\"container container--wide\">\r\n        \n\n<div class=\"wp-block-columns is-layout-flex wp-container-core-columns-is-layout-1 wp-block-columns-is-layout-flex\">\n<div class=\"wp-block-column animated fadeInLeft delay-100ms slow is-layout-flow wp-block-column-is-layout-flow\" style=\"flex-basis:45%\">\n<figure class=\"wp-block-image size-full\"><a href=\"https:\/\/www.vorlen.geek-tonic.dev\/wp-content\/uploads\/sites\/13\/2024\/01\/camping-famille-archipel-glenan.webp\"><img decoding=\"async\" width=\"1500\" height=\"1000\" src=\"https:\/\/www.vorlen.geek-tonic.dev\/wp-content\/uploads\/sites\/13\/2024\/01\/camping-famille-archipel-glenan.webp\" alt=\"Familien-Campingplatz Gl&#xE9;nan-Archipel\" class=\"wp-image-379\" srcset=\"https:\/\/vorlen.geek-tonic.dev\/wp-content\/uploads\/sites\/13\/2024\/01\/camping-famille-archipel-glenan.webp 1500w, https:\/\/vorlen.geek-tonic.dev\/wp-content\/uploads\/sites\/13\/2024\/01\/camping-famille-archipel-glenan-300x200.webp 300w, https:\/\/vorlen.geek-tonic.dev\/wp-content\/uploads\/sites\/13\/2024\/01\/camping-famille-archipel-glenan-1024x683.webp 1024w, https:\/\/vorlen.geek-tonic.dev\/wp-content\/uploads\/sites\/13\/2024\/01\/camping-famille-archipel-glenan-768x512.webp 768w\" sizes=\"(max-width: 1500px) 100vw, 1500px\" \/><\/a><\/figure>\n<\/div>\n\n\n\n<div class=\"wp-block-column is-vertically-aligned-center animated fadeInRight slow is-layout-flow wp-block-column-is-layout-flow\" style=\"flex-basis:55%\">\n<h2 class=\"ls__heading wp-block-heading\">Sonderangebot f\u00fcr Paare auf dem Campingplatz<\/h2>\n\n\n\n<p class=\"ls-paragraph\">Suchen Sie nach einem romantischen Aufenthalt in Fouesnant, Bretagne? Profitieren Sie von unseren speziellen Angeboten, die f\u00fcr Paare entwickelt wurden, ab <strong> 299\u20ac pro Woche f\u00fcr <\/strong> unsere <strong>2-Zimmer-Unterk\u00fcnfte<\/strong>, je nach <strong>Verf\u00fcgbarkeit.<\/strong><\/p>\n\n\n\n<p class=\"ls-paragraph\">G\u00f6nnen Sie sich einen Urlaub zu zweit zu g\u00fcnstigen Preisen mit unseren speziellen Angeboten. <strong>Ab 199\u20ac pro Woche in der Nebensaison <\/strong> erleben Sie einen besonderen Moment abseits der Sommermassen. Dieses Angebot gilt f\u00fcr<strong> 2 Personen<\/strong>, mit oder ohne ein Baby unter 3 Jahren, sowohl im Fr\u00fchling als auch im Herbst.<\/p>\n\n\n\n<p class=\"ls-paragraph\">Buchen Sie jetzt, um einen unvergesslichen romantischen Urlaub in Fouesnant zu genie\u00dfen.<\/p>\n<\/div>\n<\/div>\n\n\r\n    <\/div>\r\n<\/section><section id=\"ls-section-block_0b33a6f029a5349ef85d3fdaa185337f\" class=\"ls-section  home-gallery has-background has-color-4-background-color has-m-t m-t-0 has-p-t p-t-0\" >\r\n        <div class=\"container container--full\">\r\n        \n\n<figure class=\"wp-block-gallery has-nested-images columns-1 is-cropped galerie-slider-container wp-block-gallery-1 is-layout-flex wp-block-gallery-is-layout-flex\">\n<figure class=\"wp-block-image size-full\"><a href=\"https:\/\/www.vorlen.geek-tonic.dev\/wp-content\/uploads\/sites\/13\/2024\/02\/piscine-camping-fouesnant_1.jpg\"><img decoding=\"async\" width=\"1200\" height=\"765\" src=\"https:\/\/www.vorlen.geek-tonic.dev\/wp-content\/uploads\/sites\/13\/2024\/02\/piscine-camping-fouesnant_1.jpg\" alt=\"Schwimmbad Campingplatz Fouesnant 1\" class=\"wp-image-600\" srcset=\"https:\/\/vorlen.geek-tonic.dev\/wp-content\/uploads\/sites\/13\/2024\/02\/piscine-camping-fouesnant_1.jpg 1200w, https:\/\/vorlen.geek-tonic.dev\/wp-content\/uploads\/sites\/13\/2024\/02\/piscine-camping-fouesnant_1-300x191.jpg 300w, https:\/\/vorlen.geek-tonic.dev\/wp-content\/uploads\/sites\/13\/2024\/02\/piscine-camping-fouesnant_1-1024x653.jpg 1024w, https:\/\/vorlen.geek-tonic.dev\/wp-content\/uploads\/sites\/13\/2024\/02\/piscine-camping-fouesnant_1-768x490.jpg 768w\" sizes=\"(max-width: 1200px) 100vw, 1200px\" \/><\/a><\/figure>\n\n\n\n<figure class=\"wp-block-image size-full\"><a href=\"https:\/\/www.vorlen.geek-tonic.dev\/wp-content\/uploads\/sites\/13\/2024\/01\/espace-jeux-fouesnant.webp\"><img decoding=\"async\" width=\"1200\" height=\"765\" src=\"https:\/\/www.vorlen.geek-tonic.dev\/wp-content\/uploads\/sites\/13\/2024\/01\/espace-jeux-fouesnant.webp\" alt=\"espace jeux fouesnant\" class=\"wp-image-462\" srcset=\"https:\/\/vorlen.geek-tonic.dev\/wp-content\/uploads\/sites\/13\/2024\/01\/espace-jeux-fouesnant.webp 1200w, https:\/\/vorlen.geek-tonic.dev\/wp-content\/uploads\/sites\/13\/2024\/01\/espace-jeux-fouesnant-300x191.webp 300w, https:\/\/vorlen.geek-tonic.dev\/wp-content\/uploads\/sites\/13\/2024\/01\/espace-jeux-fouesnant-1024x653.webp 1024w, https:\/\/vorlen.geek-tonic.dev\/wp-content\/uploads\/sites\/13\/2024\/01\/espace-jeux-fouesnant-768x490.webp 768w\" sizes=\"(max-width: 1200px) 100vw, 1200px\" \/><\/a><\/figure>\n\n\n\n<figure class=\"wp-block-image size-full\"><a href=\"https:\/\/www.vorlen.geek-tonic.dev\/wp-content\/uploads\/sites\/13\/2024\/02\/0-1192722.jpg\"><img decoding=\"async\" width=\"1219\" height=\"914\" src=\"https:\/\/www.vorlen.geek-tonic.dev\/wp-content\/uploads\/sites\/13\/2024\/02\/0-1192722.jpg\" alt=\"0 1192722\" class=\"wp-image-513\" srcset=\"https:\/\/vorlen.geek-tonic.dev\/wp-content\/uploads\/sites\/13\/2024\/02\/0-1192722.jpg 1219w, https:\/\/vorlen.geek-tonic.dev\/wp-content\/uploads\/sites\/13\/2024\/02\/0-1192722-300x225.jpg 300w, https:\/\/vorlen.geek-tonic.dev\/wp-content\/uploads\/sites\/13\/2024\/02\/0-1192722-1024x768.jpg 1024w, https:\/\/vorlen.geek-tonic.dev\/wp-content\/uploads\/sites\/13\/2024\/02\/0-1192722-768x576.jpg 768w\" sizes=\"(max-width: 1219px) 100vw, 1219px\" \/><\/a><\/figure>\n<\/figure>\n\n\r\n    <\/div>\r\n<\/section><section id=\"ls-section-block_5a0665f5dc6e7a328148991a0b756ddf\" class=\"ls-section  page-one aventure\" >\r\n        <div class=\"container container--wide\">\r\n        \n\n<div class=\"wp-block-columns is-layout-flex wp-container-core-columns-is-layout-2 wp-block-columns-is-layout-flex\">\n<div class=\"wp-block-column first animated fadeInLeft delay-100ms slow is-layout-flow wp-block-column-is-layout-flow\" style=\"flex-basis:45%\">\n<figure class=\"wp-block-image size-full is-resized\"><a href=\"https:\/\/www.vorlen.geek-tonic.dev\/wp-content\/uploads\/sites\/13\/2024\/01\/tourisme-camping-fouesnant.webp\"><img decoding=\"async\" width=\"1200\" height=\"800\" src=\"https:\/\/www.vorlen.geek-tonic.dev\/wp-content\/uploads\/sites\/13\/2024\/01\/tourisme-camping-fouesnant.webp\" alt=\"Tourismus Campingplatz Fouesnant\" class=\"wp-image-476\" style=\"width:624px;height:auto\" srcset=\"https:\/\/vorlen.geek-tonic.dev\/wp-content\/uploads\/sites\/13\/2024\/01\/tourisme-camping-fouesnant.webp 1200w, https:\/\/vorlen.geek-tonic.dev\/wp-content\/uploads\/sites\/13\/2024\/01\/tourisme-camping-fouesnant-300x200.webp 300w, https:\/\/vorlen.geek-tonic.dev\/wp-content\/uploads\/sites\/13\/2024\/01\/tourisme-camping-fouesnant-1024x683.webp 1024w, https:\/\/vorlen.geek-tonic.dev\/wp-content\/uploads\/sites\/13\/2024\/01\/tourisme-camping-fouesnant-768x512.webp 768w\" sizes=\"(max-width: 1200px) 100vw, 1200px\" \/><\/a><\/figure>\n<\/div>\n\n\n\n<div class=\"wp-block-column second animated fadeInRight slow is-layout-flow wp-block-column-is-layout-flow\" style=\"flex-basis:55%\">\n<h2 class=\"ls__heading wp-block-heading\">Last Minute Sommer! -25% auf Ihre Miete<\/h2>\n\n\n\n<p class=\"ls-paragraph\">Erhalten Sie bis zu 25 % Rabatt auf Ihren Aufenthalt in einer Mietwohnung, wenn Sie vor dem 30. Juni buchen! Kommen Sie bald zu uns und genie\u00dfen Sie die Freuden des Sommers: Entspannen Sie sich in unserem Wasserpark mit Rutschen, genie\u00dfen Sie einen Spaziergang in Fouesnant oder bewundern Sie die zauberhaften Landschaften des Finist\u00e8re! Warten Sie nicht zu lange! Buchen Sie Ihren Aufenthalt und profitieren Sie von Preisnachl\u00e4ssen von bis zu 25 % auf unsere Mietobjekte. Lassen Sie sich diese Gelegenheit nicht entgehen, den Sommer in Vorlen zu verbringen!<\/p>\n<\/div>\n<\/div>\n\n\r\n    <\/div>\r\n<\/section><section id=\"ls-section-block_268aa560fbe2e034c7acf9199aefddc2\" class=\"ls-section  page-one has-background has-color-4-background-color has-p-t p-t-14\" >\r\n        <div class=\"container container--wide\">\r\n        \n\n<div class=\"wp-block-columns is-layout-flex wp-container-core-columns-is-layout-3 wp-block-columns-is-layout-flex\">\n<div class=\"wp-block-column first  animated fadeInLeft slow is-layout-flow wp-block-column-is-layout-flow\" style=\"flex-basis:55%\">\n<h2 class=\"ls__heading wp-block-heading\">Weitere Angebote f\u00fcr Ihre Unterkunft<\/h2>\n\n\n\n<p class=\"ls-paragraph\">Fr\u00fchzeitiges Buchen ist die Garantie f\u00fcr einen g\u00fcnstigen Urlaub!  <\/p>\n\n\n\n<p class=\"ls-paragraph\">Neben der gro\u00dfen Auswahl an Stellpl\u00e4tzen k\u00f6nnen Sie Ihren Urlaub fr\u00fchzeitig planen und von unserem <strong>Early<\/strong> <strong>Booking<\/strong> <strong>Angebot<\/strong> profitieren. Vom Zeitpunkt der Buchungser\u00f6ffnung bis zum 31. Januar erhalten Sie Erm\u00e4\u00dfigungen von bis<strong> zu -30%<\/strong>. Bitte beachten Sie, dass dieses Angebot <strong>nicht<\/strong> mit anderen laufenden Sonderangeboten <strong>kombiniert<\/strong> werden kann und dass die H\u00f6he des Rabatts je nach Aufenthaltsdauer variieren kann.<\/p>\n\n\n\n<p class=\"ls-paragraph\">Der Campingplatz bietet Ihnen auch sein <strong>Fr\u00fchlingsangebot<\/strong>, eine perfekte Gelegenheit, um Ihren Urlaub zu planen. Zwischen dem <strong>6. Februar und dem 7. April<\/strong> k\u00f6nnen Sie die ersten sch\u00f6nen Tage in unserer zauberhaften Umgebung genie\u00dfen. Buchen Sie jetzt und erhalten Sie einen au\u00dfergew\u00f6hnlichen <strong> Rabatt von 15% auf<\/strong> Ihren Aufenthalt in einer Mietwohnung. G\u00f6nnen Sie sich unvergessliche Momente mit der Familie oder mit Freunden und sparen Sie gleichzeitig bei der Unterkunft.  <\/p>\n\n\n\n<p class=\"ls-paragraph\"><br\/>Sind Sie eine kinderreiche Familie? Wir haben die perfekte L\u00f6sung f\u00fcr Sie! Entscheiden Sie sich f\u00fcr einen Aufenthalt in einem Mobilheim mit 3 Schlafzimmern ab nur <strong>329\u20ac pro Woche<\/strong> mit<strong> dem Tribu-Angebot<\/strong>. Genie\u00dfen Sie den Komfort f\u00fcr die ganze Familie in einer warmen und freundlichen Umgebung. Buchen Sie jetzt und bereiten Sie sich auf unvergessliche Momente mit der Familie auf unserem Campingplatz mit guten Pl\u00e4nen vor!<\/p>\n\n\n\n<p class=\"ls-paragraph\">In diesem Jahr ist es uns ein besonderes Anliegen, unsere Besucher zufrieden zu stellen. Daher haben wir beschlossen, Ihnen<strong> die Bearbeitungsgeb\u00fchren zu erlassen!<\/strong> Buchen Sie Ihren Aufenthalt ohne Bearbeitungsgeb\u00fchr, egal ob online oder telefonisch, egal wie lange Sie bleiben m\u00f6chten. Nutzen Sie diese Vorteile f\u00fcr einen preiswerten Urlaub in der Bretagne.<\/p>\n<\/div>\n\n\n\n<div class=\"wp-block-column second animated fadeInRight delay-100ms slow is-layout-flow wp-block-column-is-layout-flow\" style=\"flex-basis:45%\">\n<figure class=\"wp-block-image size-full\"><a href=\"https:\/\/www.vorlen.geek-tonic.dev\/wp-content\/uploads\/sites\/13\/2024\/01\/location-camping-famille-fouesnant.webp\"><img decoding=\"async\" width=\"1200\" height=\"765\" src=\"https:\/\/www.vorlen.geek-tonic.dev\/wp-content\/uploads\/sites\/13\/2024\/01\/location-camping-famille-fouesnant.webp\" alt=\"vermietung familien-campingplatz fouesnant\" class=\"wp-image-414\" srcset=\"https:\/\/vorlen.geek-tonic.dev\/wp-content\/uploads\/sites\/13\/2024\/01\/location-camping-famille-fouesnant.webp 1200w, https:\/\/vorlen.geek-tonic.dev\/wp-content\/uploads\/sites\/13\/2024\/01\/location-camping-famille-fouesnant-300x191.webp 300w, https:\/\/vorlen.geek-tonic.dev\/wp-content\/uploads\/sites\/13\/2024\/01\/location-camping-famille-fouesnant-1024x653.webp 1024w, https:\/\/vorlen.geek-tonic.dev\/wp-content\/uploads\/sites\/13\/2024\/01\/location-camping-famille-fouesnant-768x490.webp 768w\" sizes=\"(max-width: 1200px) 100vw, 1200px\" \/><\/a><\/figure>\n<\/div>\n<\/div>\n\n\r\n    <\/div>\r\n<\/section><section id=\"ls-section-block_8a283ea96ce6466f3720f535f0c48936\" class=\"ls-section  page-maillage experience has-p-t p-t-0\" >\r\n        <div class=\"container container--wide\">\r\n        \n\n<div id=\"ls-heading ls-titre-div-block_e97551f59547757c0819d38f0709b612\" class=\"ls-titre-div aligncenter h2-like\" >\n    <strong>Entdecken <\/strong> Sie unsere Unterk\u00fcnfte, Stellpl\u00e4tze und Dienstleistungen<\/div>\n\n\n<div id=\"ls-maillage-block_9cb51fb2668d4fd839bde8a0de55ef78\" class=\"ls-maillage cta-style-normal\" data-rows=\"3\">\n    <div class=\"wp-block-columns\"><div class=\"wp-block-column\"><div id=\"destinations\" class=\"ls-cta\">\n\n<a href=\"https:\/\/vorlen.geek-tonic.dev\/de\/mobilheimvermietung-fouesnant\/\" target=\"\" rel=\"noopener\" class=\"ls-cta__link\">\n\n\t<div class=\"ls-cta__image\"><img decoding=\"async\" src=\"https:\/\/vorlen.geek-tonic.dev\/wp-content\/uploads\/sites\/13\/2024\/01\/hebergement-famille-fouesnant.webp\" alt=\"unterkunft familie fouesnant\"><\/div>\n\t<div class=\"ls-cta__title\">\n\t\tUnsere Unterk\u00fcnfte\t<\/div>\n\n\t\t\n<\/a><\/div><\/div><div class=\"wp-block-column\"><div id=\"destinations\" class=\"ls-cta\">\n\n<a href=\"https:\/\/vorlen.geek-tonic.dev\/de\/stellplatzvermietung-fouesnant\/\" target=\"\" rel=\"noopener\" class=\"ls-cta__link\">\n\n\t<div class=\"ls-cta__image\"><img decoding=\"async\" src=\"https:\/\/vorlen.geek-tonic.dev\/wp-content\/uploads\/sites\/13\/2024\/02\/emplacement-camping-finistere.webp\" alt=\"emplacement camping finistere\"><\/div>\n\t<div class=\"ls-cta__title\">\n\t\tStellplatzvermietung\t<\/div>\n\n\t\t\n<\/a><\/div><\/div><div class=\"wp-block-column\"><div id=\"destinations\" class=\"ls-cta\">\n\n<a href=\"https:\/\/vorlen.geek-tonic.dev\/de\/familien-campingplatz-fouesnant\/\" target=\"\" rel=\"noopener\" class=\"ls-cta__link\">\n\n\t<div class=\"ls-cta__image\"><img decoding=\"async\" src=\"https:\/\/vorlen.geek-tonic.dev\/wp-content\/uploads\/sites\/13\/2024\/02\/services-camping-finistere-1.webp\" alt=\"services camping finistere\"><\/div>\n\t<div class=\"ls-cta__title\">\n\t\tDienstleistungen\t<\/div>\n\n\t\t\n<\/a><\/div><\/div><\/div><\/div>\n\r\n    <\/div>\r\n<\/section>","protected":false},"excerpt":{"rendered":"","protected":false},"author":1,"featured_media":1166,"parent":0,"menu_order":0,"comment_status":"closed","ping_status":"closed","template":"","meta":{"_acf_changed":false,"footnotes":""},"sujet":[],"class_list":["post-1165","page","type-page","status-publish","has-post-thumbnail","hentry"],"acf":[],"yoast_head":"<!-- This site is optimized with the Yoast SEO plugin v23.9 - https:\/\/yoast.com\/wordpress\/plugins\/seo\/ -->\n<title>Campingplatz mit Sonderangeboten in Fouesnant, Finist\u00e8re<\/title>\n<meta name=\"description\" content=\"Entdecken Sie unsere Sonderangebote auf dem Campingplatz in Fouesnant: spezielle Angebote f\u00fcr Paare, kostenlose \u00dcbernachtungen in der Nebensaison, Last-Minute-Rabatte f\u00fcr Ihren Aufenthalt.\" \/>\n<meta name=\"robots\" content=\"noindex, follow, max-snippet:-1, max-image-preview:large, max-video-preview:-1\" \/>\n<meta property=\"og:locale\" content=\"de_DE\" \/>\n<meta property=\"og:type\" content=\"article\" \/>\n<meta property=\"og:title\" content=\"Campingplatz mit Sonderangeboten in Fouesnant, Finist\u00e8re\" \/>\n<meta property=\"og:description\" content=\"Entdecken Sie unsere Sonderangebote auf dem Campingplatz in Fouesnant: spezielle Angebote f\u00fcr Paare, kostenlose \u00dcbernachtungen in der Nebensaison, Last-Minute-Rabatte f\u00fcr Ihren Aufenthalt.\" \/>\n<meta property=\"og:url\" content=\"https:\/\/vorlen.geek-tonic.dev\/de\/sonderangebote-auf-dem-campingplatz-in-fouesnant\/\" \/>\n<meta property=\"og:site_name\" content=\"Camping Le Vorlen\" \/>\n<meta property=\"article:modified_time\" content=\"2024-06-24T12:25:22+00:00\" \/>\n<meta property=\"og:image\" content=\"https:\/\/vorlen.geek-tonic.dev\/wp-content\/uploads\/sites\/13\/2024\/02\/promotion-camping-finistere.webp\" \/>\n\t<meta property=\"og:image:width\" content=\"2000\" \/>\n\t<meta property=\"og:image:height\" content=\"1233\" \/>\n\t<meta property=\"og:image:type\" content=\"image\/webp\" \/>\n<meta name=\"twitter:card\" content=\"summary_large_image\" \/>\n<meta name=\"twitter:label1\" content=\"Gesch\u00e4tzte Lesezeit\" \/>\n\t<meta name=\"twitter:data1\" content=\"2\u00a0Minuten\" \/>\n<script type=\"application\/ld+json\" class=\"yoast-schema-graph\">{\"@context\":\"https:\/\/schema.org\",\"@graph\":[{\"@type\":\"WebPage\",\"@id\":\"https:\/\/vorlen.geek-tonic.dev\/de\/sonderangebote-auf-dem-campingplatz-in-fouesnant\/\",\"url\":\"https:\/\/vorlen.geek-tonic.dev\/de\/sonderangebote-auf-dem-campingplatz-in-fouesnant\/\",\"name\":\"Campingplatz mit Sonderangeboten in Fouesnant, Finist\u00e8re\",\"isPartOf\":{\"@id\":\"https:\/\/vorlen.geek-tonic.dev\/de\/#website\"},\"primaryImageOfPage\":{\"@id\":\"https:\/\/vorlen.geek-tonic.dev\/de\/sonderangebote-auf-dem-campingplatz-in-fouesnant\/#primaryimage\"},\"image\":{\"@id\":\"https:\/\/vorlen.geek-tonic.dev\/de\/sonderangebote-auf-dem-campingplatz-in-fouesnant\/#primaryimage\"},\"thumbnailUrl\":\"https:\/\/vorlen.geek-tonic.dev\/wp-content\/uploads\/sites\/13\/2024\/02\/promotion-camping-finistere.webp\",\"datePublished\":\"2024-01-02T13:12:35+00:00\",\"dateModified\":\"2024-06-24T12:25:22+00:00\",\"description\":\"Entdecken Sie unsere Sonderangebote auf dem Campingplatz in Fouesnant: spezielle Angebote f\u00fcr Paare, kostenlose \u00dcbernachtungen in der Nebensaison, Last-Minute-Rabatte f\u00fcr Ihren Aufenthalt.\",\"breadcrumb\":{\"@id\":\"https:\/\/vorlen.geek-tonic.dev\/de\/sonderangebote-auf-dem-campingplatz-in-fouesnant\/#breadcrumb\"},\"inLanguage\":\"de\",\"potentialAction\":[{\"@type\":\"ReadAction\",\"target\":[\"https:\/\/vorlen.geek-tonic.dev\/de\/sonderangebote-auf-dem-campingplatz-in-fouesnant\/\"]}]},{\"@type\":\"ImageObject\",\"inLanguage\":\"de\",\"@id\":\"https:\/\/vorlen.geek-tonic.dev\/de\/sonderangebote-auf-dem-campingplatz-in-fouesnant\/#primaryimage\",\"url\":\"https:\/\/vorlen.geek-tonic.dev\/wp-content\/uploads\/sites\/13\/2024\/02\/promotion-camping-finistere.webp\",\"contentUrl\":\"https:\/\/vorlen.geek-tonic.dev\/wp-content\/uploads\/sites\/13\/2024\/02\/promotion-camping-finistere.webp\",\"width\":2000,\"height\":1233,\"caption\":\"promotion camping finistere\"},{\"@type\":\"BreadcrumbList\",\"@id\":\"https:\/\/vorlen.geek-tonic.dev\/de\/sonderangebote-auf-dem-campingplatz-in-fouesnant\/#breadcrumb\",\"itemListElement\":[{\"@type\":\"ListItem\",\"position\":1,\"name\":\"Camping dans le Finist\u00e8re Sud\",\"item\":\"https:\/\/vorlen.geek-tonic.dev\/de\/\"},{\"@type\":\"ListItem\",\"position\":2,\"name\":\"Sonderangebote auf dem Campingplatz in Fouesnant\"}]},{\"@type\":\"WebSite\",\"@id\":\"https:\/\/vorlen.geek-tonic.dev\/de\/#website\",\"url\":\"https:\/\/vorlen.geek-tonic.dev\/de\/\",\"name\":\"Camping Le Vorlen\",\"description\":\"\",\"publisher\":{\"@id\":\"https:\/\/vorlen.geek-tonic.dev\/de\/#organization\"},\"potentialAction\":[{\"@type\":\"SearchAction\",\"target\":{\"@type\":\"EntryPoint\",\"urlTemplate\":\"https:\/\/vorlen.geek-tonic.dev\/de\/?s={search_term_string}\"},\"query-input\":{\"@type\":\"PropertyValueSpecification\",\"valueRequired\":true,\"valueName\":\"search_term_string\"}}],\"inLanguage\":\"de\"},{\"@type\":\"Organization\",\"@id\":\"https:\/\/vorlen.geek-tonic.dev\/de\/#organization\",\"name\":\"Camping Le Vorlen\",\"url\":\"https:\/\/vorlen.geek-tonic.dev\/de\/\",\"logo\":{\"@type\":\"ImageObject\",\"inLanguage\":\"de\",\"@id\":\"https:\/\/vorlen.geek-tonic.dev\/de\/#\/schema\/logo\/image\/\",\"url\":\"https:\/\/vorlen.geek-tonic.dev\/wp-content\/uploads\/sites\/13\/2024\/03\/cropped-logo-Flower-camping-Le-Vorlen.png\",\"contentUrl\":\"https:\/\/vorlen.geek-tonic.dev\/wp-content\/uploads\/sites\/13\/2024\/03\/cropped-logo-Flower-camping-Le-Vorlen.png\",\"width\":500,\"height\":660,\"caption\":\"Camping Le Vorlen\"},\"image\":{\"@id\":\"https:\/\/vorlen.geek-tonic.dev\/de\/#\/schema\/logo\/image\/\"}}]}<\/script>\n<!-- \/ Yoast SEO plugin. -->","yoast_head_json":{"title":"Campingplatz mit Sonderangeboten in Fouesnant, Finist\u00e8re","description":"Entdecken Sie unsere Sonderangebote auf dem Campingplatz in Fouesnant: spezielle Angebote f\u00fcr Paare, kostenlose \u00dcbernachtungen in der Nebensaison, Last-Minute-Rabatte f\u00fcr Ihren Aufenthalt.","robots":{"index":"noindex","follow":"follow","max-snippet":"max-snippet:-1","max-image-preview":"max-image-preview:large","max-video-preview":"max-video-preview:-1"},"og_locale":"de_DE","og_type":"article","og_title":"Campingplatz mit Sonderangeboten in Fouesnant, Finist\u00e8re","og_description":"Entdecken Sie unsere Sonderangebote auf dem Campingplatz in Fouesnant: spezielle Angebote f\u00fcr Paare, kostenlose \u00dcbernachtungen in der Nebensaison, Last-Minute-Rabatte f\u00fcr Ihren Aufenthalt.","og_url":"https:\/\/vorlen.geek-tonic.dev\/de\/sonderangebote-auf-dem-campingplatz-in-fouesnant\/","og_site_name":"Camping Le Vorlen","article_modified_time":"2024-06-24T12:25:22+00:00","og_image":[{"width":2000,"height":1233,"url":"https:\/\/vorlen.geek-tonic.dev\/wp-content\/uploads\/sites\/13\/2024\/02\/promotion-camping-finistere.webp","type":"image\/webp"}],"twitter_card":"summary_large_image","twitter_misc":{"Gesch\u00e4tzte Lesezeit":"2\u00a0Minuten"},"schema":{"@context":"https:\/\/schema.org","@graph":[{"@type":"WebPage","@id":"https:\/\/vorlen.geek-tonic.dev\/de\/sonderangebote-auf-dem-campingplatz-in-fouesnant\/","url":"https:\/\/vorlen.geek-tonic.dev\/de\/sonderangebote-auf-dem-campingplatz-in-fouesnant\/","name":"Campingplatz mit Sonderangeboten in Fouesnant, Finist\u00e8re","isPartOf":{"@id":"https:\/\/vorlen.geek-tonic.dev\/de\/#website"},"primaryImageOfPage":{"@id":"https:\/\/vorlen.geek-tonic.dev\/de\/sonderangebote-auf-dem-campingplatz-in-fouesnant\/#primaryimage"},"image":{"@id":"https:\/\/vorlen.geek-tonic.dev\/de\/sonderangebote-auf-dem-campingplatz-in-fouesnant\/#primaryimage"},"thumbnailUrl":"https:\/\/vorlen.geek-tonic.dev\/wp-content\/uploads\/sites\/13\/2024\/02\/promotion-camping-finistere.webp","datePublished":"2024-01-02T13:12:35+00:00","dateModified":"2024-06-24T12:25:22+00:00","description":"Entdecken Sie unsere Sonderangebote auf dem Campingplatz in Fouesnant: spezielle Angebote f\u00fcr Paare, kostenlose \u00dcbernachtungen in der Nebensaison, Last-Minute-Rabatte f\u00fcr Ihren Aufenthalt.","breadcrumb":{"@id":"https:\/\/vorlen.geek-tonic.dev\/de\/sonderangebote-auf-dem-campingplatz-in-fouesnant\/#breadcrumb"},"inLanguage":"de","potentialAction":[{"@type":"ReadAction","target":["https:\/\/vorlen.geek-tonic.dev\/de\/sonderangebote-auf-dem-campingplatz-in-fouesnant\/"]}]},{"@type":"ImageObject","inLanguage":"de","@id":"https:\/\/vorlen.geek-tonic.dev\/de\/sonderangebote-auf-dem-campingplatz-in-fouesnant\/#primaryimage","url":"https:\/\/vorlen.geek-tonic.dev\/wp-content\/uploads\/sites\/13\/2024\/02\/promotion-camping-finistere.webp","contentUrl":"https:\/\/vorlen.geek-tonic.dev\/wp-content\/uploads\/sites\/13\/2024\/02\/promotion-camping-finistere.webp","width":2000,"height":1233,"caption":"promotion camping finistere"},{"@type":"BreadcrumbList","@id":"https:\/\/vorlen.geek-tonic.dev\/de\/sonderangebote-auf-dem-campingplatz-in-fouesnant\/#breadcrumb","itemListElement":[{"@type":"ListItem","position":1,"name":"Camping dans le Finist\u00e8re Sud","item":"https:\/\/vorlen.geek-tonic.dev\/de\/"},{"@type":"ListItem","position":2,"name":"Sonderangebote auf dem Campingplatz in Fouesnant"}]},{"@type":"WebSite","@id":"https:\/\/vorlen.geek-tonic.dev\/de\/#website","url":"https:\/\/vorlen.geek-tonic.dev\/de\/","name":"Camping Le Vorlen","description":"","publisher":{"@id":"https:\/\/vorlen.geek-tonic.dev\/de\/#organization"},"potentialAction":[{"@type":"SearchAction","target":{"@type":"EntryPoint","urlTemplate":"https:\/\/vorlen.geek-tonic.dev\/de\/?s={search_term_string}"},"query-input":{"@type":"PropertyValueSpecification","valueRequired":true,"valueName":"search_term_string"}}],"inLanguage":"de"},{"@type":"Organization","@id":"https:\/\/vorlen.geek-tonic.dev\/de\/#organization","name":"Camping Le Vorlen","url":"https:\/\/vorlen.geek-tonic.dev\/de\/","logo":{"@type":"ImageObject","inLanguage":"de","@id":"https:\/\/vorlen.geek-tonic.dev\/de\/#\/schema\/logo\/image\/","url":"https:\/\/vorlen.geek-tonic.dev\/wp-content\/uploads\/sites\/13\/2024\/03\/cropped-logo-Flower-camping-Le-Vorlen.png","contentUrl":"https:\/\/vorlen.geek-tonic.dev\/wp-content\/uploads\/sites\/13\/2024\/03\/cropped-logo-Flower-camping-Le-Vorlen.png","width":500,"height":660,"caption":"Camping Le Vorlen"},"image":{"@id":"https:\/\/vorlen.geek-tonic.dev\/de\/#\/schema\/logo\/image\/"}}]}},"_links":{"self":[{"href":"https:\/\/vorlen.geek-tonic.dev\/de\/wp-json\/wp\/v2\/pages\/1165","targetHints":{"allow":["GET"]}}],"collection":[{"href":"https:\/\/vorlen.geek-tonic.dev\/de\/wp-json\/wp\/v2\/pages"}],"about":[{"href":"https:\/\/vorlen.geek-tonic.dev\/de\/wp-json\/wp\/v2\/types\/page"}],"author":[{"embeddable":true,"href":"https:\/\/vorlen.geek-tonic.dev\/de\/wp-json\/wp\/v2\/users\/1"}],"replies":[{"embeddable":true,"href":"https:\/\/vorlen.geek-tonic.dev\/de\/wp-json\/wp\/v2\/comments?post=1165"}],"version-history":[{"count":5,"href":"https:\/\/vorlen.geek-tonic.dev\/de\/wp-json\/wp\/v2\/pages\/1165\/revisions"}],"predecessor-version":[{"id":1985,"href":"https:\/\/vorlen.geek-tonic.dev\/de\/wp-json\/wp\/v2\/pages\/1165\/revisions\/1985"}],"wp:featuredmedia":[{"embeddable":true,"href":"https:\/\/vorlen.geek-tonic.dev\/de\/wp-json\/wp\/v2\/media\/1166"}],"wp:attachment":[{"href":"https:\/\/vorlen.geek-tonic.dev\/de\/wp-json\/wp\/v2\/media?parent=1165"}],"wp:term":[{"taxonomy":"sujet","embeddable":true,"href":"https:\/\/vorlen.geek-tonic.dev\/de\/wp-json\/wp\/v2\/sujet?post=1165"}],"curies":[{"name":"wp","href":"https:\/\/api.w.org\/{rel}","templated":true}]}}