{"id":1201,"date":"2024-01-02T14:14:07","date_gmt":"2024-01-02T13:14:07","guid":{"rendered":"https:\/\/www.vorlen.geek-tonic.dev\/kontakt-zugang\/"},"modified":"2024-05-29T14:23:56","modified_gmt":"2024-05-29T12:23:56","slug":"kontakt-zugang","status":"publish","type":"page","link":"https:\/\/vorlen.geek-tonic.dev\/de\/kontakt-zugang\/","title":{"rendered":"Infos und Kontakt"},"content":{"rendered":"<section id=\"ls-section-block_362453c3121257ea142fefa0d560688a\" class=\"ls-section  page-one has-background has-color-4-background-color has-m-t m-t-0 has-m-b m-b-0 has-p-t p-t-14 has-p-b p-b-14\" >\r\n        <div class=\"container container--wide\">\r\n        \n\n<div class=\"wp-block-columns is-layout-flex wp-container-core-columns-is-layout-1 wp-block-columns-is-layout-flex\">\n<div class=\"wp-block-column is-vertically-aligned-center animated fadeInLeft delay-100ms slow is-layout-flow wp-block-column-is-layout-flow\" style=\"flex-basis:45%\">\n<iframe src=\"https:\/\/www.google.com\/maps\/embed?pb=!1m18!1m12!1m3!1d12734.692218626617!2d-4.001081783125852!3d47.8562661810921!2m3!1f0!2f0!3f0!3m2!1i1024!2i768!4f13.1!3m3!1m2!1s0x4810d028981324c7%3A0xb1cd17b29f82c82c!2sFlower%20Camping%20Le%20Vorlen%20%7C%20Camping%203%20%C3%A9toiles%20%C3%A0%20Fouesnant%20%7C%20Finist%C3%A8re%20Sud!5e0!3m2!1sfr!2sfr!4v1709031193065!5m2!1sfr!2sfr\" width=\"600\" height=\"450\" style=\"border:0;\" allowfullscreen=\"\" loading=\"lazy\" referrerpolicy=\"no-referrer-when-downgrade\"><\/iframe>\n<\/div>\n\n\n\n<div class=\"wp-block-column animated fadeInRight slow is-layout-flow wp-block-column-is-layout-flow\" style=\"flex-basis:55%\">\n<h1 class=\"ls__heading wp-block-heading\">Kontakt, Zugang<\/h1>\n\n\n\n<h2 class=\"ls__heading wp-block-heading\">Anreise zum Campingplatz<\/h2>\n\n\n\n<p class=\"ls-paragraph\">Von Quimper aus nehmen Sie die Stra\u00dfe nach Brest, D783 und dann die D45 in Richtung Chem. du Quinquis in Fouesnant f\u00fcr 25 min (19,2 km). Fahren Sie weiter auf der Chem. von Le Quinquis 5 min (2,5 km) in Richtung Ihres Campingplatzes und folgen Sie dann dem Schild &#8222;Camping&#8220;.<\/p>\n\n\n\n<p class=\"ls-paragraph\">Geben Sie unsere <strong>Adresse<\/strong> in Ihr GPS ein: Le Vorlen. Chem. de Kerambigorn, 29170 Fouesnant.<\/p>\n\n\n\n<p class=\"ls-paragraph\">  Oder unsere <strong>GPS-Koordinaten :<\/strong> <\/p>\n\n\n\n<ul class=\"ls-list wp-block-list\">\n<li>Breitengrad: 47.856049<\/li>\n\n\n\n<li>L\u00e4nge: -4.000067<\/li>\n<\/ul>\n<\/div>\n<\/div>\n\n\r\n    <\/div>\r\n<\/section><section id=\"ls-section-block_af2c7ebf8faf4600fabd95bf15056a5b\" class=\"ls-section  page-one has-m-t m-t-0 has-m-b m-b-0 has-p-t p-t-14 has-p-b p-b-0\" >\r\n        <div class=\"container container--wide\">\r\n        \n\n<div class=\"wp-block-columns is-layout-flex wp-container-core-columns-is-layout-2 wp-block-columns-is-layout-flex\">\n<div class=\"wp-block-column first  animated fadeInLeft slow is-layout-flow wp-block-column-is-layout-flow\" style=\"flex-basis:55%\">\n<h2 class=\"ls__heading wp-block-heading\">Kontaktieren Sie uns<\/h2>\n\n\n\n<p class=\"ls-paragraph\">Christopher und sein Empfangsteam stehen Ihnen das ganze Jahr \u00fcber zur Verf\u00fcgung, um Ihren Bed\u00fcrfnissen gerecht zu werden. Sie k\u00f6nnen sie <strong>telefonisch unter +33 2 98 94 97 36<\/strong> von Montag bis Sonntag von 9.00 bis 17.00 Uhr erreichen. Bitte beachten Sie, dass die \u00d6ffnungszeiten der Telefonzentrale je nach Jahreszeit variieren k\u00f6nnen. Wenn Sie uns nicht erreichen k\u00f6nnen, hinterlassen Sie bitte eine Nachricht, wir werden Sie so schnell wie m\u00f6glich kontaktieren.<\/p>\n\n\n\n<p class=\"ls-paragraph\">Pour une communication plus rapide, vous pouvez nous <strong>envoyer un e-mail<\/strong> \u00e0 <a href=\"mailto:le-vorlen@flowercampings.com\">le-vorlen@flowercampings.com<\/a>. Eine weitere M\u00f6glichkeit, mit uns in Kontakt zu treten, ist das Ausf\u00fcllen unseres Online-Formulars.  <\/p>\n\n\n\n<p class=\"ls-paragraph\">Folgen Sie dem <a href=\"https:\/\/www.vorlen.geek-tonic.dev\/de\/\">Campingplatz Le Vorlen<\/a> auf Instagram und Facebook und hinterlassen Sie uns eine Nachricht auf diesen Plattformen, um in Kontakt zu bleiben.  <\/p>\n<\/div>\n\n\n\n<div class=\"wp-block-column second animated fadeInRight delay-100ms slow is-layout-flow wp-block-column-is-layout-flow\" style=\"flex-basis:45%\">\n<div class=\"wp-block-contact-form-7-contact-form-selector\">\n<div class=\"wpcf7 no-js\" id=\"wpcf7-f1198-o1\" lang=\"de-DE\" dir=\"ltr\" data-wpcf7-id=\"1198\">\n<div class=\"screen-reader-response\"><p role=\"status\" aria-live=\"polite\" aria-atomic=\"true\"><\/p> <ul><\/ul><\/div>\n<form action=\"\/de\/wp-json\/wp\/v2\/pages\/1201#wpcf7-f1198-o1\" method=\"post\" class=\"wpcf7-form init\" aria-label=\"Kontaktformular\" novalidate=\"novalidate\" data-status=\"init\">\n<div style=\"display: none;\">\n<input type=\"hidden\" name=\"_wpcf7\" value=\"1198\" \/>\n<input type=\"hidden\" name=\"_wpcf7_version\" value=\"6.0\" \/>\n<input type=\"hidden\" name=\"_wpcf7_locale\" value=\"de_DE\" \/>\n<input type=\"hidden\" name=\"_wpcf7_unit_tag\" value=\"wpcf7-f1198-o1\" \/>\n<input type=\"hidden\" name=\"_wpcf7_container_post\" value=\"0\" \/>\n<input type=\"hidden\" name=\"_wpcf7_posted_data_hash\" value=\"\" \/>\n<input type=\"hidden\" name=\"_wpcf7_recaptcha_response\" value=\"\" \/>\n<\/div>\n<p><label> Ihr Name<br \/>\n<span class=\"wpcf7-form-control-wrap\" data-name=\"your-name\"><input size=\"40\" maxlength=\"400\" class=\"wpcf7-form-control wpcf7-text wpcf7-validates-as-required\" autocomplete=\"name\" aria-required=\"true\" aria-invalid=\"false\" value=\"\" type=\"text\" name=\"your-name\" \/><\/span> <\/label>\n<\/p>\n<p><label> Ihre E-Mail-Adresse<br \/>\n<span class=\"wpcf7-form-control-wrap\" data-name=\"your-email\"><input size=\"40\" maxlength=\"400\" class=\"wpcf7-form-control wpcf7-email wpcf7-validates-as-required wpcf7-text wpcf7-validates-as-email\" autocomplete=\"email\" aria-required=\"true\" aria-invalid=\"false\" value=\"\" type=\"email\" name=\"your-email\" \/><\/span> <\/label>\n<\/p>\n<p><label> Objekt<br \/>\n<span class=\"wpcf7-form-control-wrap\" data-name=\"your-subject\"><input size=\"40\" maxlength=\"400\" class=\"wpcf7-form-control wpcf7-text wpcf7-validates-as-required\" aria-required=\"true\" aria-invalid=\"false\" value=\"\" type=\"text\" name=\"your-subject\" \/><\/span> <\/label>\n<\/p>\n<p><label> Ihre Nachricht<br \/>\n<span class=\"wpcf7-form-control-wrap\" data-name=\"your-message\"><textarea cols=\"40\" rows=\"10\" maxlength=\"2000\" class=\"wpcf7-form-control wpcf7-textarea\" aria-invalid=\"false\" name=\"your-message\"><\/textarea><\/span> <\/label>\n<\/p>\n<p><span class=\"wpcf7-form-control-wrap\" data-name=\"acceptance-472\"><span class=\"wpcf7-form-control wpcf7-acceptance\"><span class=\"wpcf7-list-item\"><label><input type=\"checkbox\" name=\"acceptance-472\" value=\"1\" aria-invalid=\"false\" \/><span class=\"wpcf7-list-item-label\">Indem ich dieses K\u00e4stchen anklicke, akzeptiere ich die <a href=\"\/de\/datenschutzrichtlinie\/\" rel=\"nofollow\" target=\"_blank\">Datenschutzbestimmungen<\/a> dieser Website.<\/span><\/label><\/span><\/span><\/span>\n<\/p>\n<p><input class=\"wpcf7-form-control wpcf7-submit has-spinner\" type=\"submit\" value=\"Senden Sie\" \/>\n<\/p><input type='hidden' class='wpcf7-pum' value='{\"closepopup\":false,\"closedelay\":0,\"openpopup\":false,\"openpopup_id\":0}' \/><div class=\"wpcf7-response-output\" aria-hidden=\"true\"><\/div>\n<\/form>\n<\/div>\n<\/div>\n<\/div>\n<\/div>\n\n\r\n    <\/div>\r\n<\/section><section id=\"ls-section-block_390026cf6b1680d8fecd2a11d637a114\" class=\"ls-section  page-one has-p-t p-t-14\" >\r\n        <div class=\"container container--wide\">\r\n        \n\n<div class=\"wp-block-columns is-layout-flex wp-container-core-columns-is-layout-3 wp-block-columns-is-layout-flex\">\n<div class=\"wp-block-column is-vertically-aligned-center first  animated fadeInLeft slow is-layout-flow wp-block-column-is-layout-flow\" style=\"flex-basis:45%\">\n<figure class=\"wp-block-image size-full\"><a href=\"https:\/\/www.vorlen.geek-tonic.dev\/wp-content\/uploads\/sites\/13\/2024\/02\/services-hebergement-camping-fouesnant_1.jpg\"><img decoding=\"async\" width=\"1200\" height=\"765\" src=\"https:\/\/www.vorlen.geek-tonic.dev\/wp-content\/uploads\/sites\/13\/2024\/02\/services-hebergement-camping-fouesnant_1.jpg\" alt=\"Dienstleistungen f&#xFC;r Unterk&#xFC;nfte auf dem Campingplatz Fouesnant 1\" class=\"wp-image-602\" srcset=\"https:\/\/vorlen.geek-tonic.dev\/wp-content\/uploads\/sites\/13\/2024\/02\/services-hebergement-camping-fouesnant_1.jpg 1200w, https:\/\/vorlen.geek-tonic.dev\/wp-content\/uploads\/sites\/13\/2024\/02\/services-hebergement-camping-fouesnant_1-300x191.jpg 300w, https:\/\/vorlen.geek-tonic.dev\/wp-content\/uploads\/sites\/13\/2024\/02\/services-hebergement-camping-fouesnant_1-1024x653.jpg 1024w, https:\/\/vorlen.geek-tonic.dev\/wp-content\/uploads\/sites\/13\/2024\/02\/services-hebergement-camping-fouesnant_1-768x490.jpg 768w\" sizes=\"(max-width: 1200px) 100vw, 1200px\" \/><\/a><\/figure>\n<\/div>\n\n\n\n<div class=\"wp-block-column is-vertically-aligned-center second animated fadeInRight delay-100ms slow is-layout-flow wp-block-column-is-layout-flow\" style=\"flex-basis:55%\">\n<h2 class=\"ls__heading wp-block-heading\">Praktische Informationen<\/h2>\n\n\n\n<p class=\"ls-paragraph\">Unser Campingplatz ist fast 5 Hektar gro\u00df und verf\u00fcgt \u00fcber insgesamt 200 Stellpl\u00e4tze. Auf unserem Gel\u00e4nde befinden sich 150 Mietunterk\u00fcnfte und 50 Campingpl\u00e4tze (\u00c4nderungen sind ohne Vorank\u00fcndigung m\u00f6glich).<\/p>\n\n\n\n<p class=\"ls-paragraph\">Unser Campingplatz ist f\u00fcr Personen mit eingeschr\u00e4nkter Mobilit\u00e4t zug\u00e4nglich.<\/p>\n\n\n\n<p class=\"ls-paragraph\">Unser Rezeptionsteam spricht Franz\u00f6sisch und Englisch.<\/p>\n\n\n\n<p class=\"ls-paragraph\">Unsere Hundefreunde sind unter bestimmten Bedingungen willkommen. Kontaktieren Sie den Campingplatz f\u00fcr weitere Informationen.<\/p>\n<\/div>\n<\/div>\n\n\r\n    <\/div>\r\n<\/section><section id=\"ls-section-block_44c153b13fd3219aec8fbdaffc22cc63\" class=\"ls-section  page-one has-m-t m-t-0 has-m-b m-b-0 has-p-t p-t-14 has-p-b p-b-14\" >\r\n        <div class=\"container container--wide\">\r\n        \n\n<div class=\"wp-block-columns is-layout-flex wp-container-core-columns-is-layout-4 wp-block-columns-is-layout-flex\">\n<div class=\"wp-block-column first  animated fadeInLeft slow is-layout-flow wp-block-column-is-layout-flow\" style=\"flex-basis:55%\">\n<h3 class=\"ls__heading wp-block-heading\"><strong>\u00d6ffnungszeiten des Campingplatzes und der Dienstleistungen<\/strong><\/h3>\n\n\n\n<p class=\"ls-paragraph\">Unser Campingplatz ist von April bis einschlie\u00dflich September ge\u00f6ffnet. W\u00e4hrend dieser Zeit stehen Ihnen alle unsere Dienstleistungen zur Verf\u00fcgung: Empfang, Sanit\u00e4ranlagen, Kinderspielpl\u00e4tze, Fahrradverleih, Grill, Bettw\u00e4sche und Handt\u00fccher, Brotverkauf. Das beheizte und \u00fcberdachte Schwimmbad, das Restaurant und das Lebensmittelgesch\u00e4ft sind ebenfalls die ganze Saison \u00fcber ge\u00f6ffnet.<\/p>\n\n\n\n<p class=\"ls-paragraph\">Die Rezeption ist die ganze Saison \u00fcber zu den folgenden Zeiten ge\u00f6ffnet (unverbindliche Angaben, die sich \u00e4ndern k\u00f6nnen):<\/p>\n\n\n\n<p class=\"ls-paragraph\">Basse saison : 8h30-12h30 \/ 15h-19h30 et le samedi : 8h30-12h \/ 15h-20h30<br\/>Hochsaison: 8.30-20.00 Uhr<\/p>\n\n\n\n<div class=\"ls-lire-plus\">\n    <input id=\"ls-lire-plus-block_6d45de823586e998ae8d1554bc20487b69ea7ec774ebc\" type=\"checkbox\" class=\"ls-lire-plus__toggle\"  \/>\n    <label for=\"ls-lire-plus-block_6d45de823586e998ae8d1554bc20487b69ea7ec774ebc\" class=\"ls-lire-plus__toggle-label\">\n        <span>Lire plus<\/span>\n        <span>Lire moins<\/span>\n    <\/label>\n    <div class=\"ls-lire-plus__content\">\n        \n\n<p class=\"ls-paragraph\">Im Falle einer sp\u00e4ten Ankunft, d.h. nach den Schlie\u00dfungszeiten der Rezeption, bitten wir Sie, uns Ihre voraussichtliche Ankunftszeit mitzuteilen. So k\u00f6nnen wir Ihre sp\u00e4te Ankunft organisieren und Ihnen die wichtigsten Informationen per E-Mail oder Telefon mitteilen: den Ort, an dem Sie Ihren Schl\u00fcssel und den Zugangscode erhalten, den Plan des Campingplatzes, die \u00d6ffnungszeiten der Dienstleistungen und die Speisekarte des Restaurants.<\/p>\n\n\n\n<p class=\"ls-paragraph\">Hier finden Sie unsere Ankunfts- und Abfahrtszeiten f\u00fcr Ihren Aufenthalt auf dem Campingplatz in Fouesnant:<\/p>\n\n\n\n<ul class=\"ls-list wp-block-list\">\n<li>Mietunterkunft: Ankunft nach 16.00 Uhr und Abreise vor 10.00 Uhr<\/li>\n\n\n\n<li>Aufenthalt auf einem Stellplatz: nach 12 Uhr und Abreise vor 12 Uhr<\/li>\n<\/ul>\n\n\n\n<p class=\"ls-paragraph\">Im Sommer k\u00f6nnen Sie w\u00e4hrend der Schulferien vom 8. Juli bis zum 30. August von unserem Animationsprogramm profitieren. Besuchen Sie unsere Animationsseite, um alle Informationen \u00fcber unsere Animationen zu erhalten.<\/p>\n\n        <div class=\"ls-lire-plus__gradient\" style=\"background: linear-gradient(to bottom,rgba(255,255,255,0) 0%,rgba(255,255,255,1) 100%);\"><\/div>\n    <\/div>\n<\/div><\/div>\n\n\n\n<div class=\"wp-block-column second animated fadeInRight delay-100ms slow is-layout-flow wp-block-column-is-layout-flow\" style=\"flex-basis:45%\">\n<h3 class=\"ls__heading wp-block-heading\"><strong>Sicherheit und Kaution<\/strong><\/h3>\n\n\n\n<p class=\"ls-paragraph\">In Vorlen ist die Gew\u00e4hrleistung der Ruhe und Gelassenheit unserer Ferieng\u00e4ste eines unserer wichtigsten Anliegen. Von 23.00 Uhr bis 07.00 Uhr ist das Fahren von Fahrzeugen auf dem Campingplatz verboten. Sie erhalten bei Ihrer Ankunft einen Code, mit dem Sie den Campingplatz tags\u00fcber zwischen 7.00 und 23.00 Uhr betreten oder verlassen k\u00f6nnen. F\u00fcr Urlauber, die \u00fcber Nacht auf dem Campingplatz ankommen, gibt es einen Parkplatz in der N\u00e4he des Campingplatzes. Der Zugang zum Campingplatz f\u00fcr Fu\u00dfg\u00e4nger und Fahrr\u00e4der ist 24 Stunden am Tag an den Schranken m\u00f6glich.<\/p>\n\n\n\n<p class=\"ls-paragraph\">Im Falle eines Zwischenfalls oder einer L\u00e4rmbel\u00e4stigung wenden Sie sich bitte an eine Notrufnummer, die Ihnen bei Ihrer Ankunft vor Ort mitgeteilt wird.<\/p>\n\n\n\n<div class=\"ls-lire-plus\">\n    <input id=\"ls-lire-plus-block_6d45de823586e998ae8d1554bc20487b69ea7ec775e2c\" type=\"checkbox\" class=\"ls-lire-plus__toggle\"  \/>\n    <label for=\"ls-lire-plus-block_6d45de823586e998ae8d1554bc20487b69ea7ec775e2c\" class=\"ls-lire-plus__toggle-label\">\n        <span>Lire plus<\/span>\n        <span>Lire moins<\/span>\n    <\/label>\n    <div class=\"ls-lire-plus__content\">\n        \n\n<p class=\"ls-paragraph\">Bei Ihrer Ankunft m\u00fcssen Sie eine Kaution von \u20ac300 f\u00fcr Mietobjekte hinterlegen, unabh\u00e4ngig von der Dauer Ihres Aufenthaltes. Bei Stellpl\u00e4tzen ist die Zahlung der ersten Nacht Ihres Aufenthalts erforderlich. Die vollst\u00e4ndigen Informationen \u00fcber die Aufnahme finden Sie auf unserer Dienstleistungsseite.<\/p>\n\n\n\n<p class=\"ls-paragraph\">Bei Ihrer Abreise wird unser Team eine systematische Kontrolle der Unterkunft durchf\u00fchren. Wir empfehlen Ihnen, sich f\u00fcr den Termin der Abreise zu registrieren, damit Sie sich auf das Ende Ihres Aufenthaltes in Vorlen vorbereiten k\u00f6nnen.<\/p>\n\n\n\n<p class=\"ls-paragraph\">Weitere Informationen \u00fcber unseren Campingplatz finden Sie in unseren Allgemeinen Gesch\u00e4ftsbedingungen oder in unserer <a href=\"https:\/\/www.flowercampings.com\/page\/application-mobile\">My Flower<\/a> App.<\/p>\n\n\n\n<p class=\"ls-paragraph\">W\u00e4hlen Sie Le Vorlen f\u00fcr Ihren Aufenthalt auf dem Campingplatz Beg Meil in Fouesnant und nutzen Sie unsere Verf\u00fcgbarkeiten und <a href=\"https:\/\/www.vorlen.geek-tonic.dev\/de\/sonderangebote-auf-dem-campingplatz-in-fouesnant\/\">Sonderangebote<\/a>, um sich einen Traumurlaub auf einem Stellplatz oder in einer Mietunterkunft zu g\u00f6nnen.<\/p>\n\n        <div class=\"ls-lire-plus__gradient\" style=\"background: linear-gradient(to bottom,rgba(255,255,255,0) 0%,rgba(255,255,255,1) 100%);\"><\/div>\n    <\/div>\n<\/div><\/div>\n<\/div>\n\n\r\n    <\/div>\r\n<\/section>","protected":false},"excerpt":{"rendered":"","protected":false},"author":1,"featured_media":1202,"parent":0,"menu_order":0,"comment_status":"closed","ping_status":"closed","template":"","meta":{"_acf_changed":false,"footnotes":""},"sujet":[],"class_list":["post-1201","page","type-page","status-publish","has-post-thumbnail","hentry"],"acf":[],"yoast_head":"<!-- This site is optimized with the Yoast SEO plugin v23.9 - https:\/\/yoast.com\/wordpress\/plugins\/seo\/ -->\n<title>Kontaktieren Sie den Campingplatz Vorlen; Routenplaner Campingplatz Finist\u00e8re<\/title>\n<meta name=\"robots\" content=\"noindex, follow, max-snippet:-1, max-image-preview:large, max-video-preview:-1\" \/>\n<meta property=\"og:locale\" content=\"de_DE\" \/>\n<meta property=\"og:type\" content=\"article\" \/>\n<meta property=\"og:title\" content=\"Kontaktieren Sie den Campingplatz Vorlen; Routenplaner Campingplatz Finist\u00e8re\" \/>\n<meta property=\"og:url\" content=\"https:\/\/vorlen.geek-tonic.dev\/de\/kontakt-zugang\/\" \/>\n<meta property=\"og:site_name\" content=\"Camping Le Vorlen\" \/>\n<meta property=\"article:modified_time\" content=\"2024-05-29T12:23:56+00:00\" \/>\n<meta property=\"og:image\" content=\"https:\/\/vorlen.geek-tonic.dev\/wp-content\/uploads\/sites\/13\/2024\/02\/contact-acces-camping-finistere.webp\" \/>\n\t<meta property=\"og:image:width\" content=\"2000\" \/>\n\t<meta property=\"og:image:height\" content=\"1201\" \/>\n\t<meta property=\"og:image:type\" content=\"image\/webp\" \/>\n<meta name=\"twitter:card\" content=\"summary_large_image\" \/>\n<meta name=\"twitter:label1\" content=\"Gesch\u00e4tzte Lesezeit\" \/>\n\t<meta name=\"twitter:data1\" content=\"4\u00a0Minuten\" \/>\n<script type=\"application\/ld+json\" class=\"yoast-schema-graph\">{\"@context\":\"https:\/\/schema.org\",\"@graph\":[{\"@type\":\"WebPage\",\"@id\":\"https:\/\/vorlen.geek-tonic.dev\/de\/kontakt-zugang\/\",\"url\":\"https:\/\/vorlen.geek-tonic.dev\/de\/kontakt-zugang\/\",\"name\":\"Kontaktieren Sie den Campingplatz Vorlen; Routenplaner Campingplatz Finist\u00e8re\",\"isPartOf\":{\"@id\":\"https:\/\/vorlen.geek-tonic.dev\/de\/#website\"},\"primaryImageOfPage\":{\"@id\":\"https:\/\/vorlen.geek-tonic.dev\/de\/kontakt-zugang\/#primaryimage\"},\"image\":{\"@id\":\"https:\/\/vorlen.geek-tonic.dev\/de\/kontakt-zugang\/#primaryimage\"},\"thumbnailUrl\":\"https:\/\/vorlen.geek-tonic.dev\/wp-content\/uploads\/sites\/13\/2024\/02\/contact-acces-camping-finistere.webp\",\"datePublished\":\"2024-01-02T13:14:07+00:00\",\"dateModified\":\"2024-05-29T12:23:56+00:00\",\"breadcrumb\":{\"@id\":\"https:\/\/vorlen.geek-tonic.dev\/de\/kontakt-zugang\/#breadcrumb\"},\"inLanguage\":\"de\",\"potentialAction\":[{\"@type\":\"ReadAction\",\"target\":[\"https:\/\/vorlen.geek-tonic.dev\/de\/kontakt-zugang\/\"]}]},{\"@type\":\"ImageObject\",\"inLanguage\":\"de\",\"@id\":\"https:\/\/vorlen.geek-tonic.dev\/de\/kontakt-zugang\/#primaryimage\",\"url\":\"https:\/\/vorlen.geek-tonic.dev\/wp-content\/uploads\/sites\/13\/2024\/02\/contact-acces-camping-finistere.webp\",\"contentUrl\":\"https:\/\/vorlen.geek-tonic.dev\/wp-content\/uploads\/sites\/13\/2024\/02\/contact-acces-camping-finistere.webp\",\"width\":2000,\"height\":1201,\"caption\":\"contact acces camping finistere\"},{\"@type\":\"BreadcrumbList\",\"@id\":\"https:\/\/vorlen.geek-tonic.dev\/de\/kontakt-zugang\/#breadcrumb\",\"itemListElement\":[{\"@type\":\"ListItem\",\"position\":1,\"name\":\"Camping dans le Finist\u00e8re Sud\",\"item\":\"https:\/\/vorlen.geek-tonic.dev\/de\/\"},{\"@type\":\"ListItem\",\"position\":2,\"name\":\"Kontakt und Wegbeschreibung\"}]},{\"@type\":\"WebSite\",\"@id\":\"https:\/\/vorlen.geek-tonic.dev\/de\/#website\",\"url\":\"https:\/\/vorlen.geek-tonic.dev\/de\/\",\"name\":\"Camping Le Vorlen\",\"description\":\"\",\"publisher\":{\"@id\":\"https:\/\/vorlen.geek-tonic.dev\/de\/#organization\"},\"potentialAction\":[{\"@type\":\"SearchAction\",\"target\":{\"@type\":\"EntryPoint\",\"urlTemplate\":\"https:\/\/vorlen.geek-tonic.dev\/de\/?s={search_term_string}\"},\"query-input\":{\"@type\":\"PropertyValueSpecification\",\"valueRequired\":true,\"valueName\":\"search_term_string\"}}],\"inLanguage\":\"de\"},{\"@type\":\"Organization\",\"@id\":\"https:\/\/vorlen.geek-tonic.dev\/de\/#organization\",\"name\":\"Camping Le Vorlen\",\"url\":\"https:\/\/vorlen.geek-tonic.dev\/de\/\",\"logo\":{\"@type\":\"ImageObject\",\"inLanguage\":\"de\",\"@id\":\"https:\/\/vorlen.geek-tonic.dev\/de\/#\/schema\/logo\/image\/\",\"url\":\"https:\/\/vorlen.geek-tonic.dev\/wp-content\/uploads\/sites\/13\/2024\/03\/cropped-logo-Flower-camping-Le-Vorlen.png\",\"contentUrl\":\"https:\/\/vorlen.geek-tonic.dev\/wp-content\/uploads\/sites\/13\/2024\/03\/cropped-logo-Flower-camping-Le-Vorlen.png\",\"width\":500,\"height\":660,\"caption\":\"Camping Le Vorlen\"},\"image\":{\"@id\":\"https:\/\/vorlen.geek-tonic.dev\/de\/#\/schema\/logo\/image\/\"}}]}<\/script>\n<!-- \/ Yoast SEO plugin. -->","yoast_head_json":{"title":"Kontaktieren Sie den Campingplatz Vorlen; Routenplaner Campingplatz Finist\u00e8re","robots":{"index":"noindex","follow":"follow","max-snippet":"max-snippet:-1","max-image-preview":"max-image-preview:large","max-video-preview":"max-video-preview:-1"},"og_locale":"de_DE","og_type":"article","og_title":"Kontaktieren Sie den Campingplatz Vorlen; Routenplaner Campingplatz Finist\u00e8re","og_url":"https:\/\/vorlen.geek-tonic.dev\/de\/kontakt-zugang\/","og_site_name":"Camping Le Vorlen","article_modified_time":"2024-05-29T12:23:56+00:00","og_image":[{"width":2000,"height":1201,"url":"https:\/\/vorlen.geek-tonic.dev\/wp-content\/uploads\/sites\/13\/2024\/02\/contact-acces-camping-finistere.webp","type":"image\/webp"}],"twitter_card":"summary_large_image","twitter_misc":{"Gesch\u00e4tzte Lesezeit":"4\u00a0Minuten"},"schema":{"@context":"https:\/\/schema.org","@graph":[{"@type":"WebPage","@id":"https:\/\/vorlen.geek-tonic.dev\/de\/kontakt-zugang\/","url":"https:\/\/vorlen.geek-tonic.dev\/de\/kontakt-zugang\/","name":"Kontaktieren Sie den Campingplatz Vorlen; Routenplaner Campingplatz Finist\u00e8re","isPartOf":{"@id":"https:\/\/vorlen.geek-tonic.dev\/de\/#website"},"primaryImageOfPage":{"@id":"https:\/\/vorlen.geek-tonic.dev\/de\/kontakt-zugang\/#primaryimage"},"image":{"@id":"https:\/\/vorlen.geek-tonic.dev\/de\/kontakt-zugang\/#primaryimage"},"thumbnailUrl":"https:\/\/vorlen.geek-tonic.dev\/wp-content\/uploads\/sites\/13\/2024\/02\/contact-acces-camping-finistere.webp","datePublished":"2024-01-02T13:14:07+00:00","dateModified":"2024-05-29T12:23:56+00:00","breadcrumb":{"@id":"https:\/\/vorlen.geek-tonic.dev\/de\/kontakt-zugang\/#breadcrumb"},"inLanguage":"de","potentialAction":[{"@type":"ReadAction","target":["https:\/\/vorlen.geek-tonic.dev\/de\/kontakt-zugang\/"]}]},{"@type":"ImageObject","inLanguage":"de","@id":"https:\/\/vorlen.geek-tonic.dev\/de\/kontakt-zugang\/#primaryimage","url":"https:\/\/vorlen.geek-tonic.dev\/wp-content\/uploads\/sites\/13\/2024\/02\/contact-acces-camping-finistere.webp","contentUrl":"https:\/\/vorlen.geek-tonic.dev\/wp-content\/uploads\/sites\/13\/2024\/02\/contact-acces-camping-finistere.webp","width":2000,"height":1201,"caption":"contact acces camping finistere"},{"@type":"BreadcrumbList","@id":"https:\/\/vorlen.geek-tonic.dev\/de\/kontakt-zugang\/#breadcrumb","itemListElement":[{"@type":"ListItem","position":1,"name":"Camping dans le Finist\u00e8re Sud","item":"https:\/\/vorlen.geek-tonic.dev\/de\/"},{"@type":"ListItem","position":2,"name":"Kontakt und Wegbeschreibung"}]},{"@type":"WebSite","@id":"https:\/\/vorlen.geek-tonic.dev\/de\/#website","url":"https:\/\/vorlen.geek-tonic.dev\/de\/","name":"Camping Le Vorlen","description":"","publisher":{"@id":"https:\/\/vorlen.geek-tonic.dev\/de\/#organization"},"potentialAction":[{"@type":"SearchAction","target":{"@type":"EntryPoint","urlTemplate":"https:\/\/vorlen.geek-tonic.dev\/de\/?s={search_term_string}"},"query-input":{"@type":"PropertyValueSpecification","valueRequired":true,"valueName":"search_term_string"}}],"inLanguage":"de"},{"@type":"Organization","@id":"https:\/\/vorlen.geek-tonic.dev\/de\/#organization","name":"Camping Le Vorlen","url":"https:\/\/vorlen.geek-tonic.dev\/de\/","logo":{"@type":"ImageObject","inLanguage":"de","@id":"https:\/\/vorlen.geek-tonic.dev\/de\/#\/schema\/logo\/image\/","url":"https:\/\/vorlen.geek-tonic.dev\/wp-content\/uploads\/sites\/13\/2024\/03\/cropped-logo-Flower-camping-Le-Vorlen.png","contentUrl":"https:\/\/vorlen.geek-tonic.dev\/wp-content\/uploads\/sites\/13\/2024\/03\/cropped-logo-Flower-camping-Le-Vorlen.png","width":500,"height":660,"caption":"Camping Le Vorlen"},"image":{"@id":"https:\/\/vorlen.geek-tonic.dev\/de\/#\/schema\/logo\/image\/"}}]}},"_links":{"self":[{"href":"https:\/\/vorlen.geek-tonic.dev\/de\/wp-json\/wp\/v2\/pages\/1201","targetHints":{"allow":["GET"]}}],"collection":[{"href":"https:\/\/vorlen.geek-tonic.dev\/de\/wp-json\/wp\/v2\/pages"}],"about":[{"href":"https:\/\/vorlen.geek-tonic.dev\/de\/wp-json\/wp\/v2\/types\/page"}],"author":[{"embeddable":true,"href":"https:\/\/vorlen.geek-tonic.dev\/de\/wp-json\/wp\/v2\/users\/1"}],"replies":[{"embeddable":true,"href":"https:\/\/vorlen.geek-tonic.dev\/de\/wp-json\/wp\/v2\/comments?post=1201"}],"version-history":[{"count":2,"href":"https:\/\/vorlen.geek-tonic.dev\/de\/wp-json\/wp\/v2\/pages\/1201\/revisions"}],"predecessor-version":[{"id":1944,"href":"https:\/\/vorlen.geek-tonic.dev\/de\/wp-json\/wp\/v2\/pages\/1201\/revisions\/1944"}],"wp:featuredmedia":[{"embeddable":true,"href":"https:\/\/vorlen.geek-tonic.dev\/de\/wp-json\/wp\/v2\/media\/1202"}],"wp:attachment":[{"href":"https:\/\/vorlen.geek-tonic.dev\/de\/wp-json\/wp\/v2\/media?parent=1201"}],"wp:term":[{"taxonomy":"sujet","embeddable":true,"href":"https:\/\/vorlen.geek-tonic.dev\/de\/wp-json\/wp\/v2\/sujet?post=1201"}],"curies":[{"name":"wp","href":"https:\/\/api.w.org\/{rel}","templated":true}]}}