{"id":1257,"date":"2024-02-26T15:35:14","date_gmt":"2024-02-26T14:35:14","guid":{"rendered":"https:\/\/www.vorlen.geek-tonic.dev\/tourismus-pays-fouesnantais\/"},"modified":"2024-04-18T15:43:27","modified_gmt":"2024-04-18T13:43:27","slug":"tourismus-pays-fouesnantais","status":"publish","type":"page","link":"https:\/\/vorlen.geek-tonic.dev\/de\/tourismus-pays-fouesnantais\/","title":{"rendered":"Wandern im Pays fouesnantais"},"content":{"rendered":"<section id=\"ls-section-block_7c636af8552ca91236ad26f7d9b0f7f9\" class=\"ls-section  page-one has-background has-color-4-background-color has-m-t m-t-0 has-m-b m-b-0 has-p-t p-t-14 has-p-b p-b-14\" >\r\n        <div class=\"container container--wide\">\r\n        \n\n<div class=\"wp-block-columns is-layout-flex wp-container-core-columns-is-layout-1 wp-block-columns-is-layout-flex\">\n<div class=\"wp-block-column animated fadeInLeft delay-100ms slow is-layout-flow wp-block-column-is-layout-flow\" style=\"flex-basis:45%\">\n<figure class=\"wp-block-image size-full\"><a href=\"https:\/\/www.vorlen.geek-tonic.dev\/wp-content\/uploads\/sites\/13\/2024\/02\/randonnee-pointe-mousterlin-camping-finistere.webp\"><img decoding=\"async\" width=\"1200\" height=\"800\" src=\"https:\/\/www.vorlen.geek-tonic.dev\/wp-content\/uploads\/sites\/13\/2024\/02\/randonnee-pointe-mousterlin-camping-finistere.webp\" alt=\"Wanderung Pointe Mousterlin Camping Finistere\" class=\"wp-image-799\" srcset=\"https:\/\/vorlen.geek-tonic.dev\/wp-content\/uploads\/sites\/13\/2024\/02\/randonnee-pointe-mousterlin-camping-finistere.webp 1200w, https:\/\/vorlen.geek-tonic.dev\/wp-content\/uploads\/sites\/13\/2024\/02\/randonnee-pointe-mousterlin-camping-finistere-300x200.webp 300w, https:\/\/vorlen.geek-tonic.dev\/wp-content\/uploads\/sites\/13\/2024\/02\/randonnee-pointe-mousterlin-camping-finistere-1024x683.webp 1024w, https:\/\/vorlen.geek-tonic.dev\/wp-content\/uploads\/sites\/13\/2024\/02\/randonnee-pointe-mousterlin-camping-finistere-768x512.webp 768w\" sizes=\"(max-width: 1200px) 100vw, 1200px\" \/><\/a><\/figure>\n<\/div>\n\n\n\n<div class=\"wp-block-column is-vertically-aligned-center animated fadeInRight slow is-layout-flow wp-block-column-is-layout-flow\" style=\"flex-basis:55%\">\n<h1 class=\"ls__heading wp-block-heading\">Wandern im Pays fouesnantais<\/h1>\n\n\n\n<h2 class=\"ls__heading wp-block-heading\">Entdecken Sie Fouesnant auf Wanderungen<\/h2>\n\n\n\n<p class=\"ls-paragraph\">Die Region Pays Fouesnantais bietet <a href=\"https:\/\/www.rivierabretonne.com\/balades-randonnees\/\" target=\"_blank\" rel=\"noreferrer noopener\">Wanderern<\/a> eine F\u00fclle von <strong>malerischen Pfaden und abwechslungsreichen Landschaften<\/strong>, und unser <a href=\"https:\/\/www.vorlen.geek-tonic.dev\/de\/\">3-Sterne-Campingplatz Le Vorlen<\/a> ist der ideale Ausgangspunkt, um diese Naturwunder zu erkunden. Ob Sie nun ein begeisterter Wanderer sind oder einfach nur die Sch\u00f6nheit der Landschaft genie\u00dfen m\u00f6chten, Sie werden viele M\u00f6glichkeiten finden, die umliegende Natur zu erleben.<\/p>\n\n\n\n<h2 class=\"ls__heading wp-block-heading\">Die K\u00fcstenpfade f\u00fcr Ihre Spazierg\u00e4nge<\/h2>\n\n\n\n<p class=\"ls-paragraph\">Die <strong>K\u00fcstenwanderwege<\/strong> mit atemberaubenden Ausblicken auf den Ozean geh\u00f6ren zu den beliebtesten <strong>Wanderwegen<\/strong>. Bei Spazierg\u00e4ngen entlang der K\u00fcste k\u00f6nnen Sie atemberaubende Panoramen von goldenen Sandstr\u00e4nden bis hin zu <strong>einsamen<\/strong><strong> Buchten<\/strong> bewundern. Bei der Erkundung des Landesinneren finden Sie Wege durch W\u00e4lder, S\u00fcmpfe und gr\u00fcne Landschaften, wo sich die lokale Flora und Fauna auf Ihrem Weg entfaltet.<\/p>\n<\/div>\n<\/div>\n\n\r\n    <\/div>\r\n<\/section><section id=\"ls-section-block_478811cc95bb2410647cf33562edfc64\" class=\"ls-section  home-gallery has-background has-color-4-background-color has-m-t m-t-0 has-p-t p-t-0\" >\r\n        <div class=\"container container--full\">\r\n        \n\n<figure class=\"wp-block-gallery has-nested-images columns-1 is-cropped galerie-slider-container wp-block-gallery-1 is-layout-flex wp-block-gallery-is-layout-flex\">\n<figure class=\"wp-block-image size-full\"><a href=\"https:\/\/www.vorlen.geek-tonic.dev\/wp-content\/uploads\/sites\/13\/2024\/02\/couple-randonnee-camping-finistere.webp\"><img decoding=\"async\" width=\"1200\" height=\"800\" src=\"https:\/\/www.vorlen.geek-tonic.dev\/wp-content\/uploads\/sites\/13\/2024\/02\/couple-randonnee-camping-finistere.webp\" alt=\"Paar Wandern Camping Finistere\" class=\"wp-image-870\" srcset=\"https:\/\/vorlen.geek-tonic.dev\/wp-content\/uploads\/sites\/13\/2024\/02\/couple-randonnee-camping-finistere.webp 1200w, https:\/\/vorlen.geek-tonic.dev\/wp-content\/uploads\/sites\/13\/2024\/02\/couple-randonnee-camping-finistere-300x200.webp 300w, https:\/\/vorlen.geek-tonic.dev\/wp-content\/uploads\/sites\/13\/2024\/02\/couple-randonnee-camping-finistere-1024x683.webp 1024w, https:\/\/vorlen.geek-tonic.dev\/wp-content\/uploads\/sites\/13\/2024\/02\/couple-randonnee-camping-finistere-768x512.webp 768w\" sizes=\"(max-width: 1200px) 100vw, 1200px\" \/><\/a><\/figure>\n\n\n\n<figure class=\"wp-block-image size-full\"><a href=\"https:\/\/www.vorlen.geek-tonic.dev\/wp-content\/uploads\/sites\/13\/2024\/02\/services-hebergement-camping-fouesnant_1.jpg\"><img decoding=\"async\" width=\"1200\" height=\"765\" src=\"https:\/\/www.vorlen.geek-tonic.dev\/wp-content\/uploads\/sites\/13\/2024\/02\/services-hebergement-camping-fouesnant_1.jpg\" alt=\"Dienstleistungen f&#xFC;r Unterk&#xFC;nfte auf dem Campingplatz Fouesnant 1\" class=\"wp-image-602\" srcset=\"https:\/\/vorlen.geek-tonic.dev\/wp-content\/uploads\/sites\/13\/2024\/02\/services-hebergement-camping-fouesnant_1.jpg 1200w, https:\/\/vorlen.geek-tonic.dev\/wp-content\/uploads\/sites\/13\/2024\/02\/services-hebergement-camping-fouesnant_1-300x191.jpg 300w, https:\/\/vorlen.geek-tonic.dev\/wp-content\/uploads\/sites\/13\/2024\/02\/services-hebergement-camping-fouesnant_1-1024x653.jpg 1024w, https:\/\/vorlen.geek-tonic.dev\/wp-content\/uploads\/sites\/13\/2024\/02\/services-hebergement-camping-fouesnant_1-768x490.jpg 768w\" sizes=\"(max-width: 1200px) 100vw, 1200px\" \/><\/a><\/figure>\n\n\n\n<figure class=\"wp-block-image size-full\"><a href=\"https:\/\/www.vorlen.geek-tonic.dev\/wp-content\/uploads\/sites\/13\/2024\/02\/paysage-randonnee-camping-finistere.webp\"><img decoding=\"async\" width=\"1200\" height=\"800\" src=\"https:\/\/www.vorlen.geek-tonic.dev\/wp-content\/uploads\/sites\/13\/2024\/02\/paysage-randonnee-camping-finistere.webp\" alt=\"Landschaft Wandern Camping Finistere\" class=\"wp-image-872\" srcset=\"https:\/\/vorlen.geek-tonic.dev\/wp-content\/uploads\/sites\/13\/2024\/02\/paysage-randonnee-camping-finistere.webp 1200w, https:\/\/vorlen.geek-tonic.dev\/wp-content\/uploads\/sites\/13\/2024\/02\/paysage-randonnee-camping-finistere-300x200.webp 300w, https:\/\/vorlen.geek-tonic.dev\/wp-content\/uploads\/sites\/13\/2024\/02\/paysage-randonnee-camping-finistere-1024x683.webp 1024w, https:\/\/vorlen.geek-tonic.dev\/wp-content\/uploads\/sites\/13\/2024\/02\/paysage-randonnee-camping-finistere-768x512.webp 768w\" sizes=\"(max-width: 1200px) 100vw, 1200px\" \/><\/a><\/figure>\n<\/figure>\n\n\r\n    <\/div>\r\n<\/section><section id=\"ls-section-block_16f0f49d46dade5eda5f8fb307c7029f\" class=\"ls-section  page-one aventure\" >\r\n        <div class=\"container container--wide\">\r\n        \n\n<div class=\"wp-block-columns is-layout-flex wp-container-core-columns-is-layout-2 wp-block-columns-is-layout-flex\">\n<div class=\"wp-block-column first animated fadeInLeft delay-100ms slow is-layout-flow wp-block-column-is-layout-flow\" style=\"flex-basis:45%\">\n<figure class=\"wp-block-image size-full\"><a href=\"https:\/\/www.vorlen.geek-tonic.dev\/wp-content\/uploads\/sites\/13\/2024\/02\/tourisme-fouesnant-sejour-camping-finistere.webp\"><img decoding=\"async\" width=\"1200\" height=\"800\" src=\"https:\/\/www.vorlen.geek-tonic.dev\/wp-content\/uploads\/sites\/13\/2024\/02\/tourisme-fouesnant-sejour-camping-finistere.webp\" alt=\"Tourismus in Fouesnant Aufenthalt auf einem Campingplatz in Finistere\" class=\"wp-image-758\" srcset=\"https:\/\/vorlen.geek-tonic.dev\/wp-content\/uploads\/sites\/13\/2024\/02\/tourisme-fouesnant-sejour-camping-finistere.webp 1200w, https:\/\/vorlen.geek-tonic.dev\/wp-content\/uploads\/sites\/13\/2024\/02\/tourisme-fouesnant-sejour-camping-finistere-300x200.webp 300w, https:\/\/vorlen.geek-tonic.dev\/wp-content\/uploads\/sites\/13\/2024\/02\/tourisme-fouesnant-sejour-camping-finistere-1024x683.webp 1024w, https:\/\/vorlen.geek-tonic.dev\/wp-content\/uploads\/sites\/13\/2024\/02\/tourisme-fouesnant-sejour-camping-finistere-768x512.webp 768w\" sizes=\"(max-width: 1200px) 100vw, 1200px\" \/><\/a><\/figure>\n<\/div>\n\n\n\n<div class=\"wp-block-column is-vertically-aligned-center second animated fadeInRight slow is-layout-flow wp-block-column-is-layout-flow\" style=\"flex-basis:55%\">\n<h2 class=\"ls__heading wp-block-heading has-text-align-left\">Orte, die Sie auf Ihren Wanderungen entdecken sollten<\/h2>\n\n\n\n<p class=\"ls-paragraph\">Das Pays Fouesnantais ist auch reich an<strong> malerischen D\u00f6rfern <\/strong>und<strong> kulturellen<\/strong> Sehensw\u00fcrdigkeiten. Machen Sie eine Pause in <strong>charmanten<\/strong> <strong>St\u00e4dten<\/strong> wie <a href=\"https:\/\/www.vorlen.geek-tonic.dev\/tourisme-fouesnant\/\">Fouesnant<\/a>, wo Sie in Restaurants und Gastst\u00e4tten <strong>lokale<\/strong> <strong>Spezialit\u00e4ten<\/strong> probieren k\u00f6nnen.<strong> <\/strong>Cr\u00eaperien. Besuchen Sie auch <strong>historische<\/strong> <strong>St\u00e4tten<\/strong>, um Ihre Erfahrung zu bereichern.  <\/p>\n\n\n\n<p class=\"ls-paragraph\">Ob Sie sich f\u00fcr eine <strong>kurze<\/strong> <strong>Wanderung<\/strong> oder ein<strong> mehrt\u00e4giges Abenteuer<\/strong> entscheiden, Pays Fouesnantais bietet eine Vielfalt an Wanderwegen, die alle Outdoor-Fans zufrieden stellen. Wenn Sie von Ihren Ausfl\u00fcgen zur\u00fcckkehren, erwartet Sie der Komfort unseres Campingplatzes f\u00fcr entspannende Abende, die ideal sind, um Ihre Batterien wieder aufzuladen, bevor Sie wieder auf Entdeckungsreise in dieser herrlichen Region gehen.<\/p>\n<\/div>\n<\/div>\n\n\r\n    <\/div>\r\n<\/section><section id=\"ls-section-block_7a41ee794f26223a50536dd510c312bc\" class=\"ls-section  page-maillage experience has-p-t p-t-0\" >\r\n        <div class=\"container container--wide\">\r\n        \n\n<div id=\"ls-heading ls-titre-div-block_a320359f56ab031e599230275a8d6c3a\" class=\"ls-titre-div aligncenter h2-like\" >\n    <strong>Entdecken <\/strong> Sie unsere Umgebung<\/div>\n\n\n<div id=\"ls-maillage-block_31fe5b77d6d2f2918f52ffa3c866389c\" class=\"ls-maillage cta-style-normal\" data-rows=\"3\">\n    <div class=\"wp-block-columns\"><div class=\"wp-block-column\"><div id=\"destinations\" class=\"ls-cta\">\n\n<a href=\"https:\/\/vorlen.geek-tonic.dev\/de\/tourismus-strande\/\" target=\"\" rel=\"noopener\" class=\"ls-cta__link\">\n\n\t<div class=\"ls-cta__image\"><img decoding=\"async\" src=\"https:\/\/vorlen.geek-tonic.dev\/wp-content\/uploads\/sites\/13\/2024\/02\/visite-plages-camping-finistere.webp\" alt=\"Besuch der Str\u00e4nde des Campingplatzes Finistere\"><\/div>\n\t<div class=\"ls-cta__title\">\n\t\tDie Str\u00e4nde\t<\/div>\n\n\t\t\n<\/a><\/div><\/div><div class=\"wp-block-column\"><div id=\"destinations\" class=\"ls-cta\">\n\n<a href=\"https:\/\/vorlen.geek-tonic.dev\/de\/golf-de-cornouaille-campingplatz\/\" target=\"\" rel=\"noopener\" class=\"ls-cta__link\">\n\n\t<div class=\"ls-cta__image\"><img decoding=\"async\" src=\"https:\/\/vorlen.geek-tonic.dev\/wp-content\/uploads\/sites\/13\/2024\/02\/tourisme-caolf-cornouaille-camping-finistere.webp\" alt=\"Tourismus caolf cornouaille camping finistere\"><\/div>\n\t<div class=\"ls-cta__title\">\n\t\tGolf de Cornouaille\t<\/div>\n\n\t\t\n<\/a><\/div><\/div><div class=\"wp-block-column\"><div id=\"destinations\" class=\"ls-cta\">\n\n<a href=\"https:\/\/vorlen.geek-tonic.dev\/de\/tourismus-bretonische-riviera-camping\/\" target=\"\" rel=\"noopener\" class=\"ls-cta__link\">\n\n\t<div class=\"ls-cta__image\"><img decoding=\"async\" src=\"https:\/\/vorlen.geek-tonic.dev\/wp-content\/uploads\/sites\/13\/2024\/02\/tourisme-riviera-bretonne-camping-finistere.webp\" alt=\"Tourismus Bretonische Riviera Camping Finistere\"><\/div>\n\t<div class=\"ls-cta__title\">\n\t\tBretonische Riviera\t<\/div>\n\n\t\t\n<\/a><\/div><\/div><\/div><\/div>\n\r\n    <\/div>\r\n<\/section>","protected":false},"excerpt":{"rendered":"","protected":false},"author":1,"featured_media":1259,"parent":0,"menu_order":0,"comment_status":"closed","ping_status":"closed","template":"","meta":{"_acf_changed":false,"footnotes":""},"sujet":[],"class_list":["post-1257","page","type-page","status-publish","has-post-thumbnail","hentry"],"acf":[],"yoast_head":"<!-- This site is optimized with the Yoast SEO plugin v23.9 - https:\/\/yoast.com\/wordpress\/plugins\/seo\/ -->\n<title>Wandern in Pays fouesnantais: K\u00fcstenpfade<\/title>\n<meta name=\"description\" content=\"Ihr Campingplatz ist ideal gelegen, um zu wandern: Entdecken Sie die malerischen Wege und Orte, die es in Pays fouesnantais zu erkunden gilt!\" \/>\n<meta name=\"robots\" content=\"noindex, follow, max-snippet:-1, max-image-preview:large, max-video-preview:-1\" \/>\n<meta property=\"og:locale\" content=\"de_DE\" \/>\n<meta property=\"og:type\" content=\"article\" \/>\n<meta property=\"og:title\" content=\"Wandern in Pays fouesnantais: K\u00fcstenpfade\" \/>\n<meta property=\"og:description\" content=\"Ihr Campingplatz ist ideal gelegen, um zu wandern: Entdecken Sie die malerischen Wege und Orte, die es in Pays fouesnantais zu erkunden gilt!\" \/>\n<meta property=\"og:url\" content=\"https:\/\/vorlen.geek-tonic.dev\/de\/tourismus-pays-fouesnantais\/\" \/>\n<meta property=\"og:site_name\" content=\"Camping Le Vorlen\" \/>\n<meta property=\"article:modified_time\" content=\"2024-04-18T13:43:27+00:00\" \/>\n<meta property=\"og:image\" content=\"https:\/\/vorlen.geek-tonic.dev\/wp-content\/uploads\/sites\/13\/2024\/02\/visite-randonnee-camping-finistere.webp\" \/>\n\t<meta property=\"og:image:width\" content=\"2000\" \/>\n\t<meta property=\"og:image:height\" content=\"1000\" \/>\n\t<meta property=\"og:image:type\" content=\"image\/webp\" \/>\n<meta name=\"twitter:card\" content=\"summary_large_image\" \/>\n<meta name=\"twitter:label1\" content=\"Gesch\u00e4tzte Lesezeit\" \/>\n\t<meta name=\"twitter:data1\" content=\"1\u00a0Minute\" \/>\n<script type=\"application\/ld+json\" class=\"yoast-schema-graph\">{\"@context\":\"https:\/\/schema.org\",\"@graph\":[{\"@type\":\"WebPage\",\"@id\":\"https:\/\/vorlen.geek-tonic.dev\/de\/tourismus-pays-fouesnantais\/\",\"url\":\"https:\/\/vorlen.geek-tonic.dev\/de\/tourismus-pays-fouesnantais\/\",\"name\":\"Wandern in Pays fouesnantais: K\u00fcstenpfade\",\"isPartOf\":{\"@id\":\"https:\/\/vorlen.geek-tonic.dev\/de\/#website\"},\"primaryImageOfPage\":{\"@id\":\"https:\/\/vorlen.geek-tonic.dev\/de\/tourismus-pays-fouesnantais\/#primaryimage\"},\"image\":{\"@id\":\"https:\/\/vorlen.geek-tonic.dev\/de\/tourismus-pays-fouesnantais\/#primaryimage\"},\"thumbnailUrl\":\"https:\/\/vorlen.geek-tonic.dev\/wp-content\/uploads\/sites\/13\/2024\/02\/visite-randonnee-camping-finistere.webp\",\"datePublished\":\"2024-02-26T14:35:14+00:00\",\"dateModified\":\"2024-04-18T13:43:27+00:00\",\"description\":\"Ihr Campingplatz ist ideal gelegen, um zu wandern: Entdecken Sie die malerischen Wege und Orte, die es in Pays fouesnantais zu erkunden gilt!\",\"breadcrumb\":{\"@id\":\"https:\/\/vorlen.geek-tonic.dev\/de\/tourismus-pays-fouesnantais\/#breadcrumb\"},\"inLanguage\":\"de\",\"potentialAction\":[{\"@type\":\"ReadAction\",\"target\":[\"https:\/\/vorlen.geek-tonic.dev\/de\/tourismus-pays-fouesnantais\/\"]}]},{\"@type\":\"ImageObject\",\"inLanguage\":\"de\",\"@id\":\"https:\/\/vorlen.geek-tonic.dev\/de\/tourismus-pays-fouesnantais\/#primaryimage\",\"url\":\"https:\/\/vorlen.geek-tonic.dev\/wp-content\/uploads\/sites\/13\/2024\/02\/visite-randonnee-camping-finistere.webp\",\"contentUrl\":\"https:\/\/vorlen.geek-tonic.dev\/wp-content\/uploads\/sites\/13\/2024\/02\/visite-randonnee-camping-finistere.webp\",\"width\":2000,\"height\":1000,\"caption\":\"besuch wanderung camping finistere\"},{\"@type\":\"BreadcrumbList\",\"@id\":\"https:\/\/vorlen.geek-tonic.dev\/de\/tourismus-pays-fouesnantais\/#breadcrumb\",\"itemListElement\":[{\"@type\":\"ListItem\",\"position\":1,\"name\":\"Camping dans le Finist\u00e8re Sud\",\"item\":\"https:\/\/vorlen.geek-tonic.dev\/de\/\"},{\"@type\":\"ListItem\",\"position\":2,\"name\":\"Wanderwege in Fouesnant\"}]},{\"@type\":\"WebSite\",\"@id\":\"https:\/\/vorlen.geek-tonic.dev\/de\/#website\",\"url\":\"https:\/\/vorlen.geek-tonic.dev\/de\/\",\"name\":\"Camping Le Vorlen\",\"description\":\"\",\"publisher\":{\"@id\":\"https:\/\/vorlen.geek-tonic.dev\/de\/#organization\"},\"potentialAction\":[{\"@type\":\"SearchAction\",\"target\":{\"@type\":\"EntryPoint\",\"urlTemplate\":\"https:\/\/vorlen.geek-tonic.dev\/de\/?s={search_term_string}\"},\"query-input\":{\"@type\":\"PropertyValueSpecification\",\"valueRequired\":true,\"valueName\":\"search_term_string\"}}],\"inLanguage\":\"de\"},{\"@type\":\"Organization\",\"@id\":\"https:\/\/vorlen.geek-tonic.dev\/de\/#organization\",\"name\":\"Camping Le Vorlen\",\"url\":\"https:\/\/vorlen.geek-tonic.dev\/de\/\",\"logo\":{\"@type\":\"ImageObject\",\"inLanguage\":\"de\",\"@id\":\"https:\/\/vorlen.geek-tonic.dev\/de\/#\/schema\/logo\/image\/\",\"url\":\"https:\/\/vorlen.geek-tonic.dev\/wp-content\/uploads\/sites\/13\/2024\/03\/cropped-logo-Flower-camping-Le-Vorlen.png\",\"contentUrl\":\"https:\/\/vorlen.geek-tonic.dev\/wp-content\/uploads\/sites\/13\/2024\/03\/cropped-logo-Flower-camping-Le-Vorlen.png\",\"width\":500,\"height\":660,\"caption\":\"Camping Le Vorlen\"},\"image\":{\"@id\":\"https:\/\/vorlen.geek-tonic.dev\/de\/#\/schema\/logo\/image\/\"}}]}<\/script>\n<!-- \/ Yoast SEO plugin. -->","yoast_head_json":{"title":"Wandern in Pays fouesnantais: K\u00fcstenpfade","description":"Ihr Campingplatz ist ideal gelegen, um zu wandern: Entdecken Sie die malerischen Wege und Orte, die es in Pays fouesnantais zu erkunden gilt!","robots":{"index":"noindex","follow":"follow","max-snippet":"max-snippet:-1","max-image-preview":"max-image-preview:large","max-video-preview":"max-video-preview:-1"},"og_locale":"de_DE","og_type":"article","og_title":"Wandern in Pays fouesnantais: K\u00fcstenpfade","og_description":"Ihr Campingplatz ist ideal gelegen, um zu wandern: Entdecken Sie die malerischen Wege und Orte, die es in Pays fouesnantais zu erkunden gilt!","og_url":"https:\/\/vorlen.geek-tonic.dev\/de\/tourismus-pays-fouesnantais\/","og_site_name":"Camping Le Vorlen","article_modified_time":"2024-04-18T13:43:27+00:00","og_image":[{"width":2000,"height":1000,"url":"https:\/\/vorlen.geek-tonic.dev\/wp-content\/uploads\/sites\/13\/2024\/02\/visite-randonnee-camping-finistere.webp","type":"image\/webp"}],"twitter_card":"summary_large_image","twitter_misc":{"Gesch\u00e4tzte Lesezeit":"1\u00a0Minute"},"schema":{"@context":"https:\/\/schema.org","@graph":[{"@type":"WebPage","@id":"https:\/\/vorlen.geek-tonic.dev\/de\/tourismus-pays-fouesnantais\/","url":"https:\/\/vorlen.geek-tonic.dev\/de\/tourismus-pays-fouesnantais\/","name":"Wandern in Pays fouesnantais: K\u00fcstenpfade","isPartOf":{"@id":"https:\/\/vorlen.geek-tonic.dev\/de\/#website"},"primaryImageOfPage":{"@id":"https:\/\/vorlen.geek-tonic.dev\/de\/tourismus-pays-fouesnantais\/#primaryimage"},"image":{"@id":"https:\/\/vorlen.geek-tonic.dev\/de\/tourismus-pays-fouesnantais\/#primaryimage"},"thumbnailUrl":"https:\/\/vorlen.geek-tonic.dev\/wp-content\/uploads\/sites\/13\/2024\/02\/visite-randonnee-camping-finistere.webp","datePublished":"2024-02-26T14:35:14+00:00","dateModified":"2024-04-18T13:43:27+00:00","description":"Ihr Campingplatz ist ideal gelegen, um zu wandern: Entdecken Sie die malerischen Wege und Orte, die es in Pays fouesnantais zu erkunden gilt!","breadcrumb":{"@id":"https:\/\/vorlen.geek-tonic.dev\/de\/tourismus-pays-fouesnantais\/#breadcrumb"},"inLanguage":"de","potentialAction":[{"@type":"ReadAction","target":["https:\/\/vorlen.geek-tonic.dev\/de\/tourismus-pays-fouesnantais\/"]}]},{"@type":"ImageObject","inLanguage":"de","@id":"https:\/\/vorlen.geek-tonic.dev\/de\/tourismus-pays-fouesnantais\/#primaryimage","url":"https:\/\/vorlen.geek-tonic.dev\/wp-content\/uploads\/sites\/13\/2024\/02\/visite-randonnee-camping-finistere.webp","contentUrl":"https:\/\/vorlen.geek-tonic.dev\/wp-content\/uploads\/sites\/13\/2024\/02\/visite-randonnee-camping-finistere.webp","width":2000,"height":1000,"caption":"besuch wanderung camping finistere"},{"@type":"BreadcrumbList","@id":"https:\/\/vorlen.geek-tonic.dev\/de\/tourismus-pays-fouesnantais\/#breadcrumb","itemListElement":[{"@type":"ListItem","position":1,"name":"Camping dans le Finist\u00e8re Sud","item":"https:\/\/vorlen.geek-tonic.dev\/de\/"},{"@type":"ListItem","position":2,"name":"Wanderwege in Fouesnant"}]},{"@type":"WebSite","@id":"https:\/\/vorlen.geek-tonic.dev\/de\/#website","url":"https:\/\/vorlen.geek-tonic.dev\/de\/","name":"Camping Le Vorlen","description":"","publisher":{"@id":"https:\/\/vorlen.geek-tonic.dev\/de\/#organization"},"potentialAction":[{"@type":"SearchAction","target":{"@type":"EntryPoint","urlTemplate":"https:\/\/vorlen.geek-tonic.dev\/de\/?s={search_term_string}"},"query-input":{"@type":"PropertyValueSpecification","valueRequired":true,"valueName":"search_term_string"}}],"inLanguage":"de"},{"@type":"Organization","@id":"https:\/\/vorlen.geek-tonic.dev\/de\/#organization","name":"Camping Le Vorlen","url":"https:\/\/vorlen.geek-tonic.dev\/de\/","logo":{"@type":"ImageObject","inLanguage":"de","@id":"https:\/\/vorlen.geek-tonic.dev\/de\/#\/schema\/logo\/image\/","url":"https:\/\/vorlen.geek-tonic.dev\/wp-content\/uploads\/sites\/13\/2024\/03\/cropped-logo-Flower-camping-Le-Vorlen.png","contentUrl":"https:\/\/vorlen.geek-tonic.dev\/wp-content\/uploads\/sites\/13\/2024\/03\/cropped-logo-Flower-camping-Le-Vorlen.png","width":500,"height":660,"caption":"Camping Le Vorlen"},"image":{"@id":"https:\/\/vorlen.geek-tonic.dev\/de\/#\/schema\/logo\/image\/"}}]}},"_links":{"self":[{"href":"https:\/\/vorlen.geek-tonic.dev\/de\/wp-json\/wp\/v2\/pages\/1257","targetHints":{"allow":["GET"]}}],"collection":[{"href":"https:\/\/vorlen.geek-tonic.dev\/de\/wp-json\/wp\/v2\/pages"}],"about":[{"href":"https:\/\/vorlen.geek-tonic.dev\/de\/wp-json\/wp\/v2\/types\/page"}],"author":[{"embeddable":true,"href":"https:\/\/vorlen.geek-tonic.dev\/de\/wp-json\/wp\/v2\/users\/1"}],"replies":[{"embeddable":true,"href":"https:\/\/vorlen.geek-tonic.dev\/de\/wp-json\/wp\/v2\/comments?post=1257"}],"version-history":[{"count":3,"href":"https:\/\/vorlen.geek-tonic.dev\/de\/wp-json\/wp\/v2\/pages\/1257\/revisions"}],"predecessor-version":[{"id":1272,"href":"https:\/\/vorlen.geek-tonic.dev\/de\/wp-json\/wp\/v2\/pages\/1257\/revisions\/1272"}],"wp:featuredmedia":[{"embeddable":true,"href":"https:\/\/vorlen.geek-tonic.dev\/de\/wp-json\/wp\/v2\/media\/1259"}],"wp:attachment":[{"href":"https:\/\/vorlen.geek-tonic.dev\/de\/wp-json\/wp\/v2\/media?parent=1257"}],"wp:term":[{"taxonomy":"sujet","embeddable":true,"href":"https:\/\/vorlen.geek-tonic.dev\/de\/wp-json\/wp\/v2\/sujet?post=1257"}],"curies":[{"name":"wp","href":"https:\/\/api.w.org\/{rel}","templated":true}]}}