{"id":1288,"date":"2024-02-26T15:31:58","date_gmt":"2024-02-26T14:31:58","guid":{"rendered":"https:\/\/www.vorlen.geek-tonic.dev\/strand-pointe-mousterlin-camping-finistere\/"},"modified":"2024-04-18T15:44:32","modified_gmt":"2024-04-18T13:44:32","slug":"strand-pointe-mousterlin-camping-finistere","status":"publish","type":"page","link":"https:\/\/vorlen.geek-tonic.dev\/de\/strand-pointe-mousterlin-camping-finistere\/","title":{"rendered":"Spitze von Mousterlin"},"content":{"rendered":"<section id=\"ls-section-block_b4e931ead909904e7404904fc65bd189\" class=\"ls-section  page-one has-background has-color-4-background-color has-m-t m-t-0 has-m-b m-b-0 has-p-t p-t-14 has-p-b p-b-14\" >\r\n        <div class=\"container container--wide\">\r\n        \n\n<div class=\"wp-block-columns is-layout-flex wp-container-core-columns-is-layout-1 wp-block-columns-is-layout-flex\">\n<div class=\"wp-block-column is-vertically-aligned-center animated fadeInLeft delay-100ms slow is-layout-flow wp-block-column-is-layout-flow\" style=\"flex-basis:45%\">\n<figure class=\"wp-block-image size-full\"><a href=\"https:\/\/www.vorlen.geek-tonic.dev\/wp-content\/uploads\/sites\/13\/2024\/02\/plage-pointe-mousterlin-camping-finistere.webp\"><img decoding=\"async\" width=\"1200\" height=\"800\" src=\"https:\/\/www.vorlen.geek-tonic.dev\/wp-content\/uploads\/sites\/13\/2024\/02\/plage-pointe-mousterlin-camping-finistere.webp\" alt=\"Strand pointe mousterlin camping finistere\" class=\"wp-image-794\" srcset=\"https:\/\/vorlen.geek-tonic.dev\/wp-content\/uploads\/sites\/13\/2024\/02\/plage-pointe-mousterlin-camping-finistere.webp 1200w, https:\/\/vorlen.geek-tonic.dev\/wp-content\/uploads\/sites\/13\/2024\/02\/plage-pointe-mousterlin-camping-finistere-300x200.webp 300w, https:\/\/vorlen.geek-tonic.dev\/wp-content\/uploads\/sites\/13\/2024\/02\/plage-pointe-mousterlin-camping-finistere-1024x683.webp 1024w, https:\/\/vorlen.geek-tonic.dev\/wp-content\/uploads\/sites\/13\/2024\/02\/plage-pointe-mousterlin-camping-finistere-768x512.webp 768w\" sizes=\"(max-width: 1200px) 100vw, 1200px\" \/><\/a><\/figure>\n<\/div>\n\n\n\n<div class=\"wp-block-column is-vertically-aligned-center animated fadeInRight slow is-layout-flow wp-block-column-is-layout-flow\" style=\"flex-basis:55%\">\n<h1 class=\"ls__heading wp-block-heading\">Campingplatz in der N\u00e4he der Landspitze von Mousterlin<\/h1>\n\n\n\n<h2 class=\"ls__heading wp-block-heading\">Tourismus an der Spitze von Mousterlin<\/h2>\n\n\n\n<p class=\"ls-paragraph\"><a href=\"https:\/\/www.tourisme-fouesnant.fr\/itineraire\/a-la-decouverte-de-mousterlin-fouesnant\/\" target=\"_blank\" rel=\"noreferrer noopener\">Die Pointe de Mousterlin<\/a> liegt in der N\u00e4he unseres <a href=\"https:\/\/www.vorlen.geek-tonic.dev\/de\/\">3-Sterne-Campingplatzes Le Vorlen in Fouesnant<\/a> und ist ein Naturschatz, der Sie sicher begeistern wird.  <\/p>\n\n\n\n<p class=\"ls-paragraph\">Diese bretonische Halbinsel ist ein wahres Paradies f\u00fcr Naturliebhaber und bietet ein <strong>vielf\u00e4ltiges<\/strong> <strong>\u00d6kosystem<\/strong>, feine Sandstr\u00e4nde, wilde D\u00fcnen und Salzg\u00e4rten. Sie werden von der <strong>reichen Flora und Fauna<\/strong>, die diese unber\u00fchrte Umgebung bev\u00f6lkert, begeistert sein.  <\/p>\n\n\n\n<p class=\"ls-paragraph\">Es ist ein idealer Ort, um neue Energie zu tanken, sich mit der Natur zu verbinden und die frische Luft der bretonischen K\u00fcste zu genie\u00dfen.<\/p>\n\n\n\n<div class=\"ls-lire-plus\">\n    <input id=\"ls-lire-plus-block_e60a80453ef4983d023d7aaaf95af62069ea7efc1dff0\" type=\"checkbox\" class=\"ls-lire-plus__toggle\"  \/>\n    <label for=\"ls-lire-plus-block_e60a80453ef4983d023d7aaaf95af62069ea7efc1dff0\" class=\"ls-lire-plus__toggle-label\">\n        <span>Lire plus<\/span>\n        <span>Lire moins<\/span>\n    <\/label>\n    <div class=\"ls-lire-plus__content\">\n        \n\n<h2 class=\"ls__heading wp-block-heading\">Was Sie unbedingt sehen sollten<\/h2>\n\n\n\n<p class=\"ls-paragraph\">Die <strong>Pointe de Mousterlin <\/strong>ist ein <strong>Naturwunder<\/strong>, das es zu entdecken gilt. Der majest\u00e4tische<strong> Leuchtturm von Mousterlin<\/strong> ist ein Wahrzeichen, das Sie nicht verpassen sollten. Sie k\u00f6nnen die Stufen hinaufsteigen, um einen <strong>Panoramablick<\/strong> auf die Halbinsel und ihre Umgebung zu genie\u00dfen. Vogelbeobachter werden sich freuen, denn die Landspitze ist ein beliebter Rastplatz f\u00fcr viele Arten, insbesondere w\u00e4hrend der Migration.<\/p>\n\n\n\n<p class=\"ls-paragraph\">Die <strong>Salzg\u00e4rten<\/strong>, die die Region durchziehen, sorgen f\u00fcr eine Farbpalette, die sich im Laufe der Jahreszeiten \u00e4ndert und ein fesselndes visuelles Spektakel bietet. Der <strong>Strand von<\/strong> <strong>Kerler<\/strong> mit seinem feinen Sand und dem kristallklaren Wasser ist ebenfalls sehenswert.<\/p>\n\n        <div class=\"ls-lire-plus__gradient\" style=\"background: linear-gradient(to bottom,rgba(255,235,204,0) 0%,rgba(255,235,204,1) 100%);\"><\/div>\n    <\/div>\n<\/div><\/div>\n<\/div>\n\n\r\n    <\/div>\r\n<\/section><section id=\"ls-section-block_f4debf5b7f46c2f77e26db1b97d39a58\" class=\"ls-section  home-gallery has-background has-color-4-background-color has-m-t m-t-0 has-p-t p-t-0\" >\r\n        <div class=\"container container--full\">\r\n        \n\n<figure class=\"wp-block-gallery has-nested-images columns-1 is-cropped galerie-slider-container wp-block-gallery-1 is-layout-flex wp-block-gallery-is-layout-flex\">\n<figure class=\"wp-block-image size-full\"><a href=\"https:\/\/www.vorlen.geek-tonic.dev\/wp-content\/uploads\/sites\/13\/2024\/01\/piscine-camping-fouesnant-1.webp\"><img decoding=\"async\" width=\"1200\" height=\"765\" src=\"https:\/\/www.vorlen.geek-tonic.dev\/wp-content\/uploads\/sites\/13\/2024\/01\/piscine-camping-fouesnant-1.webp\" alt=\"Schwimmbad Campingplatz Fouesnant 1\" class=\"wp-image-467\" srcset=\"https:\/\/vorlen.geek-tonic.dev\/wp-content\/uploads\/sites\/13\/2024\/01\/piscine-camping-fouesnant-1.webp 1200w, https:\/\/vorlen.geek-tonic.dev\/wp-content\/uploads\/sites\/13\/2024\/01\/piscine-camping-fouesnant-1-300x191.webp 300w, https:\/\/vorlen.geek-tonic.dev\/wp-content\/uploads\/sites\/13\/2024\/01\/piscine-camping-fouesnant-1-1024x653.webp 1024w, https:\/\/vorlen.geek-tonic.dev\/wp-content\/uploads\/sites\/13\/2024\/01\/piscine-camping-fouesnant-1-768x490.webp 768w\" sizes=\"(max-width: 1200px) 100vw, 1200px\" \/><\/a><\/figure>\n\n\n\n<figure class=\"wp-block-image size-full\"><a href=\"https:\/\/www.vorlen.geek-tonic.dev\/wp-content\/uploads\/sites\/13\/2024\/02\/decouvrir-point-mousterlin-camping-finistere.webp\"><img decoding=\"async\" width=\"1200\" height=\"800\" src=\"https:\/\/www.vorlen.geek-tonic.dev\/wp-content\/uploads\/sites\/13\/2024\/02\/decouvrir-point-mousterlin-camping-finistere.webp\" alt=\"decouvrir point mousterlin camping finistere\" class=\"wp-image-797\" srcset=\"https:\/\/vorlen.geek-tonic.dev\/wp-content\/uploads\/sites\/13\/2024\/02\/decouvrir-point-mousterlin-camping-finistere.webp 1200w, https:\/\/vorlen.geek-tonic.dev\/wp-content\/uploads\/sites\/13\/2024\/02\/decouvrir-point-mousterlin-camping-finistere-300x200.webp 300w, https:\/\/vorlen.geek-tonic.dev\/wp-content\/uploads\/sites\/13\/2024\/02\/decouvrir-point-mousterlin-camping-finistere-1024x683.webp 1024w, https:\/\/vorlen.geek-tonic.dev\/wp-content\/uploads\/sites\/13\/2024\/02\/decouvrir-point-mousterlin-camping-finistere-768x512.webp 768w\" sizes=\"(max-width: 1200px) 100vw, 1200px\" \/><\/a><\/figure>\n\n\n\n<figure class=\"wp-block-image size-full\"><a href=\"https:\/\/www.vorlen.geek-tonic.dev\/wp-content\/uploads\/sites\/13\/2024\/02\/promotions-camping-finistere.webp\"><img decoding=\"async\" width=\"1200\" height=\"740\" src=\"https:\/\/www.vorlen.geek-tonic.dev\/wp-content\/uploads\/sites\/13\/2024\/02\/promotions-camping-finistere.webp\" alt=\"promotions camping finistere\" class=\"wp-image-694\" srcset=\"https:\/\/vorlen.geek-tonic.dev\/wp-content\/uploads\/sites\/13\/2024\/02\/promotions-camping-finistere.webp 1200w, https:\/\/vorlen.geek-tonic.dev\/wp-content\/uploads\/sites\/13\/2024\/02\/promotions-camping-finistere-300x185.webp 300w, https:\/\/vorlen.geek-tonic.dev\/wp-content\/uploads\/sites\/13\/2024\/02\/promotions-camping-finistere-1024x631.webp 1024w, https:\/\/vorlen.geek-tonic.dev\/wp-content\/uploads\/sites\/13\/2024\/02\/promotions-camping-finistere-768x474.webp 768w\" sizes=\"(max-width: 1200px) 100vw, 1200px\" \/><\/a><\/figure>\n<\/figure>\n\n\r\n    <\/div>\r\n<\/section><section id=\"ls-section-block_f58e670d0ee09509fa429dd343ef6982\" class=\"ls-section  page-one aventure\" >\r\n        <div class=\"container container--wide\">\r\n        \n\n<div class=\"wp-block-columns is-layout-flex wp-container-core-columns-is-layout-2 wp-block-columns-is-layout-flex\">\n<div class=\"wp-block-column first animated fadeInLeft delay-100ms slow is-layout-flow wp-block-column-is-layout-flow\" style=\"flex-basis:45%\">\n<figure class=\"wp-block-image size-full\"><a href=\"https:\/\/www.vorlen.geek-tonic.dev\/wp-content\/uploads\/sites\/13\/2024\/02\/randonnee-pointe-mousterlin-camping-finistere.webp\"><img decoding=\"async\" width=\"1200\" height=\"800\" src=\"https:\/\/www.vorlen.geek-tonic.dev\/wp-content\/uploads\/sites\/13\/2024\/02\/randonnee-pointe-mousterlin-camping-finistere.webp\" alt=\"Wanderung Pointe Mousterlin Camping Finistere\" class=\"wp-image-799\" srcset=\"https:\/\/vorlen.geek-tonic.dev\/wp-content\/uploads\/sites\/13\/2024\/02\/randonnee-pointe-mousterlin-camping-finistere.webp 1200w, https:\/\/vorlen.geek-tonic.dev\/wp-content\/uploads\/sites\/13\/2024\/02\/randonnee-pointe-mousterlin-camping-finistere-300x200.webp 300w, https:\/\/vorlen.geek-tonic.dev\/wp-content\/uploads\/sites\/13\/2024\/02\/randonnee-pointe-mousterlin-camping-finistere-1024x683.webp 1024w, https:\/\/vorlen.geek-tonic.dev\/wp-content\/uploads\/sites\/13\/2024\/02\/randonnee-pointe-mousterlin-camping-finistere-768x512.webp 768w\" sizes=\"(max-width: 1200px) 100vw, 1200px\" \/><\/a><\/figure>\n<\/div>\n\n\n\n<div class=\"wp-block-column second animated fadeInRight slow is-layout-flow wp-block-column-is-layout-flow\" style=\"flex-basis:55%\">\n<h2 class=\"ls__heading wp-block-heading has-text-align-left\">Naturaktivit\u00e4ten an der Pointe de Mousterlin<\/h2>\n\n\n\n<p class=\"ls-paragraph\">In La Pointe de Mousterlin f\u00fchren Sie gut gepflegte <a href=\"https:\/\/www.tourisme-fouesnant.fr\/notre-destination\/les-lieux-a-decouvrir\/des-espaces-naturels-dexception\/autour-de-mousterlin\/\" target=\"_blank\" rel=\"noreferrer noopener\">Wanderwege<\/a> durch D\u00fcnen, Moore und W\u00e4lder mit atemberaubenden Aussichten. Diese Region ist ein wahres Paradies f\u00fcr Naturliebhaber und bietet Ihnen die M\u00f6glichkeit, in eine unber\u00fchrte Umgebung einzutauchen. Die <strong>Wanderwege<\/strong> f\u00fchren Sie in das Herz der nat\u00fcrlichen Sch\u00f6nheit von Fouesnant-les-Gl\u00e9nan.<\/p>\n\n\n\n<p class=\"ls-paragraph\">Der <strong>Strand an der Pointe de Mousterlin <\/strong>ist ein idealer Ort zum <strong>Schwimmen<\/strong> und Entspannen in der Sonne. Ob Sie sich im Sand sonnen, sich in die erfrischenden Gew\u00e4sser des Ozeans wagen oder an aufregenden <strong>Wassersportaktivit\u00e4ten<\/strong> teilnehmen m\u00f6chten, dieser Ort bietet eine Vielzahl von M\u00f6glichkeiten, das Meer zu genie\u00dfen.<\/p>\n\n\n\n<p class=\"ls-paragraph\">Die Pointe de Mousterlin ist auch der ideale Ausgangspunkt f\u00fcr einen<strong> unvergesslichen Spaziergang durch die unber\u00fchrte Natur von Fouesnant-les-Gl\u00e9nan<\/strong>. Wenn Sie dem Weg entlang des <a href=\"https:\/\/www.tourisme-fouesnant.fr\/itineraire\/a-la-decouverte-de-mousterlin-fouesnant\/\" target=\"_blank\" rel=\"noreferrer noopener\">Wei\u00dfen Meeres<\/a> folgen, werden Sie atemberaubende Landschaften entdecken. Die au\u00dfergew\u00f6hnliche Flora und Fauna dieser wilden Region wird Sie in Staunen versetzen. Jeder <strong>Panoramablick auf<\/strong> <strong>das<\/strong> <strong>Wei\u00dfe<\/strong> <strong>Meer<\/strong> bietet Ihnen die M\u00f6glichkeit, unvergessliche Erinnerungen an Ihren Aufenthalt festzuhalten.<\/p>\n<\/div>\n<\/div>\n\n\r\n    <\/div>\r\n<\/section><section id=\"ls-section-block_690e9856790ee9ad0b14c5970a5a4078\" class=\"ls-section  page-maillage experience has-p-t p-t-0\" >\r\n        <div class=\"container container--wide\">\r\n        \n\n<div id=\"ls-heading ls-titre-div-block_416c0154f91b246d118900c2ef95d8c4\" class=\"ls-titre-div aligncenter h2-like\" >\n    <strong>Entdecken <\/strong> Sie unsere Umgebung<\/div>\n\n\n<div id=\"ls-maillage-block_73f75c349ad981b23c43c9b071817636\" class=\"ls-maillage cta-style-normal\" data-rows=\"3\">\n    <div class=\"wp-block-columns\"><div class=\"wp-block-column\"><div id=\"destinations\" class=\"ls-cta\">\n\n<a href=\"https:\/\/vorlen.geek-tonic.dev\/de\/tourismus-pays-fouesnantais\/\" target=\"\" rel=\"noopener\" class=\"ls-cta__link\">\n\n\t<div class=\"ls-cta__image\"><img decoding=\"async\" src=\"https:\/\/vorlen.geek-tonic.dev\/wp-content\/uploads\/sites\/13\/2024\/02\/tourisme-randonnee-camping-finistere.webp\" alt=\"Tourismus Wandern Camping Finistere\"><\/div>\n\t<div class=\"ls-cta__title\">\n\t\tWandern im Pays fouesnantais\t<\/div>\n\n\t\t\n<\/a><\/div><\/div><div class=\"wp-block-column\"><div id=\"destinations\" class=\"ls-cta\">\n\n<a href=\"https:\/\/vorlen.geek-tonic.dev\/de\/campingplatz-cap-coz\/\" target=\"\" rel=\"noopener\" class=\"ls-cta__link\">\n\n\t<div class=\"ls-cta__image\"><img decoding=\"async\" src=\"https:\/\/vorlen.geek-tonic.dev\/wp-content\/uploads\/sites\/13\/2024\/02\/decouvrir-cap-coz-camping-finistere.webp\" alt=\"Entdecken Sie Cap Coz Camping Finistere\"><\/div>\n\t<div class=\"ls-cta__title\">\n\t\tCap-Coz\t<\/div>\n\n\t\t\n<\/a><\/div><\/div><div class=\"wp-block-column\"><div id=\"destinations\" class=\"ls-cta\">\n\n<a href=\"https:\/\/vorlen.geek-tonic.dev\/de\/tourismus-beg-meil\/\" target=\"\" rel=\"noopener\" class=\"ls-cta__link\">\n\n\t<div class=\"ls-cta__image\"><img decoding=\"async\" src=\"https:\/\/vorlen.geek-tonic.dev\/wp-content\/uploads\/sites\/13\/2024\/02\/visite-beg-meil-camping-finistere.webp\" alt=\"Besuch beg meil camping finistere\"><\/div>\n\t<div class=\"ls-cta__title\">\n\t\tBeg-Meil\t<\/div>\n\n\t\t\n<\/a><\/div><\/div><\/div><\/div>\n\r\n    <\/div>\r\n<\/section>","protected":false},"excerpt":{"rendered":"","protected":false},"author":1,"featured_media":1289,"parent":0,"menu_order":0,"comment_status":"closed","ping_status":"closed","template":"","meta":{"_acf_changed":false,"footnotes":""},"sujet":[],"class_list":["post-1288","page","type-page","status-publish","has-post-thumbnail","hentry"],"acf":[],"yoast_head":"<!-- This site is optimized with the Yoast SEO plugin v23.9 - https:\/\/yoast.com\/wordpress\/plugins\/seo\/ -->\n<title>Campingplatz in der N\u00e4he der Pointe de Mousterlin: Salzg\u00e4rten, Str\u00e4nde<\/title>\n<meta name=\"description\" content=\"Die Landspitze von Mousterlin in der N\u00e4he des Campingplatzes mit ihren Sandstr\u00e4nden, wilden D\u00fcnen, Salzg\u00e4rten, Panoramablick und Wanderwegen ist eine Oase der Ruhe.\" \/>\n<meta name=\"robots\" content=\"noindex, follow, max-snippet:-1, max-image-preview:large, max-video-preview:-1\" \/>\n<meta property=\"og:locale\" content=\"de_DE\" \/>\n<meta property=\"og:type\" content=\"article\" \/>\n<meta property=\"og:title\" content=\"Campingplatz in der N\u00e4he der Pointe de Mousterlin: Salzg\u00e4rten, Str\u00e4nde\" \/>\n<meta property=\"og:description\" content=\"Die Landspitze von Mousterlin in der N\u00e4he des Campingplatzes mit ihren Sandstr\u00e4nden, wilden D\u00fcnen, Salzg\u00e4rten, Panoramablick und Wanderwegen ist eine Oase der Ruhe.\" \/>\n<meta property=\"og:url\" content=\"https:\/\/vorlen.geek-tonic.dev\/de\/strand-pointe-mousterlin-camping-finistere\/\" \/>\n<meta property=\"og:site_name\" content=\"Camping Le Vorlen\" \/>\n<meta property=\"article:modified_time\" content=\"2024-04-18T13:44:32+00:00\" \/>\n<meta property=\"og:image\" content=\"https:\/\/vorlen.geek-tonic.dev\/wp-content\/uploads\/sites\/13\/2024\/02\/visite-pointe-mousterlin-camping-finistere.webp\" \/>\n\t<meta property=\"og:image:width\" content=\"2000\" \/>\n\t<meta property=\"og:image:height\" content=\"1000\" \/>\n\t<meta property=\"og:image:type\" content=\"image\/webp\" \/>\n<meta name=\"twitter:card\" content=\"summary_large_image\" \/>\n<meta name=\"twitter:label1\" content=\"Gesch\u00e4tzte Lesezeit\" \/>\n\t<meta name=\"twitter:data1\" content=\"2\u00a0Minuten\" \/>\n<script type=\"application\/ld+json\" class=\"yoast-schema-graph\">{\"@context\":\"https:\/\/schema.org\",\"@graph\":[{\"@type\":\"WebPage\",\"@id\":\"https:\/\/vorlen.geek-tonic.dev\/de\/strand-pointe-mousterlin-camping-finistere\/\",\"url\":\"https:\/\/vorlen.geek-tonic.dev\/de\/strand-pointe-mousterlin-camping-finistere\/\",\"name\":\"Campingplatz in der N\u00e4he der Pointe de Mousterlin: Salzg\u00e4rten, Str\u00e4nde\",\"isPartOf\":{\"@id\":\"https:\/\/vorlen.geek-tonic.dev\/de\/#website\"},\"primaryImageOfPage\":{\"@id\":\"https:\/\/vorlen.geek-tonic.dev\/de\/strand-pointe-mousterlin-camping-finistere\/#primaryimage\"},\"image\":{\"@id\":\"https:\/\/vorlen.geek-tonic.dev\/de\/strand-pointe-mousterlin-camping-finistere\/#primaryimage\"},\"thumbnailUrl\":\"https:\/\/vorlen.geek-tonic.dev\/wp-content\/uploads\/sites\/13\/2024\/02\/visite-pointe-mousterlin-camping-finistere.webp\",\"datePublished\":\"2024-02-26T14:31:58+00:00\",\"dateModified\":\"2024-04-18T13:44:32+00:00\",\"description\":\"Die Landspitze von Mousterlin in der N\u00e4he des Campingplatzes mit ihren Sandstr\u00e4nden, wilden D\u00fcnen, Salzg\u00e4rten, Panoramablick und Wanderwegen ist eine Oase der Ruhe.\",\"breadcrumb\":{\"@id\":\"https:\/\/vorlen.geek-tonic.dev\/de\/strand-pointe-mousterlin-camping-finistere\/#breadcrumb\"},\"inLanguage\":\"de\",\"potentialAction\":[{\"@type\":\"ReadAction\",\"target\":[\"https:\/\/vorlen.geek-tonic.dev\/de\/strand-pointe-mousterlin-camping-finistere\/\"]}]},{\"@type\":\"ImageObject\",\"inLanguage\":\"de\",\"@id\":\"https:\/\/vorlen.geek-tonic.dev\/de\/strand-pointe-mousterlin-camping-finistere\/#primaryimage\",\"url\":\"https:\/\/vorlen.geek-tonic.dev\/wp-content\/uploads\/sites\/13\/2024\/02\/visite-pointe-mousterlin-camping-finistere.webp\",\"contentUrl\":\"https:\/\/vorlen.geek-tonic.dev\/wp-content\/uploads\/sites\/13\/2024\/02\/visite-pointe-mousterlin-camping-finistere.webp\",\"width\":2000,\"height\":1000,\"caption\":\"Besuch der Pointe Mousterlin Camping Finistere\"},{\"@type\":\"BreadcrumbList\",\"@id\":\"https:\/\/vorlen.geek-tonic.dev\/de\/strand-pointe-mousterlin-camping-finistere\/#breadcrumb\",\"itemListElement\":[{\"@type\":\"ListItem\",\"position\":1,\"name\":\"Camping dans le Finist\u00e8re Sud\",\"item\":\"https:\/\/vorlen.geek-tonic.dev\/de\/\"},{\"@type\":\"ListItem\",\"position\":2,\"name\":\"Besuchen Sie die Landspitze von Mousterlin\"}]},{\"@type\":\"WebSite\",\"@id\":\"https:\/\/vorlen.geek-tonic.dev\/de\/#website\",\"url\":\"https:\/\/vorlen.geek-tonic.dev\/de\/\",\"name\":\"Camping Le Vorlen\",\"description\":\"\",\"publisher\":{\"@id\":\"https:\/\/vorlen.geek-tonic.dev\/de\/#organization\"},\"potentialAction\":[{\"@type\":\"SearchAction\",\"target\":{\"@type\":\"EntryPoint\",\"urlTemplate\":\"https:\/\/vorlen.geek-tonic.dev\/de\/?s={search_term_string}\"},\"query-input\":{\"@type\":\"PropertyValueSpecification\",\"valueRequired\":true,\"valueName\":\"search_term_string\"}}],\"inLanguage\":\"de\"},{\"@type\":\"Organization\",\"@id\":\"https:\/\/vorlen.geek-tonic.dev\/de\/#organization\",\"name\":\"Camping Le Vorlen\",\"url\":\"https:\/\/vorlen.geek-tonic.dev\/de\/\",\"logo\":{\"@type\":\"ImageObject\",\"inLanguage\":\"de\",\"@id\":\"https:\/\/vorlen.geek-tonic.dev\/de\/#\/schema\/logo\/image\/\",\"url\":\"https:\/\/vorlen.geek-tonic.dev\/wp-content\/uploads\/sites\/13\/2024\/03\/cropped-logo-Flower-camping-Le-Vorlen.png\",\"contentUrl\":\"https:\/\/vorlen.geek-tonic.dev\/wp-content\/uploads\/sites\/13\/2024\/03\/cropped-logo-Flower-camping-Le-Vorlen.png\",\"width\":500,\"height\":660,\"caption\":\"Camping Le Vorlen\"},\"image\":{\"@id\":\"https:\/\/vorlen.geek-tonic.dev\/de\/#\/schema\/logo\/image\/\"}}]}<\/script>\n<!-- \/ Yoast SEO plugin. -->","yoast_head_json":{"title":"Campingplatz in der N\u00e4he der Pointe de Mousterlin: Salzg\u00e4rten, Str\u00e4nde","description":"Die Landspitze von Mousterlin in der N\u00e4he des Campingplatzes mit ihren Sandstr\u00e4nden, wilden D\u00fcnen, Salzg\u00e4rten, Panoramablick und Wanderwegen ist eine Oase der Ruhe.","robots":{"index":"noindex","follow":"follow","max-snippet":"max-snippet:-1","max-image-preview":"max-image-preview:large","max-video-preview":"max-video-preview:-1"},"og_locale":"de_DE","og_type":"article","og_title":"Campingplatz in der N\u00e4he der Pointe de Mousterlin: Salzg\u00e4rten, Str\u00e4nde","og_description":"Die Landspitze von Mousterlin in der N\u00e4he des Campingplatzes mit ihren Sandstr\u00e4nden, wilden D\u00fcnen, Salzg\u00e4rten, Panoramablick und Wanderwegen ist eine Oase der Ruhe.","og_url":"https:\/\/vorlen.geek-tonic.dev\/de\/strand-pointe-mousterlin-camping-finistere\/","og_site_name":"Camping Le Vorlen","article_modified_time":"2024-04-18T13:44:32+00:00","og_image":[{"width":2000,"height":1000,"url":"https:\/\/vorlen.geek-tonic.dev\/wp-content\/uploads\/sites\/13\/2024\/02\/visite-pointe-mousterlin-camping-finistere.webp","type":"image\/webp"}],"twitter_card":"summary_large_image","twitter_misc":{"Gesch\u00e4tzte Lesezeit":"2\u00a0Minuten"},"schema":{"@context":"https:\/\/schema.org","@graph":[{"@type":"WebPage","@id":"https:\/\/vorlen.geek-tonic.dev\/de\/strand-pointe-mousterlin-camping-finistere\/","url":"https:\/\/vorlen.geek-tonic.dev\/de\/strand-pointe-mousterlin-camping-finistere\/","name":"Campingplatz in der N\u00e4he der Pointe de Mousterlin: Salzg\u00e4rten, Str\u00e4nde","isPartOf":{"@id":"https:\/\/vorlen.geek-tonic.dev\/de\/#website"},"primaryImageOfPage":{"@id":"https:\/\/vorlen.geek-tonic.dev\/de\/strand-pointe-mousterlin-camping-finistere\/#primaryimage"},"image":{"@id":"https:\/\/vorlen.geek-tonic.dev\/de\/strand-pointe-mousterlin-camping-finistere\/#primaryimage"},"thumbnailUrl":"https:\/\/vorlen.geek-tonic.dev\/wp-content\/uploads\/sites\/13\/2024\/02\/visite-pointe-mousterlin-camping-finistere.webp","datePublished":"2024-02-26T14:31:58+00:00","dateModified":"2024-04-18T13:44:32+00:00","description":"Die Landspitze von Mousterlin in der N\u00e4he des Campingplatzes mit ihren Sandstr\u00e4nden, wilden D\u00fcnen, Salzg\u00e4rten, Panoramablick und Wanderwegen ist eine Oase der Ruhe.","breadcrumb":{"@id":"https:\/\/vorlen.geek-tonic.dev\/de\/strand-pointe-mousterlin-camping-finistere\/#breadcrumb"},"inLanguage":"de","potentialAction":[{"@type":"ReadAction","target":["https:\/\/vorlen.geek-tonic.dev\/de\/strand-pointe-mousterlin-camping-finistere\/"]}]},{"@type":"ImageObject","inLanguage":"de","@id":"https:\/\/vorlen.geek-tonic.dev\/de\/strand-pointe-mousterlin-camping-finistere\/#primaryimage","url":"https:\/\/vorlen.geek-tonic.dev\/wp-content\/uploads\/sites\/13\/2024\/02\/visite-pointe-mousterlin-camping-finistere.webp","contentUrl":"https:\/\/vorlen.geek-tonic.dev\/wp-content\/uploads\/sites\/13\/2024\/02\/visite-pointe-mousterlin-camping-finistere.webp","width":2000,"height":1000,"caption":"Besuch der Pointe Mousterlin Camping Finistere"},{"@type":"BreadcrumbList","@id":"https:\/\/vorlen.geek-tonic.dev\/de\/strand-pointe-mousterlin-camping-finistere\/#breadcrumb","itemListElement":[{"@type":"ListItem","position":1,"name":"Camping dans le Finist\u00e8re Sud","item":"https:\/\/vorlen.geek-tonic.dev\/de\/"},{"@type":"ListItem","position":2,"name":"Besuchen Sie die Landspitze von Mousterlin"}]},{"@type":"WebSite","@id":"https:\/\/vorlen.geek-tonic.dev\/de\/#website","url":"https:\/\/vorlen.geek-tonic.dev\/de\/","name":"Camping Le Vorlen","description":"","publisher":{"@id":"https:\/\/vorlen.geek-tonic.dev\/de\/#organization"},"potentialAction":[{"@type":"SearchAction","target":{"@type":"EntryPoint","urlTemplate":"https:\/\/vorlen.geek-tonic.dev\/de\/?s={search_term_string}"},"query-input":{"@type":"PropertyValueSpecification","valueRequired":true,"valueName":"search_term_string"}}],"inLanguage":"de"},{"@type":"Organization","@id":"https:\/\/vorlen.geek-tonic.dev\/de\/#organization","name":"Camping Le Vorlen","url":"https:\/\/vorlen.geek-tonic.dev\/de\/","logo":{"@type":"ImageObject","inLanguage":"de","@id":"https:\/\/vorlen.geek-tonic.dev\/de\/#\/schema\/logo\/image\/","url":"https:\/\/vorlen.geek-tonic.dev\/wp-content\/uploads\/sites\/13\/2024\/03\/cropped-logo-Flower-camping-Le-Vorlen.png","contentUrl":"https:\/\/vorlen.geek-tonic.dev\/wp-content\/uploads\/sites\/13\/2024\/03\/cropped-logo-Flower-camping-Le-Vorlen.png","width":500,"height":660,"caption":"Camping Le Vorlen"},"image":{"@id":"https:\/\/vorlen.geek-tonic.dev\/de\/#\/schema\/logo\/image\/"}}]}},"_links":{"self":[{"href":"https:\/\/vorlen.geek-tonic.dev\/de\/wp-json\/wp\/v2\/pages\/1288","targetHints":{"allow":["GET"]}}],"collection":[{"href":"https:\/\/vorlen.geek-tonic.dev\/de\/wp-json\/wp\/v2\/pages"}],"about":[{"href":"https:\/\/vorlen.geek-tonic.dev\/de\/wp-json\/wp\/v2\/types\/page"}],"author":[{"embeddable":true,"href":"https:\/\/vorlen.geek-tonic.dev\/de\/wp-json\/wp\/v2\/users\/1"}],"replies":[{"embeddable":true,"href":"https:\/\/vorlen.geek-tonic.dev\/de\/wp-json\/wp\/v2\/comments?post=1288"}],"version-history":[{"count":3,"href":"https:\/\/vorlen.geek-tonic.dev\/de\/wp-json\/wp\/v2\/pages\/1288\/revisions"}],"predecessor-version":[{"id":1298,"href":"https:\/\/vorlen.geek-tonic.dev\/de\/wp-json\/wp\/v2\/pages\/1288\/revisions\/1298"}],"wp:featuredmedia":[{"embeddable":true,"href":"https:\/\/vorlen.geek-tonic.dev\/de\/wp-json\/wp\/v2\/media\/1289"}],"wp:attachment":[{"href":"https:\/\/vorlen.geek-tonic.dev\/de\/wp-json\/wp\/v2\/media?parent=1288"}],"wp:term":[{"taxonomy":"sujet","embeddable":true,"href":"https:\/\/vorlen.geek-tonic.dev\/de\/wp-json\/wp\/v2\/sujet?post=1288"}],"curies":[{"name":"wp","href":"https:\/\/api.w.org\/{rel}","templated":true}]}}