{"id":1552,"date":"2024-02-26T15:37:20","date_gmt":"2024-02-26T14:37:20","guid":{"rendered":"https:\/\/www.vorlen.geek-tonic.dev\/tourismus-strande\/"},"modified":"2024-04-18T16:01:32","modified_gmt":"2024-04-18T14:01:32","slug":"tourismus-strande","status":"publish","type":"page","link":"https:\/\/vorlen.geek-tonic.dev\/de\/tourismus-strande\/","title":{"rendered":"Die Str\u00e4nde"},"content":{"rendered":"<section id=\"ls-section-block_acb830179cc1c276718f1951c070a839\" class=\"ls-section  page-one has-background has-color-4-background-color has-m-t m-t-0 has-m-b m-b-0 has-p-t p-t-14 has-p-b p-b-14\" >\r\n        <div class=\"container container--wide\">\r\n        \n\n<div class=\"wp-block-columns is-layout-flex wp-container-core-columns-is-layout-1 wp-block-columns-is-layout-flex\">\n<div class=\"wp-block-column animated fadeInLeft delay-100ms slow is-layout-flow wp-block-column-is-layout-flow\" style=\"flex-basis:45%\">\n<figure class=\"wp-block-image size-full\"><a href=\"https:\/\/www.vorlen.geek-tonic.dev\/wp-content\/uploads\/sites\/13\/2024\/02\/plage-archipel-glenan-camping-finistere.webp\"><img decoding=\"async\" width=\"1200\" height=\"800\" src=\"https:\/\/www.vorlen.geek-tonic.dev\/wp-content\/uploads\/sites\/13\/2024\/02\/plage-archipel-glenan-camping-finistere.webp\" alt=\"Strand Glenan-Archipel Camping Finistere\" class=\"wp-image-776\" srcset=\"https:\/\/vorlen.geek-tonic.dev\/wp-content\/uploads\/sites\/13\/2024\/02\/plage-archipel-glenan-camping-finistere.webp 1200w, https:\/\/vorlen.geek-tonic.dev\/wp-content\/uploads\/sites\/13\/2024\/02\/plage-archipel-glenan-camping-finistere-300x200.webp 300w, https:\/\/vorlen.geek-tonic.dev\/wp-content\/uploads\/sites\/13\/2024\/02\/plage-archipel-glenan-camping-finistere-1024x683.webp 1024w, https:\/\/vorlen.geek-tonic.dev\/wp-content\/uploads\/sites\/13\/2024\/02\/plage-archipel-glenan-camping-finistere-768x512.webp 768w\" sizes=\"(max-width: 1200px) 100vw, 1200px\" \/><\/a><\/figure>\n<\/div>\n\n\n\n<div class=\"wp-block-column is-vertically-aligned-center animated fadeInRight slow is-layout-flow wp-block-column-is-layout-flow\" style=\"flex-basis:55%\">\n<h1 class=\"ls__heading wp-block-heading\">Die Str\u00e4nde von Coat Cl\u00e9varec, Kerambigorn, Cleut Rouz, Kerneux oder Grand Large.<\/h1>\n\n\n\n<h2 class=\"ls__heading wp-block-heading\">Die sch\u00f6nsten Str\u00e4nde im Pays fouesnantais<\/h2>\n\n\n\n<p class=\"ls-paragraph\">Die Str\u00e4nde <a href=\"https:\/\/www.tourisme-fouesnant.fr\/equipement-loisir\/plage-de-maner-coat-clevarec-dite-renouveau-fouesnant\/\" target=\"_blank\" rel=\"noreferrer noopener\">Coat Cl\u00e9varec<\/a>, Kerambigorn, Cleut Rouz, <a href=\"https:\/\/www.tourisme-fouesnant.fr\/equipement-loisir\/plage-de-kerneuc-mousterlin-fouesnant\/\" target=\"_blank\" rel=\"noreferrer noopener\">Kerneux<\/a> und Grand Large, die alle in der N\u00e4he unseres <a href=\"https:\/\/www.vorlen.geek-tonic.dev\/de\/\">3-Sterne-Campingplatzes Le Vorlen<\/a> liegen, verk\u00f6rpern die<strong> nat\u00fcrliche Sch\u00f6nheit und die K\u00fcstenvielfalt des Pays Fouesnantais<\/strong>. Jeder dieser Str\u00e4nde hat seinen eigenen einzigartigen Charme und bietet den Besuchern eine Vielzahl an unvergesslichen <a href=\"https:\/\/www.rivierabretonne.com\/la-riviera-bretonne\/decouvrir-la-riviera-bretonne\/voyage-bien-etre\/\" target=\"_blank\" rel=\"noreferrer noopener\">Badeerlebnissen<\/a>.<\/p>\n\n\n\n<p class=\"ls-paragraph\">Ob Sie nun auf der Suche nach<strong> unber\u00fchrten<\/strong> und <strong>wilden<\/strong><strong> Str\u00e4nden<\/strong> wie Coat Cl\u00e9varec sind oder nach weiten<strong> Sandfl\u00e4chen <\/strong>f\u00fcr erholsame Tage im Grand Large, die bretonische K\u00fcste bietet ein Mosaik von K\u00fcstenlandschaften, die es zu erkunden gilt.<\/p>\n<\/div>\n<\/div>\n\n\r\n    <\/div>\r\n<\/section><section id=\"ls-section-block_1434adf7a89c6ff2d52c3108a6b49fa9\" class=\"ls-section  home-gallery has-background has-color-4-background-color has-m-t m-t-0 has-p-t p-t-0\" >\r\n        <div class=\"container container--full\">\r\n        \n\n<figure class=\"wp-block-gallery has-nested-images columns-1 is-cropped galerie-slider-container wp-block-gallery-1 is-layout-flex wp-block-gallery-is-layout-flex\">\n<figure class=\"wp-block-image size-full\"><a href=\"https:\/\/www.vorlen.geek-tonic.dev\/wp-content\/uploads\/sites\/13\/2024\/02\/bord-de-mer-camping-finistere.webp\"><img decoding=\"async\" width=\"1200\" height=\"800\" src=\"https:\/\/www.vorlen.geek-tonic.dev\/wp-content\/uploads\/sites\/13\/2024\/02\/bord-de-mer-camping-finistere.webp\" alt=\"Strandpromenade Campingplatz Finistere\" class=\"wp-image-726\" srcset=\"https:\/\/vorlen.geek-tonic.dev\/wp-content\/uploads\/sites\/13\/2024\/02\/bord-de-mer-camping-finistere.webp 1200w, https:\/\/vorlen.geek-tonic.dev\/wp-content\/uploads\/sites\/13\/2024\/02\/bord-de-mer-camping-finistere-300x200.webp 300w, https:\/\/vorlen.geek-tonic.dev\/wp-content\/uploads\/sites\/13\/2024\/02\/bord-de-mer-camping-finistere-1024x683.webp 1024w, https:\/\/vorlen.geek-tonic.dev\/wp-content\/uploads\/sites\/13\/2024\/02\/bord-de-mer-camping-finistere-768x512.webp 768w\" sizes=\"(max-width: 1200px) 100vw, 1200px\" \/><\/a><\/figure>\n\n\n\n<figure class=\"wp-block-image size-full\"><a href=\"https:\/\/www.vorlen.geek-tonic.dev\/wp-content\/uploads\/sites\/13\/2024\/02\/engagement-flower-camping-finistere.webp\"><img decoding=\"async\" width=\"1200\" height=\"800\" src=\"https:\/\/www.vorlen.geek-tonic.dev\/wp-content\/uploads\/sites\/13\/2024\/02\/engagement-flower-camping-finistere.webp\" alt=\"engagement flower camping finistere\" class=\"wp-image-632\" srcset=\"https:\/\/vorlen.geek-tonic.dev\/wp-content\/uploads\/sites\/13\/2024\/02\/engagement-flower-camping-finistere.webp 1200w, https:\/\/vorlen.geek-tonic.dev\/wp-content\/uploads\/sites\/13\/2024\/02\/engagement-flower-camping-finistere-300x200.webp 300w, https:\/\/vorlen.geek-tonic.dev\/wp-content\/uploads\/sites\/13\/2024\/02\/engagement-flower-camping-finistere-1024x683.webp 1024w, https:\/\/vorlen.geek-tonic.dev\/wp-content\/uploads\/sites\/13\/2024\/02\/engagement-flower-camping-finistere-768x512.webp 768w\" sizes=\"(max-width: 1200px) 100vw, 1200px\" \/><\/a><\/figure>\n\n\n\n<figure class=\"wp-block-image size-full\"><a href=\"https:\/\/www.vorlen.geek-tonic.dev\/wp-content\/uploads\/sites\/13\/2024\/01\/tourisme-plages-fouesnantaises.webp\"><img decoding=\"async\" width=\"2000\" height=\"1250\" src=\"https:\/\/www.vorlen.geek-tonic.dev\/wp-content\/uploads\/sites\/13\/2024\/01\/tourisme-plages-fouesnantaises.webp\" alt=\"Tourismus Str&#xE4;nde von Fouesnantaises\" class=\"wp-image-447\" srcset=\"https:\/\/vorlen.geek-tonic.dev\/wp-content\/uploads\/sites\/13\/2024\/01\/tourisme-plages-fouesnantaises.webp 2000w, https:\/\/vorlen.geek-tonic.dev\/wp-content\/uploads\/sites\/13\/2024\/01\/tourisme-plages-fouesnantaises-300x188.webp 300w, https:\/\/vorlen.geek-tonic.dev\/wp-content\/uploads\/sites\/13\/2024\/01\/tourisme-plages-fouesnantaises-1024x640.webp 1024w, https:\/\/vorlen.geek-tonic.dev\/wp-content\/uploads\/sites\/13\/2024\/01\/tourisme-plages-fouesnantaises-768x480.webp 768w, https:\/\/vorlen.geek-tonic.dev\/wp-content\/uploads\/sites\/13\/2024\/01\/tourisme-plages-fouesnantaises-1536x960.webp 1536w\" sizes=\"(max-width: 2000px) 100vw, 2000px\" \/><\/a><\/figure>\n<\/figure>\n\n\r\n    <\/div>\r\n<\/section><section id=\"ls-section-block_211e2c4a69150a9568deb1f0fdaf2ed2\" class=\"ls-section  page-one aventure\" >\r\n        <div class=\"container container--wide\">\r\n        \n\n<div class=\"wp-block-columns is-layout-flex wp-container-core-columns-is-layout-2 wp-block-columns-is-layout-flex\">\n<div class=\"wp-block-column is-vertically-aligned-center first animated fadeInLeft delay-100ms slow is-layout-flow wp-block-column-is-layout-flow\" style=\"flex-basis:45%\">\n<figure class=\"wp-block-image size-full\"><a href=\"https:\/\/www.vorlen.geek-tonic.dev\/wp-content\/uploads\/sites\/13\/2024\/02\/activite-nautique-archipel-glenan-camping-finistere.webp\"><img decoding=\"async\" width=\"1200\" height=\"800\" src=\"https:\/\/www.vorlen.geek-tonic.dev\/wp-content\/uploads\/sites\/13\/2024\/02\/activite-nautique-archipel-glenan-camping-finistere.webp\" alt=\"nautische Aktivit&#xE4;ten Glenan Archipel Camping Finistere\" class=\"wp-image-778\" srcset=\"https:\/\/vorlen.geek-tonic.dev\/wp-content\/uploads\/sites\/13\/2024\/02\/activite-nautique-archipel-glenan-camping-finistere.webp 1200w, https:\/\/vorlen.geek-tonic.dev\/wp-content\/uploads\/sites\/13\/2024\/02\/activite-nautique-archipel-glenan-camping-finistere-300x200.webp 300w, https:\/\/vorlen.geek-tonic.dev\/wp-content\/uploads\/sites\/13\/2024\/02\/activite-nautique-archipel-glenan-camping-finistere-1024x683.webp 1024w, https:\/\/vorlen.geek-tonic.dev\/wp-content\/uploads\/sites\/13\/2024\/02\/activite-nautique-archipel-glenan-camping-finistere-768x512.webp 768w\" sizes=\"(max-width: 1200px) 100vw, 1200px\" \/><\/a><\/figure>\n<\/div>\n\n\n\n<div class=\"wp-block-column is-vertically-aligned-center second animated fadeInRight slow is-layout-flow wp-block-column-is-layout-flow\" style=\"flex-basis:55%\">\n<h2 class=\"ls__heading wp-block-heading has-text-align-left\">Der Strand nach Ihren W\u00fcnschen<\/h2>\n\n\n\n<p class=\"ls-paragraph\">Unter den Str\u00e4nden zeichnet sich <strong>Coat Cl\u00e9varec<\/strong> durch seinen <strong>wilden und unber\u00fchrten Charakter<\/strong> aus, der von Sandd\u00fcnen und bewaldeten Gebieten ges\u00e4umt wird. Dies ist ein idealer Ort f\u00fcr Naturliebhaber und Ruhesuchende. <a href=\"https:\/\/www.tourisme-fouesnant.fr\/equipement-loisir\/plage-de-kerambigorn-fouesnant\/\" target=\"_blank\" rel=\"noreferrer noopener\">\n  <strong>Kerambigorn<\/strong>\n<\/a><strong>Cleut Rouz <\/strong>und<strong> Kerneux <\/strong>sind <strong>Familienstr\u00e4nde<\/strong>, die sich f\u00fcr Badetage, Picknicks und Entspannung in der Sonne eignen.<\/p>\n\n\n\n<p class=\"ls-paragraph\">Le <strong>Grand Large<\/strong> bietet einen offenen Bereich, der sich f\u00fcr <strong>Strandsportarten <\/strong>wie Beachvolleyball und Drachenfliegen eignet. Die umliegenden<strong> felsigen Buchten<\/strong> laden zu Unterwassererkundungen ein. Diese Str\u00e4nde bieten eine abwechslungsreiche Landschaft f\u00fcr jeden Geschmack.<\/p>\n\n\n\n<h2 class=\"ls__heading wp-block-heading\">Wassersportaktivit\u00e4ten, die Sie unternehmen k\u00f6nnen<\/h2>\n\n\n\n<p class=\"ls-paragraph\">Die M\u00f6glichkeiten f\u00fcr Aktivit\u00e4ten an diesen Str\u00e4nden sind so vielf\u00e4ltig wie die Str\u00e4nde selbst. Genie\u00dfen Sie <strong>Badetage<\/strong>,<strong> Picknicks<\/strong> mit der Familie, <strong>Spazierg\u00e4nge<\/strong> auf dem goldenen Sand oder <strong>Wassersportarten<\/strong> wie Kajak und Paddelboot. Die<strong> felsigen Buchten sind<\/strong>ideal f\u00fcr<strong>Unterwassererkundungen<\/strong> und zum<strong> Schnorcheln<\/strong>.<\/p>\n\n\n\n<p class=\"ls-paragraph\">Die <strong>Str\u00e4nde von Kerambigorn, <\/strong><a href=\"https:\/\/www.tourisme-fouesnant.fr\/equipement-loisir\/plage-de-cleut-rouz-fouesnant\/\" target=\"_blank\" rel=\"noreferrer noopener\">Cleut Rouz<\/a><strong> und Kerneux<\/strong> bieten flaches Wasser, das ideal f\u00fcr <strong>Kinder<\/strong> ist. F\u00fcr einen dynamischeren Tag bietet der<strong> <\/strong><a href=\"https:\/\/www.tourisme-fouesnant.fr\/equipement-loisir\/plage-du-grand-large-mousterlin-fouesnant\/\" target=\"_blank\" rel=\"noreferrer noopener\">Grand Large<\/a> eignet sich f\u00fcr <strong>Strand-<\/strong> und <strong>Badesportarten<\/strong>. Wenn Sie auf einem Campingplatz in der N\u00e4he der Str\u00e4nde wohnen, haben Sie die M\u00f6glichkeit, Tage voller Entdeckungen und Freizeitaktivit\u00e4ten an den wundersch\u00f6nen Str\u00e4nden der bretonischen K\u00fcste zu erleben.<\/p>\n<\/div>\n<\/div>\n\n\r\n    <\/div>\r\n<\/section><section id=\"ls-section-block_cd05a25d578769f742f1072288a33e8a\" class=\"ls-section  page-maillage experience has-p-t p-t-0\" >\r\n        <div class=\"container container--wide\">\r\n        \n\n<div id=\"ls-heading ls-titre-div-block_27213616d4b36055fe9168cc862cc2b1\" class=\"ls-titre-div aligncenter h2-like\" >\n    <strong>Entdecken <\/strong> Sie unsere Umgebung<\/div>\n\n\n<div id=\"ls-maillage-block_30fdb7871f793f142b9b9e3382655526\" class=\"ls-maillage cta-style-normal\" data-rows=\"3\">\n    <div class=\"wp-block-columns\"><div class=\"wp-block-column\"><div id=\"destinations\" class=\"ls-cta\">\n\n<a href=\"https:\/\/vorlen.geek-tonic.dev\/de\/strand-pointe-mousterlin-camping-finistere\/\" target=\"\" rel=\"noopener\" class=\"ls-cta__link\">\n\n\t<div class=\"ls-cta__image\"><img decoding=\"async\" src=\"https:\/\/vorlen.geek-tonic.dev\/wp-content\/uploads\/sites\/13\/2024\/02\/plage-pointe-mousterlin-camping-finistere.webp\" alt=\"Strand pointe mousterlin camping finistere\"><\/div>\n\t<div class=\"ls-cta__title\">\n\t\tSpitze von Mousterlin\t<\/div>\n\n\t\t\n<\/a><\/div><\/div><div class=\"wp-block-column\"><div id=\"destinations\" class=\"ls-cta\">\n\n<a href=\"https:\/\/vorlen.geek-tonic.dev\/de\/campingplatzes-glenan-archipel\/\" target=\"\" rel=\"noopener\" class=\"ls-cta__link\">\n\n\t<div class=\"ls-cta__image\"><img decoding=\"async\" src=\"https:\/\/vorlen.geek-tonic.dev\/wp-content\/uploads\/sites\/13\/2024\/02\/visite-archipel-glenan-camping-finistere.webp\" alt=\"visite archipel glenan camping finistere\"><\/div>\n\t<div class=\"ls-cta__title\">\n\t\tDas Gl\u00e9nan-Archipel\t<\/div>\n\n\t\t\n<\/a><\/div><\/div><div class=\"wp-block-column\"><div id=\"destinations\" class=\"ls-cta\">\n\n<a href=\"https:\/\/vorlen.geek-tonic.dev\/de\/tourismus-fouesnant\/\" target=\"\" rel=\"noopener\" class=\"ls-cta__link\">\n\n\t<div class=\"ls-cta__image\"><img decoding=\"async\" src=\"https:\/\/vorlen.geek-tonic.dev\/wp-content\/uploads\/sites\/13\/2024\/02\/tourisme-fouesnant-camping-finistere.webp\" alt=\"Tourismus fouesnant camping finistere\"><\/div>\n\t<div class=\"ls-cta__title\">\n\t\tEntdecken Sie Fouesnant\t<\/div>\n\n\t\t\n<\/a><\/div><\/div><\/div><\/div>\n\r\n    <\/div>\r\n<\/section>","protected":false},"excerpt":{"rendered":"","protected":false},"author":1,"featured_media":1553,"parent":0,"menu_order":0,"comment_status":"closed","ping_status":"closed","template":"","meta":{"_acf_changed":false,"footnotes":""},"sujet":[],"class_list":["post-1552","page","type-page","status-publish","has-post-thumbnail","hentry"],"acf":[],"yoast_head":"<!-- This site is optimized with the Yoast SEO plugin v23.9 - https:\/\/yoast.com\/wordpress\/plugins\/seo\/ -->\n<title>Str\u00e4nde in der N\u00e4he des Campingplatzes: Coat Cl\u00e9varec, Kerambigorn<\/title>\n<meta name=\"description\" content=\"Die sch\u00f6nsten Str\u00e4nde des Pays fouesnantais erwarten Sie w\u00e4hrend Ihres Campingurlaubs. Auf dem Programm stehen Baden, Faulenzen und Wassersport im Atlantischen Ozean!\" \/>\n<meta name=\"robots\" content=\"noindex, follow, max-snippet:-1, max-image-preview:large, max-video-preview:-1\" \/>\n<meta property=\"og:locale\" content=\"de_DE\" \/>\n<meta property=\"og:type\" content=\"article\" \/>\n<meta property=\"og:title\" content=\"Str\u00e4nde in der N\u00e4he des Campingplatzes: Coat Cl\u00e9varec, Kerambigorn\" \/>\n<meta property=\"og:description\" content=\"Die sch\u00f6nsten Str\u00e4nde des Pays fouesnantais erwarten Sie w\u00e4hrend Ihres Campingurlaubs. Auf dem Programm stehen Baden, Faulenzen und Wassersport im Atlantischen Ozean!\" \/>\n<meta property=\"og:url\" content=\"https:\/\/vorlen.geek-tonic.dev\/de\/tourismus-strande\/\" \/>\n<meta property=\"og:site_name\" content=\"Camping Le Vorlen\" \/>\n<meta property=\"article:modified_time\" content=\"2024-04-18T14:01:32+00:00\" \/>\n<meta property=\"og:image\" content=\"https:\/\/vorlen.geek-tonic.dev\/wp-content\/uploads\/sites\/13\/2024\/02\/tourisme-plages-camping-finistere.webp\" \/>\n\t<meta property=\"og:image:width\" content=\"2000\" \/>\n\t<meta property=\"og:image:height\" content=\"1000\" \/>\n\t<meta property=\"og:image:type\" content=\"image\/webp\" \/>\n<meta name=\"twitter:card\" content=\"summary_large_image\" \/>\n<meta name=\"twitter:label1\" content=\"Gesch\u00e4tzte Lesezeit\" \/>\n\t<meta name=\"twitter:data1\" content=\"2\u00a0Minuten\" \/>\n<script type=\"application\/ld+json\" class=\"yoast-schema-graph\">{\"@context\":\"https:\/\/schema.org\",\"@graph\":[{\"@type\":\"WebPage\",\"@id\":\"https:\/\/vorlen.geek-tonic.dev\/de\/tourismus-strande\/\",\"url\":\"https:\/\/vorlen.geek-tonic.dev\/de\/tourismus-strande\/\",\"name\":\"Str\u00e4nde in der N\u00e4he des Campingplatzes: Coat Cl\u00e9varec, Kerambigorn\",\"isPartOf\":{\"@id\":\"https:\/\/vorlen.geek-tonic.dev\/de\/#website\"},\"primaryImageOfPage\":{\"@id\":\"https:\/\/vorlen.geek-tonic.dev\/de\/tourismus-strande\/#primaryimage\"},\"image\":{\"@id\":\"https:\/\/vorlen.geek-tonic.dev\/de\/tourismus-strande\/#primaryimage\"},\"thumbnailUrl\":\"https:\/\/vorlen.geek-tonic.dev\/wp-content\/uploads\/sites\/13\/2024\/02\/tourisme-plages-camping-finistere.webp\",\"datePublished\":\"2024-02-26T14:37:20+00:00\",\"dateModified\":\"2024-04-18T14:01:32+00:00\",\"description\":\"Die sch\u00f6nsten Str\u00e4nde des Pays fouesnantais erwarten Sie w\u00e4hrend Ihres Campingurlaubs. Auf dem Programm stehen Baden, Faulenzen und Wassersport im Atlantischen Ozean!\",\"breadcrumb\":{\"@id\":\"https:\/\/vorlen.geek-tonic.dev\/de\/tourismus-strande\/#breadcrumb\"},\"inLanguage\":\"de\",\"potentialAction\":[{\"@type\":\"ReadAction\",\"target\":[\"https:\/\/vorlen.geek-tonic.dev\/de\/tourismus-strande\/\"]}]},{\"@type\":\"ImageObject\",\"inLanguage\":\"de\",\"@id\":\"https:\/\/vorlen.geek-tonic.dev\/de\/tourismus-strande\/#primaryimage\",\"url\":\"https:\/\/vorlen.geek-tonic.dev\/wp-content\/uploads\/sites\/13\/2024\/02\/tourisme-plages-camping-finistere.webp\",\"contentUrl\":\"https:\/\/vorlen.geek-tonic.dev\/wp-content\/uploads\/sites\/13\/2024\/02\/tourisme-plages-camping-finistere.webp\",\"width\":2000,\"height\":1000,\"caption\":\"Tourismus Str\u00e4nde Camping Finistere\"},{\"@type\":\"BreadcrumbList\",\"@id\":\"https:\/\/vorlen.geek-tonic.dev\/de\/tourismus-strande\/#breadcrumb\",\"itemListElement\":[{\"@type\":\"ListItem\",\"position\":1,\"name\":\"Camping dans le Finist\u00e8re Sud\",\"item\":\"https:\/\/vorlen.geek-tonic.dev\/de\/\"},{\"@type\":\"ListItem\",\"position\":2,\"name\":\"Campingplatz in der N\u00e4he der Str\u00e4nde von Fouesnant\"}]},{\"@type\":\"WebSite\",\"@id\":\"https:\/\/vorlen.geek-tonic.dev\/de\/#website\",\"url\":\"https:\/\/vorlen.geek-tonic.dev\/de\/\",\"name\":\"Camping Le Vorlen\",\"description\":\"\",\"publisher\":{\"@id\":\"https:\/\/vorlen.geek-tonic.dev\/de\/#organization\"},\"potentialAction\":[{\"@type\":\"SearchAction\",\"target\":{\"@type\":\"EntryPoint\",\"urlTemplate\":\"https:\/\/vorlen.geek-tonic.dev\/de\/?s={search_term_string}\"},\"query-input\":{\"@type\":\"PropertyValueSpecification\",\"valueRequired\":true,\"valueName\":\"search_term_string\"}}],\"inLanguage\":\"de\"},{\"@type\":\"Organization\",\"@id\":\"https:\/\/vorlen.geek-tonic.dev\/de\/#organization\",\"name\":\"Camping Le Vorlen\",\"url\":\"https:\/\/vorlen.geek-tonic.dev\/de\/\",\"logo\":{\"@type\":\"ImageObject\",\"inLanguage\":\"de\",\"@id\":\"https:\/\/vorlen.geek-tonic.dev\/de\/#\/schema\/logo\/image\/\",\"url\":\"https:\/\/vorlen.geek-tonic.dev\/wp-content\/uploads\/sites\/13\/2024\/03\/cropped-logo-Flower-camping-Le-Vorlen.png\",\"contentUrl\":\"https:\/\/vorlen.geek-tonic.dev\/wp-content\/uploads\/sites\/13\/2024\/03\/cropped-logo-Flower-camping-Le-Vorlen.png\",\"width\":500,\"height\":660,\"caption\":\"Camping Le Vorlen\"},\"image\":{\"@id\":\"https:\/\/vorlen.geek-tonic.dev\/de\/#\/schema\/logo\/image\/\"}}]}<\/script>\n<!-- \/ Yoast SEO plugin. -->","yoast_head_json":{"title":"Str\u00e4nde in der N\u00e4he des Campingplatzes: Coat Cl\u00e9varec, Kerambigorn","description":"Die sch\u00f6nsten Str\u00e4nde des Pays fouesnantais erwarten Sie w\u00e4hrend Ihres Campingurlaubs. Auf dem Programm stehen Baden, Faulenzen und Wassersport im Atlantischen Ozean!","robots":{"index":"noindex","follow":"follow","max-snippet":"max-snippet:-1","max-image-preview":"max-image-preview:large","max-video-preview":"max-video-preview:-1"},"og_locale":"de_DE","og_type":"article","og_title":"Str\u00e4nde in der N\u00e4he des Campingplatzes: Coat Cl\u00e9varec, Kerambigorn","og_description":"Die sch\u00f6nsten Str\u00e4nde des Pays fouesnantais erwarten Sie w\u00e4hrend Ihres Campingurlaubs. Auf dem Programm stehen Baden, Faulenzen und Wassersport im Atlantischen Ozean!","og_url":"https:\/\/vorlen.geek-tonic.dev\/de\/tourismus-strande\/","og_site_name":"Camping Le Vorlen","article_modified_time":"2024-04-18T14:01:32+00:00","og_image":[{"width":2000,"height":1000,"url":"https:\/\/vorlen.geek-tonic.dev\/wp-content\/uploads\/sites\/13\/2024\/02\/tourisme-plages-camping-finistere.webp","type":"image\/webp"}],"twitter_card":"summary_large_image","twitter_misc":{"Gesch\u00e4tzte Lesezeit":"2\u00a0Minuten"},"schema":{"@context":"https:\/\/schema.org","@graph":[{"@type":"WebPage","@id":"https:\/\/vorlen.geek-tonic.dev\/de\/tourismus-strande\/","url":"https:\/\/vorlen.geek-tonic.dev\/de\/tourismus-strande\/","name":"Str\u00e4nde in der N\u00e4he des Campingplatzes: Coat Cl\u00e9varec, Kerambigorn","isPartOf":{"@id":"https:\/\/vorlen.geek-tonic.dev\/de\/#website"},"primaryImageOfPage":{"@id":"https:\/\/vorlen.geek-tonic.dev\/de\/tourismus-strande\/#primaryimage"},"image":{"@id":"https:\/\/vorlen.geek-tonic.dev\/de\/tourismus-strande\/#primaryimage"},"thumbnailUrl":"https:\/\/vorlen.geek-tonic.dev\/wp-content\/uploads\/sites\/13\/2024\/02\/tourisme-plages-camping-finistere.webp","datePublished":"2024-02-26T14:37:20+00:00","dateModified":"2024-04-18T14:01:32+00:00","description":"Die sch\u00f6nsten Str\u00e4nde des Pays fouesnantais erwarten Sie w\u00e4hrend Ihres Campingurlaubs. Auf dem Programm stehen Baden, Faulenzen und Wassersport im Atlantischen Ozean!","breadcrumb":{"@id":"https:\/\/vorlen.geek-tonic.dev\/de\/tourismus-strande\/#breadcrumb"},"inLanguage":"de","potentialAction":[{"@type":"ReadAction","target":["https:\/\/vorlen.geek-tonic.dev\/de\/tourismus-strande\/"]}]},{"@type":"ImageObject","inLanguage":"de","@id":"https:\/\/vorlen.geek-tonic.dev\/de\/tourismus-strande\/#primaryimage","url":"https:\/\/vorlen.geek-tonic.dev\/wp-content\/uploads\/sites\/13\/2024\/02\/tourisme-plages-camping-finistere.webp","contentUrl":"https:\/\/vorlen.geek-tonic.dev\/wp-content\/uploads\/sites\/13\/2024\/02\/tourisme-plages-camping-finistere.webp","width":2000,"height":1000,"caption":"Tourismus Str\u00e4nde Camping Finistere"},{"@type":"BreadcrumbList","@id":"https:\/\/vorlen.geek-tonic.dev\/de\/tourismus-strande\/#breadcrumb","itemListElement":[{"@type":"ListItem","position":1,"name":"Camping dans le Finist\u00e8re Sud","item":"https:\/\/vorlen.geek-tonic.dev\/de\/"},{"@type":"ListItem","position":2,"name":"Campingplatz in der N\u00e4he der Str\u00e4nde von Fouesnant"}]},{"@type":"WebSite","@id":"https:\/\/vorlen.geek-tonic.dev\/de\/#website","url":"https:\/\/vorlen.geek-tonic.dev\/de\/","name":"Camping Le Vorlen","description":"","publisher":{"@id":"https:\/\/vorlen.geek-tonic.dev\/de\/#organization"},"potentialAction":[{"@type":"SearchAction","target":{"@type":"EntryPoint","urlTemplate":"https:\/\/vorlen.geek-tonic.dev\/de\/?s={search_term_string}"},"query-input":{"@type":"PropertyValueSpecification","valueRequired":true,"valueName":"search_term_string"}}],"inLanguage":"de"},{"@type":"Organization","@id":"https:\/\/vorlen.geek-tonic.dev\/de\/#organization","name":"Camping Le Vorlen","url":"https:\/\/vorlen.geek-tonic.dev\/de\/","logo":{"@type":"ImageObject","inLanguage":"de","@id":"https:\/\/vorlen.geek-tonic.dev\/de\/#\/schema\/logo\/image\/","url":"https:\/\/vorlen.geek-tonic.dev\/wp-content\/uploads\/sites\/13\/2024\/03\/cropped-logo-Flower-camping-Le-Vorlen.png","contentUrl":"https:\/\/vorlen.geek-tonic.dev\/wp-content\/uploads\/sites\/13\/2024\/03\/cropped-logo-Flower-camping-Le-Vorlen.png","width":500,"height":660,"caption":"Camping Le Vorlen"},"image":{"@id":"https:\/\/vorlen.geek-tonic.dev\/de\/#\/schema\/logo\/image\/"}}]}},"_links":{"self":[{"href":"https:\/\/vorlen.geek-tonic.dev\/de\/wp-json\/wp\/v2\/pages\/1552","targetHints":{"allow":["GET"]}}],"collection":[{"href":"https:\/\/vorlen.geek-tonic.dev\/de\/wp-json\/wp\/v2\/pages"}],"about":[{"href":"https:\/\/vorlen.geek-tonic.dev\/de\/wp-json\/wp\/v2\/types\/page"}],"author":[{"embeddable":true,"href":"https:\/\/vorlen.geek-tonic.dev\/de\/wp-json\/wp\/v2\/users\/1"}],"replies":[{"embeddable":true,"href":"https:\/\/vorlen.geek-tonic.dev\/de\/wp-json\/wp\/v2\/comments?post=1552"}],"version-history":[{"count":3,"href":"https:\/\/vorlen.geek-tonic.dev\/de\/wp-json\/wp\/v2\/pages\/1552\/revisions"}],"predecessor-version":[{"id":1565,"href":"https:\/\/vorlen.geek-tonic.dev\/de\/wp-json\/wp\/v2\/pages\/1552\/revisions\/1565"}],"wp:featuredmedia":[{"embeddable":true,"href":"https:\/\/vorlen.geek-tonic.dev\/de\/wp-json\/wp\/v2\/media\/1553"}],"wp:attachment":[{"href":"https:\/\/vorlen.geek-tonic.dev\/de\/wp-json\/wp\/v2\/media?parent=1552"}],"wp:term":[{"taxonomy":"sujet","embeddable":true,"href":"https:\/\/vorlen.geek-tonic.dev\/de\/wp-json\/wp\/v2\/sujet?post=1552"}],"curies":[{"name":"wp","href":"https:\/\/api.w.org\/{rel}","templated":true}]}}