{"id":1598,"date":"2024-02-26T15:34:03","date_gmt":"2024-02-26T14:34:03","guid":{"rendered":"https:\/\/www.vorlen.geek-tonic.dev\/campingplatz-cap-coz\/"},"modified":"2024-04-18T16:02:38","modified_gmt":"2024-04-18T14:02:38","slug":"campingplatz-cap-coz","status":"publish","type":"page","link":"https:\/\/vorlen.geek-tonic.dev\/de\/campingplatz-cap-coz\/","title":{"rendered":"Cap-Coz"},"content":{"rendered":"<section id=\"ls-section-block_608e6c950aac603c29501a34db1d92fe\" class=\"ls-section  page-one has-background has-color-4-background-color has-m-t m-t-0 has-m-b m-b-0 has-p-t p-t-14 has-p-b p-b-14\" >\r\n        <div class=\"container container--wide\">\r\n        \n\n<div class=\"wp-block-columns is-layout-flex wp-container-core-columns-is-layout-1 wp-block-columns-is-layout-flex\">\n<div class=\"wp-block-column animated fadeInLeft delay-100ms slow is-layout-flow wp-block-column-is-layout-flow\" style=\"flex-basis:45%\">\n<figure class=\"wp-block-image size-full\"><a href=\"https:\/\/www.vorlen.geek-tonic.dev\/wp-content\/uploads\/sites\/13\/2024\/02\/decouvrir-cap-coz-camping-finistere.webp\"><img decoding=\"async\" width=\"1200\" height=\"800\" src=\"https:\/\/www.vorlen.geek-tonic.dev\/wp-content\/uploads\/sites\/13\/2024\/02\/decouvrir-cap-coz-camping-finistere.webp\" alt=\"Entdecken Sie Cap Coz Camping Finistere\" class=\"wp-image-837\" srcset=\"https:\/\/vorlen.geek-tonic.dev\/wp-content\/uploads\/sites\/13\/2024\/02\/decouvrir-cap-coz-camping-finistere.webp 1200w, https:\/\/vorlen.geek-tonic.dev\/wp-content\/uploads\/sites\/13\/2024\/02\/decouvrir-cap-coz-camping-finistere-300x200.webp 300w, https:\/\/vorlen.geek-tonic.dev\/wp-content\/uploads\/sites\/13\/2024\/02\/decouvrir-cap-coz-camping-finistere-1024x683.webp 1024w, https:\/\/vorlen.geek-tonic.dev\/wp-content\/uploads\/sites\/13\/2024\/02\/decouvrir-cap-coz-camping-finistere-768x512.webp 768w\" sizes=\"(max-width: 1200px) 100vw, 1200px\" \/><\/a><\/figure>\n<\/div>\n\n\n\n<div class=\"wp-block-column is-vertically-aligned-center animated fadeInRight slow is-layout-flow wp-block-column-is-layout-flow\" style=\"flex-basis:55%\">\n<h1 class=\"ls__heading wp-block-heading\">Campingplatz 12 Min. von Cap Coz entfernt<\/h1>\n\n\n\n<h2 class=\"ls__heading wp-block-heading\">Tourismus in Cap-Coz<\/h2>\n\n\n\n<p class=\"ls-paragraph\"><a href=\"https:\/\/www.tourisme-fouesnant.fr\/notre-destination\/les-lieux-a-decouvrir\/a-chacun-sa-plage\/la-plage-familiale-par-excellence\/\" target=\"_blank\" rel=\"noreferrer noopener\">Cap Coz<\/a> liegt in der N\u00e4he unseres <a href=\"https:\/\/www.vorlen.geek-tonic.dev\/de\/\">3-Sterne-Campingplatzes<\/a> und ist ein unumg\u00e4ngliches Ziel f\u00fcr Urlauber, die Entspannung und Entdeckungen in der Bretagne suchen.  <\/p>\n\n\n\n<p class=\"ls-paragraph\">Im Herzen des <strong>Badeortes<\/strong> <strong>Fouesnant<\/strong> gelegen, bietet dieses kleine St\u00fcck Paradies den Besuchern eine Reihe von aufregenden Aktivit\u00e4ten und atemberaubenden Landschaften. Sie werden begeistert sein, dass Sie diesen K\u00fcstenschatz von unserem Campingplatz aus leicht erreichen k\u00f6nnen und ein au\u00dfergew\u00f6hnliches Urlaubserlebnis haben.<\/p>\n<\/div>\n<\/div>\n\n\r\n    <\/div>\r\n<\/section><section id=\"ls-section-block_915df3e1fb045db68a44a82383bc6c1c\" class=\"ls-section  home-gallery has-background has-color-4-background-color has-m-t m-t-0\" >\r\n        <div class=\"container container--wide\">\r\n        \n\n<figure class=\"wp-block-gallery has-nested-images columns-1 is-cropped galerie-slider-container wp-block-gallery-1 is-layout-flex wp-block-gallery-is-layout-flex\">\n<figure class=\"wp-block-image size-full\"><a href=\"https:\/\/www.vorlen.geek-tonic.dev\/wp-content\/uploads\/sites\/13\/2024\/02\/decouverte-cap-coz-camping-finistere.webp\"><img decoding=\"async\" width=\"1200\" height=\"800\" src=\"https:\/\/www.vorlen.geek-tonic.dev\/wp-content\/uploads\/sites\/13\/2024\/02\/decouverte-cap-coz-camping-finistere.webp\" alt=\"decouverte cap coz camping finistere\" class=\"wp-image-857\" srcset=\"https:\/\/vorlen.geek-tonic.dev\/wp-content\/uploads\/sites\/13\/2024\/02\/decouverte-cap-coz-camping-finistere.webp 1200w, https:\/\/vorlen.geek-tonic.dev\/wp-content\/uploads\/sites\/13\/2024\/02\/decouverte-cap-coz-camping-finistere-300x200.webp 300w, https:\/\/vorlen.geek-tonic.dev\/wp-content\/uploads\/sites\/13\/2024\/02\/decouverte-cap-coz-camping-finistere-1024x683.webp 1024w, https:\/\/vorlen.geek-tonic.dev\/wp-content\/uploads\/sites\/13\/2024\/02\/decouverte-cap-coz-camping-finistere-768x512.webp 768w\" sizes=\"(max-width: 1200px) 100vw, 1200px\" \/><\/a><\/figure>\n\n\n\n<figure class=\"wp-block-image size-full\"><a href=\"https:\/\/www.vorlen.geek-tonic.dev\/wp-content\/uploads\/sites\/13\/2024\/02\/visites-cap-coz-camping-finistere.webp\"><img decoding=\"async\" width=\"1200\" height=\"800\" src=\"https:\/\/www.vorlen.geek-tonic.dev\/wp-content\/uploads\/sites\/13\/2024\/02\/visites-cap-coz-camping-finistere.webp\" alt=\"Besichtigungen Cap Coz Camping Finistere\" class=\"wp-image-859\" srcset=\"https:\/\/vorlen.geek-tonic.dev\/wp-content\/uploads\/sites\/13\/2024\/02\/visites-cap-coz-camping-finistere.webp 1200w, https:\/\/vorlen.geek-tonic.dev\/wp-content\/uploads\/sites\/13\/2024\/02\/visites-cap-coz-camping-finistere-300x200.webp 300w, https:\/\/vorlen.geek-tonic.dev\/wp-content\/uploads\/sites\/13\/2024\/02\/visites-cap-coz-camping-finistere-1024x683.webp 1024w, https:\/\/vorlen.geek-tonic.dev\/wp-content\/uploads\/sites\/13\/2024\/02\/visites-cap-coz-camping-finistere-768x512.webp 768w\" sizes=\"(max-width: 1200px) 100vw, 1200px\" \/><\/a><\/figure>\n\n\n\n<figure class=\"wp-block-image size-full\"><a href=\"https:\/\/www.vorlen.geek-tonic.dev\/wp-content\/uploads\/sites\/13\/2024\/01\/tourisme-plages-fouesnantaises.webp\"><img decoding=\"async\" width=\"2000\" height=\"1250\" src=\"https:\/\/www.vorlen.geek-tonic.dev\/wp-content\/uploads\/sites\/13\/2024\/01\/tourisme-plages-fouesnantaises.webp\" alt=\"Tourismus Str&#xE4;nde von Fouesnantaises\" class=\"wp-image-447\" srcset=\"https:\/\/vorlen.geek-tonic.dev\/wp-content\/uploads\/sites\/13\/2024\/01\/tourisme-plages-fouesnantaises.webp 2000w, https:\/\/vorlen.geek-tonic.dev\/wp-content\/uploads\/sites\/13\/2024\/01\/tourisme-plages-fouesnantaises-300x188.webp 300w, https:\/\/vorlen.geek-tonic.dev\/wp-content\/uploads\/sites\/13\/2024\/01\/tourisme-plages-fouesnantaises-1024x640.webp 1024w, https:\/\/vorlen.geek-tonic.dev\/wp-content\/uploads\/sites\/13\/2024\/01\/tourisme-plages-fouesnantaises-768x480.webp 768w, https:\/\/vorlen.geek-tonic.dev\/wp-content\/uploads\/sites\/13\/2024\/01\/tourisme-plages-fouesnantaises-1536x960.webp 1536w\" sizes=\"(max-width: 2000px) 100vw, 2000px\" \/><\/a><\/figure>\n<\/figure>\n\n\r\n    <\/div>\r\n<\/section><section id=\"ls-section-block_22e6cc81c2b00fae99da54ce2637cf1f\" class=\"ls-section  page-one aventure\" >\r\n        <div class=\"container container--wide\">\r\n        \n\n<div class=\"wp-block-columns is-layout-flex wp-container-core-columns-is-layout-2 wp-block-columns-is-layout-flex\">\n<div class=\"wp-block-column first animated fadeInLeft delay-100ms slow is-layout-flow wp-block-column-is-layout-flow\" style=\"flex-basis:45%\">\n<figure class=\"wp-block-image size-full\"><a href=\"https:\/\/www.vorlen.geek-tonic.dev\/wp-content\/uploads\/sites\/13\/2024\/02\/peche-cap-coz-camping-finistere.webp\"><img decoding=\"async\" width=\"1200\" height=\"800\" src=\"https:\/\/www.vorlen.geek-tonic.dev\/wp-content\/uploads\/sites\/13\/2024\/02\/peche-cap-coz-camping-finistere.webp\" alt=\"Fischerei Cap Coz Camping Finistere\" class=\"wp-image-839\" srcset=\"https:\/\/vorlen.geek-tonic.dev\/wp-content\/uploads\/sites\/13\/2024\/02\/peche-cap-coz-camping-finistere.webp 1200w, https:\/\/vorlen.geek-tonic.dev\/wp-content\/uploads\/sites\/13\/2024\/02\/peche-cap-coz-camping-finistere-300x200.webp 300w, https:\/\/vorlen.geek-tonic.dev\/wp-content\/uploads\/sites\/13\/2024\/02\/peche-cap-coz-camping-finistere-1024x683.webp 1024w, https:\/\/vorlen.geek-tonic.dev\/wp-content\/uploads\/sites\/13\/2024\/02\/peche-cap-coz-camping-finistere-768x512.webp 768w\" sizes=\"(max-width: 1200px) 100vw, 1200px\" \/><\/a><\/figure>\n<\/div>\n\n\n\n<div class=\"wp-block-column second animated fadeInRight slow is-layout-flow wp-block-column-is-layout-flow\" style=\"flex-basis:55%\">\n<h2 class=\"ls__heading wp-block-heading\">Wassersport und Angeln am Cap Coz<\/h2>\n\n\n\n<p class=\"ls-paragraph\">Am <strong>Cap<\/strong> <strong>Coz<\/strong> erstreckt sich der Atlantik so weit das Auge reicht und die feinen Sandstr\u00e4nde laden zu faulen Tagen oder einem erfrischenden Bad ein. <strong> Wassersportler <\/strong>kommen mit Segeln, Kajakfahren, Windsurfen und vielem mehr auf ihre Kosten.<\/p>\n\n\n\n<p class=\"ls-paragraph\">F\u00fcr <strong>Angelfreunde<\/strong> bietet Cap Coz eine Vielzahl von <strong>Angelgebieten<\/strong>, von der Fu\u00dffischerei bis zum Hochseeangeln, f\u00fcr ruhige oder aufregende Momente am Wasser. Nutzen Sie diese Aktivit\u00e4ten, um unvergessliche Erlebnisse in Cap Coz in der Bretagne zu haben.<\/p>\n<\/div>\n<\/div>\n\n\r\n    <\/div>\r\n<\/section><section id=\"ls-section-block_f5a580176579c68920bcfb7f03b386c0\" class=\"ls-section  page-one has-background has-color-4-background-color has-p-t p-t-14\" >\r\n        <div class=\"container container--wide\">\r\n        \n\n<div class=\"wp-block-columns is-layout-flex wp-container-core-columns-is-layout-3 wp-block-columns-is-layout-flex\">\n<div class=\"wp-block-column is-vertically-aligned-center first animated fadeInLeft slow is-layout-flow wp-block-column-is-layout-flow\" style=\"flex-basis:55%\">\n<h2 class=\"ls__heading wp-block-heading\">Die K\u00fcstenpfade f\u00fcr Ihre Wanderungen<\/h2>\n\n\n\n<p class=\"ls-paragraph\">In Cap Coz gibt es eine gro\u00dfe <a href=\"https:\/\/www.tourisme-fouesnant.fr\/notre-destination\/faites-comme-chez-nous\/partir-en-balade-entre-beg-meil-et-le-cap-coz\/\">Auswahl an Aktivit\u00e4ten<\/a>. Der herrliche Sandstrand ist eine Oase der Entspannung, ideal zum Schwimmen, Sandburgen bauen oder einfach nur um die Sonnenstrahlen zu genie\u00dfen.<\/p>\n\n\n\n<p class=\"ls-paragraph\">F\u00fcr Sportbegeisterte gibt es eine Wanderung vom Strand von Cap-Coz bis zur Spitze von Beg-Meil. Erkunden Sie die <a href=\"https:\/\/www.vorlen.geek-tonic.dev\/camping-riviera-bretonne\/\">bretonische K\u00fcste<\/a> und folgen Sie gr\u00f6\u00dftenteils dem ber\u00fchmten GR\u00ae 34. Er bietet spektakul\u00e4re Ausblicke auf den Ozean, die Beg-Meil-Bucht und den<a href=\"https:\/\/www.vorlen.geek-tonic.dev\/camping-archipel-des-glenan\/\">Gl\u00e9nan-Archipel<\/a> und erm\u00f6glicht es Ihnen, das reiche bretonische Erbe von der Natur bis zur Kultur zu entdecken. Vergessen Sie Ihr Fernglas nicht, um ein vollst\u00e4ndiges, immersives Erlebnis zu haben.<\/p>\n<\/div>\n\n\n\n<div class=\"wp-block-column second animated fadeInRight delay-100ms slow is-layout-flow wp-block-column-is-layout-flow\" style=\"flex-basis:45%\">\n<figure class=\"wp-block-image size-full\"><a href=\"https:\/\/www.vorlen.geek-tonic.dev\/wp-content\/uploads\/sites\/13\/2024\/02\/chateau-sable-cap-coz-camping-finistere.webp\"><img decoding=\"async\" width=\"1200\" height=\"800\" src=\"https:\/\/www.vorlen.geek-tonic.dev\/wp-content\/uploads\/sites\/13\/2024\/02\/chateau-sable-cap-coz-camping-finistere.webp\" alt=\"chateau sable cap coz camping finistere\" class=\"wp-image-841\" srcset=\"https:\/\/vorlen.geek-tonic.dev\/wp-content\/uploads\/sites\/13\/2024\/02\/chateau-sable-cap-coz-camping-finistere.webp 1200w, https:\/\/vorlen.geek-tonic.dev\/wp-content\/uploads\/sites\/13\/2024\/02\/chateau-sable-cap-coz-camping-finistere-300x200.webp 300w, https:\/\/vorlen.geek-tonic.dev\/wp-content\/uploads\/sites\/13\/2024\/02\/chateau-sable-cap-coz-camping-finistere-1024x683.webp 1024w, https:\/\/vorlen.geek-tonic.dev\/wp-content\/uploads\/sites\/13\/2024\/02\/chateau-sable-cap-coz-camping-finistere-768x512.webp 768w\" sizes=\"(max-width: 1200px) 100vw, 1200px\" \/><\/a><\/figure>\n<\/div>\n<\/div>\n\n\r\n    <\/div>\r\n<\/section><section id=\"ls-section-block_dc711adf3ef28d8882fe6b29346251b1\" class=\"ls-section  page-maillage experience\" >\r\n        <div class=\"container container--wide\">\r\n        \n\n<div id=\"ls-heading ls-titre-div-block_cd48a9f16bd45e517961239a06ad64e2\" class=\"ls-titre-div aligncenter h2-like\" >\n    <strong>Entdecken <\/strong> Sie unsere Umgebung<\/div>\n\n\n<div id=\"ls-maillage-block_d0fa4ad8e6c92d12bbcd201bb396285e\" class=\"ls-maillage cta-style-normal\" data-rows=\"3\">\n    <div class=\"wp-block-columns\"><div class=\"wp-block-column\"><div id=\"destinations\" class=\"ls-cta\">\n\n<a href=\"https:\/\/vorlen.geek-tonic.dev\/de\/tourismus-pays-fouesnantais\/\" target=\"\" rel=\"noopener\" class=\"ls-cta__link\">\n\n\t<div class=\"ls-cta__image\"><img decoding=\"async\" src=\"https:\/\/vorlen.geek-tonic.dev\/wp-content\/uploads\/sites\/13\/2024\/02\/tourisme-randonnee-camping-finistere.webp\" alt=\"Tourismus Wandern Camping Finistere\"><\/div>\n\t<div class=\"ls-cta__title\">\n\t\tWandern im Pays fouesnantais\t<\/div>\n\n\t\t\n<\/a><\/div><\/div><div class=\"wp-block-column\"><div id=\"destinations\" class=\"ls-cta\">\n\n<a href=\"https:\/\/vorlen.geek-tonic.dev\/de\/golf-de-cornouaille-campingplatz\/\" target=\"\" rel=\"noopener\" class=\"ls-cta__link\">\n\n\t<div class=\"ls-cta__image\"><img decoding=\"async\" src=\"https:\/\/vorlen.geek-tonic.dev\/wp-content\/uploads\/sites\/13\/2024\/02\/tourisme-caolf-cornouaille-camping-finistere.webp\" alt=\"Tourismus caolf cornouaille camping finistere\"><\/div>\n\t<div class=\"ls-cta__title\">\n\t\tGolf de Cornouaille\t<\/div>\n\n\t\t\n<\/a><\/div><\/div><div class=\"wp-block-column\"><div id=\"destinations\" class=\"ls-cta\">\n\n<a href=\"https:\/\/vorlen.geek-tonic.dev\/de\/tourismus-bretonische-riviera-camping\/\" target=\"\" rel=\"noopener\" class=\"ls-cta__link\">\n\n\t<div class=\"ls-cta__image\"><img decoding=\"async\" src=\"https:\/\/vorlen.geek-tonic.dev\/wp-content\/uploads\/sites\/13\/2024\/02\/tourisme-riviera-bretonne-camping-finistere.webp\" alt=\"Tourismus Bretonische Riviera Camping Finistere\"><\/div>\n\t<div class=\"ls-cta__title\">\n\t\tBretonische Riviera\t<\/div>\n\n\t\t\n<\/a><\/div><\/div><\/div><\/div>\n\r\n    <\/div>\r\n<\/section>","protected":false},"excerpt":{"rendered":"","protected":false},"author":1,"featured_media":1602,"parent":0,"menu_order":0,"comment_status":"closed","ping_status":"closed","template":"","meta":{"_acf_changed":false,"footnotes":""},"sujet":[],"class_list":["post-1598","page","type-page","status-publish","has-post-thumbnail","hentry"],"acf":[],"yoast_head":"<!-- This site is optimized with the Yoast SEO plugin v23.9 - https:\/\/yoast.com\/wordpress\/plugins\/seo\/ -->\n<title>Campingplatz in der N\u00e4he von Cap-Coz: Wassersport, K\u00fcstenpfade<\/title>\n<meta name=\"description\" content=\"Entdecken Sie Cap Coz, 12 Minuten vom Campingplatz entfernt, ein kleines St\u00fcck Paradies, das zum Entspannen, Wandern und f\u00fcr Wassersportaktivit\u00e4ten geeignet ist.\" \/>\n<meta name=\"robots\" content=\"noindex, follow, max-snippet:-1, max-image-preview:large, max-video-preview:-1\" \/>\n<meta property=\"og:locale\" content=\"de_DE\" \/>\n<meta property=\"og:type\" content=\"article\" \/>\n<meta property=\"og:title\" content=\"Campingplatz in der N\u00e4he von Cap-Coz: Wassersport, K\u00fcstenpfade\" \/>\n<meta property=\"og:description\" content=\"Entdecken Sie Cap Coz, 12 Minuten vom Campingplatz entfernt, ein kleines St\u00fcck Paradies, das zum Entspannen, Wandern und f\u00fcr Wassersportaktivit\u00e4ten geeignet ist.\" \/>\n<meta property=\"og:url\" content=\"https:\/\/vorlen.geek-tonic.dev\/de\/campingplatz-cap-coz\/\" \/>\n<meta property=\"og:site_name\" content=\"Camping Le Vorlen\" \/>\n<meta property=\"article:modified_time\" content=\"2024-04-18T14:02:38+00:00\" \/>\n<meta property=\"og:image\" content=\"https:\/\/vorlen.geek-tonic.dev\/wp-content\/uploads\/sites\/13\/2024\/02\/visite-cap-coz-camping-finistere.webp\" \/>\n\t<meta property=\"og:image:width\" content=\"2000\" \/>\n\t<meta property=\"og:image:height\" content=\"1000\" \/>\n\t<meta property=\"og:image:type\" content=\"image\/webp\" \/>\n<meta name=\"twitter:card\" content=\"summary_large_image\" \/>\n<meta name=\"twitter:label1\" content=\"Gesch\u00e4tzte Lesezeit\" \/>\n\t<meta name=\"twitter:data1\" content=\"1\u00a0Minute\" \/>\n<script type=\"application\/ld+json\" class=\"yoast-schema-graph\">{\"@context\":\"https:\/\/schema.org\",\"@graph\":[{\"@type\":\"WebPage\",\"@id\":\"https:\/\/vorlen.geek-tonic.dev\/de\/campingplatz-cap-coz\/\",\"url\":\"https:\/\/vorlen.geek-tonic.dev\/de\/campingplatz-cap-coz\/\",\"name\":\"Campingplatz in der N\u00e4he von Cap-Coz: Wassersport, K\u00fcstenpfade\",\"isPartOf\":{\"@id\":\"https:\/\/vorlen.geek-tonic.dev\/de\/#website\"},\"primaryImageOfPage\":{\"@id\":\"https:\/\/vorlen.geek-tonic.dev\/de\/campingplatz-cap-coz\/#primaryimage\"},\"image\":{\"@id\":\"https:\/\/vorlen.geek-tonic.dev\/de\/campingplatz-cap-coz\/#primaryimage\"},\"thumbnailUrl\":\"https:\/\/vorlen.geek-tonic.dev\/wp-content\/uploads\/sites\/13\/2024\/02\/visite-cap-coz-camping-finistere.webp\",\"datePublished\":\"2024-02-26T14:34:03+00:00\",\"dateModified\":\"2024-04-18T14:02:38+00:00\",\"description\":\"Entdecken Sie Cap Coz, 12 Minuten vom Campingplatz entfernt, ein kleines St\u00fcck Paradies, das zum Entspannen, Wandern und f\u00fcr Wassersportaktivit\u00e4ten geeignet ist.\",\"breadcrumb\":{\"@id\":\"https:\/\/vorlen.geek-tonic.dev\/de\/campingplatz-cap-coz\/#breadcrumb\"},\"inLanguage\":\"de\",\"potentialAction\":[{\"@type\":\"ReadAction\",\"target\":[\"https:\/\/vorlen.geek-tonic.dev\/de\/campingplatz-cap-coz\/\"]}]},{\"@type\":\"ImageObject\",\"inLanguage\":\"de\",\"@id\":\"https:\/\/vorlen.geek-tonic.dev\/de\/campingplatz-cap-coz\/#primaryimage\",\"url\":\"https:\/\/vorlen.geek-tonic.dev\/wp-content\/uploads\/sites\/13\/2024\/02\/visite-cap-coz-camping-finistere.webp\",\"contentUrl\":\"https:\/\/vorlen.geek-tonic.dev\/wp-content\/uploads\/sites\/13\/2024\/02\/visite-cap-coz-camping-finistere.webp\",\"width\":2000,\"height\":1000,\"caption\":\"Besuch Cap Coz Camping Finistere\"},{\"@type\":\"BreadcrumbList\",\"@id\":\"https:\/\/vorlen.geek-tonic.dev\/de\/campingplatz-cap-coz\/#breadcrumb\",\"itemListElement\":[{\"@type\":\"ListItem\",\"position\":1,\"name\":\"Camping dans le Finist\u00e8re Sud\",\"item\":\"https:\/\/vorlen.geek-tonic.dev\/de\/\"},{\"@type\":\"ListItem\",\"position\":2,\"name\":\"Entdeckung von Cap-Coz\"}]},{\"@type\":\"WebSite\",\"@id\":\"https:\/\/vorlen.geek-tonic.dev\/de\/#website\",\"url\":\"https:\/\/vorlen.geek-tonic.dev\/de\/\",\"name\":\"Camping Le Vorlen\",\"description\":\"\",\"publisher\":{\"@id\":\"https:\/\/vorlen.geek-tonic.dev\/de\/#organization\"},\"potentialAction\":[{\"@type\":\"SearchAction\",\"target\":{\"@type\":\"EntryPoint\",\"urlTemplate\":\"https:\/\/vorlen.geek-tonic.dev\/de\/?s={search_term_string}\"},\"query-input\":{\"@type\":\"PropertyValueSpecification\",\"valueRequired\":true,\"valueName\":\"search_term_string\"}}],\"inLanguage\":\"de\"},{\"@type\":\"Organization\",\"@id\":\"https:\/\/vorlen.geek-tonic.dev\/de\/#organization\",\"name\":\"Camping Le Vorlen\",\"url\":\"https:\/\/vorlen.geek-tonic.dev\/de\/\",\"logo\":{\"@type\":\"ImageObject\",\"inLanguage\":\"de\",\"@id\":\"https:\/\/vorlen.geek-tonic.dev\/de\/#\/schema\/logo\/image\/\",\"url\":\"https:\/\/vorlen.geek-tonic.dev\/wp-content\/uploads\/sites\/13\/2024\/03\/cropped-logo-Flower-camping-Le-Vorlen.png\",\"contentUrl\":\"https:\/\/vorlen.geek-tonic.dev\/wp-content\/uploads\/sites\/13\/2024\/03\/cropped-logo-Flower-camping-Le-Vorlen.png\",\"width\":500,\"height\":660,\"caption\":\"Camping Le Vorlen\"},\"image\":{\"@id\":\"https:\/\/vorlen.geek-tonic.dev\/de\/#\/schema\/logo\/image\/\"}}]}<\/script>\n<!-- \/ Yoast SEO plugin. -->","yoast_head_json":{"title":"Campingplatz in der N\u00e4he von Cap-Coz: Wassersport, K\u00fcstenpfade","description":"Entdecken Sie Cap Coz, 12 Minuten vom Campingplatz entfernt, ein kleines St\u00fcck Paradies, das zum Entspannen, Wandern und f\u00fcr Wassersportaktivit\u00e4ten geeignet ist.","robots":{"index":"noindex","follow":"follow","max-snippet":"max-snippet:-1","max-image-preview":"max-image-preview:large","max-video-preview":"max-video-preview:-1"},"og_locale":"de_DE","og_type":"article","og_title":"Campingplatz in der N\u00e4he von Cap-Coz: Wassersport, K\u00fcstenpfade","og_description":"Entdecken Sie Cap Coz, 12 Minuten vom Campingplatz entfernt, ein kleines St\u00fcck Paradies, das zum Entspannen, Wandern und f\u00fcr Wassersportaktivit\u00e4ten geeignet ist.","og_url":"https:\/\/vorlen.geek-tonic.dev\/de\/campingplatz-cap-coz\/","og_site_name":"Camping Le Vorlen","article_modified_time":"2024-04-18T14:02:38+00:00","og_image":[{"width":2000,"height":1000,"url":"https:\/\/vorlen.geek-tonic.dev\/wp-content\/uploads\/sites\/13\/2024\/02\/visite-cap-coz-camping-finistere.webp","type":"image\/webp"}],"twitter_card":"summary_large_image","twitter_misc":{"Gesch\u00e4tzte Lesezeit":"1\u00a0Minute"},"schema":{"@context":"https:\/\/schema.org","@graph":[{"@type":"WebPage","@id":"https:\/\/vorlen.geek-tonic.dev\/de\/campingplatz-cap-coz\/","url":"https:\/\/vorlen.geek-tonic.dev\/de\/campingplatz-cap-coz\/","name":"Campingplatz in der N\u00e4he von Cap-Coz: Wassersport, K\u00fcstenpfade","isPartOf":{"@id":"https:\/\/vorlen.geek-tonic.dev\/de\/#website"},"primaryImageOfPage":{"@id":"https:\/\/vorlen.geek-tonic.dev\/de\/campingplatz-cap-coz\/#primaryimage"},"image":{"@id":"https:\/\/vorlen.geek-tonic.dev\/de\/campingplatz-cap-coz\/#primaryimage"},"thumbnailUrl":"https:\/\/vorlen.geek-tonic.dev\/wp-content\/uploads\/sites\/13\/2024\/02\/visite-cap-coz-camping-finistere.webp","datePublished":"2024-02-26T14:34:03+00:00","dateModified":"2024-04-18T14:02:38+00:00","description":"Entdecken Sie Cap Coz, 12 Minuten vom Campingplatz entfernt, ein kleines St\u00fcck Paradies, das zum Entspannen, Wandern und f\u00fcr Wassersportaktivit\u00e4ten geeignet ist.","breadcrumb":{"@id":"https:\/\/vorlen.geek-tonic.dev\/de\/campingplatz-cap-coz\/#breadcrumb"},"inLanguage":"de","potentialAction":[{"@type":"ReadAction","target":["https:\/\/vorlen.geek-tonic.dev\/de\/campingplatz-cap-coz\/"]}]},{"@type":"ImageObject","inLanguage":"de","@id":"https:\/\/vorlen.geek-tonic.dev\/de\/campingplatz-cap-coz\/#primaryimage","url":"https:\/\/vorlen.geek-tonic.dev\/wp-content\/uploads\/sites\/13\/2024\/02\/visite-cap-coz-camping-finistere.webp","contentUrl":"https:\/\/vorlen.geek-tonic.dev\/wp-content\/uploads\/sites\/13\/2024\/02\/visite-cap-coz-camping-finistere.webp","width":2000,"height":1000,"caption":"Besuch Cap Coz Camping Finistere"},{"@type":"BreadcrumbList","@id":"https:\/\/vorlen.geek-tonic.dev\/de\/campingplatz-cap-coz\/#breadcrumb","itemListElement":[{"@type":"ListItem","position":1,"name":"Camping dans le Finist\u00e8re Sud","item":"https:\/\/vorlen.geek-tonic.dev\/de\/"},{"@type":"ListItem","position":2,"name":"Entdeckung von Cap-Coz"}]},{"@type":"WebSite","@id":"https:\/\/vorlen.geek-tonic.dev\/de\/#website","url":"https:\/\/vorlen.geek-tonic.dev\/de\/","name":"Camping Le Vorlen","description":"","publisher":{"@id":"https:\/\/vorlen.geek-tonic.dev\/de\/#organization"},"potentialAction":[{"@type":"SearchAction","target":{"@type":"EntryPoint","urlTemplate":"https:\/\/vorlen.geek-tonic.dev\/de\/?s={search_term_string}"},"query-input":{"@type":"PropertyValueSpecification","valueRequired":true,"valueName":"search_term_string"}}],"inLanguage":"de"},{"@type":"Organization","@id":"https:\/\/vorlen.geek-tonic.dev\/de\/#organization","name":"Camping Le Vorlen","url":"https:\/\/vorlen.geek-tonic.dev\/de\/","logo":{"@type":"ImageObject","inLanguage":"de","@id":"https:\/\/vorlen.geek-tonic.dev\/de\/#\/schema\/logo\/image\/","url":"https:\/\/vorlen.geek-tonic.dev\/wp-content\/uploads\/sites\/13\/2024\/03\/cropped-logo-Flower-camping-Le-Vorlen.png","contentUrl":"https:\/\/vorlen.geek-tonic.dev\/wp-content\/uploads\/sites\/13\/2024\/03\/cropped-logo-Flower-camping-Le-Vorlen.png","width":500,"height":660,"caption":"Camping Le Vorlen"},"image":{"@id":"https:\/\/vorlen.geek-tonic.dev\/de\/#\/schema\/logo\/image\/"}}]}},"_links":{"self":[{"href":"https:\/\/vorlen.geek-tonic.dev\/de\/wp-json\/wp\/v2\/pages\/1598","targetHints":{"allow":["GET"]}}],"collection":[{"href":"https:\/\/vorlen.geek-tonic.dev\/de\/wp-json\/wp\/v2\/pages"}],"about":[{"href":"https:\/\/vorlen.geek-tonic.dev\/de\/wp-json\/wp\/v2\/types\/page"}],"author":[{"embeddable":true,"href":"https:\/\/vorlen.geek-tonic.dev\/de\/wp-json\/wp\/v2\/users\/1"}],"replies":[{"embeddable":true,"href":"https:\/\/vorlen.geek-tonic.dev\/de\/wp-json\/wp\/v2\/comments?post=1598"}],"version-history":[{"count":3,"href":"https:\/\/vorlen.geek-tonic.dev\/de\/wp-json\/wp\/v2\/pages\/1598\/revisions"}],"predecessor-version":[{"id":1607,"href":"https:\/\/vorlen.geek-tonic.dev\/de\/wp-json\/wp\/v2\/pages\/1598\/revisions\/1607"}],"wp:featuredmedia":[{"embeddable":true,"href":"https:\/\/vorlen.geek-tonic.dev\/de\/wp-json\/wp\/v2\/media\/1602"}],"wp:attachment":[{"href":"https:\/\/vorlen.geek-tonic.dev\/de\/wp-json\/wp\/v2\/media?parent=1598"}],"wp:term":[{"taxonomy":"sujet","embeddable":true,"href":"https:\/\/vorlen.geek-tonic.dev\/de\/wp-json\/wp\/v2\/sujet?post=1598"}],"curies":[{"name":"wp","href":"https:\/\/api.w.org\/{rel}","templated":true}]}}