{"id":1628,"date":"2024-02-26T15:31:16","date_gmt":"2024-02-26T14:31:16","guid":{"rendered":"https:\/\/www.vorlen.geek-tonic.dev\/campingplatzes-glenan-archipel\/"},"modified":"2024-04-18T16:11:29","modified_gmt":"2024-04-18T14:11:29","slug":"campingplatzes-glenan-archipel","status":"publish","type":"page","link":"https:\/\/vorlen.geek-tonic.dev\/de\/campingplatzes-glenan-archipel\/","title":{"rendered":"Das Gl\u00e9nan-Archipel"},"content":{"rendered":"<section id=\"ls-section-block_711d28ef98ecc2956e4985078d99c13f\" class=\"ls-section  page-one has-background has-color-4-background-color has-m-t m-t-0 has-m-b m-b-0 has-p-t p-t-14 has-p-b p-b-14\" >\r\n        <div class=\"container container--wide\">\r\n        \n\n<div class=\"wp-block-columns is-layout-flex wp-container-core-columns-is-layout-1 wp-block-columns-is-layout-flex\">\n<div class=\"wp-block-column animated fadeInLeft delay-100ms slow is-layout-flow wp-block-column-is-layout-flow\" style=\"flex-basis:45%\">\n<figure class=\"wp-block-image size-full\"><a href=\"https:\/\/www.vorlen.geek-tonic.dev\/wp-content\/uploads\/sites\/13\/2024\/02\/decouvriri-archipel-glenan-camping-finistere.webp\"><img decoding=\"async\" width=\"1200\" height=\"800\" src=\"https:\/\/www.vorlen.geek-tonic.dev\/wp-content\/uploads\/sites\/13\/2024\/02\/decouvriri-archipel-glenan-camping-finistere.webp\" alt=\"decouvriri glenan archipel camping finistere\" class=\"wp-image-773\" srcset=\"https:\/\/vorlen.geek-tonic.dev\/wp-content\/uploads\/sites\/13\/2024\/02\/decouvriri-archipel-glenan-camping-finistere.webp 1200w, https:\/\/vorlen.geek-tonic.dev\/wp-content\/uploads\/sites\/13\/2024\/02\/decouvriri-archipel-glenan-camping-finistere-300x200.webp 300w, https:\/\/vorlen.geek-tonic.dev\/wp-content\/uploads\/sites\/13\/2024\/02\/decouvriri-archipel-glenan-camping-finistere-1024x683.webp 1024w, https:\/\/vorlen.geek-tonic.dev\/wp-content\/uploads\/sites\/13\/2024\/02\/decouvriri-archipel-glenan-camping-finistere-768x512.webp 768w\" sizes=\"(max-width: 1200px) 100vw, 1200px\" \/><\/a><\/figure>\n<\/div>\n\n\n\n<div class=\"wp-block-column animated fadeInRight slow is-layout-flow wp-block-column-is-layout-flow\" style=\"flex-basis:55%\">\n<h1 class=\"ls__heading wp-block-heading\">Camping in der N\u00e4he von Archipel des Gl\u00e9nan<\/h1>\n\n\n\n<h2 class=\"ls__heading wp-block-heading\">Entdecken Sie das Gl\u00e9nan-Archipel<\/h2>\n\n\n\n<p class=\"ls-paragraph\"><a href=\"https:\/\/www.tourismebretagne.com\/destinations\/les-10-destinations\/quimper-cornouaille\/larchipel-des-glenan\/\" target=\"_blank\" rel=\"noreferrer noopener\">Der Gl\u00e9nan-Archipel<\/a> liegt in der N\u00e4he unseres <a href=\"https:\/\/www.vorlen.geek-tonic.dev\/de\/\">3-Sterne-Campingplatzes Le Vorlen in Fouesnant<\/a> und ist ein wahres Naturjuwel der Bretagne. Die 15 <strong>Inseln<\/strong> bilden ein<strong> Archipel von au\u00dfergew\u00f6hnlicher Sch\u00f6nheit<\/strong>, mit wei\u00dfen Sandstr\u00e4nden, kristallklarem Wasser und einer reichen Meeresfauna.<\/p>\n\n\n\n<p class=\"ls-paragraph\"><strong>Les Gl\u00e9nan<\/strong> wird wegen seines klaren Wassers und seiner Landschaft oft mit<strong> tropischen Reisezielen <\/strong>verglichen. Der Archipel ist ein idealer Ort f\u00fcr Outdoor-Fans, Naturliebhaber und Wassersportler.<\/p>\n\n\n\n<h2 class=\"ls__heading wp-block-heading\">Sehenswertes auf dem Gl\u00e9nan Archipel<\/h2>\n\n\n\n<p class=\"ls-paragraph\">Wenn Sie das Gl\u00e9nan Archipel besuchen, sollten Sie die Gelegenheit nutzen, die <a href=\"https:\/\/www.vedettes-odet.com\/produit\/iles-glenan\/evasion-saint-nicolas\/\" target=\"_blank\" rel=\"noreferrer noopener\">Hauptinsel Saint-Nicolas<\/a> zu erkunden. Hier finden Sie das <strong>ber\u00fchmte Segelzentrum Les Gl\u00e9nan<\/strong>, das Segel- und Windsurfkurse anbietet. Sie k\u00f6nnen auch <strong>den<\/strong> <strong>Leuchtturm<\/strong> <strong>der<\/strong> <strong>Insel<\/strong> <strong>besuchen<\/strong>, der einen atemberaubenden Panoramablick \u00fcber den Archipel bietet.<br\/>Die <strong>Sandstr\u00e4nde<\/strong> geh\u00f6ren zu den sch\u00f6nsten in der Region und das reiche Meeresleben macht Les Gl\u00e9nan zu einem idealen Ort zum Schnorcheln und Tauchen. Die <strong>Insel Bananec <\/strong>ist ebenfalls bemerkenswert f\u00fcr ihre friedliche Atmosph\u00e4re und ihren nat\u00fcrlichen Charme.<\/p>\n<\/div>\n<\/div>\n\n\r\n    <\/div>\r\n<\/section><section id=\"ls-section-block_776720f1b0807f0cafe6e3ff51b23a5c\" class=\"ls-section  home-gallery has-background has-color-4-background-color has-m-t m-t-0 has-p-t p-t-0\" >\r\n        <div class=\"container container--full\">\r\n        \n\n<figure class=\"wp-block-gallery has-nested-images columns-1 is-cropped galerie-slider-container wp-block-gallery-1 is-layout-flex wp-block-gallery-is-layout-flex\">\n<figure class=\"wp-block-image size-full\"><a href=\"https:\/\/www.vorlen.geek-tonic.dev\/wp-content\/uploads\/sites\/13\/2024\/02\/fruit-de-mer-fouesnant-camping-finistere.webp\"><img decoding=\"async\" width=\"1200\" height=\"800\" src=\"https:\/\/www.vorlen.geek-tonic.dev\/wp-content\/uploads\/sites\/13\/2024\/02\/fruit-de-mer-fouesnant-camping-finistere.webp\" alt=\"Meeresfr&#xFC;chte Fouesnant Camping Finistere\" class=\"wp-image-760\" srcset=\"https:\/\/vorlen.geek-tonic.dev\/wp-content\/uploads\/sites\/13\/2024\/02\/fruit-de-mer-fouesnant-camping-finistere.webp 1200w, https:\/\/vorlen.geek-tonic.dev\/wp-content\/uploads\/sites\/13\/2024\/02\/fruit-de-mer-fouesnant-camping-finistere-300x200.webp 300w, https:\/\/vorlen.geek-tonic.dev\/wp-content\/uploads\/sites\/13\/2024\/02\/fruit-de-mer-fouesnant-camping-finistere-1024x683.webp 1024w, https:\/\/vorlen.geek-tonic.dev\/wp-content\/uploads\/sites\/13\/2024\/02\/fruit-de-mer-fouesnant-camping-finistere-768x512.webp 768w\" sizes=\"(max-width: 1200px) 100vw, 1200px\" \/><\/a><\/figure>\n\n\n\n<figure class=\"wp-block-image size-full\"><a href=\"https:\/\/www.vorlen.geek-tonic.dev\/wp-content\/uploads\/sites\/13\/2024\/02\/plage-archipel-glenan-camping-finistere.webp\"><img decoding=\"async\" width=\"1200\" height=\"800\" src=\"https:\/\/www.vorlen.geek-tonic.dev\/wp-content\/uploads\/sites\/13\/2024\/02\/plage-archipel-glenan-camping-finistere.webp\" alt=\"Strand Glenan-Archipel Camping Finistere\" class=\"wp-image-776\" srcset=\"https:\/\/vorlen.geek-tonic.dev\/wp-content\/uploads\/sites\/13\/2024\/02\/plage-archipel-glenan-camping-finistere.webp 1200w, https:\/\/vorlen.geek-tonic.dev\/wp-content\/uploads\/sites\/13\/2024\/02\/plage-archipel-glenan-camping-finistere-300x200.webp 300w, https:\/\/vorlen.geek-tonic.dev\/wp-content\/uploads\/sites\/13\/2024\/02\/plage-archipel-glenan-camping-finistere-1024x683.webp 1024w, https:\/\/vorlen.geek-tonic.dev\/wp-content\/uploads\/sites\/13\/2024\/02\/plage-archipel-glenan-camping-finistere-768x512.webp 768w\" sizes=\"(max-width: 1200px) 100vw, 1200px\" \/><\/a><\/figure>\n\n\n\n<figure class=\"wp-block-image size-full\"><a href=\"https:\/\/www.vorlen.geek-tonic.dev\/wp-content\/uploads\/sites\/13\/2024\/02\/reception-camping-fouesnant.webp\"><img decoding=\"async\" width=\"1200\" height=\"765\" src=\"https:\/\/www.vorlen.geek-tonic.dev\/wp-content\/uploads\/sites\/13\/2024\/02\/reception-camping-fouesnant.webp\" alt=\"rezeption camping fouesnant\" class=\"wp-image-594\" srcset=\"https:\/\/vorlen.geek-tonic.dev\/wp-content\/uploads\/sites\/13\/2024\/02\/reception-camping-fouesnant.webp 1200w, https:\/\/vorlen.geek-tonic.dev\/wp-content\/uploads\/sites\/13\/2024\/02\/reception-camping-fouesnant-300x191.webp 300w, https:\/\/vorlen.geek-tonic.dev\/wp-content\/uploads\/sites\/13\/2024\/02\/reception-camping-fouesnant-1024x653.webp 1024w, https:\/\/vorlen.geek-tonic.dev\/wp-content\/uploads\/sites\/13\/2024\/02\/reception-camping-fouesnant-768x490.webp 768w\" sizes=\"(max-width: 1200px) 100vw, 1200px\" \/><\/a><\/figure>\n<\/figure>\n\n\r\n    <\/div>\r\n<\/section><section id=\"ls-section-block_cbbe4516e2272dc799d4597c4d6c8482\" class=\"ls-section  page-one aventure\" >\r\n        <div class=\"container container--wide\">\r\n        \n\n<div class=\"wp-block-columns is-layout-flex wp-container-core-columns-is-layout-2 wp-block-columns-is-layout-flex\">\n<div class=\"wp-block-column first animated fadeInLeft delay-100ms slow is-layout-flow wp-block-column-is-layout-flow\" style=\"flex-basis:45%\">\n<figure class=\"wp-block-image size-full\"><a href=\"https:\/\/www.vorlen.geek-tonic.dev\/wp-content\/uploads\/sites\/13\/2024\/02\/activite-nautique-archipel-glenan-camping-finistere.webp\"><img decoding=\"async\" width=\"1200\" height=\"800\" src=\"https:\/\/www.vorlen.geek-tonic.dev\/wp-content\/uploads\/sites\/13\/2024\/02\/activite-nautique-archipel-glenan-camping-finistere.webp\" alt=\"nautische Aktivit&#xE4;ten Glenan Archipel Camping Finistere\" class=\"wp-image-778\" srcset=\"https:\/\/vorlen.geek-tonic.dev\/wp-content\/uploads\/sites\/13\/2024\/02\/activite-nautique-archipel-glenan-camping-finistere.webp 1200w, https:\/\/vorlen.geek-tonic.dev\/wp-content\/uploads\/sites\/13\/2024\/02\/activite-nautique-archipel-glenan-camping-finistere-300x200.webp 300w, https:\/\/vorlen.geek-tonic.dev\/wp-content\/uploads\/sites\/13\/2024\/02\/activite-nautique-archipel-glenan-camping-finistere-1024x683.webp 1024w, https:\/\/vorlen.geek-tonic.dev\/wp-content\/uploads\/sites\/13\/2024\/02\/activite-nautique-archipel-glenan-camping-finistere-768x512.webp 768w\" sizes=\"(max-width: 1200px) 100vw, 1200px\" \/><\/a><\/figure>\n<\/div>\n\n\n\n<div class=\"wp-block-column is-vertically-aligned-center second animated fadeInRight slow is-layout-flow wp-block-column-is-layout-flow\" style=\"flex-basis:55%\">\n<h2 class=\"ls__heading wp-block-heading has-text-align-left\">Wassersportm\u00f6glichkeiten<\/h2>\n\n\n\n<p class=\"ls-paragraph\">W\u00e4hrend Ihres Aufenthalts in Les Gl\u00e9nan k\u00f6nnen Sie im <strong>kristallklaren<\/strong> <strong>Wasser<\/strong> tauchen und <a href=\"https:\/\/www.tourismebretagne.com\/destinations\/les-10-destinations\/quimper-cornouaille\/larchipel-des-glenan\/\" target=\"_blank\" rel=\"noreferrer noopener\">das au\u00dfergew\u00f6hnliche Meeresleben<\/a> der Region erkunden. Tauchfreunde finden hier ein <strong>wahres<\/strong> <strong>Unterwasserparadies<\/strong> mit bunten Fischen, <strong>Schw\u00e4mmen<\/strong>, <strong>Hummern<\/strong> und vielen anderen Arten.<\/p>\n\n\n\n<p class=\"ls-paragraph\"><strong>Segeln<\/strong> und <strong>Windsurfen<\/strong> <strong>sind<\/strong> <strong>auf der Insel<\/strong> sehr beliebt, egal ob Sie ein Anf\u00e4nger oder ein erfahrener Segler sind. Genie\u00dfen Sie die Str\u00e4nde zum Schwimmen, Faulenzen und Picknicken mit der Familie.<\/p>\n\n\n\n<p class=\"ls-paragraph\">Les Gl\u00e9nan ist auch ein beliebter Ort f\u00fcr <strong>Vogelbeobachtungen<\/strong>, mit einer Vielzahl von Arten, die diese unber\u00fchrten Inseln bev\u00f6lkern. Alles in allem ist der Gl\u00e9nan-Archipel ein unumg\u00e4ngliches Ziel f\u00fcr Naturliebhaber, <strong>Wassersportler<\/strong> und Reisende, die Ruhe im Herzen der Bretagne suchen.<\/p>\n<\/div>\n<\/div>\n\n\r\n    <\/div>\r\n<\/section><section id=\"ls-section-block_30ffe77810bf1942208a77b45b5933fc\" class=\"ls-section  page-maillage experience has-p-t p-t-0\" >\r\n        <div class=\"container container--wide\">\r\n        \n\n<div id=\"ls-heading ls-titre-div-block_9055bee2010b8daf9e5cb9edf188e36a\" class=\"ls-titre-div aligncenter h2-like\" >\n    <strong>Entdecken <\/strong> Sie unsere Umgebung<\/div>\n\n\n<div id=\"ls-maillage-block_98a9e64b47624702b935b0789145987d\" class=\"ls-maillage cta-style-normal\" data-rows=\"3\">\n    <div class=\"wp-block-columns\"><div class=\"wp-block-column\"><div id=\"destinations\" class=\"ls-cta\">\n\n<a href=\"https:\/\/vorlen.geek-tonic.dev\/de\/strand-pointe-mousterlin-camping-finistere\/\" target=\"\" rel=\"noopener\" class=\"ls-cta__link\">\n\n\t<div class=\"ls-cta__image\"><img decoding=\"async\" src=\"https:\/\/vorlen.geek-tonic.dev\/wp-content\/uploads\/sites\/13\/2024\/02\/plage-pointe-mousterlin-camping-finistere.webp\" alt=\"Strand pointe mousterlin camping finistere\"><\/div>\n\t<div class=\"ls-cta__title\">\n\t\tSpitze von Mousterlin\t<\/div>\n\n\t\t\n<\/a><\/div><\/div><div class=\"wp-block-column\"><div id=\"destinations\" class=\"ls-cta\">\n\n<a href=\"https:\/\/vorlen.geek-tonic.dev\/de\/campingplatz-cap-coz\/\" target=\"\" rel=\"noopener\" class=\"ls-cta__link\">\n\n\t<div class=\"ls-cta__image\"><img decoding=\"async\" src=\"https:\/\/vorlen.geek-tonic.dev\/wp-content\/uploads\/sites\/13\/2024\/02\/decouvrir-cap-coz-camping-finistere.webp\" alt=\"Entdecken Sie Cap Coz Camping Finistere\"><\/div>\n\t<div class=\"ls-cta__title\">\n\t\tCap-Coz\t<\/div>\n\n\t\t\n<\/a><\/div><\/div><div class=\"wp-block-column\"><div id=\"destinations\" class=\"ls-cta\">\n\n<a href=\"https:\/\/vorlen.geek-tonic.dev\/de\/tourismus-beg-meil\/\" target=\"\" rel=\"noopener\" class=\"ls-cta__link\">\n\n\t<div class=\"ls-cta__image\"><img decoding=\"async\" src=\"https:\/\/vorlen.geek-tonic.dev\/wp-content\/uploads\/sites\/13\/2024\/02\/visite-beg-meil-camping-finistere.webp\" alt=\"Besuch beg meil camping finistere\"><\/div>\n\t<div class=\"ls-cta__title\">\n\t\tBeg-Meil\t<\/div>\n\n\t\t\n<\/a><\/div><\/div><\/div><\/div>\n\r\n    <\/div>\r\n<\/section>","protected":false},"excerpt":{"rendered":"","protected":false},"author":1,"featured_media":1630,"parent":0,"menu_order":0,"comment_status":"closed","ping_status":"closed","template":"","meta":{"_acf_changed":false,"footnotes":""},"sujet":[],"class_list":["post-1628","page","type-page","status-publish","has-post-thumbnail","hentry"],"acf":[],"yoast_head":"<!-- This site is optimized with the Yoast SEO plugin v23.9 - https:\/\/yoast.com\/wordpress\/plugins\/seo\/ -->\n<title>Entdecken Sie das Gl\u00e9nan-Archipel in der N\u00e4he des Campingplatzes: Tauchen, Schnorcheln<\/title>\n<meta name=\"description\" content=\"Erkunden Sie den Gl\u00e9nan-Archipel in der N\u00e4he des Campingplatzes, ein St\u00fcck bretonische Natur mit wei\u00dfen Sandstr\u00e4nden und kristallklarem Wasser, perfekt f\u00fcr Ihre Wassersportaktivit\u00e4ten!\" \/>\n<meta name=\"robots\" content=\"noindex, follow, max-snippet:-1, max-image-preview:large, max-video-preview:-1\" \/>\n<meta property=\"og:locale\" content=\"de_DE\" \/>\n<meta property=\"og:type\" content=\"article\" \/>\n<meta property=\"og:title\" content=\"Entdecken Sie das Gl\u00e9nan-Archipel in der N\u00e4he des Campingplatzes: Tauchen, Schnorcheln\" \/>\n<meta property=\"og:description\" content=\"Erkunden Sie den Gl\u00e9nan-Archipel in der N\u00e4he des Campingplatzes, ein St\u00fcck bretonische Natur mit wei\u00dfen Sandstr\u00e4nden und kristallklarem Wasser, perfekt f\u00fcr Ihre Wassersportaktivit\u00e4ten!\" \/>\n<meta property=\"og:url\" content=\"https:\/\/vorlen.geek-tonic.dev\/de\/campingplatzes-glenan-archipel\/\" \/>\n<meta property=\"og:site_name\" content=\"Camping Le Vorlen\" \/>\n<meta property=\"article:modified_time\" content=\"2024-04-18T14:11:29+00:00\" \/>\n<meta property=\"og:image\" content=\"https:\/\/vorlen.geek-tonic.dev\/wp-content\/uploads\/sites\/13\/2024\/02\/tourisme-archipel-glenan-camping-finistere.webp\" \/>\n\t<meta property=\"og:image:width\" content=\"2000\" \/>\n\t<meta property=\"og:image:height\" content=\"1000\" \/>\n\t<meta property=\"og:image:type\" content=\"image\/webp\" \/>\n<meta name=\"twitter:card\" content=\"summary_large_image\" \/>\n<meta name=\"twitter:label1\" content=\"Gesch\u00e4tzte Lesezeit\" \/>\n\t<meta name=\"twitter:data1\" content=\"2\u00a0Minuten\" \/>\n<script type=\"application\/ld+json\" class=\"yoast-schema-graph\">{\"@context\":\"https:\/\/schema.org\",\"@graph\":[{\"@type\":\"WebPage\",\"@id\":\"https:\/\/vorlen.geek-tonic.dev\/de\/campingplatzes-glenan-archipel\/\",\"url\":\"https:\/\/vorlen.geek-tonic.dev\/de\/campingplatzes-glenan-archipel\/\",\"name\":\"Entdecken Sie das Gl\u00e9nan-Archipel in der N\u00e4he des Campingplatzes: Tauchen, Schnorcheln\",\"isPartOf\":{\"@id\":\"https:\/\/vorlen.geek-tonic.dev\/de\/#website\"},\"primaryImageOfPage\":{\"@id\":\"https:\/\/vorlen.geek-tonic.dev\/de\/campingplatzes-glenan-archipel\/#primaryimage\"},\"image\":{\"@id\":\"https:\/\/vorlen.geek-tonic.dev\/de\/campingplatzes-glenan-archipel\/#primaryimage\"},\"thumbnailUrl\":\"https:\/\/vorlen.geek-tonic.dev\/wp-content\/uploads\/sites\/13\/2024\/02\/tourisme-archipel-glenan-camping-finistere.webp\",\"datePublished\":\"2024-02-26T14:31:16+00:00\",\"dateModified\":\"2024-04-18T14:11:29+00:00\",\"description\":\"Erkunden Sie den Gl\u00e9nan-Archipel in der N\u00e4he des Campingplatzes, ein St\u00fcck bretonische Natur mit wei\u00dfen Sandstr\u00e4nden und kristallklarem Wasser, perfekt f\u00fcr Ihre Wassersportaktivit\u00e4ten!\",\"breadcrumb\":{\"@id\":\"https:\/\/vorlen.geek-tonic.dev\/de\/campingplatzes-glenan-archipel\/#breadcrumb\"},\"inLanguage\":\"de\",\"potentialAction\":[{\"@type\":\"ReadAction\",\"target\":[\"https:\/\/vorlen.geek-tonic.dev\/de\/campingplatzes-glenan-archipel\/\"]}]},{\"@type\":\"ImageObject\",\"inLanguage\":\"de\",\"@id\":\"https:\/\/vorlen.geek-tonic.dev\/de\/campingplatzes-glenan-archipel\/#primaryimage\",\"url\":\"https:\/\/vorlen.geek-tonic.dev\/wp-content\/uploads\/sites\/13\/2024\/02\/tourisme-archipel-glenan-camping-finistere.webp\",\"contentUrl\":\"https:\/\/vorlen.geek-tonic.dev\/wp-content\/uploads\/sites\/13\/2024\/02\/tourisme-archipel-glenan-camping-finistere.webp\",\"width\":2000,\"height\":1000,\"caption\":\"Tourismus Glenan Archipel Camping Finistere\"},{\"@type\":\"BreadcrumbList\",\"@id\":\"https:\/\/vorlen.geek-tonic.dev\/de\/campingplatzes-glenan-archipel\/#breadcrumb\",\"itemListElement\":[{\"@type\":\"ListItem\",\"position\":1,\"name\":\"Camping dans le Finist\u00e8re Sud\",\"item\":\"https:\/\/vorlen.geek-tonic.dev\/de\/\"},{\"@type\":\"ListItem\",\"position\":2,\"name\":\"Entdecken Sie das Archipel der Gl\u00e9nan-Inseln\"}]},{\"@type\":\"WebSite\",\"@id\":\"https:\/\/vorlen.geek-tonic.dev\/de\/#website\",\"url\":\"https:\/\/vorlen.geek-tonic.dev\/de\/\",\"name\":\"Camping Le Vorlen\",\"description\":\"\",\"publisher\":{\"@id\":\"https:\/\/vorlen.geek-tonic.dev\/de\/#organization\"},\"potentialAction\":[{\"@type\":\"SearchAction\",\"target\":{\"@type\":\"EntryPoint\",\"urlTemplate\":\"https:\/\/vorlen.geek-tonic.dev\/de\/?s={search_term_string}\"},\"query-input\":{\"@type\":\"PropertyValueSpecification\",\"valueRequired\":true,\"valueName\":\"search_term_string\"}}],\"inLanguage\":\"de\"},{\"@type\":\"Organization\",\"@id\":\"https:\/\/vorlen.geek-tonic.dev\/de\/#organization\",\"name\":\"Camping Le Vorlen\",\"url\":\"https:\/\/vorlen.geek-tonic.dev\/de\/\",\"logo\":{\"@type\":\"ImageObject\",\"inLanguage\":\"de\",\"@id\":\"https:\/\/vorlen.geek-tonic.dev\/de\/#\/schema\/logo\/image\/\",\"url\":\"https:\/\/vorlen.geek-tonic.dev\/wp-content\/uploads\/sites\/13\/2024\/03\/cropped-logo-Flower-camping-Le-Vorlen.png\",\"contentUrl\":\"https:\/\/vorlen.geek-tonic.dev\/wp-content\/uploads\/sites\/13\/2024\/03\/cropped-logo-Flower-camping-Le-Vorlen.png\",\"width\":500,\"height\":660,\"caption\":\"Camping Le Vorlen\"},\"image\":{\"@id\":\"https:\/\/vorlen.geek-tonic.dev\/de\/#\/schema\/logo\/image\/\"}}]}<\/script>\n<!-- \/ Yoast SEO plugin. -->","yoast_head_json":{"title":"Entdecken Sie das Gl\u00e9nan-Archipel in der N\u00e4he des Campingplatzes: Tauchen, Schnorcheln","description":"Erkunden Sie den Gl\u00e9nan-Archipel in der N\u00e4he des Campingplatzes, ein St\u00fcck bretonische Natur mit wei\u00dfen Sandstr\u00e4nden und kristallklarem Wasser, perfekt f\u00fcr Ihre Wassersportaktivit\u00e4ten!","robots":{"index":"noindex","follow":"follow","max-snippet":"max-snippet:-1","max-image-preview":"max-image-preview:large","max-video-preview":"max-video-preview:-1"},"og_locale":"de_DE","og_type":"article","og_title":"Entdecken Sie das Gl\u00e9nan-Archipel in der N\u00e4he des Campingplatzes: Tauchen, Schnorcheln","og_description":"Erkunden Sie den Gl\u00e9nan-Archipel in der N\u00e4he des Campingplatzes, ein St\u00fcck bretonische Natur mit wei\u00dfen Sandstr\u00e4nden und kristallklarem Wasser, perfekt f\u00fcr Ihre Wassersportaktivit\u00e4ten!","og_url":"https:\/\/vorlen.geek-tonic.dev\/de\/campingplatzes-glenan-archipel\/","og_site_name":"Camping Le Vorlen","article_modified_time":"2024-04-18T14:11:29+00:00","og_image":[{"width":2000,"height":1000,"url":"https:\/\/vorlen.geek-tonic.dev\/wp-content\/uploads\/sites\/13\/2024\/02\/tourisme-archipel-glenan-camping-finistere.webp","type":"image\/webp"}],"twitter_card":"summary_large_image","twitter_misc":{"Gesch\u00e4tzte Lesezeit":"2\u00a0Minuten"},"schema":{"@context":"https:\/\/schema.org","@graph":[{"@type":"WebPage","@id":"https:\/\/vorlen.geek-tonic.dev\/de\/campingplatzes-glenan-archipel\/","url":"https:\/\/vorlen.geek-tonic.dev\/de\/campingplatzes-glenan-archipel\/","name":"Entdecken Sie das Gl\u00e9nan-Archipel in der N\u00e4he des Campingplatzes: Tauchen, Schnorcheln","isPartOf":{"@id":"https:\/\/vorlen.geek-tonic.dev\/de\/#website"},"primaryImageOfPage":{"@id":"https:\/\/vorlen.geek-tonic.dev\/de\/campingplatzes-glenan-archipel\/#primaryimage"},"image":{"@id":"https:\/\/vorlen.geek-tonic.dev\/de\/campingplatzes-glenan-archipel\/#primaryimage"},"thumbnailUrl":"https:\/\/vorlen.geek-tonic.dev\/wp-content\/uploads\/sites\/13\/2024\/02\/tourisme-archipel-glenan-camping-finistere.webp","datePublished":"2024-02-26T14:31:16+00:00","dateModified":"2024-04-18T14:11:29+00:00","description":"Erkunden Sie den Gl\u00e9nan-Archipel in der N\u00e4he des Campingplatzes, ein St\u00fcck bretonische Natur mit wei\u00dfen Sandstr\u00e4nden und kristallklarem Wasser, perfekt f\u00fcr Ihre Wassersportaktivit\u00e4ten!","breadcrumb":{"@id":"https:\/\/vorlen.geek-tonic.dev\/de\/campingplatzes-glenan-archipel\/#breadcrumb"},"inLanguage":"de","potentialAction":[{"@type":"ReadAction","target":["https:\/\/vorlen.geek-tonic.dev\/de\/campingplatzes-glenan-archipel\/"]}]},{"@type":"ImageObject","inLanguage":"de","@id":"https:\/\/vorlen.geek-tonic.dev\/de\/campingplatzes-glenan-archipel\/#primaryimage","url":"https:\/\/vorlen.geek-tonic.dev\/wp-content\/uploads\/sites\/13\/2024\/02\/tourisme-archipel-glenan-camping-finistere.webp","contentUrl":"https:\/\/vorlen.geek-tonic.dev\/wp-content\/uploads\/sites\/13\/2024\/02\/tourisme-archipel-glenan-camping-finistere.webp","width":2000,"height":1000,"caption":"Tourismus Glenan Archipel Camping Finistere"},{"@type":"BreadcrumbList","@id":"https:\/\/vorlen.geek-tonic.dev\/de\/campingplatzes-glenan-archipel\/#breadcrumb","itemListElement":[{"@type":"ListItem","position":1,"name":"Camping dans le Finist\u00e8re Sud","item":"https:\/\/vorlen.geek-tonic.dev\/de\/"},{"@type":"ListItem","position":2,"name":"Entdecken Sie das Archipel der Gl\u00e9nan-Inseln"}]},{"@type":"WebSite","@id":"https:\/\/vorlen.geek-tonic.dev\/de\/#website","url":"https:\/\/vorlen.geek-tonic.dev\/de\/","name":"Camping Le Vorlen","description":"","publisher":{"@id":"https:\/\/vorlen.geek-tonic.dev\/de\/#organization"},"potentialAction":[{"@type":"SearchAction","target":{"@type":"EntryPoint","urlTemplate":"https:\/\/vorlen.geek-tonic.dev\/de\/?s={search_term_string}"},"query-input":{"@type":"PropertyValueSpecification","valueRequired":true,"valueName":"search_term_string"}}],"inLanguage":"de"},{"@type":"Organization","@id":"https:\/\/vorlen.geek-tonic.dev\/de\/#organization","name":"Camping Le Vorlen","url":"https:\/\/vorlen.geek-tonic.dev\/de\/","logo":{"@type":"ImageObject","inLanguage":"de","@id":"https:\/\/vorlen.geek-tonic.dev\/de\/#\/schema\/logo\/image\/","url":"https:\/\/vorlen.geek-tonic.dev\/wp-content\/uploads\/sites\/13\/2024\/03\/cropped-logo-Flower-camping-Le-Vorlen.png","contentUrl":"https:\/\/vorlen.geek-tonic.dev\/wp-content\/uploads\/sites\/13\/2024\/03\/cropped-logo-Flower-camping-Le-Vorlen.png","width":500,"height":660,"caption":"Camping Le Vorlen"},"image":{"@id":"https:\/\/vorlen.geek-tonic.dev\/de\/#\/schema\/logo\/image\/"}}]}},"_links":{"self":[{"href":"https:\/\/vorlen.geek-tonic.dev\/de\/wp-json\/wp\/v2\/pages\/1628","targetHints":{"allow":["GET"]}}],"collection":[{"href":"https:\/\/vorlen.geek-tonic.dev\/de\/wp-json\/wp\/v2\/pages"}],"about":[{"href":"https:\/\/vorlen.geek-tonic.dev\/de\/wp-json\/wp\/v2\/types\/page"}],"author":[{"embeddable":true,"href":"https:\/\/vorlen.geek-tonic.dev\/de\/wp-json\/wp\/v2\/users\/1"}],"replies":[{"embeddable":true,"href":"https:\/\/vorlen.geek-tonic.dev\/de\/wp-json\/wp\/v2\/comments?post=1628"}],"version-history":[{"count":7,"href":"https:\/\/vorlen.geek-tonic.dev\/de\/wp-json\/wp\/v2\/pages\/1628\/revisions"}],"predecessor-version":[{"id":1671,"href":"https:\/\/vorlen.geek-tonic.dev\/de\/wp-json\/wp\/v2\/pages\/1628\/revisions\/1671"}],"wp:featuredmedia":[{"embeddable":true,"href":"https:\/\/vorlen.geek-tonic.dev\/de\/wp-json\/wp\/v2\/media\/1630"}],"wp:attachment":[{"href":"https:\/\/vorlen.geek-tonic.dev\/de\/wp-json\/wp\/v2\/media?parent=1628"}],"wp:term":[{"taxonomy":"sujet","embeddable":true,"href":"https:\/\/vorlen.geek-tonic.dev\/de\/wp-json\/wp\/v2\/sujet?post=1628"}],"curies":[{"name":"wp","href":"https:\/\/api.w.org\/{rel}","templated":true}]}}