{"id":1656,"date":"2024-01-02T14:11:03","date_gmt":"2024-01-02T13:11:03","guid":{"rendered":"https:\/\/www.vorlen.geek-tonic.dev\/tourismus-pointe-de-mousterlin\/"},"modified":"2024-04-18T16:13:28","modified_gmt":"2024-04-18T14:13:28","slug":"camping-fuer-gruppen-in-fouesnant","status":"publish","type":"page","link":"https:\/\/vorlen.geek-tonic.dev\/de\/camping-fuer-gruppen-in-fouesnant\/","title":{"rendered":"Gruppen und Betriebsr\u00e4te"},"content":{"rendered":"<section id=\"ls-section-block_9ca4d884f14e895380819f33a42f5441\" class=\"ls-section  page-one has-background has-color-4-background-color has-m-t m-t-0 has-m-b m-b-0 has-p-t p-t-14 has-p-b p-b-14\" >\r\n        <div class=\"container container--wide\">\r\n        \n\n<div class=\"wp-block-columns is-layout-flex wp-container-core-columns-is-layout-1 wp-block-columns-is-layout-flex\">\n<div class=\"wp-block-column animated fadeInLeft delay-100ms slow is-layout-flow wp-block-column-is-layout-flow\" style=\"flex-basis:45%\">\n<figure class=\"wp-block-image size-full\"><a href=\"https:\/\/www.vorlen.geek-tonic.dev\/wp-content\/uploads\/sites\/13\/2024\/01\/tourisme-pointe-de-mousterlin.webp\"><img decoding=\"async\" width=\"2000\" height=\"1250\" src=\"https:\/\/www.vorlen.geek-tonic.dev\/wp-content\/uploads\/sites\/13\/2024\/01\/tourisme-pointe-de-mousterlin.webp\" alt=\"Tourismus Pointe de Mousterlin\" class=\"wp-image-435\" srcset=\"https:\/\/vorlen.geek-tonic.dev\/wp-content\/uploads\/sites\/13\/2024\/01\/tourisme-pointe-de-mousterlin.webp 2000w, https:\/\/vorlen.geek-tonic.dev\/wp-content\/uploads\/sites\/13\/2024\/01\/tourisme-pointe-de-mousterlin-300x188.webp 300w, https:\/\/vorlen.geek-tonic.dev\/wp-content\/uploads\/sites\/13\/2024\/01\/tourisme-pointe-de-mousterlin-1024x640.webp 1024w, https:\/\/vorlen.geek-tonic.dev\/wp-content\/uploads\/sites\/13\/2024\/01\/tourisme-pointe-de-mousterlin-768x480.webp 768w, https:\/\/vorlen.geek-tonic.dev\/wp-content\/uploads\/sites\/13\/2024\/01\/tourisme-pointe-de-mousterlin-1536x960.webp 1536w\" sizes=\"(max-width: 2000px) 100vw, 2000px\" \/><\/a><\/figure>\n<\/div>\n\n\n\n<div class=\"wp-block-column animated fadeInRight slow is-layout-flow wp-block-column-is-layout-flow\" style=\"flex-basis:55%\">\n<h1 class=\"ls__heading wp-block-heading\">Campingplatz f\u00fcr Gruppen in Fouesnant<\/h1>\n\n\n\n<h2 class=\"ls__heading wp-block-heading\">Unsere Gruppenangebote auf dem Campingplatz<\/h2>\n\n\n\n<p class=\"ls-paragraph\">F\u00fcr ein unvergessliches Gruppenerlebnis w\u00e4hlen Sie den <a href=\"https:\/\/www.vorlen.geek-tonic.dev\/de\/\">Campingplatz Le Vorlen in Fouesnant<\/a>, eine<strong> 3-Sterne-Anlage im Herzen der Bretagne, nur 250 m vom Strand entfernt<\/strong>. Ob Sie mit Freunden, der Familie, als Sportgruppe oder als Gesch\u00e4ftsreisender unterwegs sind, unser Campingplatz ist der ideale Ort f\u00fcr Ihre Gruppenveranstaltungen.<\/p>\n\n\n\n<p class=\"ls-paragraph\">Unabh\u00e4ngig von der Reisezeit passen wir uns an Ihre Bed\u00fcrfnisse an. In der Nebensaison sind unsere<strong> <\/strong>Unsere <a href=\"https:\/\/www.vorlen.geek-tonic.dev\/de\/stellplatzvermietung-fouesnant\/\">Caravaning-Stellpl\u00e4tze<\/a><strong> sind ab einer Nacht verf\u00fcgbar<\/strong>, unsere <a href=\"https:\/\/www.vorlen.geek-tonic.dev\/de\/mobilheimvermietung-fouesnant\/\">Mietunterk\u00fcnfte<\/a><strong> ab mindestens 2 N\u00e4chten<\/strong>.<\/p>\n\n\n\n<p class=\"ls-paragraph\">F\u00fcr einen Wochen- oder Wochenendausflug k\u00f6nnen Sie viele Optionen buchen, um mit leichtem Gep\u00e4ck zu reisen: <strong>Bettw\u00e4sche, Handt\u00fccher und Pflegeprodukte sowie einen Endreinigungsservice<\/strong>. Vertrauen Sie uns Ihren Gruppenaufenthalt in der Bretagne an und unser Team wird sich um alles k\u00fcmmern.<\/p>\n\n\n\n<p class=\"ls-paragraph\">Z\u00f6gern Sie nicht, <a href=\"https:\/\/www.vorlen.geek-tonic.dev\/de\/kontakt-zugang\/\">unser Team direkt zu kontaktieren<\/a>, um Ihre n\u00e4chste Gruppenreise zu planen. Wir stehen zu Ihrer Verf\u00fcgung, um Ihren Gruppenaufenthalt zu einem au\u00dfergew\u00f6hnlichen Erlebnis zu machen und daf\u00fcr zu sorgen, dass jeder Gast eine unvergessliche Erinnerung beh\u00e4lt.<\/p>\n<\/div>\n<\/div>\n\n\r\n    <\/div>\r\n<\/section><section id=\"ls-section-block_6e36935df3737554b8f534965d011b02\" class=\"ls-section  home-gallery has-background has-color-4-background-color has-m-t m-t-0 has-p-t p-t-0\" >\r\n        <div class=\"container container--full\">\r\n        \n\n<figure class=\"wp-block-gallery has-nested-images columns-1 is-cropped galerie-slider-container wp-block-gallery-1 is-layout-flex wp-block-gallery-is-layout-flex\">\n<figure class=\"wp-block-image size-full\"><a href=\"https:\/\/www.vorlen.geek-tonic.dev\/wp-content\/uploads\/sites\/13\/2024\/01\/piscine-camping-fouesnant-1.webp\"><img decoding=\"async\" width=\"1200\" height=\"765\" src=\"https:\/\/www.vorlen.geek-tonic.dev\/wp-content\/uploads\/sites\/13\/2024\/01\/piscine-camping-fouesnant-1.webp\" alt=\"Schwimmbad Campingplatz Fouesnant 1\" class=\"wp-image-467\" srcset=\"https:\/\/vorlen.geek-tonic.dev\/wp-content\/uploads\/sites\/13\/2024\/01\/piscine-camping-fouesnant-1.webp 1200w, https:\/\/vorlen.geek-tonic.dev\/wp-content\/uploads\/sites\/13\/2024\/01\/piscine-camping-fouesnant-1-300x191.webp 300w, https:\/\/vorlen.geek-tonic.dev\/wp-content\/uploads\/sites\/13\/2024\/01\/piscine-camping-fouesnant-1-1024x653.webp 1024w, https:\/\/vorlen.geek-tonic.dev\/wp-content\/uploads\/sites\/13\/2024\/01\/piscine-camping-fouesnant-1-768x490.webp 768w\" sizes=\"(max-width: 1200px) 100vw, 1200px\" \/><\/a><\/figure>\n\n\n\n<figure class=\"wp-block-image size-full\"><a href=\"https:\/\/www.vorlen.geek-tonic.dev\/wp-content\/uploads\/sites\/13\/2024\/01\/hebergement-famille-fouesnant.webp\"><img decoding=\"async\" width=\"1200\" height=\"765\" src=\"https:\/\/www.vorlen.geek-tonic.dev\/wp-content\/uploads\/sites\/13\/2024\/01\/hebergement-famille-fouesnant.webp\" alt=\"unterkunft familie fouesnant\" class=\"wp-image-452\" srcset=\"https:\/\/vorlen.geek-tonic.dev\/wp-content\/uploads\/sites\/13\/2024\/01\/hebergement-famille-fouesnant.webp 1200w, https:\/\/vorlen.geek-tonic.dev\/wp-content\/uploads\/sites\/13\/2024\/01\/hebergement-famille-fouesnant-300x191.webp 300w, https:\/\/vorlen.geek-tonic.dev\/wp-content\/uploads\/sites\/13\/2024\/01\/hebergement-famille-fouesnant-1024x653.webp 1024w, https:\/\/vorlen.geek-tonic.dev\/wp-content\/uploads\/sites\/13\/2024\/01\/hebergement-famille-fouesnant-768x490.webp 768w\" sizes=\"(max-width: 1200px) 100vw, 1200px\" \/><\/a><\/figure>\n\n\n\n<figure class=\"wp-block-image size-full\"><a href=\"https:\/\/www.vorlen.geek-tonic.dev\/wp-content\/uploads\/sites\/13\/2024\/02\/team-building-camping-finistere.webp\"><img decoding=\"async\" width=\"1200\" height=\"800\" src=\"https:\/\/www.vorlen.geek-tonic.dev\/wp-content\/uploads\/sites\/13\/2024\/02\/team-building-camping-finistere.webp\" alt=\"team building camping finistere\" class=\"wp-image-644\" srcset=\"https:\/\/vorlen.geek-tonic.dev\/wp-content\/uploads\/sites\/13\/2024\/02\/team-building-camping-finistere.webp 1200w, https:\/\/vorlen.geek-tonic.dev\/wp-content\/uploads\/sites\/13\/2024\/02\/team-building-camping-finistere-300x200.webp 300w, https:\/\/vorlen.geek-tonic.dev\/wp-content\/uploads\/sites\/13\/2024\/02\/team-building-camping-finistere-1024x683.webp 1024w, https:\/\/vorlen.geek-tonic.dev\/wp-content\/uploads\/sites\/13\/2024\/02\/team-building-camping-finistere-768x512.webp 768w\" sizes=\"(max-width: 1200px) 100vw, 1200px\" \/><\/a><\/figure>\n<\/figure>\n\n\r\n    <\/div>\r\n<\/section><section id=\"ls-section-block_0470de7e8c80253a2e6117a19b7d5005\" class=\"ls-section  page-one aventure\" >\r\n        <div class=\"container container--wide\">\r\n        \n\n<div class=\"wp-block-columns is-layout-flex wp-container-core-columns-is-layout-2 wp-block-columns-is-layout-flex\">\n<div class=\"wp-block-column is-vertically-aligned-center first animated fadeInLeft delay-100ms slow is-layout-flow wp-block-column-is-layout-flow\" style=\"flex-basis:45%\">\n<figure class=\"wp-block-image size-full\"><a href=\"https:\/\/www.vorlen.geek-tonic.dev\/wp-content\/uploads\/sites\/13\/2024\/01\/camping-piscine-fouesnant.webp\"><img decoding=\"async\" width=\"1200\" height=\"765\" src=\"https:\/\/www.vorlen.geek-tonic.dev\/wp-content\/uploads\/sites\/13\/2024\/01\/camping-piscine-fouesnant.webp\" alt=\"camping piscine fouesnant\" class=\"wp-image-421\" srcset=\"https:\/\/vorlen.geek-tonic.dev\/wp-content\/uploads\/sites\/13\/2024\/01\/camping-piscine-fouesnant.webp 1200w, https:\/\/vorlen.geek-tonic.dev\/wp-content\/uploads\/sites\/13\/2024\/01\/camping-piscine-fouesnant-300x191.webp 300w, https:\/\/vorlen.geek-tonic.dev\/wp-content\/uploads\/sites\/13\/2024\/01\/camping-piscine-fouesnant-1024x653.webp 1024w, https:\/\/vorlen.geek-tonic.dev\/wp-content\/uploads\/sites\/13\/2024\/01\/camping-piscine-fouesnant-768x490.webp 768w\" sizes=\"(max-width: 1200px) 100vw, 1200px\" \/><\/a><\/figure>\n<\/div>\n\n\n\n<div class=\"wp-block-column second animated fadeInRight slow is-layout-flow wp-block-column-is-layout-flow\" style=\"flex-basis:55%\">\n<h2 class=\"ls__heading wp-block-heading has-text-align-left\">Unsere Formeln f\u00fcr die Sozialpartner und K\u00f6rperschaften<\/h2>\n\n\n\n<p class=\"ls-paragraph\">Sie sind Leiter eines Unternehmens oder einer Beh\u00f6rde und suchen einen attraktiven Ort in der s\u00fcdlichen Bretagne am Meer?  <\/p>\n\n\n\n<p class=\"ls-paragraph\">Bieten Sie Ihren Mitarbeitern die Gelegenheit, einen au\u00dfergew\u00f6hnlichen Urlaub auf unserem Familiencampingplatz im Finist\u00e8re, einer Oase des Friedens an der bretonischen K\u00fcste, zu erleben. Dieses beliebte Reiseziel hat viele Vorteile, die Ihr Team ebenso begeistern werden wie unseren Campingplatz: Wasserpark, Sommeranimation, hochwertige Unterk\u00fcnfte und ein Strand, der nur 250 Meter vom Campingplatz entfernt ist.<\/p>\n\n\n\n<p class=\"ls-paragraph\">Je nach den Bed\u00fcrfnissen und der Struktur Ihres Unternehmens oder Ihrer Gemeinde bieten wir Ihnen die <strong>Flexibilit\u00e4t, zwischen unseren <\/strong>Allokations- oder linearen <strong>Formeln <\/strong>zu<strong> wettbewerbsf\u00e4higen und g\u00fcnstigen Preisen<\/strong> zu <strong>w\u00e4hlen <\/strong>. Sie k\u00f6nnen auch die Dauer dieser Aufenthalte anpassen, damit sie perfekt in Ihren Terminkalender passen.<\/p>\n\n\n\n<div class=\"ls-lire-plus\">\n    <input id=\"ls-lire-plus-block_3d6e3209da55a7a13ddfc5560b517fd069ea90e26877c\" type=\"checkbox\" class=\"ls-lire-plus__toggle\"  \/>\n    <label for=\"ls-lire-plus-block_3d6e3209da55a7a13ddfc5560b517fd069ea90e26877c\" class=\"ls-lire-plus__toggle-label\">\n        <span>Lire plus<\/span>\n        <span>Lire moins<\/span>\n    <\/label>\n    <div class=\"ls-lire-plus__content\">\n        \n\n<p class=\"ls-paragraph\">Unser Team steht Ihnen gerne zur Verf\u00fcgung, um Ihnen alle wichtigen Informationen \u00fcber unseren <a href=\"https:\/\/www.vorlen.geek-tonic.dev\/de\/wasserpark-fouesnant\/\">Campingplatz mit Wasserpark<\/a> zu geben und um die <strong>M\u00f6glichkeiten einer Partnerschaft f\u00fcr ein Jahr oder l\u00e4nger<\/strong> zu besprechen. Im Rahmen unserer Zusammenarbeit haben Sie die M\u00f6glichkeit, Mietaufenthalte von mindestens 2 aufeinanderfolgenden N\u00e4chten in der Nebensaison mit t\u00e4glicher Abfahrt einzuschlie\u00dfen. Sie k\u00f6nnen sich auch f\u00fcr einen Aufenthalt von mindestens 7 N\u00e4chten entscheiden, mit einem festen Anreisetag Ihrer Wahl, sei es Samstag oder Sonntag, was Ihnen mehr Flexibilit\u00e4t bietet.<\/p>\n\n\n\n<p class=\"ls-paragraph\">Wenn Sie spezielle Pl\u00e4tze f\u00fcr Ihre Mitarbeiter oder Beg\u00fcnstigten w\u00fcnschen, wird unser Team alles tun, um Ihnen den besten Platz zuzuweisen, mit g\u00fcnstigen Preisen und <a href=\"https:\/\/www.vorlen.geek-tonic.dev\/de\/sonderangebote-auf-dem-campingplatz-in-fouesnant\/\">Sonderangeboten auf dem Campingplatz<\/a> f\u00fcr ein unvergessliches Erlebnis.  <\/p>\n\n\n\n<p class=\"ls-paragraph\">In Vorlen sind wir bestrebt, Ihnen ein unvergleichliches Urlaubserlebnis zu bieten, das Komfort, Freundlichkeit und die nat\u00fcrliche Sch\u00f6nheit der Bretagne miteinander verbindet. Kontaktieren Sie uns jetzt, um die M\u00f6glichkeiten einer Partnerschaft zu erkunden und Ihren Mitarbeitern einen gelungenen Urlaub im S\u00fcd-Finist\u00e8re zu bieten.<\/p>\n\n        <div class=\"ls-lire-plus__gradient\" style=\"background: linear-gradient(to bottom,rgba(255,255,255,0) 0%,rgba(255,255,255,1) 100%);\"><\/div>\n    <\/div>\n<\/div><\/div>\n<\/div>\n\n\r\n    <\/div>\r\n<\/section><section id=\"ls-section-block_76aebd57cf11807d575d671833f3ef77\" class=\"ls-section  page-maillage experience has-p-t p-t-0\" >\r\n        <div class=\"container container--wide\">\r\n        \n\n<div id=\"ls-heading ls-titre-div-block_63d7cfad19dc787a259c105918d76b37\" class=\"ls-titre-div aligncenter h2-like\" >\n    <strong>Entdecken <\/strong> Sie unsere Unterk\u00fcnfte, Stellpl\u00e4tze und unser Schwimmbad<\/div>\n\n\n<div id=\"ls-maillage-block_a3a5b839f9acdd896b0812c52df2eb86\" class=\"ls-maillage cta-style-normal\" data-rows=\"3\">\n    <div class=\"wp-block-columns\"><div class=\"wp-block-column\"><div id=\"destinations\" class=\"ls-cta\">\n\n<a href=\"https:\/\/vorlen.geek-tonic.dev\/de\/wasserpark-fouesnant\/\" target=\"\" rel=\"noopener\" class=\"ls-cta__link\">\n\n\t<div class=\"ls-cta__image\"><img decoding=\"async\" src=\"https:\/\/vorlen.geek-tonic.dev\/wp-content\/uploads\/sites\/13\/2024\/01\/camping-le-vorlen-flower-avec-piscine-a-fouesant.webp\" alt=\"camping le vorlen flower mit schwimmbad fouesant\"><\/div>\n\t<div class=\"ls-cta__title\">\n\t\tUnser Pool\t<\/div>\n\n\t\t\n<\/a><\/div><\/div><div class=\"wp-block-column\"><div id=\"destinations\" class=\"ls-cta\">\n\n<a href=\"https:\/\/vorlen.geek-tonic.dev\/de\/mobilheimvermietung-fouesnant\/\" target=\"\" rel=\"noopener\" class=\"ls-cta__link\">\n\n\t<div class=\"ls-cta__image\"><img decoding=\"async\" src=\"https:\/\/vorlen.geek-tonic.dev\/wp-content\/uploads\/sites\/13\/2024\/01\/hebergement-famille-fouesnant.webp\" alt=\"unterkunft familie fouesnant\"><\/div>\n\t<div class=\"ls-cta__title\">\n\t\tUnsere Unterk\u00fcnfte\t<\/div>\n\n\t\t\n<\/a><\/div><\/div><div class=\"wp-block-column\"><div id=\"destinations\" class=\"ls-cta\">\n\n<a href=\"https:\/\/vorlen.geek-tonic.dev\/de\/stellplatzvermietung-fouesnant\/\" target=\"\" rel=\"noopener\" class=\"ls-cta__link\">\n\n\t<div class=\"ls-cta__image\"><img decoding=\"async\" src=\"https:\/\/vorlen.geek-tonic.dev\/wp-content\/uploads\/sites\/13\/2024\/02\/emplacement-camping-finistere.webp\" alt=\"emplacement camping finistere\"><\/div>\n\t<div class=\"ls-cta__title\">\n\t\tStellplatzvermietung\t<\/div>\n\n\t\t\n<\/a><\/div><\/div><\/div><\/div>\n\r\n    <\/div>\r\n<\/section>","protected":false},"excerpt":{"rendered":"","protected":false},"author":1,"featured_media":1396,"parent":0,"menu_order":0,"comment_status":"closed","ping_status":"closed","template":"","meta":{"_acf_changed":false,"footnotes":""},"sujet":[],"class_list":["post-1656","page","type-page","status-publish","has-post-thumbnail","hentry"],"acf":[],"yoast_head":"<!-- This site is optimized with the Yoast SEO plugin v23.9 - https:\/\/yoast.com\/wordpress\/plugins\/seo\/ -->\n<title>Camping f\u00fcr Gruppen in Fouesnant : CSE, K\u00f6rperschaften<\/title>\n<meta name=\"description\" content=\"Der Campingplatz f\u00fcr Gruppen in Fouesnant bietet geeignete Angebote. Bieten Sie Ihren Mitarbeitern einen pers\u00f6nlichen Aufenthalt am Meer zum besten Preis.\" \/>\n<meta name=\"robots\" content=\"noindex, follow, max-snippet:-1, max-image-preview:large, max-video-preview:-1\" \/>\n<meta property=\"og:locale\" content=\"de_DE\" \/>\n<meta property=\"og:type\" content=\"article\" \/>\n<meta property=\"og:title\" content=\"Camping f\u00fcr Gruppen in Fouesnant : CSE, K\u00f6rperschaften\" \/>\n<meta property=\"og:description\" content=\"Der Campingplatz f\u00fcr Gruppen in Fouesnant bietet geeignete Angebote. Bieten Sie Ihren Mitarbeitern einen pers\u00f6nlichen Aufenthalt am Meer zum besten Preis.\" \/>\n<meta property=\"og:url\" content=\"https:\/\/vorlen.geek-tonic.dev\/de\/camping-fuer-gruppen-in-fouesnant\/\" \/>\n<meta property=\"og:site_name\" content=\"Camping Le Vorlen\" \/>\n<meta property=\"article:modified_time\" content=\"2024-04-18T14:13:28+00:00\" \/>\n<meta property=\"og:image\" content=\"https:\/\/vorlen.geek-tonic.dev\/wp-content\/uploads\/sites\/13\/2024\/01\/bienvenue-au-camping-vorlen-flower.webp\" \/>\n\t<meta property=\"og:image:width\" content=\"2000\" \/>\n\t<meta property=\"og:image:height\" content=\"1276\" \/>\n\t<meta property=\"og:image:type\" content=\"image\/webp\" \/>\n<meta name=\"twitter:card\" content=\"summary_large_image\" \/>\n<meta name=\"twitter:label1\" content=\"Gesch\u00e4tzte Lesezeit\" \/>\n\t<meta name=\"twitter:data1\" content=\"3\u00a0Minuten\" \/>\n<script type=\"application\/ld+json\" class=\"yoast-schema-graph\">{\"@context\":\"https:\/\/schema.org\",\"@graph\":[{\"@type\":\"WebPage\",\"@id\":\"https:\/\/vorlen.geek-tonic.dev\/de\/camping-fuer-gruppen-in-fouesnant\/\",\"url\":\"https:\/\/vorlen.geek-tonic.dev\/de\/camping-fuer-gruppen-in-fouesnant\/\",\"name\":\"Camping f\u00fcr Gruppen in Fouesnant : CSE, K\u00f6rperschaften\",\"isPartOf\":{\"@id\":\"https:\/\/vorlen.geek-tonic.dev\/de\/#website\"},\"primaryImageOfPage\":{\"@id\":\"https:\/\/vorlen.geek-tonic.dev\/de\/camping-fuer-gruppen-in-fouesnant\/#primaryimage\"},\"image\":{\"@id\":\"https:\/\/vorlen.geek-tonic.dev\/de\/camping-fuer-gruppen-in-fouesnant\/#primaryimage\"},\"thumbnailUrl\":\"https:\/\/vorlen.geek-tonic.dev\/wp-content\/uploads\/sites\/13\/2024\/01\/bienvenue-au-camping-vorlen-flower.webp\",\"datePublished\":\"2024-01-02T13:11:03+00:00\",\"dateModified\":\"2024-04-18T14:13:28+00:00\",\"description\":\"Der Campingplatz f\u00fcr Gruppen in Fouesnant bietet geeignete Angebote. Bieten Sie Ihren Mitarbeitern einen pers\u00f6nlichen Aufenthalt am Meer zum besten Preis.\",\"breadcrumb\":{\"@id\":\"https:\/\/vorlen.geek-tonic.dev\/de\/camping-fuer-gruppen-in-fouesnant\/#breadcrumb\"},\"inLanguage\":\"de\",\"potentialAction\":[{\"@type\":\"ReadAction\",\"target\":[\"https:\/\/vorlen.geek-tonic.dev\/de\/camping-fuer-gruppen-in-fouesnant\/\"]}]},{\"@type\":\"ImageObject\",\"inLanguage\":\"de\",\"@id\":\"https:\/\/vorlen.geek-tonic.dev\/de\/camping-fuer-gruppen-in-fouesnant\/#primaryimage\",\"url\":\"https:\/\/vorlen.geek-tonic.dev\/wp-content\/uploads\/sites\/13\/2024\/01\/bienvenue-au-camping-vorlen-flower.webp\",\"contentUrl\":\"https:\/\/vorlen.geek-tonic.dev\/wp-content\/uploads\/sites\/13\/2024\/01\/bienvenue-au-camping-vorlen-flower.webp\",\"width\":2000,\"height\":1276,\"caption\":\"Willkommen auf dem Campingplatz Vorlen Flower\"},{\"@type\":\"BreadcrumbList\",\"@id\":\"https:\/\/vorlen.geek-tonic.dev\/de\/camping-fuer-gruppen-in-fouesnant\/#breadcrumb\",\"itemListElement\":[{\"@type\":\"ListItem\",\"position\":1,\"name\":\"Camping dans le Finist\u00e8re Sud\",\"item\":\"https:\/\/vorlen.geek-tonic.dev\/de\/\"},{\"@type\":\"ListItem\",\"position\":2,\"name\":\"Camping f\u00fcr Gruppen im Finist\u00e8re\"}]},{\"@type\":\"WebSite\",\"@id\":\"https:\/\/vorlen.geek-tonic.dev\/de\/#website\",\"url\":\"https:\/\/vorlen.geek-tonic.dev\/de\/\",\"name\":\"Camping Le Vorlen\",\"description\":\"\",\"publisher\":{\"@id\":\"https:\/\/vorlen.geek-tonic.dev\/de\/#organization\"},\"potentialAction\":[{\"@type\":\"SearchAction\",\"target\":{\"@type\":\"EntryPoint\",\"urlTemplate\":\"https:\/\/vorlen.geek-tonic.dev\/de\/?s={search_term_string}\"},\"query-input\":{\"@type\":\"PropertyValueSpecification\",\"valueRequired\":true,\"valueName\":\"search_term_string\"}}],\"inLanguage\":\"de\"},{\"@type\":\"Organization\",\"@id\":\"https:\/\/vorlen.geek-tonic.dev\/de\/#organization\",\"name\":\"Camping Le Vorlen\",\"url\":\"https:\/\/vorlen.geek-tonic.dev\/de\/\",\"logo\":{\"@type\":\"ImageObject\",\"inLanguage\":\"de\",\"@id\":\"https:\/\/vorlen.geek-tonic.dev\/de\/#\/schema\/logo\/image\/\",\"url\":\"https:\/\/vorlen.geek-tonic.dev\/wp-content\/uploads\/sites\/13\/2024\/03\/cropped-logo-Flower-camping-Le-Vorlen.png\",\"contentUrl\":\"https:\/\/vorlen.geek-tonic.dev\/wp-content\/uploads\/sites\/13\/2024\/03\/cropped-logo-Flower-camping-Le-Vorlen.png\",\"width\":500,\"height\":660,\"caption\":\"Camping Le Vorlen\"},\"image\":{\"@id\":\"https:\/\/vorlen.geek-tonic.dev\/de\/#\/schema\/logo\/image\/\"}}]}<\/script>\n<!-- \/ Yoast SEO plugin. -->","yoast_head_json":{"title":"Camping f\u00fcr Gruppen in Fouesnant : CSE, K\u00f6rperschaften","description":"Der Campingplatz f\u00fcr Gruppen in Fouesnant bietet geeignete Angebote. Bieten Sie Ihren Mitarbeitern einen pers\u00f6nlichen Aufenthalt am Meer zum besten Preis.","robots":{"index":"noindex","follow":"follow","max-snippet":"max-snippet:-1","max-image-preview":"max-image-preview:large","max-video-preview":"max-video-preview:-1"},"og_locale":"de_DE","og_type":"article","og_title":"Camping f\u00fcr Gruppen in Fouesnant : CSE, K\u00f6rperschaften","og_description":"Der Campingplatz f\u00fcr Gruppen in Fouesnant bietet geeignete Angebote. Bieten Sie Ihren Mitarbeitern einen pers\u00f6nlichen Aufenthalt am Meer zum besten Preis.","og_url":"https:\/\/vorlen.geek-tonic.dev\/de\/camping-fuer-gruppen-in-fouesnant\/","og_site_name":"Camping Le Vorlen","article_modified_time":"2024-04-18T14:13:28+00:00","og_image":[{"width":2000,"height":1276,"url":"https:\/\/vorlen.geek-tonic.dev\/wp-content\/uploads\/sites\/13\/2024\/01\/bienvenue-au-camping-vorlen-flower.webp","type":"image\/webp"}],"twitter_card":"summary_large_image","twitter_misc":{"Gesch\u00e4tzte Lesezeit":"3\u00a0Minuten"},"schema":{"@context":"https:\/\/schema.org","@graph":[{"@type":"WebPage","@id":"https:\/\/vorlen.geek-tonic.dev\/de\/camping-fuer-gruppen-in-fouesnant\/","url":"https:\/\/vorlen.geek-tonic.dev\/de\/camping-fuer-gruppen-in-fouesnant\/","name":"Camping f\u00fcr Gruppen in Fouesnant : CSE, K\u00f6rperschaften","isPartOf":{"@id":"https:\/\/vorlen.geek-tonic.dev\/de\/#website"},"primaryImageOfPage":{"@id":"https:\/\/vorlen.geek-tonic.dev\/de\/camping-fuer-gruppen-in-fouesnant\/#primaryimage"},"image":{"@id":"https:\/\/vorlen.geek-tonic.dev\/de\/camping-fuer-gruppen-in-fouesnant\/#primaryimage"},"thumbnailUrl":"https:\/\/vorlen.geek-tonic.dev\/wp-content\/uploads\/sites\/13\/2024\/01\/bienvenue-au-camping-vorlen-flower.webp","datePublished":"2024-01-02T13:11:03+00:00","dateModified":"2024-04-18T14:13:28+00:00","description":"Der Campingplatz f\u00fcr Gruppen in Fouesnant bietet geeignete Angebote. Bieten Sie Ihren Mitarbeitern einen pers\u00f6nlichen Aufenthalt am Meer zum besten Preis.","breadcrumb":{"@id":"https:\/\/vorlen.geek-tonic.dev\/de\/camping-fuer-gruppen-in-fouesnant\/#breadcrumb"},"inLanguage":"de","potentialAction":[{"@type":"ReadAction","target":["https:\/\/vorlen.geek-tonic.dev\/de\/camping-fuer-gruppen-in-fouesnant\/"]}]},{"@type":"ImageObject","inLanguage":"de","@id":"https:\/\/vorlen.geek-tonic.dev\/de\/camping-fuer-gruppen-in-fouesnant\/#primaryimage","url":"https:\/\/vorlen.geek-tonic.dev\/wp-content\/uploads\/sites\/13\/2024\/01\/bienvenue-au-camping-vorlen-flower.webp","contentUrl":"https:\/\/vorlen.geek-tonic.dev\/wp-content\/uploads\/sites\/13\/2024\/01\/bienvenue-au-camping-vorlen-flower.webp","width":2000,"height":1276,"caption":"Willkommen auf dem Campingplatz Vorlen Flower"},{"@type":"BreadcrumbList","@id":"https:\/\/vorlen.geek-tonic.dev\/de\/camping-fuer-gruppen-in-fouesnant\/#breadcrumb","itemListElement":[{"@type":"ListItem","position":1,"name":"Camping dans le Finist\u00e8re Sud","item":"https:\/\/vorlen.geek-tonic.dev\/de\/"},{"@type":"ListItem","position":2,"name":"Camping f\u00fcr Gruppen im Finist\u00e8re"}]},{"@type":"WebSite","@id":"https:\/\/vorlen.geek-tonic.dev\/de\/#website","url":"https:\/\/vorlen.geek-tonic.dev\/de\/","name":"Camping Le Vorlen","description":"","publisher":{"@id":"https:\/\/vorlen.geek-tonic.dev\/de\/#organization"},"potentialAction":[{"@type":"SearchAction","target":{"@type":"EntryPoint","urlTemplate":"https:\/\/vorlen.geek-tonic.dev\/de\/?s={search_term_string}"},"query-input":{"@type":"PropertyValueSpecification","valueRequired":true,"valueName":"search_term_string"}}],"inLanguage":"de"},{"@type":"Organization","@id":"https:\/\/vorlen.geek-tonic.dev\/de\/#organization","name":"Camping Le Vorlen","url":"https:\/\/vorlen.geek-tonic.dev\/de\/","logo":{"@type":"ImageObject","inLanguage":"de","@id":"https:\/\/vorlen.geek-tonic.dev\/de\/#\/schema\/logo\/image\/","url":"https:\/\/vorlen.geek-tonic.dev\/wp-content\/uploads\/sites\/13\/2024\/03\/cropped-logo-Flower-camping-Le-Vorlen.png","contentUrl":"https:\/\/vorlen.geek-tonic.dev\/wp-content\/uploads\/sites\/13\/2024\/03\/cropped-logo-Flower-camping-Le-Vorlen.png","width":500,"height":660,"caption":"Camping Le Vorlen"},"image":{"@id":"https:\/\/vorlen.geek-tonic.dev\/de\/#\/schema\/logo\/image\/"}}]}},"_links":{"self":[{"href":"https:\/\/vorlen.geek-tonic.dev\/de\/wp-json\/wp\/v2\/pages\/1656","targetHints":{"allow":["GET"]}}],"collection":[{"href":"https:\/\/vorlen.geek-tonic.dev\/de\/wp-json\/wp\/v2\/pages"}],"about":[{"href":"https:\/\/vorlen.geek-tonic.dev\/de\/wp-json\/wp\/v2\/types\/page"}],"author":[{"embeddable":true,"href":"https:\/\/vorlen.geek-tonic.dev\/de\/wp-json\/wp\/v2\/users\/1"}],"replies":[{"embeddable":true,"href":"https:\/\/vorlen.geek-tonic.dev\/de\/wp-json\/wp\/v2\/comments?post=1656"}],"version-history":[{"count":4,"href":"https:\/\/vorlen.geek-tonic.dev\/de\/wp-json\/wp\/v2\/pages\/1656\/revisions"}],"predecessor-version":[{"id":1692,"href":"https:\/\/vorlen.geek-tonic.dev\/de\/wp-json\/wp\/v2\/pages\/1656\/revisions\/1692"}],"wp:featuredmedia":[{"embeddable":true,"href":"https:\/\/vorlen.geek-tonic.dev\/de\/wp-json\/wp\/v2\/media\/1396"}],"wp:attachment":[{"href":"https:\/\/vorlen.geek-tonic.dev\/de\/wp-json\/wp\/v2\/media?parent=1656"}],"wp:term":[{"taxonomy":"sujet","embeddable":true,"href":"https:\/\/vorlen.geek-tonic.dev\/de\/wp-json\/wp\/v2\/sujet?post=1656"}],"curies":[{"name":"wp","href":"https:\/\/api.w.org\/{rel}","templated":true}]}}