{"id":1716,"date":"2024-02-26T15:35:49","date_gmt":"2024-02-26T14:35:49","guid":{"rendered":"https:\/\/www.vorlen.geek-tonic.dev\/golf-de-cornouaille-campingplatz\/"},"modified":"2024-04-18T16:14:11","modified_gmt":"2024-04-18T14:14:11","slug":"golf-de-cornouaille-campingplatz","status":"publish","type":"page","link":"https:\/\/vorlen.geek-tonic.dev\/de\/golf-de-cornouaille-campingplatz\/","title":{"rendered":"Golf de Cornouaille"},"content":{"rendered":"<section id=\"ls-section-block_2bd4aca6b23fb900f54ce12456e02b7f\" class=\"ls-section  page-one has-background has-color-4-background-color has-m-t m-t-0 has-m-b m-b-0 has-p-t p-t-14 has-p-b p-b-14\" >\r\n        <div class=\"container container--wide\">\r\n        \n\n<div class=\"wp-block-columns is-layout-flex wp-container-core-columns-is-layout-1 wp-block-columns-is-layout-flex\">\n<div class=\"wp-block-column animated fadeInLeft delay-100ms slow is-layout-flow wp-block-column-is-layout-flow\" style=\"flex-basis:45%\">\n<figure class=\"wp-block-image size-full\"><a href=\"https:\/\/www.vorlen.geek-tonic.dev\/wp-content\/uploads\/sites\/13\/2024\/02\/golf-fouesnant-camping-finistere.webp\"><img decoding=\"async\" width=\"1200\" height=\"800\" src=\"https:\/\/www.vorlen.geek-tonic.dev\/wp-content\/uploads\/sites\/13\/2024\/02\/golf-fouesnant-camping-finistere.webp\" alt=\"golf fouesnant camping finistere\" class=\"wp-image-762\" srcset=\"https:\/\/vorlen.geek-tonic.dev\/wp-content\/uploads\/sites\/13\/2024\/02\/golf-fouesnant-camping-finistere.webp 1200w, https:\/\/vorlen.geek-tonic.dev\/wp-content\/uploads\/sites\/13\/2024\/02\/golf-fouesnant-camping-finistere-300x200.webp 300w, https:\/\/vorlen.geek-tonic.dev\/wp-content\/uploads\/sites\/13\/2024\/02\/golf-fouesnant-camping-finistere-1024x683.webp 1024w, https:\/\/vorlen.geek-tonic.dev\/wp-content\/uploads\/sites\/13\/2024\/02\/golf-fouesnant-camping-finistere-768x512.webp 768w\" sizes=\"(max-width: 1200px) 100vw, 1200px\" \/><\/a><\/figure>\n<\/div>\n\n\n\n<div class=\"wp-block-column is-vertically-aligned-center animated fadeInRight slow is-layout-flow wp-block-column-is-layout-flow\" style=\"flex-basis:55%\">\n<h1 class=\"ls__heading wp-block-heading\">Golf de Cornouaille in der N\u00e4he des Campingplatzes<\/h1>\n\n\n\n<h2 class=\"ls__heading wp-block-heading\">Ein 18-Loch-Platz im Golf von Cornwall<\/h2>\n\n\n\n<p class=\"ls-paragraph\">Der <a href=\"https:\/\/www.golfdecornouaille.com\/\" target=\"_blank\" rel=\"noreferrer noopener\">Golf de Cornouaille<\/a> liegt in der N\u00e4he unseres <a href=\"https:\/\/www.vorlen.geek-tonic.dev\/de\/\">Campingplatzes im Herzen des Finist\u00e8re<\/a> und ist ein beliebtes Ziel f\u00fcr <strong>Golfliebhaber <\/strong>, die eine sportliche Herausforderung und nat\u00fcrliche Sch\u00f6nheit suchen. Dieses bemerkenswerte <strong>Erholungsgebiet<\/strong> bietet eine idyllische Umgebung f\u00fcr Sportbegeisterte und eine entspannende Erfahrung f\u00fcr diejenigen, die die Landschaft genie\u00dfen m\u00f6chten, ohne unbedingt Golf spielen zu m\u00fcssen.  <\/p>\n\n\n\n<p class=\"ls-paragraph\">Der Golf de Cornouaille bietet einen <a href=\"https:\/\/www.golfdecornouaille.com\/le-parcours\/\" target=\"_blank\" rel=\"noreferrer noopener\">18-Loch-Golfplatz<\/a> mit einer <strong>spektakul\u00e4ren <\/strong>Aussicht auf den Atlantischen Ozean. Ob Sie ein erfahrener Golfer oder Anf\u00e4nger sind, die <strong>makellosen Fairways und die strategisch platzierten Hindernisse<\/strong> versprechen ein spannendes Spiel. Die Mitarbeiter des Golfplatzes stehen auch f\u00fcr <strong>Unterricht<\/strong> und <strong>Beratung<\/strong> zur Verf\u00fcgung, was den Golfplatz zu einem idealen Ort macht, um Ihr Spiel zu verbessern.<\/p>\n<\/div>\n<\/div>\n\n\r\n    <\/div>\r\n<\/section><section id=\"ls-section-block_bbf8b91c67f4672e5ca36a11bf8aa92e\" class=\"ls-section  home-gallery has-background has-color-4-background-color has-m-t m-t-0 has-p-t p-t-0\" >\r\n        <div class=\"container container--full\">\r\n        \n\n<figure class=\"wp-block-gallery has-nested-images columns-1 is-cropped galerie-slider-container wp-block-gallery-1 is-layout-flex wp-block-gallery-is-layout-flex\">\n<figure class=\"wp-block-image size-full\"><a href=\"https:\/\/www.vorlen.geek-tonic.dev\/wp-content\/uploads\/sites\/13\/2024\/01\/camping-le-vorlen-flower-activites-sportives.webp\"><img decoding=\"async\" width=\"1000\" height=\"638\" src=\"https:\/\/www.vorlen.geek-tonic.dev\/wp-content\/uploads\/sites\/13\/2024\/01\/camping-le-vorlen-flower-activites-sportives.webp\" alt=\"camping le vorlen flower sportliche aktivit&#xE4;ten\" class=\"wp-image-317\" srcset=\"https:\/\/vorlen.geek-tonic.dev\/wp-content\/uploads\/sites\/13\/2024\/01\/camping-le-vorlen-flower-activites-sportives.webp 1000w, https:\/\/vorlen.geek-tonic.dev\/wp-content\/uploads\/sites\/13\/2024\/01\/camping-le-vorlen-flower-activites-sportives-300x191.webp 300w, https:\/\/vorlen.geek-tonic.dev\/wp-content\/uploads\/sites\/13\/2024\/01\/camping-le-vorlen-flower-activites-sportives-768x490.webp 768w\" sizes=\"(max-width: 1000px) 100vw, 1000px\" \/><\/a><\/figure>\n\n\n\n<figure class=\"wp-block-image size-full\"><a href=\"https:\/\/www.vorlen.geek-tonic.dev\/wp-content\/uploads\/sites\/13\/2024\/02\/location-velos-camping-finistere.webp\"><img decoding=\"async\" width=\"1200\" height=\"765\" src=\"https:\/\/www.vorlen.geek-tonic.dev\/wp-content\/uploads\/sites\/13\/2024\/02\/location-velos-camping-finistere.webp\" alt=\"vermietung von fahrr&#xE4;dern auf dem campingplatz finistere\" class=\"wp-image-626\" srcset=\"https:\/\/vorlen.geek-tonic.dev\/wp-content\/uploads\/sites\/13\/2024\/02\/location-velos-camping-finistere.webp 1200w, https:\/\/vorlen.geek-tonic.dev\/wp-content\/uploads\/sites\/13\/2024\/02\/location-velos-camping-finistere-300x191.webp 300w, https:\/\/vorlen.geek-tonic.dev\/wp-content\/uploads\/sites\/13\/2024\/02\/location-velos-camping-finistere-1024x653.webp 1024w, https:\/\/vorlen.geek-tonic.dev\/wp-content\/uploads\/sites\/13\/2024\/02\/location-velos-camping-finistere-768x490.webp 768w\" sizes=\"(max-width: 1200px) 100vw, 1200px\" \/><\/a><\/figure>\n\n\n\n<figure class=\"wp-block-image size-full\"><a href=\"https:\/\/www.vorlen.geek-tonic.dev\/wp-content\/uploads\/sites\/13\/2024\/02\/team-building-camping-finistere.webp\"><img decoding=\"async\" width=\"1200\" height=\"800\" src=\"https:\/\/www.vorlen.geek-tonic.dev\/wp-content\/uploads\/sites\/13\/2024\/02\/team-building-camping-finistere.webp\" alt=\"team building camping finistere\" class=\"wp-image-644\" srcset=\"https:\/\/vorlen.geek-tonic.dev\/wp-content\/uploads\/sites\/13\/2024\/02\/team-building-camping-finistere.webp 1200w, https:\/\/vorlen.geek-tonic.dev\/wp-content\/uploads\/sites\/13\/2024\/02\/team-building-camping-finistere-300x200.webp 300w, https:\/\/vorlen.geek-tonic.dev\/wp-content\/uploads\/sites\/13\/2024\/02\/team-building-camping-finistere-1024x683.webp 1024w, https:\/\/vorlen.geek-tonic.dev\/wp-content\/uploads\/sites\/13\/2024\/02\/team-building-camping-finistere-768x512.webp 768w\" sizes=\"(max-width: 1200px) 100vw, 1200px\" \/><\/a><\/figure>\n<\/figure>\n\n\r\n    <\/div>\r\n<\/section><section id=\"ls-section-block_442a11d1aff1e12356cbdca6a5a382d4\" class=\"ls-section  page-one aventure\" >\r\n        <div class=\"container container--wide\">\r\n        \n\n<div class=\"wp-block-columns is-layout-flex wp-container-core-columns-is-layout-2 wp-block-columns-is-layout-flex\">\n<div class=\"wp-block-column first animated fadeInLeft delay-100ms slow is-layout-flow wp-block-column-is-layout-flow\" style=\"flex-basis:45%\">\n<figure class=\"wp-block-image size-full\"><a href=\"https:\/\/www.vorlen.geek-tonic.dev\/wp-content\/uploads\/sites\/13\/2024\/01\/tourisme-golf-cornouaille.webp\"><img decoding=\"async\" width=\"2000\" height=\"1250\" src=\"https:\/\/www.vorlen.geek-tonic.dev\/wp-content\/uploads\/sites\/13\/2024\/01\/tourisme-golf-cornouaille.webp\" alt=\"Tourismus golf cornouaille\" class=\"wp-image-441\" srcset=\"https:\/\/vorlen.geek-tonic.dev\/wp-content\/uploads\/sites\/13\/2024\/01\/tourisme-golf-cornouaille.webp 2000w, https:\/\/vorlen.geek-tonic.dev\/wp-content\/uploads\/sites\/13\/2024\/01\/tourisme-golf-cornouaille-300x188.webp 300w, https:\/\/vorlen.geek-tonic.dev\/wp-content\/uploads\/sites\/13\/2024\/01\/tourisme-golf-cornouaille-1024x640.webp 1024w, https:\/\/vorlen.geek-tonic.dev\/wp-content\/uploads\/sites\/13\/2024\/01\/tourisme-golf-cornouaille-768x480.webp 768w, https:\/\/vorlen.geek-tonic.dev\/wp-content\/uploads\/sites\/13\/2024\/01\/tourisme-golf-cornouaille-1536x960.webp 1536w\" sizes=\"(max-width: 2000px) 100vw, 2000px\" \/><\/a><\/figure>\n<\/div>\n\n\n\n<div class=\"wp-block-column is-vertically-aligned-center second animated fadeInRight slow is-layout-flow wp-block-column-is-layout-flow\" style=\"flex-basis:55%\">\n<h2 class=\"ls__heading wp-block-heading has-text-align-left\">Golf in einer idyllischen Umgebung<\/h2>\n\n\n\n<p class=\"ls-paragraph\">Dieser Platz mit strategisch platzierten <strong>Bunkern<\/strong> und einer atemberaubenden K\u00fcstenlandschaft verspricht eine <strong>spannende Herausforderung<\/strong>f\u00fcr <strong>Golfer aller<\/strong> Niveaus.  <\/p>\n\n\n\n<p class=\"ls-paragraph\">Ob Sie ein erfahrener Profi oder ein begeisterter Anf\u00e4nger sind, der Golf de Cornouaille wird Ihre Bed\u00fcrfnisse nach Freizeit und Entspannung erf\u00fcllen. Das \u00fcppige Gr\u00fcn, die gepflegten Fairways und die makellosen Greens sorgen daf\u00fcr, dass Sie einen unvergesslichen Golftag erleben werden.<\/p>\n<\/div>\n<\/div>\n\n\r\n    <\/div>\r\n<\/section><section id=\"ls-section-block_96c51f242ed07dfb9d43d45066e89593\" class=\"ls-section  page-one has-background has-color-4-background-color has-p-t p-t-14\" >\r\n        <div class=\"container container--wide\">\r\n        \n\n<div class=\"wp-block-columns is-layout-flex wp-container-core-columns-is-layout-3 wp-block-columns-is-layout-flex\">\n<div class=\"wp-block-column is-vertically-aligned-center first animated fadeInLeft slow is-layout-flow wp-block-column-is-layout-flow\" style=\"flex-basis:55%\">\n<h2 class=\"ls__heading wp-block-heading\">Clubhaus, Veranstaltungen und Wettbewerbe<\/h2>\n\n\n\n<p class=\"ls-paragraph\">Nach einer <strong>unvergesslichen Golfrunde<\/strong> k\u00f6nnen Sie sich im <a href=\"https:\/\/www.golfdecornouaille.com\/brizy-5498\/\" target=\"_blank\" rel=\"noreferrer noopener\">Clubhaus des Golf<\/a>platzes entspannen, das mit erstklassigen Einrichtungen, einem Restaurant mit k\u00f6stlicher K\u00fcche und einer Terrasse mit Panoramablick auf den Golfplatz ausgestattet ist. Dar\u00fcber hinaus organisiert Golf de Cornouaille regelm\u00e4\u00dfig <strong>Veranstaltungen<\/strong> und <strong>Wettbewerbe<\/strong>, die Golfern die Gelegenheit bieten, sich mit anderen Golfliebhabern zu messen und eine freundliche Atmosph\u00e4re zu genie\u00dfen.<\/p>\n\n\n\n<p class=\"ls-paragraph\">Ob Sie ein erfahrener Golfer sind oder einfach nur eine angenehme Golferfahrung suchen, Golf de Cornouaille ist der ideale Ort, um Sport, Entspannung und die nat\u00fcrliche Sch\u00f6nheit der bretonischen K\u00fcste miteinander zu verbinden. Mit Le Vorlen als Ausgangspunkt k\u00f6nnen Sie Ihre Leidenschaft f\u00fcr Golf mit einem unvergesslichen Urlaub in der Bretagne kombinieren.<\/p>\n<\/div>\n\n\n\n<div class=\"wp-block-column second animated fadeInRight delay-100ms slow is-layout-flow wp-block-column-is-layout-flow\" style=\"flex-basis:45%\">\n<figure class=\"wp-block-image size-full\"><a href=\"https:\/\/www.vorlen.geek-tonic.dev\/wp-content\/uploads\/sites\/13\/2024\/02\/competition-golf-cornouaille-camping-finistere.webp\"><img decoding=\"async\" width=\"1200\" height=\"800\" src=\"https:\/\/www.vorlen.geek-tonic.dev\/wp-content\/uploads\/sites\/13\/2024\/02\/competition-golf-cornouaille-camping-finistere.webp\" alt=\"Golfwettbewerb Cornouaille Camping Finistere\" class=\"wp-image-879\" srcset=\"https:\/\/vorlen.geek-tonic.dev\/wp-content\/uploads\/sites\/13\/2024\/02\/competition-golf-cornouaille-camping-finistere.webp 1200w, https:\/\/vorlen.geek-tonic.dev\/wp-content\/uploads\/sites\/13\/2024\/02\/competition-golf-cornouaille-camping-finistere-300x200.webp 300w, https:\/\/vorlen.geek-tonic.dev\/wp-content\/uploads\/sites\/13\/2024\/02\/competition-golf-cornouaille-camping-finistere-1024x683.webp 1024w, https:\/\/vorlen.geek-tonic.dev\/wp-content\/uploads\/sites\/13\/2024\/02\/competition-golf-cornouaille-camping-finistere-768x512.webp 768w\" sizes=\"(max-width: 1200px) 100vw, 1200px\" \/><\/a><\/figure>\n<\/div>\n<\/div>\n\n\r\n    <\/div>\r\n<\/section><section id=\"ls-section-block_19abcec0a9325b3ce09c9387f775d0f5\" class=\"ls-section  page-maillage experience has-p-t p-t-0\" >\r\n        <div class=\"container container--wide\">\r\n        \n\n<div id=\"ls-heading ls-titre-div-block_1ae5ed7fdb67c428c9ba6534f92d4cb5\" class=\"ls-titre-div aligncenter h2-like\" >\n    <strong>Entdecken <\/strong> Sie unsere Umgebung<\/div>\n\n\n<div id=\"ls-maillage-block_25ca248381e1a19524f2b0396e1d8595\" class=\"ls-maillage cta-style-normal\" data-rows=\"3\">\n    <div class=\"wp-block-columns\"><div class=\"wp-block-column\"><div id=\"destinations\" class=\"ls-cta\">\n\n<a href=\"https:\/\/vorlen.geek-tonic.dev\/de\/tourismus-strande\/\" target=\"\" rel=\"noopener\" class=\"ls-cta__link\">\n\n\t<div class=\"ls-cta__image\"><img decoding=\"async\" src=\"https:\/\/vorlen.geek-tonic.dev\/wp-content\/uploads\/sites\/13\/2024\/02\/visite-plages-camping-finistere.webp\" alt=\"Besuch der Str\u00e4nde des Campingplatzes Finistere\"><\/div>\n\t<div class=\"ls-cta__title\">\n\t\tDie Str\u00e4nde\t<\/div>\n\n\t\t\n<\/a><\/div><\/div><div class=\"wp-block-column\"><div id=\"destinations\" class=\"ls-cta\">\n\n<a href=\"https:\/\/vorlen.geek-tonic.dev\/de\/tourismus-fouesnant\/\" target=\"\" rel=\"noopener\" class=\"ls-cta__link\">\n\n\t<div class=\"ls-cta__image\"><img decoding=\"async\" src=\"https:\/\/vorlen.geek-tonic.dev\/wp-content\/uploads\/sites\/13\/2024\/02\/tourisme-fouesnant-camping-finistere.webp\" alt=\"Tourismus fouesnant camping finistere\"><\/div>\n\t<div class=\"ls-cta__title\">\n\t\tEntdecken Sie Fouesnant\t<\/div>\n\n\t\t\n<\/a><\/div><\/div><div class=\"wp-block-column\"><div id=\"destinations\" class=\"ls-cta\">\n\n<a href=\"https:\/\/vorlen.geek-tonic.dev\/de\/tourismus-bretonische-riviera-camping\/\" target=\"\" rel=\"noopener\" class=\"ls-cta__link\">\n\n\t<div class=\"ls-cta__image\"><img decoding=\"async\" src=\"https:\/\/vorlen.geek-tonic.dev\/wp-content\/uploads\/sites\/13\/2024\/02\/tourisme-riviera-bretonne-camping-finistere.webp\" alt=\"Tourismus Bretonische Riviera Camping Finistere\"><\/div>\n\t<div class=\"ls-cta__title\">\n\t\tBretonische Riviera\t<\/div>\n\n\t\t\n<\/a><\/div><\/div><\/div><\/div>\n\r\n    <\/div>\r\n<\/section>","protected":false},"excerpt":{"rendered":"","protected":false},"author":1,"featured_media":1719,"parent":0,"menu_order":0,"comment_status":"closed","ping_status":"closed","template":"","meta":{"_acf_changed":false,"footnotes":""},"sujet":[],"class_list":["post-1716","page","type-page","status-publish","has-post-thumbnail","hentry"],"acf":[],"yoast_head":"<!-- This site is optimized with the Yoast SEO plugin v23.9 - https:\/\/yoast.com\/wordpress\/plugins\/seo\/ -->\n<title>Entdecken Sie den Golf de Cornouaille, 30 Minuten vom Campingplatz entfernt.<\/title>\n<meta name=\"description\" content=\"Entdecken Sie einen au\u00dfergew\u00f6hnlichen 18-Loch-Golfplatz in Cornwall und genie\u00dfen Sie die spektakul\u00e4re Aussicht auf den Atlantik.\" \/>\n<meta name=\"robots\" content=\"noindex, follow, max-snippet:-1, max-image-preview:large, max-video-preview:-1\" \/>\n<meta property=\"og:locale\" content=\"de_DE\" \/>\n<meta property=\"og:type\" content=\"article\" \/>\n<meta property=\"og:title\" content=\"Entdecken Sie den Golf de Cornouaille, 30 Minuten vom Campingplatz entfernt.\" \/>\n<meta property=\"og:description\" content=\"Entdecken Sie einen au\u00dfergew\u00f6hnlichen 18-Loch-Golfplatz in Cornwall und genie\u00dfen Sie die spektakul\u00e4re Aussicht auf den Atlantik.\" \/>\n<meta property=\"og:url\" content=\"https:\/\/vorlen.geek-tonic.dev\/de\/golf-de-cornouaille-campingplatz\/\" \/>\n<meta property=\"og:site_name\" content=\"Camping Le Vorlen\" \/>\n<meta property=\"article:modified_time\" content=\"2024-04-18T14:14:11+00:00\" \/>\n<meta property=\"og:image\" content=\"https:\/\/vorlen.geek-tonic.dev\/wp-content\/uploads\/sites\/13\/2024\/02\/tourisme-caolf-cornouaille-camping-finistere-1.webp\" \/>\n\t<meta property=\"og:image:width\" content=\"2000\" \/>\n\t<meta property=\"og:image:height\" content=\"1000\" \/>\n\t<meta property=\"og:image:type\" content=\"image\/webp\" \/>\n<meta name=\"twitter:card\" content=\"summary_large_image\" \/>\n<meta name=\"twitter:label1\" content=\"Gesch\u00e4tzte Lesezeit\" \/>\n\t<meta name=\"twitter:data1\" content=\"2\u00a0Minuten\" \/>\n<script type=\"application\/ld+json\" class=\"yoast-schema-graph\">{\"@context\":\"https:\/\/schema.org\",\"@graph\":[{\"@type\":\"WebPage\",\"@id\":\"https:\/\/vorlen.geek-tonic.dev\/de\/golf-de-cornouaille-campingplatz\/\",\"url\":\"https:\/\/vorlen.geek-tonic.dev\/de\/golf-de-cornouaille-campingplatz\/\",\"name\":\"Entdecken Sie den Golf de Cornouaille, 30 Minuten vom Campingplatz entfernt.\",\"isPartOf\":{\"@id\":\"https:\/\/vorlen.geek-tonic.dev\/de\/#website\"},\"primaryImageOfPage\":{\"@id\":\"https:\/\/vorlen.geek-tonic.dev\/de\/golf-de-cornouaille-campingplatz\/#primaryimage\"},\"image\":{\"@id\":\"https:\/\/vorlen.geek-tonic.dev\/de\/golf-de-cornouaille-campingplatz\/#primaryimage\"},\"thumbnailUrl\":\"https:\/\/vorlen.geek-tonic.dev\/wp-content\/uploads\/sites\/13\/2024\/02\/tourisme-caolf-cornouaille-camping-finistere-1.webp\",\"datePublished\":\"2024-02-26T14:35:49+00:00\",\"dateModified\":\"2024-04-18T14:14:11+00:00\",\"description\":\"Entdecken Sie einen au\u00dfergew\u00f6hnlichen 18-Loch-Golfplatz in Cornwall und genie\u00dfen Sie die spektakul\u00e4re Aussicht auf den Atlantik.\",\"breadcrumb\":{\"@id\":\"https:\/\/vorlen.geek-tonic.dev\/de\/golf-de-cornouaille-campingplatz\/#breadcrumb\"},\"inLanguage\":\"de\",\"potentialAction\":[{\"@type\":\"ReadAction\",\"target\":[\"https:\/\/vorlen.geek-tonic.dev\/de\/golf-de-cornouaille-campingplatz\/\"]}]},{\"@type\":\"ImageObject\",\"inLanguage\":\"de\",\"@id\":\"https:\/\/vorlen.geek-tonic.dev\/de\/golf-de-cornouaille-campingplatz\/#primaryimage\",\"url\":\"https:\/\/vorlen.geek-tonic.dev\/wp-content\/uploads\/sites\/13\/2024\/02\/tourisme-caolf-cornouaille-camping-finistere-1.webp\",\"contentUrl\":\"https:\/\/vorlen.geek-tonic.dev\/wp-content\/uploads\/sites\/13\/2024\/02\/tourisme-caolf-cornouaille-camping-finistere-1.webp\",\"width\":2000,\"height\":1000,\"caption\":\"Tourismus caolf cornouaille camping finistere\"},{\"@type\":\"BreadcrumbList\",\"@id\":\"https:\/\/vorlen.geek-tonic.dev\/de\/golf-de-cornouaille-campingplatz\/#breadcrumb\",\"itemListElement\":[{\"@type\":\"ListItem\",\"position\":1,\"name\":\"Camping dans le Finist\u00e8re Sud\",\"item\":\"https:\/\/vorlen.geek-tonic.dev\/de\/\"},{\"@type\":\"ListItem\",\"position\":2,\"name\":\"Campingplatz 30 Minuten vom Golf de Cornouaille entfernt\"}]},{\"@type\":\"WebSite\",\"@id\":\"https:\/\/vorlen.geek-tonic.dev\/de\/#website\",\"url\":\"https:\/\/vorlen.geek-tonic.dev\/de\/\",\"name\":\"Camping Le Vorlen\",\"description\":\"\",\"publisher\":{\"@id\":\"https:\/\/vorlen.geek-tonic.dev\/de\/#organization\"},\"potentialAction\":[{\"@type\":\"SearchAction\",\"target\":{\"@type\":\"EntryPoint\",\"urlTemplate\":\"https:\/\/vorlen.geek-tonic.dev\/de\/?s={search_term_string}\"},\"query-input\":{\"@type\":\"PropertyValueSpecification\",\"valueRequired\":true,\"valueName\":\"search_term_string\"}}],\"inLanguage\":\"de\"},{\"@type\":\"Organization\",\"@id\":\"https:\/\/vorlen.geek-tonic.dev\/de\/#organization\",\"name\":\"Camping Le Vorlen\",\"url\":\"https:\/\/vorlen.geek-tonic.dev\/de\/\",\"logo\":{\"@type\":\"ImageObject\",\"inLanguage\":\"de\",\"@id\":\"https:\/\/vorlen.geek-tonic.dev\/de\/#\/schema\/logo\/image\/\",\"url\":\"https:\/\/vorlen.geek-tonic.dev\/wp-content\/uploads\/sites\/13\/2024\/03\/cropped-logo-Flower-camping-Le-Vorlen.png\",\"contentUrl\":\"https:\/\/vorlen.geek-tonic.dev\/wp-content\/uploads\/sites\/13\/2024\/03\/cropped-logo-Flower-camping-Le-Vorlen.png\",\"width\":500,\"height\":660,\"caption\":\"Camping Le Vorlen\"},\"image\":{\"@id\":\"https:\/\/vorlen.geek-tonic.dev\/de\/#\/schema\/logo\/image\/\"}}]}<\/script>\n<!-- \/ Yoast SEO plugin. -->","yoast_head_json":{"title":"Entdecken Sie den Golf de Cornouaille, 30 Minuten vom Campingplatz entfernt.","description":"Entdecken Sie einen au\u00dfergew\u00f6hnlichen 18-Loch-Golfplatz in Cornwall und genie\u00dfen Sie die spektakul\u00e4re Aussicht auf den Atlantik.","robots":{"index":"noindex","follow":"follow","max-snippet":"max-snippet:-1","max-image-preview":"max-image-preview:large","max-video-preview":"max-video-preview:-1"},"og_locale":"de_DE","og_type":"article","og_title":"Entdecken Sie den Golf de Cornouaille, 30 Minuten vom Campingplatz entfernt.","og_description":"Entdecken Sie einen au\u00dfergew\u00f6hnlichen 18-Loch-Golfplatz in Cornwall und genie\u00dfen Sie die spektakul\u00e4re Aussicht auf den Atlantik.","og_url":"https:\/\/vorlen.geek-tonic.dev\/de\/golf-de-cornouaille-campingplatz\/","og_site_name":"Camping Le Vorlen","article_modified_time":"2024-04-18T14:14:11+00:00","og_image":[{"width":2000,"height":1000,"url":"https:\/\/vorlen.geek-tonic.dev\/wp-content\/uploads\/sites\/13\/2024\/02\/tourisme-caolf-cornouaille-camping-finistere-1.webp","type":"image\/webp"}],"twitter_card":"summary_large_image","twitter_misc":{"Gesch\u00e4tzte Lesezeit":"2\u00a0Minuten"},"schema":{"@context":"https:\/\/schema.org","@graph":[{"@type":"WebPage","@id":"https:\/\/vorlen.geek-tonic.dev\/de\/golf-de-cornouaille-campingplatz\/","url":"https:\/\/vorlen.geek-tonic.dev\/de\/golf-de-cornouaille-campingplatz\/","name":"Entdecken Sie den Golf de Cornouaille, 30 Minuten vom Campingplatz entfernt.","isPartOf":{"@id":"https:\/\/vorlen.geek-tonic.dev\/de\/#website"},"primaryImageOfPage":{"@id":"https:\/\/vorlen.geek-tonic.dev\/de\/golf-de-cornouaille-campingplatz\/#primaryimage"},"image":{"@id":"https:\/\/vorlen.geek-tonic.dev\/de\/golf-de-cornouaille-campingplatz\/#primaryimage"},"thumbnailUrl":"https:\/\/vorlen.geek-tonic.dev\/wp-content\/uploads\/sites\/13\/2024\/02\/tourisme-caolf-cornouaille-camping-finistere-1.webp","datePublished":"2024-02-26T14:35:49+00:00","dateModified":"2024-04-18T14:14:11+00:00","description":"Entdecken Sie einen au\u00dfergew\u00f6hnlichen 18-Loch-Golfplatz in Cornwall und genie\u00dfen Sie die spektakul\u00e4re Aussicht auf den Atlantik.","breadcrumb":{"@id":"https:\/\/vorlen.geek-tonic.dev\/de\/golf-de-cornouaille-campingplatz\/#breadcrumb"},"inLanguage":"de","potentialAction":[{"@type":"ReadAction","target":["https:\/\/vorlen.geek-tonic.dev\/de\/golf-de-cornouaille-campingplatz\/"]}]},{"@type":"ImageObject","inLanguage":"de","@id":"https:\/\/vorlen.geek-tonic.dev\/de\/golf-de-cornouaille-campingplatz\/#primaryimage","url":"https:\/\/vorlen.geek-tonic.dev\/wp-content\/uploads\/sites\/13\/2024\/02\/tourisme-caolf-cornouaille-camping-finistere-1.webp","contentUrl":"https:\/\/vorlen.geek-tonic.dev\/wp-content\/uploads\/sites\/13\/2024\/02\/tourisme-caolf-cornouaille-camping-finistere-1.webp","width":2000,"height":1000,"caption":"Tourismus caolf cornouaille camping finistere"},{"@type":"BreadcrumbList","@id":"https:\/\/vorlen.geek-tonic.dev\/de\/golf-de-cornouaille-campingplatz\/#breadcrumb","itemListElement":[{"@type":"ListItem","position":1,"name":"Camping dans le Finist\u00e8re Sud","item":"https:\/\/vorlen.geek-tonic.dev\/de\/"},{"@type":"ListItem","position":2,"name":"Campingplatz 30 Minuten vom Golf de Cornouaille entfernt"}]},{"@type":"WebSite","@id":"https:\/\/vorlen.geek-tonic.dev\/de\/#website","url":"https:\/\/vorlen.geek-tonic.dev\/de\/","name":"Camping Le Vorlen","description":"","publisher":{"@id":"https:\/\/vorlen.geek-tonic.dev\/de\/#organization"},"potentialAction":[{"@type":"SearchAction","target":{"@type":"EntryPoint","urlTemplate":"https:\/\/vorlen.geek-tonic.dev\/de\/?s={search_term_string}"},"query-input":{"@type":"PropertyValueSpecification","valueRequired":true,"valueName":"search_term_string"}}],"inLanguage":"de"},{"@type":"Organization","@id":"https:\/\/vorlen.geek-tonic.dev\/de\/#organization","name":"Camping Le Vorlen","url":"https:\/\/vorlen.geek-tonic.dev\/de\/","logo":{"@type":"ImageObject","inLanguage":"de","@id":"https:\/\/vorlen.geek-tonic.dev\/de\/#\/schema\/logo\/image\/","url":"https:\/\/vorlen.geek-tonic.dev\/wp-content\/uploads\/sites\/13\/2024\/03\/cropped-logo-Flower-camping-Le-Vorlen.png","contentUrl":"https:\/\/vorlen.geek-tonic.dev\/wp-content\/uploads\/sites\/13\/2024\/03\/cropped-logo-Flower-camping-Le-Vorlen.png","width":500,"height":660,"caption":"Camping Le Vorlen"},"image":{"@id":"https:\/\/vorlen.geek-tonic.dev\/de\/#\/schema\/logo\/image\/"}}]}},"_links":{"self":[{"href":"https:\/\/vorlen.geek-tonic.dev\/de\/wp-json\/wp\/v2\/pages\/1716","targetHints":{"allow":["GET"]}}],"collection":[{"href":"https:\/\/vorlen.geek-tonic.dev\/de\/wp-json\/wp\/v2\/pages"}],"about":[{"href":"https:\/\/vorlen.geek-tonic.dev\/de\/wp-json\/wp\/v2\/types\/page"}],"author":[{"embeddable":true,"href":"https:\/\/vorlen.geek-tonic.dev\/de\/wp-json\/wp\/v2\/users\/1"}],"replies":[{"embeddable":true,"href":"https:\/\/vorlen.geek-tonic.dev\/de\/wp-json\/wp\/v2\/comments?post=1716"}],"version-history":[{"count":3,"href":"https:\/\/vorlen.geek-tonic.dev\/de\/wp-json\/wp\/v2\/pages\/1716\/revisions"}],"predecessor-version":[{"id":1734,"href":"https:\/\/vorlen.geek-tonic.dev\/de\/wp-json\/wp\/v2\/pages\/1716\/revisions\/1734"}],"wp:featuredmedia":[{"embeddable":true,"href":"https:\/\/vorlen.geek-tonic.dev\/de\/wp-json\/wp\/v2\/media\/1719"}],"wp:attachment":[{"href":"https:\/\/vorlen.geek-tonic.dev\/de\/wp-json\/wp\/v2\/media?parent=1716"}],"wp:term":[{"taxonomy":"sujet","embeddable":true,"href":"https:\/\/vorlen.geek-tonic.dev\/de\/wp-json\/wp\/v2\/sujet?post=1716"}],"curies":[{"name":"wp","href":"https:\/\/api.w.org\/{rel}","templated":true}]}}