{"id":1749,"date":"2024-01-02T14:13:42","date_gmt":"2024-01-02T13:13:42","guid":{"rendered":"https:\/\/www.vorlen.geek-tonic.dev\/tourismus-fouesnant\/"},"modified":"2024-04-18T16:15:40","modified_gmt":"2024-04-18T14:15:40","slug":"tourismus-fouesnant","status":"publish","type":"page","link":"https:\/\/vorlen.geek-tonic.dev\/de\/tourismus-fouesnant\/","title":{"rendered":"Entdecken Sie Fouesnant"},"content":{"rendered":"<section id=\"ls-section-block_2c6151e1aeef0f549c527a2b0b0b028e\" class=\"ls-section  page-one has-background has-color-4-background-color has-m-t m-t-0 has-m-b m-b-0 has-p-t p-t-14 has-p-b p-b-14\" >\r\n        <div class=\"container container--wide\">\r\n        \n\n<div class=\"wp-block-columns is-layout-flex wp-container-core-columns-is-layout-1 wp-block-columns-is-layout-flex\">\n<div class=\"wp-block-column animated fadeInLeft delay-100ms slow is-layout-flow wp-block-column-is-layout-flow\" style=\"flex-basis:45%\">\n<figure class=\"wp-block-image size-full\"><a href=\"https:\/\/www.vorlen.geek-tonic.dev\/wp-content\/uploads\/sites\/13\/2024\/02\/tourisme-fouesnant-sejour-camping-finistere.webp\"><img decoding=\"async\" width=\"1200\" height=\"800\" src=\"https:\/\/www.vorlen.geek-tonic.dev\/wp-content\/uploads\/sites\/13\/2024\/02\/tourisme-fouesnant-sejour-camping-finistere.webp\" alt=\"Tourismus in Fouesnant Aufenthalt auf einem Campingplatz in Finistere\" class=\"wp-image-758\" srcset=\"https:\/\/vorlen.geek-tonic.dev\/wp-content\/uploads\/sites\/13\/2024\/02\/tourisme-fouesnant-sejour-camping-finistere.webp 1200w, https:\/\/vorlen.geek-tonic.dev\/wp-content\/uploads\/sites\/13\/2024\/02\/tourisme-fouesnant-sejour-camping-finistere-300x200.webp 300w, https:\/\/vorlen.geek-tonic.dev\/wp-content\/uploads\/sites\/13\/2024\/02\/tourisme-fouesnant-sejour-camping-finistere-1024x683.webp 1024w, https:\/\/vorlen.geek-tonic.dev\/wp-content\/uploads\/sites\/13\/2024\/02\/tourisme-fouesnant-sejour-camping-finistere-768x512.webp 768w\" sizes=\"(max-width: 1200px) 100vw, 1200px\" \/><\/a><\/figure>\n<\/div>\n\n\n\n<div class=\"wp-block-column is-vertically-aligned-center animated fadeInRight slow is-layout-flow wp-block-column-is-layout-flow\" style=\"flex-basis:55%\">\n<h1 class=\"ls__heading wp-block-heading\">Entdecken Sie Fouesnant<\/h1>\n\n\n\n<h2 class=\"ls__heading wp-block-heading\">Touristischer Aufenthalt in Fouesnant<\/h2>\n\n\n\n<p class=\"ls-paragraph\">W\u00e4hrend Ihres Aufenthalts auf dem <a href=\"https:\/\/www.vorlen.geek-tonic.dev\/de\/\">Campingplatz Le Vorlen<\/a> empfehlen wir Ihnen, <a href=\"https:\/\/www.tourisme-fouesnant.fr\/\" target=\"_blank\" rel=\"noreferrer noopener\">Fouesnant<\/a> zu erkunden, ein unumg\u00e4ngliches Ziel in der Bretagne.<\/p>\n\n\n\n<p class=\"ls-paragraph\"><strong> Fouesnant<\/strong> liegt im Departement Finist\u00e8re und ist<strong> eine charmante Gemeinde<\/strong>, die Sie mit ihrer friedlichen Atmosph\u00e4re, ihrem reichen Kulturerbe und ihrem Ruf als authentische Bretagne verf\u00fchren wird.  <\/p>\n\n\n\n<p class=\"ls-paragraph\">Fouesnant ist auch f\u00fcr seine <strong>herzliche Gastfreundschaft<\/strong> bekannt, was die Stadt zu einem idealen Urlaubsort f\u00fcr Familien, Freunde und Liebhaber der Bretagne macht.<\/p>\n<\/div>\n<\/div>\n\n\r\n    <\/div>\r\n<\/section><section id=\"ls-section-block_87dfa050e597725637a2a2914a2ca555\" class=\"ls-section  home-gallery has-background has-color-4-background-color has-m-t m-t-0 has-p-t p-t-0\" >\r\n        <div class=\"container container--full\">\r\n        \n\n<figure class=\"wp-block-gallery has-nested-images columns-1 is-cropped galerie-slider-container wp-block-gallery-1 is-layout-flex wp-block-gallery-is-layout-flex\">\n<figure class=\"wp-block-image size-full\"><a href=\"https:\/\/www.vorlen.geek-tonic.dev\/wp-content\/uploads\/sites\/13\/2024\/02\/2-1192684.jpg\"><img decoding=\"async\" width=\"1280\" height=\"820\" src=\"https:\/\/www.vorlen.geek-tonic.dev\/wp-content\/uploads\/sites\/13\/2024\/02\/2-1192684.jpg\" alt=\"2 1192684\" class=\"wp-image-540\" srcset=\"https:\/\/vorlen.geek-tonic.dev\/wp-content\/uploads\/sites\/13\/2024\/02\/2-1192684.jpg 1280w, https:\/\/vorlen.geek-tonic.dev\/wp-content\/uploads\/sites\/13\/2024\/02\/2-1192684-300x192.jpg 300w, https:\/\/vorlen.geek-tonic.dev\/wp-content\/uploads\/sites\/13\/2024\/02\/2-1192684-1024x656.jpg 1024w, https:\/\/vorlen.geek-tonic.dev\/wp-content\/uploads\/sites\/13\/2024\/02\/2-1192684-768x492.jpg 768w\" sizes=\"(max-width: 1280px) 100vw, 1280px\" \/><\/a><\/figure>\n\n\n\n<figure class=\"wp-block-image size-full\"><a href=\"https:\/\/www.vorlen.geek-tonic.dev\/wp-content\/uploads\/sites\/13\/2024\/02\/location-velo-camping-fouesnant.webp\"><img decoding=\"async\" width=\"1200\" height=\"800\" src=\"https:\/\/www.vorlen.geek-tonic.dev\/wp-content\/uploads\/sites\/13\/2024\/02\/location-velo-camping-fouesnant.webp\" alt=\"vermietung von fahrr&#xE4;dern camping fouesnant\" class=\"wp-image-598\" srcset=\"https:\/\/vorlen.geek-tonic.dev\/wp-content\/uploads\/sites\/13\/2024\/02\/location-velo-camping-fouesnant.webp 1200w, https:\/\/vorlen.geek-tonic.dev\/wp-content\/uploads\/sites\/13\/2024\/02\/location-velo-camping-fouesnant-300x200.webp 300w, https:\/\/vorlen.geek-tonic.dev\/wp-content\/uploads\/sites\/13\/2024\/02\/location-velo-camping-fouesnant-1024x683.webp 1024w, https:\/\/vorlen.geek-tonic.dev\/wp-content\/uploads\/sites\/13\/2024\/02\/location-velo-camping-fouesnant-768x512.webp 768w\" sizes=\"(max-width: 1200px) 100vw, 1200px\" \/><\/a><\/figure>\n\n\n\n<figure class=\"wp-block-image size-full\"><a href=\"https:\/\/www.vorlen.geek-tonic.dev\/wp-content\/uploads\/sites\/13\/2024\/02\/engagement-camping-finistere.webp\"><img decoding=\"async\" width=\"1200\" height=\"800\" src=\"https:\/\/www.vorlen.geek-tonic.dev\/wp-content\/uploads\/sites\/13\/2024\/02\/engagement-camping-finistere.webp\" alt=\"engagement camping finistere\" class=\"wp-image-623\" srcset=\"https:\/\/vorlen.geek-tonic.dev\/wp-content\/uploads\/sites\/13\/2024\/02\/engagement-camping-finistere.webp 1200w, https:\/\/vorlen.geek-tonic.dev\/wp-content\/uploads\/sites\/13\/2024\/02\/engagement-camping-finistere-300x200.webp 300w, https:\/\/vorlen.geek-tonic.dev\/wp-content\/uploads\/sites\/13\/2024\/02\/engagement-camping-finistere-1024x683.webp 1024w, https:\/\/vorlen.geek-tonic.dev\/wp-content\/uploads\/sites\/13\/2024\/02\/engagement-camping-finistere-768x512.webp 768w\" sizes=\"(max-width: 1200px) 100vw, 1200px\" \/><\/a><\/figure>\n<\/figure>\n\n\r\n    <\/div>\r\n<\/section><section id=\"ls-section-block_6bf86f2ae24380680b47e3278b542566\" class=\"ls-section  page-one aventure\" >\r\n        <div class=\"container container--wide\">\r\n        \n\n<div class=\"wp-block-columns is-layout-flex wp-container-core-columns-is-layout-2 wp-block-columns-is-layout-flex\">\n<div class=\"wp-block-column first animated fadeInLeft delay-100ms slow is-layout-flow wp-block-column-is-layout-flow\" style=\"flex-basis:45%\">\n<figure class=\"wp-block-image size-full\"><a href=\"https:\/\/www.vorlen.geek-tonic.dev\/wp-content\/uploads\/sites\/13\/2024\/02\/fruit-de-mer-fouesnant-camping-finistere.webp\"><img decoding=\"async\" width=\"1200\" height=\"800\" src=\"https:\/\/www.vorlen.geek-tonic.dev\/wp-content\/uploads\/sites\/13\/2024\/02\/fruit-de-mer-fouesnant-camping-finistere.webp\" alt=\"Meeresfr&#xFC;chte Fouesnant Camping Finistere\" class=\"wp-image-760\" srcset=\"https:\/\/vorlen.geek-tonic.dev\/wp-content\/uploads\/sites\/13\/2024\/02\/fruit-de-mer-fouesnant-camping-finistere.webp 1200w, https:\/\/vorlen.geek-tonic.dev\/wp-content\/uploads\/sites\/13\/2024\/02\/fruit-de-mer-fouesnant-camping-finistere-300x200.webp 300w, https:\/\/vorlen.geek-tonic.dev\/wp-content\/uploads\/sites\/13\/2024\/02\/fruit-de-mer-fouesnant-camping-finistere-1024x683.webp 1024w, https:\/\/vorlen.geek-tonic.dev\/wp-content\/uploads\/sites\/13\/2024\/02\/fruit-de-mer-fouesnant-camping-finistere-768x512.webp 768w\" sizes=\"(max-width: 1200px) 100vw, 1200px\" \/><\/a><\/figure>\n<\/div>\n\n\n\n<div class=\"wp-block-column second animated fadeInRight slow is-layout-flow wp-block-column-is-layout-flow\" style=\"flex-basis:55%\">\n<h2 class=\"ls__heading wp-block-heading has-text-align-left\">Sehensw\u00fcrdigkeiten<\/h2>\n\n\n\n<p class=\"ls-paragraph\">Eingebettet zwischen der bretonischen K\u00fcste und der gr\u00fcnen Landschaft bietet Fouesnant eine Vielzahl an Erlebnissen f\u00fcr jeden Geschmack. <a href=\"https:\/\/www.tourisme-fouesnant.fr\/notre-destination\/les-lieux-a-decouvrir\/decouvrez-fouesnant-les-glenan\/\" target=\"_blank\" rel=\"noreferrer noopener\">Entdecken Sie die<\/a> <strong>feinen<\/strong> <strong>Sandstr\u00e4nde<\/strong>, die die Stadt umgeben, ideal zum Schwimmen mit der Familie oder f\u00fcr einen romantischen Spaziergang bei Sonnenuntergang.<\/p>\n\n\n\n<p class=\"ls-paragraph\">Lassen Sie sich von der Sch\u00f6nheit der<strong> Pointe de Mousterlin<\/strong> verzaubern, wo die Str\u00e4nde auf das Naturreservat treffen, ein privilegierter Ort f\u00fcr die <strong>Vogelbeobachtung<\/strong> <strong>.<\/strong>  Genie\u00dfen Sie auch den kulturellen Reichtum der Region, indem Sie <strong>historische<\/strong> <strong>St\u00e4tten<\/strong> wie <strong>die Kirche Saint-Pierre<\/strong>, ein Juwel der <strong>bretonischen<\/strong> <strong>Architektur<\/strong>, besichtigen.<\/p>\n\n\n\n<h2 class=\"ls__heading wp-block-heading\">Die kulinarischen Spezialit\u00e4ten, die es zu entdecken gilt<\/h2>\n\n\n\n<p class=\"ls-paragraph\">Die <strong>bretonische<\/strong> <strong>Gastronomie<\/strong> ist eine echte Institution in Fouesnant und Ihr Aufenthalt ist die perfekte Gelegenheit, diese <strong>lokalen<\/strong> <strong>K\u00f6stlichkeiten<\/strong> zu genie\u00dfen. Von Cr\u00eapes und Galettes \u00fcber frische Meeresfr\u00fcchte bis hin zu Cidre und <strong>regionalen<\/strong> <strong>Spezialit\u00e4ten<\/strong> ist die kulinarische Entdeckung ein Muss in der Region. Die <strong>lokalen M\u00e4rkte<\/strong> sind voll von frischen Produkten und handgefertigten Kreationen, die Sie in die bretonische Kultur eintauchen lassen.<\/p>\n<\/div>\n<\/div>\n\n\r\n    <\/div>\r\n<\/section><section id=\"ls-section-block_5c7ee97ad5f7a2dfe649212fd6975f13\" class=\"ls-section  page-one has-background has-color-4-background-color has-p-t p-t-14\" >\r\n        <div class=\"container container--wide\">\r\n        \n\n<div class=\"wp-block-columns is-layout-flex wp-container-core-columns-is-layout-3 wp-block-columns-is-layout-flex\">\n<div class=\"wp-block-column first animated fadeInLeft slow is-layout-flow wp-block-column-is-layout-flow\" style=\"flex-basis:55%\">\n<h3 class=\"ls__heading wp-block-heading\">Was Sie in Fouesnant unternehmen k\u00f6nnen<\/h3>\n\n\n\n<p class=\"ls-paragraph\">F\u00fcr Liebhaber der Natur und von <strong>Aktivit\u00e4ten<\/strong> <strong>im<\/strong> <strong>Freien<\/strong> bietet Fouesnant viele M\u00f6glichkeiten. <a href=\"https:\/\/www.tourisme-fouesnant.fr\/votre-sejour\/organiser-mes-journees\/balades-et-randonnees\/balades-a-velo\/\" target=\"_blank\" rel=\"noreferrer noopener\">Erkunden Sie die Umgebung mit dem Fahrrad<\/a>, machen Sie eine <a href=\"https:\/\/www.tourisme-fouesnant.fr\/votre-sejour\/organiser-mes-journees\/balades-et-randonnees\/balades-et-randonnees-pedestres\/\" target=\"_blank\" rel=\"noreferrer noopener\">Wanderung<\/a>, um die wundersch\u00f6ne Landschaft zu entdecken, oder erleben Sie entspannende Momente beim Angeln an der K\u00fcste. <strong>Wassersportler <\/strong>finden hier ein wahres Paradies f\u00fcr ihre Leidenschaft. Auch <strong>Golfliebhaber<\/strong> werden sich freuen, dass es in der N\u00e4he mehrere gute <strong>Golfpl\u00e4tze<\/strong> gibt, auf denen sie ihrer Leidenschaft nachgehen k\u00f6nnen.<\/p>\n\n\n\n<p class=\"ls-paragraph\">Fouesnant ist das ganze Jahr \u00fcber ein lebendiges Reiseziel, mit <strong>kulturellen<\/strong> <strong>Veranstaltungen<\/strong>, <strong>Festivals<\/strong> und <strong>lokalen<\/strong> <strong>Animationen<\/strong>, die den Reichtum der bretonischen Kultur hervorheben. Diese Feierlichkeiten bieten Ihnen die perfekte Gelegenheit, in die lebhafte und herzliche Atmosph\u00e4re von Fouesnant einzutauchen und gleichzeitig die lokalen Traditionen zu entdecken.<\/p>\n\n\n\n<p class=\"ls-paragraph\">Der Campingplatz ist ein idealer Ausgangspunkt f\u00fcr die Erkundung von Fouesnant und der authentischen Bretagne. Genie\u00dfen Sie die nat\u00fcrliche Sch\u00f6nheit, den kulturellen Reichtum und die freundliche Atmosph\u00e4re dieser charmanten bretonischen Region. Ob Sie nun ein leidenschaftlicher Koch, ein Outdoor-Fan oder ein neugieriger Besucher der lokalen Kultur sind, Fouesnant hat alles, um Ihnen einen unvergesslichen Urlaub zu bieten.<\/p>\n<\/div>\n\n\n\n<div class=\"wp-block-column second animated fadeInRight delay-100ms slow is-layout-flow wp-block-column-is-layout-flow\" style=\"flex-basis:45%\">\n<figure class=\"wp-block-image size-full\"><a href=\"https:\/\/www.vorlen.geek-tonic.dev\/wp-content\/uploads\/sites\/13\/2024\/02\/golf-fouesnant-camping-finistere.webp\"><img decoding=\"async\" width=\"1200\" height=\"800\" src=\"https:\/\/www.vorlen.geek-tonic.dev\/wp-content\/uploads\/sites\/13\/2024\/02\/golf-fouesnant-camping-finistere.webp\" alt=\"golf fouesnant camping finistere\" class=\"wp-image-762\" srcset=\"https:\/\/vorlen.geek-tonic.dev\/wp-content\/uploads\/sites\/13\/2024\/02\/golf-fouesnant-camping-finistere.webp 1200w, https:\/\/vorlen.geek-tonic.dev\/wp-content\/uploads\/sites\/13\/2024\/02\/golf-fouesnant-camping-finistere-300x200.webp 300w, https:\/\/vorlen.geek-tonic.dev\/wp-content\/uploads\/sites\/13\/2024\/02\/golf-fouesnant-camping-finistere-1024x683.webp 1024w, https:\/\/vorlen.geek-tonic.dev\/wp-content\/uploads\/sites\/13\/2024\/02\/golf-fouesnant-camping-finistere-768x512.webp 768w\" sizes=\"(max-width: 1200px) 100vw, 1200px\" \/><\/a><\/figure>\n<\/div>\n<\/div>\n\n\r\n    <\/div>\r\n<\/section><section id=\"ls-section-block_334144b137b58af4fce05e97cabc09cd\" class=\"ls-section  page-maillage experience has-p-t p-t-0\" >\r\n        <div class=\"container container--wide\">\r\n        \n\n<div id=\"ls-heading ls-titre-div-block_ac1a055496b535b655d235ddb9e6e2cd\" class=\"ls-titre-div aligncenter h2-like\" >\n    <strong>Entdecken <\/strong> Sie unsere Umgebung<\/div>\n\n\n<div id=\"ls-maillage-block_5e4d43fc4ff57514fcdd2fd635cd1306\" class=\"ls-maillage cta-style-normal\" data-rows=\"3\">\n    <div class=\"wp-block-columns\"><div class=\"wp-block-column\"><div id=\"destinations\" class=\"ls-cta\">\n\n<a href=\"https:\/\/vorlen.geek-tonic.dev\/de\/strand-pointe-mousterlin-camping-finistere\/\" target=\"\" rel=\"noopener\" class=\"ls-cta__link\">\n\n\t<div class=\"ls-cta__image\"><img decoding=\"async\" src=\"https:\/\/vorlen.geek-tonic.dev\/wp-content\/uploads\/sites\/13\/2024\/02\/plage-pointe-mousterlin-camping-finistere.webp\" alt=\"Strand pointe mousterlin camping finistere\"><\/div>\n\t<div class=\"ls-cta__title\">\n\t\tSpitze von Mousterlin\t<\/div>\n\n\t\t\n<\/a><\/div><\/div><div class=\"wp-block-column\"><div id=\"destinations\" class=\"ls-cta\">\n\n<a href=\"https:\/\/vorlen.geek-tonic.dev\/de\/campingplatzes-glenan-archipel\/\" target=\"\" rel=\"noopener\" class=\"ls-cta__link\">\n\n\t<div class=\"ls-cta__image\"><img decoding=\"async\" src=\"https:\/\/vorlen.geek-tonic.dev\/wp-content\/uploads\/sites\/13\/2024\/02\/visite-archipel-glenan-camping-finistere.webp\" alt=\"visite archipel glenan camping finistere\"><\/div>\n\t<div class=\"ls-cta__title\">\n\t\tDas Gl\u00e9nan-Archipel\t<\/div>\n\n\t\t\n<\/a><\/div><\/div><div class=\"wp-block-column\"><div id=\"destinations\" class=\"ls-cta\">\n\n<a href=\"https:\/\/vorlen.geek-tonic.dev\/de\/tourismus-beg-meil\/\" target=\"\" rel=\"noopener\" class=\"ls-cta__link\">\n\n\t<div class=\"ls-cta__image\"><img decoding=\"async\" src=\"https:\/\/vorlen.geek-tonic.dev\/wp-content\/uploads\/sites\/13\/2024\/02\/visite-beg-meil-camping-finistere.webp\" alt=\"Besuch beg meil camping finistere\"><\/div>\n\t<div class=\"ls-cta__title\">\n\t\tBeg-Meil\t<\/div>\n\n\t\t\n<\/a><\/div><\/div><\/div><\/div>\n\r\n    <\/div>\r\n<\/section>","protected":false},"excerpt":{"rendered":"","protected":false},"author":1,"featured_media":1750,"parent":0,"menu_order":0,"comment_status":"closed","ping_status":"closed","template":"","meta":{"_acf_changed":false,"footnotes":""},"sujet":[],"class_list":["post-1749","page","type-page","status-publish","has-post-thumbnail","hentry"],"acf":[],"yoast_head":"<!-- This site is optimized with the Yoast SEO plugin v23.9 - https:\/\/yoast.com\/wordpress\/plugins\/seo\/ -->\n<title>Sehensw\u00fcrdigkeiten in Fouesnant: Ausfl\u00fcge und sportliche Aktivit\u00e4ten<\/title>\n<meta name=\"description\" content=\"Fouesnant, in der Bretagne, bezaubert durch seine Ruhe und sein Erbe. Zwischen Str\u00e4nden und Natur bietet die Stadt lokale Gastronomie und Aktivit\u00e4ten im Freien, die es zu entdecken gilt.\" \/>\n<meta name=\"robots\" content=\"noindex, follow, max-snippet:-1, max-image-preview:large, max-video-preview:-1\" \/>\n<meta property=\"og:locale\" content=\"de_DE\" \/>\n<meta property=\"og:type\" content=\"article\" \/>\n<meta property=\"og:title\" content=\"Sehensw\u00fcrdigkeiten in Fouesnant: Ausfl\u00fcge und sportliche Aktivit\u00e4ten\" \/>\n<meta property=\"og:description\" content=\"Fouesnant, in der Bretagne, bezaubert durch seine Ruhe und sein Erbe. Zwischen Str\u00e4nden und Natur bietet die Stadt lokale Gastronomie und Aktivit\u00e4ten im Freien, die es zu entdecken gilt.\" \/>\n<meta property=\"og:url\" content=\"https:\/\/vorlen.geek-tonic.dev\/de\/tourismus-fouesnant\/\" \/>\n<meta property=\"og:site_name\" content=\"Camping Le Vorlen\" \/>\n<meta property=\"article:modified_time\" content=\"2024-04-18T14:15:40+00:00\" \/>\n<meta property=\"og:image\" content=\"https:\/\/vorlen.geek-tonic.dev\/wp-content\/uploads\/sites\/13\/2024\/02\/visite-fouesnant-camping-finistere.webp\" \/>\n\t<meta property=\"og:image:width\" content=\"2000\" \/>\n\t<meta property=\"og:image:height\" content=\"1000\" \/>\n\t<meta property=\"og:image:type\" content=\"image\/webp\" \/>\n<meta name=\"twitter:card\" content=\"summary_large_image\" \/>\n<meta name=\"twitter:label1\" content=\"Gesch\u00e4tzte Lesezeit\" \/>\n\t<meta name=\"twitter:data1\" content=\"2\u00a0Minuten\" \/>\n<script type=\"application\/ld+json\" class=\"yoast-schema-graph\">{\"@context\":\"https:\/\/schema.org\",\"@graph\":[{\"@type\":\"WebPage\",\"@id\":\"https:\/\/vorlen.geek-tonic.dev\/de\/tourismus-fouesnant\/\",\"url\":\"https:\/\/vorlen.geek-tonic.dev\/de\/tourismus-fouesnant\/\",\"name\":\"Sehensw\u00fcrdigkeiten in Fouesnant: Ausfl\u00fcge und sportliche Aktivit\u00e4ten\",\"isPartOf\":{\"@id\":\"https:\/\/vorlen.geek-tonic.dev\/de\/#website\"},\"primaryImageOfPage\":{\"@id\":\"https:\/\/vorlen.geek-tonic.dev\/de\/tourismus-fouesnant\/#primaryimage\"},\"image\":{\"@id\":\"https:\/\/vorlen.geek-tonic.dev\/de\/tourismus-fouesnant\/#primaryimage\"},\"thumbnailUrl\":\"https:\/\/vorlen.geek-tonic.dev\/wp-content\/uploads\/sites\/13\/2024\/02\/visite-fouesnant-camping-finistere.webp\",\"datePublished\":\"2024-01-02T13:13:42+00:00\",\"dateModified\":\"2024-04-18T14:15:40+00:00\",\"description\":\"Fouesnant, in der Bretagne, bezaubert durch seine Ruhe und sein Erbe. Zwischen Str\u00e4nden und Natur bietet die Stadt lokale Gastronomie und Aktivit\u00e4ten im Freien, die es zu entdecken gilt.\",\"breadcrumb\":{\"@id\":\"https:\/\/vorlen.geek-tonic.dev\/de\/tourismus-fouesnant\/#breadcrumb\"},\"inLanguage\":\"de\",\"potentialAction\":[{\"@type\":\"ReadAction\",\"target\":[\"https:\/\/vorlen.geek-tonic.dev\/de\/tourismus-fouesnant\/\"]}]},{\"@type\":\"ImageObject\",\"inLanguage\":\"de\",\"@id\":\"https:\/\/vorlen.geek-tonic.dev\/de\/tourismus-fouesnant\/#primaryimage\",\"url\":\"https:\/\/vorlen.geek-tonic.dev\/wp-content\/uploads\/sites\/13\/2024\/02\/visite-fouesnant-camping-finistere.webp\",\"contentUrl\":\"https:\/\/vorlen.geek-tonic.dev\/wp-content\/uploads\/sites\/13\/2024\/02\/visite-fouesnant-camping-finistere.webp\",\"width\":2000,\"height\":1000,\"caption\":\"besuch fouesnant camping finistere\"},{\"@type\":\"BreadcrumbList\",\"@id\":\"https:\/\/vorlen.geek-tonic.dev\/de\/tourismus-fouesnant\/#breadcrumb\",\"itemListElement\":[{\"@type\":\"ListItem\",\"position\":1,\"name\":\"Camping dans le Finist\u00e8re Sud\",\"item\":\"https:\/\/vorlen.geek-tonic.dev\/de\/\"},{\"@type\":\"ListItem\",\"position\":2,\"name\":\"Tourismus in Fouesnant\"}]},{\"@type\":\"WebSite\",\"@id\":\"https:\/\/vorlen.geek-tonic.dev\/de\/#website\",\"url\":\"https:\/\/vorlen.geek-tonic.dev\/de\/\",\"name\":\"Camping Le Vorlen\",\"description\":\"\",\"publisher\":{\"@id\":\"https:\/\/vorlen.geek-tonic.dev\/de\/#organization\"},\"potentialAction\":[{\"@type\":\"SearchAction\",\"target\":{\"@type\":\"EntryPoint\",\"urlTemplate\":\"https:\/\/vorlen.geek-tonic.dev\/de\/?s={search_term_string}\"},\"query-input\":{\"@type\":\"PropertyValueSpecification\",\"valueRequired\":true,\"valueName\":\"search_term_string\"}}],\"inLanguage\":\"de\"},{\"@type\":\"Organization\",\"@id\":\"https:\/\/vorlen.geek-tonic.dev\/de\/#organization\",\"name\":\"Camping Le Vorlen\",\"url\":\"https:\/\/vorlen.geek-tonic.dev\/de\/\",\"logo\":{\"@type\":\"ImageObject\",\"inLanguage\":\"de\",\"@id\":\"https:\/\/vorlen.geek-tonic.dev\/de\/#\/schema\/logo\/image\/\",\"url\":\"https:\/\/vorlen.geek-tonic.dev\/wp-content\/uploads\/sites\/13\/2024\/03\/cropped-logo-Flower-camping-Le-Vorlen.png\",\"contentUrl\":\"https:\/\/vorlen.geek-tonic.dev\/wp-content\/uploads\/sites\/13\/2024\/03\/cropped-logo-Flower-camping-Le-Vorlen.png\",\"width\":500,\"height\":660,\"caption\":\"Camping Le Vorlen\"},\"image\":{\"@id\":\"https:\/\/vorlen.geek-tonic.dev\/de\/#\/schema\/logo\/image\/\"}}]}<\/script>\n<!-- \/ Yoast SEO plugin. -->","yoast_head_json":{"title":"Sehensw\u00fcrdigkeiten in Fouesnant: Ausfl\u00fcge und sportliche Aktivit\u00e4ten","description":"Fouesnant, in der Bretagne, bezaubert durch seine Ruhe und sein Erbe. Zwischen Str\u00e4nden und Natur bietet die Stadt lokale Gastronomie und Aktivit\u00e4ten im Freien, die es zu entdecken gilt.","robots":{"index":"noindex","follow":"follow","max-snippet":"max-snippet:-1","max-image-preview":"max-image-preview:large","max-video-preview":"max-video-preview:-1"},"og_locale":"de_DE","og_type":"article","og_title":"Sehensw\u00fcrdigkeiten in Fouesnant: Ausfl\u00fcge und sportliche Aktivit\u00e4ten","og_description":"Fouesnant, in der Bretagne, bezaubert durch seine Ruhe und sein Erbe. Zwischen Str\u00e4nden und Natur bietet die Stadt lokale Gastronomie und Aktivit\u00e4ten im Freien, die es zu entdecken gilt.","og_url":"https:\/\/vorlen.geek-tonic.dev\/de\/tourismus-fouesnant\/","og_site_name":"Camping Le Vorlen","article_modified_time":"2024-04-18T14:15:40+00:00","og_image":[{"width":2000,"height":1000,"url":"https:\/\/vorlen.geek-tonic.dev\/wp-content\/uploads\/sites\/13\/2024\/02\/visite-fouesnant-camping-finistere.webp","type":"image\/webp"}],"twitter_card":"summary_large_image","twitter_misc":{"Gesch\u00e4tzte Lesezeit":"2\u00a0Minuten"},"schema":{"@context":"https:\/\/schema.org","@graph":[{"@type":"WebPage","@id":"https:\/\/vorlen.geek-tonic.dev\/de\/tourismus-fouesnant\/","url":"https:\/\/vorlen.geek-tonic.dev\/de\/tourismus-fouesnant\/","name":"Sehensw\u00fcrdigkeiten in Fouesnant: Ausfl\u00fcge und sportliche Aktivit\u00e4ten","isPartOf":{"@id":"https:\/\/vorlen.geek-tonic.dev\/de\/#website"},"primaryImageOfPage":{"@id":"https:\/\/vorlen.geek-tonic.dev\/de\/tourismus-fouesnant\/#primaryimage"},"image":{"@id":"https:\/\/vorlen.geek-tonic.dev\/de\/tourismus-fouesnant\/#primaryimage"},"thumbnailUrl":"https:\/\/vorlen.geek-tonic.dev\/wp-content\/uploads\/sites\/13\/2024\/02\/visite-fouesnant-camping-finistere.webp","datePublished":"2024-01-02T13:13:42+00:00","dateModified":"2024-04-18T14:15:40+00:00","description":"Fouesnant, in der Bretagne, bezaubert durch seine Ruhe und sein Erbe. Zwischen Str\u00e4nden und Natur bietet die Stadt lokale Gastronomie und Aktivit\u00e4ten im Freien, die es zu entdecken gilt.","breadcrumb":{"@id":"https:\/\/vorlen.geek-tonic.dev\/de\/tourismus-fouesnant\/#breadcrumb"},"inLanguage":"de","potentialAction":[{"@type":"ReadAction","target":["https:\/\/vorlen.geek-tonic.dev\/de\/tourismus-fouesnant\/"]}]},{"@type":"ImageObject","inLanguage":"de","@id":"https:\/\/vorlen.geek-tonic.dev\/de\/tourismus-fouesnant\/#primaryimage","url":"https:\/\/vorlen.geek-tonic.dev\/wp-content\/uploads\/sites\/13\/2024\/02\/visite-fouesnant-camping-finistere.webp","contentUrl":"https:\/\/vorlen.geek-tonic.dev\/wp-content\/uploads\/sites\/13\/2024\/02\/visite-fouesnant-camping-finistere.webp","width":2000,"height":1000,"caption":"besuch fouesnant camping finistere"},{"@type":"BreadcrumbList","@id":"https:\/\/vorlen.geek-tonic.dev\/de\/tourismus-fouesnant\/#breadcrumb","itemListElement":[{"@type":"ListItem","position":1,"name":"Camping dans le Finist\u00e8re Sud","item":"https:\/\/vorlen.geek-tonic.dev\/de\/"},{"@type":"ListItem","position":2,"name":"Tourismus in Fouesnant"}]},{"@type":"WebSite","@id":"https:\/\/vorlen.geek-tonic.dev\/de\/#website","url":"https:\/\/vorlen.geek-tonic.dev\/de\/","name":"Camping Le Vorlen","description":"","publisher":{"@id":"https:\/\/vorlen.geek-tonic.dev\/de\/#organization"},"potentialAction":[{"@type":"SearchAction","target":{"@type":"EntryPoint","urlTemplate":"https:\/\/vorlen.geek-tonic.dev\/de\/?s={search_term_string}"},"query-input":{"@type":"PropertyValueSpecification","valueRequired":true,"valueName":"search_term_string"}}],"inLanguage":"de"},{"@type":"Organization","@id":"https:\/\/vorlen.geek-tonic.dev\/de\/#organization","name":"Camping Le Vorlen","url":"https:\/\/vorlen.geek-tonic.dev\/de\/","logo":{"@type":"ImageObject","inLanguage":"de","@id":"https:\/\/vorlen.geek-tonic.dev\/de\/#\/schema\/logo\/image\/","url":"https:\/\/vorlen.geek-tonic.dev\/wp-content\/uploads\/sites\/13\/2024\/03\/cropped-logo-Flower-camping-Le-Vorlen.png","contentUrl":"https:\/\/vorlen.geek-tonic.dev\/wp-content\/uploads\/sites\/13\/2024\/03\/cropped-logo-Flower-camping-Le-Vorlen.png","width":500,"height":660,"caption":"Camping Le Vorlen"},"image":{"@id":"https:\/\/vorlen.geek-tonic.dev\/de\/#\/schema\/logo\/image\/"}}]}},"_links":{"self":[{"href":"https:\/\/vorlen.geek-tonic.dev\/de\/wp-json\/wp\/v2\/pages\/1749","targetHints":{"allow":["GET"]}}],"collection":[{"href":"https:\/\/vorlen.geek-tonic.dev\/de\/wp-json\/wp\/v2\/pages"}],"about":[{"href":"https:\/\/vorlen.geek-tonic.dev\/de\/wp-json\/wp\/v2\/types\/page"}],"author":[{"embeddable":true,"href":"https:\/\/vorlen.geek-tonic.dev\/de\/wp-json\/wp\/v2\/users\/1"}],"replies":[{"embeddable":true,"href":"https:\/\/vorlen.geek-tonic.dev\/de\/wp-json\/wp\/v2\/comments?post=1749"}],"version-history":[{"count":1,"href":"https:\/\/vorlen.geek-tonic.dev\/de\/wp-json\/wp\/v2\/pages\/1749\/revisions"}],"predecessor-version":[{"id":1756,"href":"https:\/\/vorlen.geek-tonic.dev\/de\/wp-json\/wp\/v2\/pages\/1749\/revisions\/1756"}],"wp:featuredmedia":[{"embeddable":true,"href":"https:\/\/vorlen.geek-tonic.dev\/de\/wp-json\/wp\/v2\/media\/1750"}],"wp:attachment":[{"href":"https:\/\/vorlen.geek-tonic.dev\/de\/wp-json\/wp\/v2\/media?parent=1749"}],"wp:term":[{"taxonomy":"sujet","embeddable":true,"href":"https:\/\/vorlen.geek-tonic.dev\/de\/wp-json\/wp\/v2\/sujet?post=1749"}],"curies":[{"name":"wp","href":"https:\/\/api.w.org\/{rel}","templated":true}]}}