{"id":1770,"date":"2024-02-26T15:33:14","date_gmt":"2024-02-26T14:33:14","guid":{"rendered":"https:\/\/www.vorlen.geek-tonic.dev\/tourismus-beg-meil\/"},"modified":"2024-04-18T16:16:12","modified_gmt":"2024-04-18T14:16:12","slug":"tourismus-beg-meil","status":"publish","type":"page","link":"https:\/\/vorlen.geek-tonic.dev\/de\/tourismus-beg-meil\/","title":{"rendered":"Beg-Meil"},"content":{"rendered":"<section id=\"ls-section-block_3e8063eb86252975c6c6c3fb0140edaf\" class=\"ls-section  page-one has-background has-color-4-background-color has-m-t m-t-0 has-m-b m-b-0 has-p-t p-t-14 has-p-b p-b-14\" >\r\n        <div class=\"container container--wide\">\r\n        \n\n<div class=\"wp-block-columns is-layout-flex wp-container-core-columns-is-layout-1 wp-block-columns-is-layout-flex\">\n<div class=\"wp-block-column animated fadeInLeft delay-100ms slow is-layout-flow wp-block-column-is-layout-flow\" style=\"flex-basis:45%\">\n<figure class=\"wp-block-image size-full\"><a href=\"https:\/\/www.vorlen.geek-tonic.dev\/wp-content\/uploads\/sites\/13\/2024\/01\/tourisme-beg-meil.webp\"><img decoding=\"async\" width=\"2000\" height=\"1250\" src=\"https:\/\/www.vorlen.geek-tonic.dev\/wp-content\/uploads\/sites\/13\/2024\/01\/tourisme-beg-meil.webp\" alt=\"Tourismus beg meil\" class=\"wp-image-437\" srcset=\"https:\/\/vorlen.geek-tonic.dev\/wp-content\/uploads\/sites\/13\/2024\/01\/tourisme-beg-meil.webp 2000w, https:\/\/vorlen.geek-tonic.dev\/wp-content\/uploads\/sites\/13\/2024\/01\/tourisme-beg-meil-300x188.webp 300w, https:\/\/vorlen.geek-tonic.dev\/wp-content\/uploads\/sites\/13\/2024\/01\/tourisme-beg-meil-1024x640.webp 1024w, https:\/\/vorlen.geek-tonic.dev\/wp-content\/uploads\/sites\/13\/2024\/01\/tourisme-beg-meil-768x480.webp 768w, https:\/\/vorlen.geek-tonic.dev\/wp-content\/uploads\/sites\/13\/2024\/01\/tourisme-beg-meil-1536x960.webp 1536w\" sizes=\"(max-width: 2000px) 100vw, 2000px\" \/><\/a><\/figure>\n<\/div>\n\n\n\n<div class=\"wp-block-column animated fadeInRight slow is-layout-flow wp-block-column-is-layout-flow\" style=\"flex-basis:55%\">\n<h1 class=\"ls__heading wp-block-heading\">Aufenthalt auf einem Campingplatz in der N\u00e4he von Beg-Meil<\/h1>\n\n\n\n<h2 class=\"ls__heading wp-block-heading\">Entdeckung von Beg-Meil<\/h2>\n\n\n\n<p class=\"ls-paragraph\">Ihr Campingplatz liegt nur eine kurze Fahrt von <a href=\"https:\/\/www.tourismebretagne.com\/destinations\/les-10-destinations\/quimper-cornouaille\/les-criques-de-beg-meil-et-la-pointe-de-mousterlin\/\" target=\"_blank\" rel=\"noreferrer noopener\">Beg-Meil<\/a> entfernt und ist der ideale Ausgangspunkt, um die Atmosph\u00e4re dieses<strong> bretonischen K\u00fcstendorfes<\/strong> zu erleben.<\/p>\n\n\n\n<p class=\"ls-paragraph\">Unser 3-Sterne-Campingplatz liegt nur wenige Minuten von diesem charmanten Ort entfernt und bietet Ihnen den perfekten Ort, um <strong>die Wunder von Beg-Meil<\/strong> und seiner Umgebung zu <strong>erkunden<\/strong>.<\/p>\n\n\n\n<h2 class=\"ls__heading wp-block-heading\">Eine Stadt mit unbestreitbarem Charme<\/h2>\n\n\n\n<p class=\"ls-paragraph\">Beg-Meil ist ein echtes <strong>bretonisches<\/strong> <strong>Juwel<\/strong>, das Ihnen w\u00e4hrend Ihres Campingurlaubs seine T\u00fcren \u00f6ffnet. Genie\u00dfen Sie die feinen Sandstr\u00e4nde, an denen Familien schwimmen und romantische Spazierg\u00e4nge bei Sonnenuntergang m\u00f6glich sind. Sie werden von der <strong>authentischen<\/strong> <strong>Atmosph\u00e4re<\/strong> und der <strong>lebendigen<\/strong> <strong>Kultur<\/strong> begeistert sein, die vom<strong> Cittaslow-Label<\/strong> f\u00fcr <strong>gutes Leben<\/strong> gepr\u00e4gt ist.<\/p>\n\n\n\n<p class=\"ls-paragraph\">Erkunden Sie die Gassen von Beg-Meil, entdecken Sie die <strong>typischen<\/strong> <strong>Gesch\u00e4fte<\/strong> und probieren Sie die <strong>lokalen<\/strong> <strong>K\u00f6stlichkeiten<\/strong> in den <strong>Restaurants<\/strong> und <strong>Cr\u00eaperien<\/strong>. Genie\u00dfen Sie diese bretonische Auszeit in vollen Z\u00fcgen und g\u00f6nnen Sie sich den Komfort und die Gem\u00fctlichkeit unseres 3-Sterne-Campingplatzes, der nur wenige Schritte von dieser Perle der bretonischen K\u00fcste entfernt liegt.<\/p>\n<\/div>\n<\/div>\n\n\r\n    <\/div>\r\n<\/section><section id=\"ls-section-block_4439eef5ec560a9f6425e807d8cfdf57\" class=\"ls-section  home-gallery has-background has-color-4-background-color has-m-t m-t-0 has-p-t p-t-0\" >\r\n        <div class=\"container container--full\">\r\n        \n\n<figure class=\"wp-block-gallery has-nested-images columns-1 is-cropped galerie-slider-container wp-block-gallery-1 is-layout-flex wp-block-gallery-is-layout-flex\">\n<figure class=\"wp-block-image size-full\"><a href=\"https:\/\/www.vorlen.geek-tonic.dev\/wp-content\/uploads\/sites\/13\/2024\/01\/tourisme-camping-fouesnant.webp\"><img decoding=\"async\" width=\"1200\" height=\"800\" src=\"https:\/\/www.vorlen.geek-tonic.dev\/wp-content\/uploads\/sites\/13\/2024\/01\/tourisme-camping-fouesnant.webp\" alt=\"Tourismus Campingplatz Fouesnant\" class=\"wp-image-476\" srcset=\"https:\/\/vorlen.geek-tonic.dev\/wp-content\/uploads\/sites\/13\/2024\/01\/tourisme-camping-fouesnant.webp 1200w, https:\/\/vorlen.geek-tonic.dev\/wp-content\/uploads\/sites\/13\/2024\/01\/tourisme-camping-fouesnant-300x200.webp 300w, https:\/\/vorlen.geek-tonic.dev\/wp-content\/uploads\/sites\/13\/2024\/01\/tourisme-camping-fouesnant-1024x683.webp 1024w, https:\/\/vorlen.geek-tonic.dev\/wp-content\/uploads\/sites\/13\/2024\/01\/tourisme-camping-fouesnant-768x512.webp 768w\" sizes=\"(max-width: 1200px) 100vw, 1200px\" \/><\/a><\/figure>\n\n\n\n<figure class=\"wp-block-image size-full\"><a href=\"https:\/\/www.vorlen.geek-tonic.dev\/wp-content\/uploads\/sites\/13\/2024\/02\/decouvrir-point-mousterlin-camping-finistere.webp\"><img decoding=\"async\" width=\"1200\" height=\"800\" src=\"https:\/\/www.vorlen.geek-tonic.dev\/wp-content\/uploads\/sites\/13\/2024\/02\/decouvrir-point-mousterlin-camping-finistere.webp\" alt=\"decouvrir point mousterlin camping finistere\" class=\"wp-image-797\" srcset=\"https:\/\/vorlen.geek-tonic.dev\/wp-content\/uploads\/sites\/13\/2024\/02\/decouvrir-point-mousterlin-camping-finistere.webp 1200w, https:\/\/vorlen.geek-tonic.dev\/wp-content\/uploads\/sites\/13\/2024\/02\/decouvrir-point-mousterlin-camping-finistere-300x200.webp 300w, https:\/\/vorlen.geek-tonic.dev\/wp-content\/uploads\/sites\/13\/2024\/02\/decouvrir-point-mousterlin-camping-finistere-1024x683.webp 1024w, https:\/\/vorlen.geek-tonic.dev\/wp-content\/uploads\/sites\/13\/2024\/02\/decouvrir-point-mousterlin-camping-finistere-768x512.webp 768w\" sizes=\"(max-width: 1200px) 100vw, 1200px\" \/><\/a><\/figure>\n\n\n\n<figure class=\"wp-block-image size-full\"><a href=\"https:\/\/www.vorlen.geek-tonic.dev\/wp-content\/uploads\/sites\/13\/2024\/02\/emplacement-camping-finistere.webp\"><img decoding=\"async\" width=\"1200\" height=\"800\" src=\"https:\/\/www.vorlen.geek-tonic.dev\/wp-content\/uploads\/sites\/13\/2024\/02\/emplacement-camping-finistere.webp\" alt=\"emplacement camping finistere\" class=\"wp-image-676\" srcset=\"https:\/\/vorlen.geek-tonic.dev\/wp-content\/uploads\/sites\/13\/2024\/02\/emplacement-camping-finistere.webp 1200w, https:\/\/vorlen.geek-tonic.dev\/wp-content\/uploads\/sites\/13\/2024\/02\/emplacement-camping-finistere-300x200.webp 300w, https:\/\/vorlen.geek-tonic.dev\/wp-content\/uploads\/sites\/13\/2024\/02\/emplacement-camping-finistere-1024x683.webp 1024w, https:\/\/vorlen.geek-tonic.dev\/wp-content\/uploads\/sites\/13\/2024\/02\/emplacement-camping-finistere-768x512.webp 768w\" sizes=\"(max-width: 1200px) 100vw, 1200px\" \/><\/a><\/figure>\n<\/figure>\n\n\r\n    <\/div>\r\n<\/section><section id=\"ls-section-block_2f857396cf9c59fa294f7e6e2f5ec6a8\" class=\"ls-section  page-one aventure\" >\r\n        <div class=\"container container--wide\">\r\n        \n\n<div class=\"wp-block-columns is-layout-flex wp-container-core-columns-is-layout-2 wp-block-columns-is-layout-flex\">\n<div class=\"wp-block-column first animated fadeInLeft delay-100ms slow is-layout-flow wp-block-column-is-layout-flow\" style=\"flex-basis:45%\">\n<figure class=\"wp-block-image size-full\"><a href=\"https:\/\/www.vorlen.geek-tonic.dev\/wp-content\/uploads\/sites\/13\/2024\/02\/ballade-beg-meil-camping-finistere.webp\"><img decoding=\"async\" width=\"1200\" height=\"800\" src=\"https:\/\/www.vorlen.geek-tonic.dev\/wp-content\/uploads\/sites\/13\/2024\/02\/ballade-beg-meil-camping-finistere.webp\" alt=\"Ballade beg meil camping finistere\" class=\"wp-image-827\" srcset=\"https:\/\/vorlen.geek-tonic.dev\/wp-content\/uploads\/sites\/13\/2024\/02\/ballade-beg-meil-camping-finistere.webp 1200w, https:\/\/vorlen.geek-tonic.dev\/wp-content\/uploads\/sites\/13\/2024\/02\/ballade-beg-meil-camping-finistere-300x200.webp 300w, https:\/\/vorlen.geek-tonic.dev\/wp-content\/uploads\/sites\/13\/2024\/02\/ballade-beg-meil-camping-finistere-1024x683.webp 1024w, https:\/\/vorlen.geek-tonic.dev\/wp-content\/uploads\/sites\/13\/2024\/02\/ballade-beg-meil-camping-finistere-768x512.webp 768w\" sizes=\"(max-width: 1200px) 100vw, 1200px\" \/><\/a><\/figure>\n<\/div>\n\n\n\n<div class=\"wp-block-column is-vertically-aligned-center second animated fadeInRight slow is-layout-flow wp-block-column-is-layout-flow\" style=\"flex-basis:55%\">\n<h2 class=\"ls__heading wp-block-heading has-text-align-left\">Aktivit\u00e4ten im Herzen von Beg-Meil<\/h2>\n\n\n\n<p class=\"ls-paragraph\">Beg-Meil ist ein Ort, der Sie mit seiner <strong>entspannten<\/strong> <strong>Atmosph\u00e4re<\/strong> und seinem <strong>authentischen<\/strong> <strong>Charme<\/strong> begeistern wird. Dieses kleine bretonische Dorf bietet eine Vielzahl von Aktivit\u00e4ten f\u00fcr jeden Geschmack. Sie k\u00f6nnen die feinen Sandstr\u00e4nde erkunden, die perfekt zum Schwimmen und f\u00fcr romantische <a href=\"https:\/\/www.tourisme-fouesnant.fr\/itineraire\/autour-de-beg-meil-fouesnant\/\" target=\"_blank\" rel=\"noreferrer noopener\">Spazierg\u00e4nge<\/a> bei Sonnenuntergang geeignet sind.<\/p>\n\n\n\n<p class=\"ls-paragraph\">W\u00e4hrend Ihres Aufenthalts im Vorlen k\u00f6nnen Sie den vielen Aktivit\u00e4ten in Beg Meil nachgehen. Wassersportler k\u00f6nnen segeln, Kajak fahren und Stand-up-Paddling betreiben, wobei die Ausr\u00fcstung vom Centre Nautique Fouesnant-Cornouaille zur Verf\u00fcgung gestellt wird.  <\/p>\n\n\n\n<p class=\"ls-paragraph\">Katamaranausfl\u00fcge nach Concarneau oder zum<a href=\"https:\/\/www.vorlen.geek-tonic.dev\/de\/campingplatzes-glenan-archipel\/\">Gl\u00e9nan-Archipel<\/a> bieten ein atemberaubendes Meerespanorama. Entdecken Sie den lokalen Charme bei Spazierg\u00e4ngen durch das malerische Dorf, Wanderungen entlang der K\u00fcste und Besuchen des Sommermarktes, um die regionalen Produkte zu probieren. Die Str\u00e4nde von Beg Meil sind ideal zum Schwimmen und Sonnenbaden und machen diesen Ort noch attraktiver.<\/p>\n<\/div>\n<\/div>\n\n\r\n    <\/div>\r\n<\/section><section id=\"ls-section-block_54a0dfb3b06d67654caa0d555ac08d21\" class=\"ls-section  page-maillage experience has-p-t p-t-0\" >\r\n        <div class=\"container container--wide\">\r\n        \n\n<div id=\"ls-heading ls-titre-div-block_af66f5eefa2f5d09388ee09eb631e557\" class=\"ls-titre-div aligncenter h2-like\" >\n    <strong>Entdecken <\/strong> Sie unsere Umgebung<\/div>\n\n\n<div id=\"ls-maillage-block_fd55ba93c67fefb7fae68b8a64bf1cc2\" class=\"ls-maillage cta-style-normal\" data-rows=\"3\">\n    <div class=\"wp-block-columns\"><div class=\"wp-block-column\"><div id=\"destinations\" class=\"ls-cta\">\n\n<a href=\"https:\/\/vorlen.geek-tonic.dev\/de\/tourismus-pays-fouesnantais\/\" target=\"\" rel=\"noopener\" class=\"ls-cta__link\">\n\n\t<div class=\"ls-cta__image\"><img decoding=\"async\" src=\"https:\/\/vorlen.geek-tonic.dev\/wp-content\/uploads\/sites\/13\/2024\/02\/tourisme-randonnee-camping-finistere.webp\" alt=\"Tourismus Wandern Camping Finistere\"><\/div>\n\t<div class=\"ls-cta__title\">\n\t\tWandern im Pays fouesnantais\t<\/div>\n\n\t\t\n<\/a><\/div><\/div><div class=\"wp-block-column\"><div id=\"destinations\" class=\"ls-cta\">\n\n<a href=\"https:\/\/vorlen.geek-tonic.dev\/de\/campingplatz-cap-coz\/\" target=\"\" rel=\"noopener\" class=\"ls-cta__link\">\n\n\t<div class=\"ls-cta__image\"><img decoding=\"async\" src=\"https:\/\/vorlen.geek-tonic.dev\/wp-content\/uploads\/sites\/13\/2024\/02\/decouvrir-cap-coz-camping-finistere.webp\" alt=\"Entdecken Sie Cap Coz Camping Finistere\"><\/div>\n\t<div class=\"ls-cta__title\">\n\t\tCap-Coz\t<\/div>\n\n\t\t\n<\/a><\/div><\/div><div class=\"wp-block-column\"><div id=\"destinations\" class=\"ls-cta\">\n\n<a href=\"https:\/\/vorlen.geek-tonic.dev\/de\/golf-de-cornouaille-campingplatz\/\" target=\"\" rel=\"noopener\" class=\"ls-cta__link\">\n\n\t<div class=\"ls-cta__image\"><img decoding=\"async\" src=\"https:\/\/vorlen.geek-tonic.dev\/wp-content\/uploads\/sites\/13\/2024\/02\/tourisme-caolf-cornouaille-camping-finistere.webp\" alt=\"Tourismus caolf cornouaille camping finistere\"><\/div>\n\t<div class=\"ls-cta__title\">\n\t\tGolf de Cornouaille\t<\/div>\n\n\t\t\n<\/a><\/div><\/div><\/div><\/div>\n\r\n    <\/div>\r\n<\/section>","protected":false},"excerpt":{"rendered":"","protected":false},"author":1,"featured_media":1773,"parent":0,"menu_order":0,"comment_status":"closed","ping_status":"closed","template":"","meta":{"_acf_changed":false,"footnotes":""},"sujet":[],"class_list":["post-1770","page","type-page","status-publish","has-post-thumbnail","hentry"],"acf":[],"yoast_head":"<!-- This site is optimized with the Yoast SEO plugin v23.9 - https:\/\/yoast.com\/wordpress\/plugins\/seo\/ -->\n<title>Camping in der N\u00e4he von Beg-Meil: authentische Kultur und Atmosph\u00e4re<\/title>\n<meta name=\"description\" content=\"Entdecken Sie w\u00e4hrend Ihres Aufenthalts auf dem Campingplatz das K\u00fcstendorf Beg-Meil, ein bretonisches Juwel mit feinen Sandstr\u00e4nden und einem unsch\u00e4tzbaren Kulturerbe.\" \/>\n<meta name=\"robots\" content=\"noindex, follow, max-snippet:-1, max-image-preview:large, max-video-preview:-1\" \/>\n<meta property=\"og:locale\" content=\"de_DE\" \/>\n<meta property=\"og:type\" content=\"article\" \/>\n<meta property=\"og:title\" content=\"Camping in der N\u00e4he von Beg-Meil: authentische Kultur und Atmosph\u00e4re\" \/>\n<meta property=\"og:description\" content=\"Entdecken Sie w\u00e4hrend Ihres Aufenthalts auf dem Campingplatz das K\u00fcstendorf Beg-Meil, ein bretonisches Juwel mit feinen Sandstr\u00e4nden und einem unsch\u00e4tzbaren Kulturerbe.\" \/>\n<meta property=\"og:url\" content=\"https:\/\/vorlen.geek-tonic.dev\/de\/tourismus-beg-meil\/\" \/>\n<meta property=\"og:site_name\" content=\"Camping Le Vorlen\" \/>\n<meta property=\"article:modified_time\" content=\"2024-04-18T14:16:12+00:00\" \/>\n<meta property=\"og:image\" content=\"https:\/\/vorlen.geek-tonic.dev\/wp-content\/uploads\/sites\/13\/2024\/02\/tourisme-beg-meil-camping-finistere.webp\" \/>\n\t<meta property=\"og:image:width\" content=\"2000\" \/>\n\t<meta property=\"og:image:height\" content=\"1000\" \/>\n\t<meta property=\"og:image:type\" content=\"image\/webp\" \/>\n<meta name=\"twitter:card\" content=\"summary_large_image\" \/>\n<meta name=\"twitter:label1\" content=\"Gesch\u00e4tzte Lesezeit\" \/>\n\t<meta name=\"twitter:data1\" content=\"2\u00a0Minuten\" \/>\n<script type=\"application\/ld+json\" class=\"yoast-schema-graph\">{\"@context\":\"https:\/\/schema.org\",\"@graph\":[{\"@type\":\"WebPage\",\"@id\":\"https:\/\/vorlen.geek-tonic.dev\/de\/tourismus-beg-meil\/\",\"url\":\"https:\/\/vorlen.geek-tonic.dev\/de\/tourismus-beg-meil\/\",\"name\":\"Camping in der N\u00e4he von Beg-Meil: authentische Kultur und Atmosph\u00e4re\",\"isPartOf\":{\"@id\":\"https:\/\/vorlen.geek-tonic.dev\/de\/#website\"},\"primaryImageOfPage\":{\"@id\":\"https:\/\/vorlen.geek-tonic.dev\/de\/tourismus-beg-meil\/#primaryimage\"},\"image\":{\"@id\":\"https:\/\/vorlen.geek-tonic.dev\/de\/tourismus-beg-meil\/#primaryimage\"},\"thumbnailUrl\":\"https:\/\/vorlen.geek-tonic.dev\/wp-content\/uploads\/sites\/13\/2024\/02\/tourisme-beg-meil-camping-finistere.webp\",\"datePublished\":\"2024-02-26T14:33:14+00:00\",\"dateModified\":\"2024-04-18T14:16:12+00:00\",\"description\":\"Entdecken Sie w\u00e4hrend Ihres Aufenthalts auf dem Campingplatz das K\u00fcstendorf Beg-Meil, ein bretonisches Juwel mit feinen Sandstr\u00e4nden und einem unsch\u00e4tzbaren Kulturerbe.\",\"breadcrumb\":{\"@id\":\"https:\/\/vorlen.geek-tonic.dev\/de\/tourismus-beg-meil\/#breadcrumb\"},\"inLanguage\":\"de\",\"potentialAction\":[{\"@type\":\"ReadAction\",\"target\":[\"https:\/\/vorlen.geek-tonic.dev\/de\/tourismus-beg-meil\/\"]}]},{\"@type\":\"ImageObject\",\"inLanguage\":\"de\",\"@id\":\"https:\/\/vorlen.geek-tonic.dev\/de\/tourismus-beg-meil\/#primaryimage\",\"url\":\"https:\/\/vorlen.geek-tonic.dev\/wp-content\/uploads\/sites\/13\/2024\/02\/tourisme-beg-meil-camping-finistere.webp\",\"contentUrl\":\"https:\/\/vorlen.geek-tonic.dev\/wp-content\/uploads\/sites\/13\/2024\/02\/tourisme-beg-meil-camping-finistere.webp\",\"width\":2000,\"height\":1000,\"caption\":\"Tourismus beg meil camping finistere\"},{\"@type\":\"BreadcrumbList\",\"@id\":\"https:\/\/vorlen.geek-tonic.dev\/de\/tourismus-beg-meil\/#breadcrumb\",\"itemListElement\":[{\"@type\":\"ListItem\",\"position\":1,\"name\":\"Camping dans le Finist\u00e8re Sud\",\"item\":\"https:\/\/vorlen.geek-tonic.dev\/de\/\"},{\"@type\":\"ListItem\",\"position\":2,\"name\":\"Campingplatz 7 Min. von Beig-Meil entfernt\"}]},{\"@type\":\"WebSite\",\"@id\":\"https:\/\/vorlen.geek-tonic.dev\/de\/#website\",\"url\":\"https:\/\/vorlen.geek-tonic.dev\/de\/\",\"name\":\"Camping Le Vorlen\",\"description\":\"\",\"publisher\":{\"@id\":\"https:\/\/vorlen.geek-tonic.dev\/de\/#organization\"},\"potentialAction\":[{\"@type\":\"SearchAction\",\"target\":{\"@type\":\"EntryPoint\",\"urlTemplate\":\"https:\/\/vorlen.geek-tonic.dev\/de\/?s={search_term_string}\"},\"query-input\":{\"@type\":\"PropertyValueSpecification\",\"valueRequired\":true,\"valueName\":\"search_term_string\"}}],\"inLanguage\":\"de\"},{\"@type\":\"Organization\",\"@id\":\"https:\/\/vorlen.geek-tonic.dev\/de\/#organization\",\"name\":\"Camping Le Vorlen\",\"url\":\"https:\/\/vorlen.geek-tonic.dev\/de\/\",\"logo\":{\"@type\":\"ImageObject\",\"inLanguage\":\"de\",\"@id\":\"https:\/\/vorlen.geek-tonic.dev\/de\/#\/schema\/logo\/image\/\",\"url\":\"https:\/\/vorlen.geek-tonic.dev\/wp-content\/uploads\/sites\/13\/2024\/03\/cropped-logo-Flower-camping-Le-Vorlen.png\",\"contentUrl\":\"https:\/\/vorlen.geek-tonic.dev\/wp-content\/uploads\/sites\/13\/2024\/03\/cropped-logo-Flower-camping-Le-Vorlen.png\",\"width\":500,\"height\":660,\"caption\":\"Camping Le Vorlen\"},\"image\":{\"@id\":\"https:\/\/vorlen.geek-tonic.dev\/de\/#\/schema\/logo\/image\/\"}}]}<\/script>\n<!-- \/ Yoast SEO plugin. -->","yoast_head_json":{"title":"Camping in der N\u00e4he von Beg-Meil: authentische Kultur und Atmosph\u00e4re","description":"Entdecken Sie w\u00e4hrend Ihres Aufenthalts auf dem Campingplatz das K\u00fcstendorf Beg-Meil, ein bretonisches Juwel mit feinen Sandstr\u00e4nden und einem unsch\u00e4tzbaren Kulturerbe.","robots":{"index":"noindex","follow":"follow","max-snippet":"max-snippet:-1","max-image-preview":"max-image-preview:large","max-video-preview":"max-video-preview:-1"},"og_locale":"de_DE","og_type":"article","og_title":"Camping in der N\u00e4he von Beg-Meil: authentische Kultur und Atmosph\u00e4re","og_description":"Entdecken Sie w\u00e4hrend Ihres Aufenthalts auf dem Campingplatz das K\u00fcstendorf Beg-Meil, ein bretonisches Juwel mit feinen Sandstr\u00e4nden und einem unsch\u00e4tzbaren Kulturerbe.","og_url":"https:\/\/vorlen.geek-tonic.dev\/de\/tourismus-beg-meil\/","og_site_name":"Camping Le Vorlen","article_modified_time":"2024-04-18T14:16:12+00:00","og_image":[{"width":2000,"height":1000,"url":"https:\/\/vorlen.geek-tonic.dev\/wp-content\/uploads\/sites\/13\/2024\/02\/tourisme-beg-meil-camping-finistere.webp","type":"image\/webp"}],"twitter_card":"summary_large_image","twitter_misc":{"Gesch\u00e4tzte Lesezeit":"2\u00a0Minuten"},"schema":{"@context":"https:\/\/schema.org","@graph":[{"@type":"WebPage","@id":"https:\/\/vorlen.geek-tonic.dev\/de\/tourismus-beg-meil\/","url":"https:\/\/vorlen.geek-tonic.dev\/de\/tourismus-beg-meil\/","name":"Camping in der N\u00e4he von Beg-Meil: authentische Kultur und Atmosph\u00e4re","isPartOf":{"@id":"https:\/\/vorlen.geek-tonic.dev\/de\/#website"},"primaryImageOfPage":{"@id":"https:\/\/vorlen.geek-tonic.dev\/de\/tourismus-beg-meil\/#primaryimage"},"image":{"@id":"https:\/\/vorlen.geek-tonic.dev\/de\/tourismus-beg-meil\/#primaryimage"},"thumbnailUrl":"https:\/\/vorlen.geek-tonic.dev\/wp-content\/uploads\/sites\/13\/2024\/02\/tourisme-beg-meil-camping-finistere.webp","datePublished":"2024-02-26T14:33:14+00:00","dateModified":"2024-04-18T14:16:12+00:00","description":"Entdecken Sie w\u00e4hrend Ihres Aufenthalts auf dem Campingplatz das K\u00fcstendorf Beg-Meil, ein bretonisches Juwel mit feinen Sandstr\u00e4nden und einem unsch\u00e4tzbaren Kulturerbe.","breadcrumb":{"@id":"https:\/\/vorlen.geek-tonic.dev\/de\/tourismus-beg-meil\/#breadcrumb"},"inLanguage":"de","potentialAction":[{"@type":"ReadAction","target":["https:\/\/vorlen.geek-tonic.dev\/de\/tourismus-beg-meil\/"]}]},{"@type":"ImageObject","inLanguage":"de","@id":"https:\/\/vorlen.geek-tonic.dev\/de\/tourismus-beg-meil\/#primaryimage","url":"https:\/\/vorlen.geek-tonic.dev\/wp-content\/uploads\/sites\/13\/2024\/02\/tourisme-beg-meil-camping-finistere.webp","contentUrl":"https:\/\/vorlen.geek-tonic.dev\/wp-content\/uploads\/sites\/13\/2024\/02\/tourisme-beg-meil-camping-finistere.webp","width":2000,"height":1000,"caption":"Tourismus beg meil camping finistere"},{"@type":"BreadcrumbList","@id":"https:\/\/vorlen.geek-tonic.dev\/de\/tourismus-beg-meil\/#breadcrumb","itemListElement":[{"@type":"ListItem","position":1,"name":"Camping dans le Finist\u00e8re Sud","item":"https:\/\/vorlen.geek-tonic.dev\/de\/"},{"@type":"ListItem","position":2,"name":"Campingplatz 7 Min. von Beig-Meil entfernt"}]},{"@type":"WebSite","@id":"https:\/\/vorlen.geek-tonic.dev\/de\/#website","url":"https:\/\/vorlen.geek-tonic.dev\/de\/","name":"Camping Le Vorlen","description":"","publisher":{"@id":"https:\/\/vorlen.geek-tonic.dev\/de\/#organization"},"potentialAction":[{"@type":"SearchAction","target":{"@type":"EntryPoint","urlTemplate":"https:\/\/vorlen.geek-tonic.dev\/de\/?s={search_term_string}"},"query-input":{"@type":"PropertyValueSpecification","valueRequired":true,"valueName":"search_term_string"}}],"inLanguage":"de"},{"@type":"Organization","@id":"https:\/\/vorlen.geek-tonic.dev\/de\/#organization","name":"Camping Le Vorlen","url":"https:\/\/vorlen.geek-tonic.dev\/de\/","logo":{"@type":"ImageObject","inLanguage":"de","@id":"https:\/\/vorlen.geek-tonic.dev\/de\/#\/schema\/logo\/image\/","url":"https:\/\/vorlen.geek-tonic.dev\/wp-content\/uploads\/sites\/13\/2024\/03\/cropped-logo-Flower-camping-Le-Vorlen.png","contentUrl":"https:\/\/vorlen.geek-tonic.dev\/wp-content\/uploads\/sites\/13\/2024\/03\/cropped-logo-Flower-camping-Le-Vorlen.png","width":500,"height":660,"caption":"Camping Le Vorlen"},"image":{"@id":"https:\/\/vorlen.geek-tonic.dev\/de\/#\/schema\/logo\/image\/"}}]}},"_links":{"self":[{"href":"https:\/\/vorlen.geek-tonic.dev\/de\/wp-json\/wp\/v2\/pages\/1770","targetHints":{"allow":["GET"]}}],"collection":[{"href":"https:\/\/vorlen.geek-tonic.dev\/de\/wp-json\/wp\/v2\/pages"}],"about":[{"href":"https:\/\/vorlen.geek-tonic.dev\/de\/wp-json\/wp\/v2\/types\/page"}],"author":[{"embeddable":true,"href":"https:\/\/vorlen.geek-tonic.dev\/de\/wp-json\/wp\/v2\/users\/1"}],"replies":[{"embeddable":true,"href":"https:\/\/vorlen.geek-tonic.dev\/de\/wp-json\/wp\/v2\/comments?post=1770"}],"version-history":[{"count":1,"href":"https:\/\/vorlen.geek-tonic.dev\/de\/wp-json\/wp\/v2\/pages\/1770\/revisions"}],"predecessor-version":[{"id":1778,"href":"https:\/\/vorlen.geek-tonic.dev\/de\/wp-json\/wp\/v2\/pages\/1770\/revisions\/1778"}],"wp:featuredmedia":[{"embeddable":true,"href":"https:\/\/vorlen.geek-tonic.dev\/de\/wp-json\/wp\/v2\/media\/1773"}],"wp:attachment":[{"href":"https:\/\/vorlen.geek-tonic.dev\/de\/wp-json\/wp\/v2\/media?parent=1770"}],"wp:term":[{"taxonomy":"sujet","embeddable":true,"href":"https:\/\/vorlen.geek-tonic.dev\/de\/wp-json\/wp\/v2\/sujet?post=1770"}],"curies":[{"name":"wp","href":"https:\/\/api.w.org\/{rel}","templated":true}]}}