{"id":1895,"date":"2024-02-26T15:36:27","date_gmt":"2024-02-26T14:36:27","guid":{"rendered":"https:\/\/www.vorlen.geek-tonic.dev\/tourismus-bretonische-riviera-camping\/"},"modified":"2024-04-18T16:34:39","modified_gmt":"2024-04-18T14:34:39","slug":"tourismus-bretonische-riviera-camping","status":"publish","type":"page","link":"https:\/\/vorlen.geek-tonic.dev\/de\/tourismus-bretonische-riviera-camping\/","title":{"rendered":"Bretonische Riviera"},"content":{"rendered":"<section id=\"ls-section-block_fda3012585c5905874c05fa63af75c21\" class=\"ls-section  page-one has-background has-color-4-background-color has-m-t m-t-0 has-m-b m-b-0 has-p-t p-t-14 has-p-b p-b-14\" >\r\n        <div class=\"container container--wide\">\r\n        \n\n<div class=\"wp-block-columns is-layout-flex wp-container-core-columns-is-layout-1 wp-block-columns-is-layout-flex\">\n<div class=\"wp-block-column animated fadeInLeft delay-100ms slow is-layout-flow wp-block-column-is-layout-flow\" style=\"flex-basis:45%\">\n<figure class=\"wp-block-image size-full\"><a href=\"https:\/\/www.vorlen.geek-tonic.dev\/wp-content\/uploads\/sites\/13\/2024\/01\/tourisme-riviera-bretonne.webp\"><img decoding=\"async\" width=\"2000\" height=\"1250\" src=\"https:\/\/www.vorlen.geek-tonic.dev\/wp-content\/uploads\/sites\/13\/2024\/01\/tourisme-riviera-bretonne.webp\" alt=\"tourisme riviera bretonne\" class=\"wp-image-443\" srcset=\"https:\/\/vorlen.geek-tonic.dev\/wp-content\/uploads\/sites\/13\/2024\/01\/tourisme-riviera-bretonne.webp 2000w, https:\/\/vorlen.geek-tonic.dev\/wp-content\/uploads\/sites\/13\/2024\/01\/tourisme-riviera-bretonne-300x188.webp 300w, https:\/\/vorlen.geek-tonic.dev\/wp-content\/uploads\/sites\/13\/2024\/01\/tourisme-riviera-bretonne-1024x640.webp 1024w, https:\/\/vorlen.geek-tonic.dev\/wp-content\/uploads\/sites\/13\/2024\/01\/tourisme-riviera-bretonne-768x480.webp 768w, https:\/\/vorlen.geek-tonic.dev\/wp-content\/uploads\/sites\/13\/2024\/01\/tourisme-riviera-bretonne-1536x960.webp 1536w\" sizes=\"(max-width: 2000px) 100vw, 2000px\" \/><\/a><\/figure>\n<\/div>\n\n\n\n<div class=\"wp-block-column is-vertically-aligned-center animated fadeInRight slow is-layout-flow wp-block-column-is-layout-flow\" style=\"flex-basis:55%\">\n<h1 class=\"ls__heading wp-block-heading\">Die bretonische Riviera auf dem Campingplatz<\/h1>\n\n\n\n<h2 class=\"ls__heading wp-block-heading\">Die bretonische Riviera und ihre Badeorte<\/h2>\n\n\n\n<p class=\"ls-paragraph\">Die <a href=\"https:\/\/www.rivierabretonne.com\/\" target=\"_blank\" rel=\"noreferrer noopener\">bretonische Riviera<\/a>, die sich in der N\u00e4he unseres <a href=\"https:\/\/www.vorlen.geek-tonic.dev\/de\/\">3-Sterne-Campingplatzes Le Vorlen<\/a> befindet, ist ein Traumziel f\u00fcr Reisende, die Luxus, Entspannung und K\u00fcstensch\u00f6nheit suchen. Diese <strong>K\u00fcstenregion der Bretagne <\/strong>bietet ein <strong>erstklassiges Badeerlebnis <\/strong>, wobei der authentische Charme der Region erhalten bleibt.<\/p>\n\n\n\n<p class=\"ls-paragraph\">Die K\u00fcste der bretonischen Riviera ist von <a href=\"https:\/\/www.rivierabretonne.com\/la-riviera-bretonne\/decouvrir-la-riviera-bretonne\/les-plages-et-les-criques\/\" target=\"_blank\" rel=\"noreferrer noopener\">goldenen Sandstr\u00e4nden<\/a> ges\u00e4umt, an denen Sie unter der bretonischen Sonne faulenzen oder ein erfrischendes Bad im kristallklaren Wasser des Atlantiks genie\u00dfen k\u00f6nnen. <strong>Bekannte Badeorte <\/strong>wie B\u00e9nodet, Fouesnant und Concarneau bieten <strong>moderne<\/strong> <strong>Einrichtungen<\/strong>, <strong>Gourmetrestaurants<\/strong> und <strong>elegante<\/strong> <strong>Boutiquen<\/strong>, um auch den anspruchsvollsten Reisenden zufrieden zu stellen.<\/p>\n<\/div>\n<\/div>\n\n\r\n    <\/div>\r\n<\/section><section id=\"ls-section-block_d3db6cde8463554f0daad6962e7afdae\" class=\"ls-section  home-gallery has-background has-color-4-background-color has-m-t m-t-0 has-p-t p-t-0\" >\r\n        <div class=\"container container--full\">\r\n        \n\n<figure class=\"wp-block-gallery has-nested-images columns-1 is-cropped galerie-slider-container wp-block-gallery-1 is-layout-flex wp-block-gallery-is-layout-flex\">\n<figure class=\"wp-block-image size-full\"><a href=\"https:\/\/www.vorlen.geek-tonic.dev\/wp-content\/uploads\/sites\/13\/2024\/02\/visite-archipel-glenan-camping-finistere.webp\"><img decoding=\"async\" width=\"1200\" height=\"600\" src=\"https:\/\/www.vorlen.geek-tonic.dev\/wp-content\/uploads\/sites\/13\/2024\/02\/visite-archipel-glenan-camping-finistere.webp\" alt=\"visite archipel glenan camping finistere\" class=\"wp-image-782\" srcset=\"https:\/\/vorlen.geek-tonic.dev\/wp-content\/uploads\/sites\/13\/2024\/02\/visite-archipel-glenan-camping-finistere.webp 1200w, https:\/\/vorlen.geek-tonic.dev\/wp-content\/uploads\/sites\/13\/2024\/02\/visite-archipel-glenan-camping-finistere-300x150.webp 300w, https:\/\/vorlen.geek-tonic.dev\/wp-content\/uploads\/sites\/13\/2024\/02\/visite-archipel-glenan-camping-finistere-1024x512.webp 1024w, https:\/\/vorlen.geek-tonic.dev\/wp-content\/uploads\/sites\/13\/2024\/02\/visite-archipel-glenan-camping-finistere-768x384.webp 768w\" sizes=\"(max-width: 1200px) 100vw, 1200px\" \/><\/a><\/figure>\n\n\n\n<figure class=\"wp-block-image size-full\"><a href=\"https:\/\/www.vorlen.geek-tonic.dev\/wp-content\/uploads\/sites\/13\/2024\/01\/tourisme-beg-meil.webp\"><img decoding=\"async\" width=\"2000\" height=\"1250\" src=\"https:\/\/www.vorlen.geek-tonic.dev\/wp-content\/uploads\/sites\/13\/2024\/01\/tourisme-beg-meil.webp\" alt=\"Tourismus beg meil\" class=\"wp-image-437\" srcset=\"https:\/\/vorlen.geek-tonic.dev\/wp-content\/uploads\/sites\/13\/2024\/01\/tourisme-beg-meil.webp 2000w, https:\/\/vorlen.geek-tonic.dev\/wp-content\/uploads\/sites\/13\/2024\/01\/tourisme-beg-meil-300x188.webp 300w, https:\/\/vorlen.geek-tonic.dev\/wp-content\/uploads\/sites\/13\/2024\/01\/tourisme-beg-meil-1024x640.webp 1024w, https:\/\/vorlen.geek-tonic.dev\/wp-content\/uploads\/sites\/13\/2024\/01\/tourisme-beg-meil-768x480.webp 768w, https:\/\/vorlen.geek-tonic.dev\/wp-content\/uploads\/sites\/13\/2024\/01\/tourisme-beg-meil-1536x960.webp 1536w\" sizes=\"(max-width: 2000px) 100vw, 2000px\" \/><\/a><\/figure>\n\n\n\n<figure class=\"wp-block-image size-full\"><a href=\"https:\/\/www.vorlen.geek-tonic.dev\/wp-content\/uploads\/sites\/13\/2024\/02\/engagement-flower-camping-finistere.webp\"><img decoding=\"async\" width=\"1200\" height=\"800\" src=\"https:\/\/www.vorlen.geek-tonic.dev\/wp-content\/uploads\/sites\/13\/2024\/02\/engagement-flower-camping-finistere.webp\" alt=\"engagement flower camping finistere\" class=\"wp-image-632\" srcset=\"https:\/\/vorlen.geek-tonic.dev\/wp-content\/uploads\/sites\/13\/2024\/02\/engagement-flower-camping-finistere.webp 1200w, https:\/\/vorlen.geek-tonic.dev\/wp-content\/uploads\/sites\/13\/2024\/02\/engagement-flower-camping-finistere-300x200.webp 300w, https:\/\/vorlen.geek-tonic.dev\/wp-content\/uploads\/sites\/13\/2024\/02\/engagement-flower-camping-finistere-1024x683.webp 1024w, https:\/\/vorlen.geek-tonic.dev\/wp-content\/uploads\/sites\/13\/2024\/02\/engagement-flower-camping-finistere-768x512.webp 768w\" sizes=\"(max-width: 1200px) 100vw, 1200px\" \/><\/a><\/figure>\n<\/figure>\n\n\r\n    <\/div>\r\n<\/section><section id=\"ls-section-block_59064385a45f090c4e2efaed578e2e0f\" class=\"ls-section  page-one aventure\" >\r\n        <div class=\"container container--wide\">\r\n        \n\n<div class=\"wp-block-columns is-layout-flex wp-container-core-columns-is-layout-2 wp-block-columns-is-layout-flex\">\n<div class=\"wp-block-column first animated fadeInLeft delay-100ms slow is-layout-flow wp-block-column-is-layout-flow\" style=\"flex-basis:45%\">\n<figure class=\"wp-block-image size-full\"><a href=\"https:\/\/www.vorlen.geek-tonic.dev\/wp-content\/uploads\/sites\/13\/2024\/02\/peche-cap-coz-camping-finistere.webp\"><img decoding=\"async\" width=\"1200\" height=\"800\" src=\"https:\/\/www.vorlen.geek-tonic.dev\/wp-content\/uploads\/sites\/13\/2024\/02\/peche-cap-coz-camping-finistere.webp\" alt=\"Fischerei Cap Coz Camping Finistere\" class=\"wp-image-839\" srcset=\"https:\/\/vorlen.geek-tonic.dev\/wp-content\/uploads\/sites\/13\/2024\/02\/peche-cap-coz-camping-finistere.webp 1200w, https:\/\/vorlen.geek-tonic.dev\/wp-content\/uploads\/sites\/13\/2024\/02\/peche-cap-coz-camping-finistere-300x200.webp 300w, https:\/\/vorlen.geek-tonic.dev\/wp-content\/uploads\/sites\/13\/2024\/02\/peche-cap-coz-camping-finistere-1024x683.webp 1024w, https:\/\/vorlen.geek-tonic.dev\/wp-content\/uploads\/sites\/13\/2024\/02\/peche-cap-coz-camping-finistere-768x512.webp 768w\" sizes=\"(max-width: 1200px) 100vw, 1200px\" \/><\/a><\/figure>\n<\/div>\n\n\n\n<div class=\"wp-block-column is-vertically-aligned-center second animated fadeInRight slow is-layout-flow wp-block-column-is-layout-flow\" style=\"flex-basis:55%\">\n<h2 class=\"ls__heading wp-block-heading has-text-align-left\">Erbe und Aktivit\u00e4ten<\/h2>\n\n\n\n<p class=\"ls-paragraph\">Das<strong> kulturelle Erbe der Region<\/strong> ist ebenso beeindruckend, mit <strong>historischen<\/strong> <strong>St\u00e4dten<\/strong>, <strong>Fischerh\u00e4fen<\/strong> und <strong>traditionellen<\/strong> <strong>Festivals<\/strong>, die von der bretonischen Authentizit\u00e4t zeugen.<\/p>\n\n\n\n<p class=\"ls-paragraph\">Es gibt viele <a href=\"https:\/\/www.rivierabretonne.com\/la-riviera-bretonne\/decouvrir-la-riviera-bretonne\/les-activites-nautiques\/\" target=\"_blank\" rel=\"noreferrer noopener\">Wassersportm\u00f6glichkeiten<\/a>, von <strong>Segeln<\/strong> \u00fcber <strong>Angeln<\/strong> bis hin zu <strong>Kajakfahren<\/strong>, w\u00e4hrend <strong>Golfpl\u00e4tze<\/strong>,<strong> luxuri\u00f6se Spas<\/strong> und <strong>Wanderwege<\/strong> Optionen f\u00fcr jeden Geschmack bieten.<\/p>\n\n\n\n<h2 class=\"ls__heading wp-block-heading\">Campingplatz in der N\u00e4he der bretonischen Riviera<\/h2>\n\n\n\n<p class=\"ls-paragraph\">Ob Sie sich f\u00fcr entspannte Tage am Strand, spannende Wassersportabenteuer oder bereichernde kulturelle Erkundungen entscheiden, die <strong>bretonische Riviera<\/strong> bietet Ihnen eine Vielzahl an Vergn\u00fcgungen in einer idyllischen Umgebung.<br\/>Wenn Sie auf einem Campingplatz in der N\u00e4he der bretonischen Riviera wohnen, haben Sie die M\u00f6glichkeit, die Sch\u00f6nheit dieses exklusiven Reiseziels zu genie\u00dfen, w\u00e4hrend Sie gleichzeitig der Natur und dem authentischen Charme der Bretagne nahe sind.<\/p>\n<\/div>\n<\/div>\n\n\r\n    <\/div>\r\n<\/section><section id=\"ls-section-block_d2f4d1d500d3bf8b5c1f3b951367473f\" class=\"ls-section  page-maillage experience has-p-t p-t-0\" >\r\n        <div class=\"container container--wide\">\r\n        \n\n<div id=\"ls-heading ls-titre-div-block_597972825a173d9ac1b5ac12dbb7e221\" class=\"ls-titre-div aligncenter h2-like\" >\n    <strong>Entdecken <\/strong> Sie unsere Umgebung<\/div>\n\n\n<div id=\"ls-maillage-block_fa51d39c9c0aff083f29d34503ad0ee8\" class=\"ls-maillage cta-style-normal\" data-rows=\"3\">\n    <div class=\"wp-block-columns\"><div class=\"wp-block-column\"><div id=\"destinations\" class=\"ls-cta\">\n\n<a href=\"https:\/\/vorlen.geek-tonic.dev\/de\/tourismus-strande\/\" target=\"\" rel=\"noopener\" class=\"ls-cta__link\">\n\n\t<div class=\"ls-cta__image\"><img decoding=\"async\" src=\"https:\/\/vorlen.geek-tonic.dev\/wp-content\/uploads\/sites\/13\/2024\/02\/visite-plages-camping-finistere.webp\" alt=\"Besuch der Str\u00e4nde des Campingplatzes Finistere\"><\/div>\n\t<div class=\"ls-cta__title\">\n\t\tDie Str\u00e4nde\t<\/div>\n\n\t\t\n<\/a><\/div><\/div><div class=\"wp-block-column\"><div id=\"destinations\" class=\"ls-cta\">\n\n<a href=\"https:\/\/vorlen.geek-tonic.dev\/de\/campingplatzes-glenan-archipel\/\" target=\"\" rel=\"noopener\" class=\"ls-cta__link\">\n\n\t<div class=\"ls-cta__image\"><img decoding=\"async\" src=\"https:\/\/vorlen.geek-tonic.dev\/wp-content\/uploads\/sites\/13\/2024\/02\/visite-archipel-glenan-camping-finistere.webp\" alt=\"visite archipel glenan camping finistere\"><\/div>\n\t<div class=\"ls-cta__title\">\n\t\tDas Gl\u00e9nan-Archipel\t<\/div>\n\n\t\t\n<\/a><\/div><\/div><div class=\"wp-block-column\"><div id=\"destinations\" class=\"ls-cta\">\n\n<a href=\"https:\/\/vorlen.geek-tonic.dev\/de\/tourismus-fouesnant\/\" target=\"\" rel=\"noopener\" class=\"ls-cta__link\">\n\n\t<div class=\"ls-cta__image\"><img decoding=\"async\" src=\"https:\/\/vorlen.geek-tonic.dev\/wp-content\/uploads\/sites\/13\/2024\/02\/tourisme-fouesnant-camping-finistere.webp\" alt=\"Tourismus fouesnant camping finistere\"><\/div>\n\t<div class=\"ls-cta__title\">\n\t\tEntdecken Sie Fouesnant\t<\/div>\n\n\t\t\n<\/a><\/div><\/div><\/div><\/div>\n\r\n    <\/div>\r\n<\/section>","protected":false},"excerpt":{"rendered":"","protected":false},"author":1,"featured_media":1897,"parent":0,"menu_order":0,"comment_status":"closed","ping_status":"closed","template":"","meta":{"_acf_changed":false,"footnotes":""},"sujet":[],"class_list":["post-1895","page","type-page","status-publish","has-post-thumbnail","hentry"],"acf":[],"yoast_head":"<!-- This site is optimized with the Yoast SEO plugin v23.9 - https:\/\/yoast.com\/wordpress\/plugins\/seo\/ -->\n<title>Campingplatz in der N\u00e4he der bretonischen Riviera und ihrer Badeorte<\/title>\n<meta name=\"description\" content=\"Entdecken Sie w\u00e4hrend Ihres Campingurlaubs die Wunder der bretonischen Riviera, zwischen au\u00dfergew\u00f6hnlichem Kulturerbe und Wassersport: B\u00e9nodet, Concarneau...\" \/>\n<meta name=\"robots\" content=\"noindex, follow, max-snippet:-1, max-image-preview:large, max-video-preview:-1\" \/>\n<meta property=\"og:locale\" content=\"de_DE\" \/>\n<meta property=\"og:type\" content=\"article\" \/>\n<meta property=\"og:title\" content=\"Campingplatz in der N\u00e4he der bretonischen Riviera und ihrer Badeorte\" \/>\n<meta property=\"og:description\" content=\"Entdecken Sie w\u00e4hrend Ihres Campingurlaubs die Wunder der bretonischen Riviera, zwischen au\u00dfergew\u00f6hnlichem Kulturerbe und Wassersport: B\u00e9nodet, Concarneau...\" \/>\n<meta property=\"og:url\" content=\"https:\/\/vorlen.geek-tonic.dev\/de\/tourismus-bretonische-riviera-camping\/\" \/>\n<meta property=\"og:site_name\" content=\"Camping Le Vorlen\" \/>\n<meta property=\"article:modified_time\" content=\"2024-04-18T14:34:39+00:00\" \/>\n<meta property=\"og:image\" content=\"https:\/\/vorlen.geek-tonic.dev\/wp-content\/uploads\/sites\/13\/2024\/02\/tourisme-riviera-bretonne-camping-finistere-1.webp\" \/>\n\t<meta property=\"og:image:width\" content=\"2000\" \/>\n\t<meta property=\"og:image:height\" content=\"1000\" \/>\n\t<meta property=\"og:image:type\" content=\"image\/webp\" \/>\n<meta name=\"twitter:card\" content=\"summary_large_image\" \/>\n<meta name=\"twitter:label1\" content=\"Gesch\u00e4tzte Lesezeit\" \/>\n\t<meta name=\"twitter:data1\" content=\"1\u00a0Minute\" \/>\n<script type=\"application\/ld+json\" class=\"yoast-schema-graph\">{\"@context\":\"https:\/\/schema.org\",\"@graph\":[{\"@type\":\"WebPage\",\"@id\":\"https:\/\/vorlen.geek-tonic.dev\/de\/tourismus-bretonische-riviera-camping\/\",\"url\":\"https:\/\/vorlen.geek-tonic.dev\/de\/tourismus-bretonische-riviera-camping\/\",\"name\":\"Campingplatz in der N\u00e4he der bretonischen Riviera und ihrer Badeorte\",\"isPartOf\":{\"@id\":\"https:\/\/vorlen.geek-tonic.dev\/de\/#website\"},\"primaryImageOfPage\":{\"@id\":\"https:\/\/vorlen.geek-tonic.dev\/de\/tourismus-bretonische-riviera-camping\/#primaryimage\"},\"image\":{\"@id\":\"https:\/\/vorlen.geek-tonic.dev\/de\/tourismus-bretonische-riviera-camping\/#primaryimage\"},\"thumbnailUrl\":\"https:\/\/vorlen.geek-tonic.dev\/wp-content\/uploads\/sites\/13\/2024\/02\/tourisme-riviera-bretonne-camping-finistere-1.webp\",\"datePublished\":\"2024-02-26T14:36:27+00:00\",\"dateModified\":\"2024-04-18T14:34:39+00:00\",\"description\":\"Entdecken Sie w\u00e4hrend Ihres Campingurlaubs die Wunder der bretonischen Riviera, zwischen au\u00dfergew\u00f6hnlichem Kulturerbe und Wassersport: B\u00e9nodet, Concarneau...\",\"breadcrumb\":{\"@id\":\"https:\/\/vorlen.geek-tonic.dev\/de\/tourismus-bretonische-riviera-camping\/#breadcrumb\"},\"inLanguage\":\"de\",\"potentialAction\":[{\"@type\":\"ReadAction\",\"target\":[\"https:\/\/vorlen.geek-tonic.dev\/de\/tourismus-bretonische-riviera-camping\/\"]}]},{\"@type\":\"ImageObject\",\"inLanguage\":\"de\",\"@id\":\"https:\/\/vorlen.geek-tonic.dev\/de\/tourismus-bretonische-riviera-camping\/#primaryimage\",\"url\":\"https:\/\/vorlen.geek-tonic.dev\/wp-content\/uploads\/sites\/13\/2024\/02\/tourisme-riviera-bretonne-camping-finistere-1.webp\",\"contentUrl\":\"https:\/\/vorlen.geek-tonic.dev\/wp-content\/uploads\/sites\/13\/2024\/02\/tourisme-riviera-bretonne-camping-finistere-1.webp\",\"width\":2000,\"height\":1000,\"caption\":\"Tourismus Bretonische Riviera Camping Finistere\"},{\"@type\":\"BreadcrumbList\",\"@id\":\"https:\/\/vorlen.geek-tonic.dev\/de\/tourismus-bretonische-riviera-camping\/#breadcrumb\",\"itemListElement\":[{\"@type\":\"ListItem\",\"position\":1,\"name\":\"Camping dans le Finist\u00e8re Sud\",\"item\":\"https:\/\/vorlen.geek-tonic.dev\/de\/\"},{\"@type\":\"ListItem\",\"position\":2,\"name\":\"Campingplatz in der N\u00e4he der bretonischen Riviera\"}]},{\"@type\":\"WebSite\",\"@id\":\"https:\/\/vorlen.geek-tonic.dev\/de\/#website\",\"url\":\"https:\/\/vorlen.geek-tonic.dev\/de\/\",\"name\":\"Camping Le Vorlen\",\"description\":\"\",\"publisher\":{\"@id\":\"https:\/\/vorlen.geek-tonic.dev\/de\/#organization\"},\"potentialAction\":[{\"@type\":\"SearchAction\",\"target\":{\"@type\":\"EntryPoint\",\"urlTemplate\":\"https:\/\/vorlen.geek-tonic.dev\/de\/?s={search_term_string}\"},\"query-input\":{\"@type\":\"PropertyValueSpecification\",\"valueRequired\":true,\"valueName\":\"search_term_string\"}}],\"inLanguage\":\"de\"},{\"@type\":\"Organization\",\"@id\":\"https:\/\/vorlen.geek-tonic.dev\/de\/#organization\",\"name\":\"Camping Le Vorlen\",\"url\":\"https:\/\/vorlen.geek-tonic.dev\/de\/\",\"logo\":{\"@type\":\"ImageObject\",\"inLanguage\":\"de\",\"@id\":\"https:\/\/vorlen.geek-tonic.dev\/de\/#\/schema\/logo\/image\/\",\"url\":\"https:\/\/vorlen.geek-tonic.dev\/wp-content\/uploads\/sites\/13\/2024\/03\/cropped-logo-Flower-camping-Le-Vorlen.png\",\"contentUrl\":\"https:\/\/vorlen.geek-tonic.dev\/wp-content\/uploads\/sites\/13\/2024\/03\/cropped-logo-Flower-camping-Le-Vorlen.png\",\"width\":500,\"height\":660,\"caption\":\"Camping Le Vorlen\"},\"image\":{\"@id\":\"https:\/\/vorlen.geek-tonic.dev\/de\/#\/schema\/logo\/image\/\"}}]}<\/script>\n<!-- \/ Yoast SEO plugin. -->","yoast_head_json":{"title":"Campingplatz in der N\u00e4he der bretonischen Riviera und ihrer Badeorte","description":"Entdecken Sie w\u00e4hrend Ihres Campingurlaubs die Wunder der bretonischen Riviera, zwischen au\u00dfergew\u00f6hnlichem Kulturerbe und Wassersport: B\u00e9nodet, Concarneau...","robots":{"index":"noindex","follow":"follow","max-snippet":"max-snippet:-1","max-image-preview":"max-image-preview:large","max-video-preview":"max-video-preview:-1"},"og_locale":"de_DE","og_type":"article","og_title":"Campingplatz in der N\u00e4he der bretonischen Riviera und ihrer Badeorte","og_description":"Entdecken Sie w\u00e4hrend Ihres Campingurlaubs die Wunder der bretonischen Riviera, zwischen au\u00dfergew\u00f6hnlichem Kulturerbe und Wassersport: B\u00e9nodet, Concarneau...","og_url":"https:\/\/vorlen.geek-tonic.dev\/de\/tourismus-bretonische-riviera-camping\/","og_site_name":"Camping Le Vorlen","article_modified_time":"2024-04-18T14:34:39+00:00","og_image":[{"width":2000,"height":1000,"url":"https:\/\/vorlen.geek-tonic.dev\/wp-content\/uploads\/sites\/13\/2024\/02\/tourisme-riviera-bretonne-camping-finistere-1.webp","type":"image\/webp"}],"twitter_card":"summary_large_image","twitter_misc":{"Gesch\u00e4tzte Lesezeit":"1\u00a0Minute"},"schema":{"@context":"https:\/\/schema.org","@graph":[{"@type":"WebPage","@id":"https:\/\/vorlen.geek-tonic.dev\/de\/tourismus-bretonische-riviera-camping\/","url":"https:\/\/vorlen.geek-tonic.dev\/de\/tourismus-bretonische-riviera-camping\/","name":"Campingplatz in der N\u00e4he der bretonischen Riviera und ihrer Badeorte","isPartOf":{"@id":"https:\/\/vorlen.geek-tonic.dev\/de\/#website"},"primaryImageOfPage":{"@id":"https:\/\/vorlen.geek-tonic.dev\/de\/tourismus-bretonische-riviera-camping\/#primaryimage"},"image":{"@id":"https:\/\/vorlen.geek-tonic.dev\/de\/tourismus-bretonische-riviera-camping\/#primaryimage"},"thumbnailUrl":"https:\/\/vorlen.geek-tonic.dev\/wp-content\/uploads\/sites\/13\/2024\/02\/tourisme-riviera-bretonne-camping-finistere-1.webp","datePublished":"2024-02-26T14:36:27+00:00","dateModified":"2024-04-18T14:34:39+00:00","description":"Entdecken Sie w\u00e4hrend Ihres Campingurlaubs die Wunder der bretonischen Riviera, zwischen au\u00dfergew\u00f6hnlichem Kulturerbe und Wassersport: B\u00e9nodet, Concarneau...","breadcrumb":{"@id":"https:\/\/vorlen.geek-tonic.dev\/de\/tourismus-bretonische-riviera-camping\/#breadcrumb"},"inLanguage":"de","potentialAction":[{"@type":"ReadAction","target":["https:\/\/vorlen.geek-tonic.dev\/de\/tourismus-bretonische-riviera-camping\/"]}]},{"@type":"ImageObject","inLanguage":"de","@id":"https:\/\/vorlen.geek-tonic.dev\/de\/tourismus-bretonische-riviera-camping\/#primaryimage","url":"https:\/\/vorlen.geek-tonic.dev\/wp-content\/uploads\/sites\/13\/2024\/02\/tourisme-riviera-bretonne-camping-finistere-1.webp","contentUrl":"https:\/\/vorlen.geek-tonic.dev\/wp-content\/uploads\/sites\/13\/2024\/02\/tourisme-riviera-bretonne-camping-finistere-1.webp","width":2000,"height":1000,"caption":"Tourismus Bretonische Riviera Camping Finistere"},{"@type":"BreadcrumbList","@id":"https:\/\/vorlen.geek-tonic.dev\/de\/tourismus-bretonische-riviera-camping\/#breadcrumb","itemListElement":[{"@type":"ListItem","position":1,"name":"Camping dans le Finist\u00e8re Sud","item":"https:\/\/vorlen.geek-tonic.dev\/de\/"},{"@type":"ListItem","position":2,"name":"Campingplatz in der N\u00e4he der bretonischen Riviera"}]},{"@type":"WebSite","@id":"https:\/\/vorlen.geek-tonic.dev\/de\/#website","url":"https:\/\/vorlen.geek-tonic.dev\/de\/","name":"Camping Le Vorlen","description":"","publisher":{"@id":"https:\/\/vorlen.geek-tonic.dev\/de\/#organization"},"potentialAction":[{"@type":"SearchAction","target":{"@type":"EntryPoint","urlTemplate":"https:\/\/vorlen.geek-tonic.dev\/de\/?s={search_term_string}"},"query-input":{"@type":"PropertyValueSpecification","valueRequired":true,"valueName":"search_term_string"}}],"inLanguage":"de"},{"@type":"Organization","@id":"https:\/\/vorlen.geek-tonic.dev\/de\/#organization","name":"Camping Le Vorlen","url":"https:\/\/vorlen.geek-tonic.dev\/de\/","logo":{"@type":"ImageObject","inLanguage":"de","@id":"https:\/\/vorlen.geek-tonic.dev\/de\/#\/schema\/logo\/image\/","url":"https:\/\/vorlen.geek-tonic.dev\/wp-content\/uploads\/sites\/13\/2024\/03\/cropped-logo-Flower-camping-Le-Vorlen.png","contentUrl":"https:\/\/vorlen.geek-tonic.dev\/wp-content\/uploads\/sites\/13\/2024\/03\/cropped-logo-Flower-camping-Le-Vorlen.png","width":500,"height":660,"caption":"Camping Le Vorlen"},"image":{"@id":"https:\/\/vorlen.geek-tonic.dev\/de\/#\/schema\/logo\/image\/"}}]}},"_links":{"self":[{"href":"https:\/\/vorlen.geek-tonic.dev\/de\/wp-json\/wp\/v2\/pages\/1895","targetHints":{"allow":["GET"]}}],"collection":[{"href":"https:\/\/vorlen.geek-tonic.dev\/de\/wp-json\/wp\/v2\/pages"}],"about":[{"href":"https:\/\/vorlen.geek-tonic.dev\/de\/wp-json\/wp\/v2\/types\/page"}],"author":[{"embeddable":true,"href":"https:\/\/vorlen.geek-tonic.dev\/de\/wp-json\/wp\/v2\/users\/1"}],"replies":[{"embeddable":true,"href":"https:\/\/vorlen.geek-tonic.dev\/de\/wp-json\/wp\/v2\/comments?post=1895"}],"version-history":[{"count":1,"href":"https:\/\/vorlen.geek-tonic.dev\/de\/wp-json\/wp\/v2\/pages\/1895\/revisions"}],"predecessor-version":[{"id":1898,"href":"https:\/\/vorlen.geek-tonic.dev\/de\/wp-json\/wp\/v2\/pages\/1895\/revisions\/1898"}],"wp:featuredmedia":[{"embeddable":true,"href":"https:\/\/vorlen.geek-tonic.dev\/de\/wp-json\/wp\/v2\/media\/1897"}],"wp:attachment":[{"href":"https:\/\/vorlen.geek-tonic.dev\/de\/wp-json\/wp\/v2\/media?parent=1895"}],"wp:term":[{"taxonomy":"sujet","embeddable":true,"href":"https:\/\/vorlen.geek-tonic.dev\/de\/wp-json\/wp\/v2\/sujet?post=1895"}],"curies":[{"name":"wp","href":"https:\/\/api.w.org\/{rel}","templated":true}]}}