{"id":1887,"date":"2024-02-26T15:36:27","date_gmt":"2024-02-26T14:36:27","guid":{"rendered":"https:\/\/www.vorlen.geek-tonic.dev\/toerisme-riviera-bretonne-camping\/"},"modified":"2024-04-18T16:34:25","modified_gmt":"2024-04-18T14:34:25","slug":"toerisme-riviera-bretonne-camping","status":"publish","type":"page","link":"https:\/\/vorlen.geek-tonic.dev\/nl\/toerisme-riviera-bretonne-camping\/","title":{"rendered":"Bretonse Rivi\u00e8ra"},"content":{"rendered":"<section id=\"ls-section-block_90a3eebb57b2ea5214a0c399512c9f13\" class=\"ls-section  page-one has-background has-color-4-background-color has-m-t m-t-0 has-m-b m-b-0 has-p-t p-t-14 has-p-b p-b-14\" >\r\n        <div class=\"container container--wide\">\r\n        \n\n<div class=\"wp-block-columns is-layout-flex wp-container-core-columns-is-layout-1 wp-block-columns-is-layout-flex\">\n<div class=\"wp-block-column animated fadeInLeft delay-100ms slow is-layout-flow wp-block-column-is-layout-flow\" style=\"flex-basis:45%\">\n<figure class=\"wp-block-image size-full\"><a href=\"https:\/\/www.vorlen.geek-tonic.dev\/wp-content\/uploads\/sites\/13\/2024\/01\/tourisme-riviera-bretonne.webp\"><img decoding=\"async\" width=\"2000\" height=\"1250\" src=\"https:\/\/www.vorlen.geek-tonic.dev\/wp-content\/uploads\/sites\/13\/2024\/01\/tourisme-riviera-bretonne.webp\" alt=\"tourisme riviera bretonne\" class=\"wp-image-443\" srcset=\"https:\/\/vorlen.geek-tonic.dev\/wp-content\/uploads\/sites\/13\/2024\/01\/tourisme-riviera-bretonne.webp 2000w, https:\/\/vorlen.geek-tonic.dev\/wp-content\/uploads\/sites\/13\/2024\/01\/tourisme-riviera-bretonne-300x188.webp 300w, https:\/\/vorlen.geek-tonic.dev\/wp-content\/uploads\/sites\/13\/2024\/01\/tourisme-riviera-bretonne-1024x640.webp 1024w, https:\/\/vorlen.geek-tonic.dev\/wp-content\/uploads\/sites\/13\/2024\/01\/tourisme-riviera-bretonne-768x480.webp 768w, https:\/\/vorlen.geek-tonic.dev\/wp-content\/uploads\/sites\/13\/2024\/01\/tourisme-riviera-bretonne-1536x960.webp 1536w\" sizes=\"(max-width: 2000px) 100vw, 2000px\" \/><\/a><\/figure>\n<\/div>\n\n\n\n<div class=\"wp-block-column is-vertically-aligned-center animated fadeInRight slow is-layout-flow wp-block-column-is-layout-flow\" style=\"flex-basis:55%\">\n<h1 class=\"ls__heading wp-block-heading\">De Bretonse Rivi\u00e8ra op de camping<\/h1>\n\n\n\n<h2 class=\"ls__heading wp-block-heading\">De Bretonse Rivi\u00e8ra en zijn badplaatsen<\/h2>\n\n\n\n<p class=\"ls-paragraph\">De <a href=\"https:\/\/www.rivierabretonne.com\/\" target=\"_blank\" rel=\"noreferrer noopener\">Bretonse Rivi\u00e8ra<\/a>, vlakbij onze <a href=\"https:\/\/www.vorlen.geek-tonic.dev\/nl\/\">3-sterrencamping Le Vorlen<\/a>, is een droombestemming voor reizigers die op zoek zijn naar luxe, ontspanning en kustschoon. Deze <strong>kuststreek van Bretagne <\/strong>biedt een <strong>luxe ervaring aan zee <\/strong>met behoud van de authentieke charme van de streek.<\/p>\n\n\n\n<p class=\"ls-paragraph\">De kustlijn van de Bretonse Rivi\u00e8ra is omzoomd met <a href=\"https:\/\/www.rivierabretonne.com\/la-riviera-bretonne\/decouvrir-la-riviera-bretonne\/les-plages-et-les-criques\/\" target=\"_blank\" rel=\"noreferrer noopener\">gouden zandstranden<\/a>, waar je je kunt koesteren in de Bretonse zon of kunt genieten van een verfrissende duik in het kristalheldere water van de Atlantische Oceaan. <strong>Gerenommeerde badplaatsen <\/strong>zoals B\u00e9nodet, Fouesnant en Concarneau bieden <strong>moderne<\/strong> <strong>faciliteiten<\/strong>, <strong>restaurants<\/strong> <strong>voor fijnproevers<\/strong> en <strong>elegante<\/strong> <strong>boetieks<\/strong> om zelfs de meest veeleisende reiziger tevreden te stellen.<\/p>\n<\/div>\n<\/div>\n\n\r\n    <\/div>\r\n<\/section><section id=\"ls-section-block_3a86917b79d5a9d70a51a2ddbe09f39c\" class=\"ls-section  home-gallery has-background has-color-4-background-color has-m-t m-t-0 has-p-t p-t-0\" >\r\n        <div class=\"container container--full\">\r\n        \n\n<figure class=\"wp-block-gallery has-nested-images columns-1 is-cropped galerie-slider-container wp-block-gallery-1 is-layout-flex wp-block-gallery-is-layout-flex\">\n<figure class=\"wp-block-image size-full\"><a href=\"https:\/\/www.vorlen.geek-tonic.dev\/wp-content\/uploads\/sites\/13\/2024\/02\/visite-archipel-glenan-camping-finistere.webp\"><img decoding=\"async\" width=\"1200\" height=\"600\" src=\"https:\/\/www.vorlen.geek-tonic.dev\/wp-content\/uploads\/sites\/13\/2024\/02\/visite-archipel-glenan-camping-finistere.webp\" alt=\"visite archipel glenan camping finistere\" class=\"wp-image-782\" srcset=\"https:\/\/vorlen.geek-tonic.dev\/wp-content\/uploads\/sites\/13\/2024\/02\/visite-archipel-glenan-camping-finistere.webp 1200w, https:\/\/vorlen.geek-tonic.dev\/wp-content\/uploads\/sites\/13\/2024\/02\/visite-archipel-glenan-camping-finistere-300x150.webp 300w, https:\/\/vorlen.geek-tonic.dev\/wp-content\/uploads\/sites\/13\/2024\/02\/visite-archipel-glenan-camping-finistere-1024x512.webp 1024w, https:\/\/vorlen.geek-tonic.dev\/wp-content\/uploads\/sites\/13\/2024\/02\/visite-archipel-glenan-camping-finistere-768x384.webp 768w\" sizes=\"(max-width: 1200px) 100vw, 1200px\" \/><\/a><\/figure>\n\n\n\n<figure class=\"wp-block-image size-full\"><a href=\"https:\/\/www.vorlen.geek-tonic.dev\/wp-content\/uploads\/sites\/13\/2024\/01\/tourisme-beg-meil.webp\"><img decoding=\"async\" width=\"2000\" height=\"1250\" src=\"https:\/\/www.vorlen.geek-tonic.dev\/wp-content\/uploads\/sites\/13\/2024\/01\/tourisme-beg-meil.webp\" alt=\"toerisme beg meil\" class=\"wp-image-437\" srcset=\"https:\/\/vorlen.geek-tonic.dev\/wp-content\/uploads\/sites\/13\/2024\/01\/tourisme-beg-meil.webp 2000w, https:\/\/vorlen.geek-tonic.dev\/wp-content\/uploads\/sites\/13\/2024\/01\/tourisme-beg-meil-300x188.webp 300w, https:\/\/vorlen.geek-tonic.dev\/wp-content\/uploads\/sites\/13\/2024\/01\/tourisme-beg-meil-1024x640.webp 1024w, https:\/\/vorlen.geek-tonic.dev\/wp-content\/uploads\/sites\/13\/2024\/01\/tourisme-beg-meil-768x480.webp 768w, https:\/\/vorlen.geek-tonic.dev\/wp-content\/uploads\/sites\/13\/2024\/01\/tourisme-beg-meil-1536x960.webp 1536w\" sizes=\"(max-width: 2000px) 100vw, 2000px\" \/><\/a><\/figure>\n\n\n\n<figure class=\"wp-block-image size-full\"><a href=\"https:\/\/www.vorlen.geek-tonic.dev\/wp-content\/uploads\/sites\/13\/2024\/02\/engagement-flower-camping-finistere.webp\"><img decoding=\"async\" width=\"1200\" height=\"800\" src=\"https:\/\/www.vorlen.geek-tonic.dev\/wp-content\/uploads\/sites\/13\/2024\/02\/engagement-flower-camping-finistere.webp\" alt=\"engagement flower camping finistere\" class=\"wp-image-632\" srcset=\"https:\/\/vorlen.geek-tonic.dev\/wp-content\/uploads\/sites\/13\/2024\/02\/engagement-flower-camping-finistere.webp 1200w, https:\/\/vorlen.geek-tonic.dev\/wp-content\/uploads\/sites\/13\/2024\/02\/engagement-flower-camping-finistere-300x200.webp 300w, https:\/\/vorlen.geek-tonic.dev\/wp-content\/uploads\/sites\/13\/2024\/02\/engagement-flower-camping-finistere-1024x683.webp 1024w, https:\/\/vorlen.geek-tonic.dev\/wp-content\/uploads\/sites\/13\/2024\/02\/engagement-flower-camping-finistere-768x512.webp 768w\" sizes=\"(max-width: 1200px) 100vw, 1200px\" \/><\/a><\/figure>\n<\/figure>\n\n\r\n    <\/div>\r\n<\/section><section id=\"ls-section-block_8ad8f41cb8ec9880fe0c1ca2c7a11f92\" class=\"ls-section  page-one aventure\" >\r\n        <div class=\"container container--wide\">\r\n        \n\n<div class=\"wp-block-columns is-layout-flex wp-container-core-columns-is-layout-2 wp-block-columns-is-layout-flex\">\n<div class=\"wp-block-column first animated fadeInLeft delay-100ms slow is-layout-flow wp-block-column-is-layout-flow\" style=\"flex-basis:45%\">\n<figure class=\"wp-block-image size-full\"><a href=\"https:\/\/www.vorlen.geek-tonic.dev\/wp-content\/uploads\/sites\/13\/2024\/02\/peche-cap-coz-camping-finistere.webp\"><img decoding=\"async\" width=\"1200\" height=\"800\" src=\"https:\/\/www.vorlen.geek-tonic.dev\/wp-content\/uploads\/sites\/13\/2024\/02\/peche-cap-coz-camping-finistere.webp\" alt=\"vissen pet coz camping finistere\" class=\"wp-image-839\" srcset=\"https:\/\/vorlen.geek-tonic.dev\/wp-content\/uploads\/sites\/13\/2024\/02\/peche-cap-coz-camping-finistere.webp 1200w, https:\/\/vorlen.geek-tonic.dev\/wp-content\/uploads\/sites\/13\/2024\/02\/peche-cap-coz-camping-finistere-300x200.webp 300w, https:\/\/vorlen.geek-tonic.dev\/wp-content\/uploads\/sites\/13\/2024\/02\/peche-cap-coz-camping-finistere-1024x683.webp 1024w, https:\/\/vorlen.geek-tonic.dev\/wp-content\/uploads\/sites\/13\/2024\/02\/peche-cap-coz-camping-finistere-768x512.webp 768w\" sizes=\"(max-width: 1200px) 100vw, 1200px\" \/><\/a><\/figure>\n<\/div>\n\n\n\n<div class=\"wp-block-column is-vertically-aligned-center second animated fadeInRight slow is-layout-flow wp-block-column-is-layout-flow\" style=\"flex-basis:55%\">\n<h2 class=\"ls__heading wp-block-heading has-text-align-left\">Erfgoed en activiteiten<\/h2>\n\n\n\n<p class=\"ls-paragraph\"><strong> Het culturele erfgoed van<\/strong> de<strong> regio<\/strong> is net zo indrukwekkend, met <strong>historische<\/strong> <strong>steden<\/strong>, <strong>vissershavens<\/strong> en <strong>traditionele<\/strong> <strong>festivals<\/strong> die getuigen van de Bretonse authenticiteit.<\/p>\n\n\n\n<p class=\"ls-paragraph\"><a href=\"https:\/\/www.rivierabretonne.com\/la-riviera-bretonne\/decouvrir-la-riviera-bretonne\/les-activites-nautiques\/\" target=\"_blank\" rel=\"noreferrer noopener\">Wateractiviteiten<\/a> zijn er in overvloed, van <strong>zeilen<\/strong> tot <strong>vissen<\/strong> tot <strong>kajakken<\/strong>, terwijl <strong>golfbanen<\/strong>,<strong> luxe spa&#8217;s<\/strong> en <strong>wandelpaden<\/strong> voor elk wat wils bieden.<\/p>\n\n\n\n<h2 class=\"ls__heading wp-block-heading\">Camping bij de Bretonse Rivi\u00e8ra<\/h2>\n\n\n\n<p class=\"ls-paragraph\">Of je nu kiest voor ontspannen dagen op het strand, spannende wateravonturen of verrijkende culturele ontdekkingen, de <strong>Bretonse Rivi\u00e8ra<\/strong> biedt een verscheidenheid aan geneugten in een idyllische omgeving.<br\/>Door te verblijven op een camping in de buurt van de Bretonse Rivi\u00e8ra, heb je de mogelijkheid om te genieten van de schoonheid van deze exclusieve bestemming en tegelijkertijd dicht bij de natuur en de authentieke charme van Bretagne te zijn.<\/p>\n<\/div>\n<\/div>\n\n\r\n    <\/div>\r\n<\/section><section id=\"ls-section-block_89914453d667645800810dcca5a0041b\" class=\"ls-section  page-maillage experience has-p-t p-t-0\" >\r\n        <div class=\"container container--wide\">\r\n        \n\n<div id=\"ls-heading ls-titre-div-block_025a44b1c39f291861204b48d8c94de5\" class=\"ls-titre-div aligncenter h2-like\" >\n    <strong>Ontdek <\/strong> onze omgeving<\/div>\n\n\n<div id=\"ls-maillage-block_98ab51fe6a09d90b74fdd1d93e3df2ac\" class=\"ls-maillage cta-style-normal\" data-rows=\"3\">\n    <div class=\"wp-block-columns\"><div class=\"wp-block-column\"><div id=\"destinations\" class=\"ls-cta\">\n\n<a href=\"https:\/\/vorlen.geek-tonic.dev\/nl\/toerisme-stranden\/\" target=\"\" rel=\"noopener\" class=\"ls-cta__link\">\n\n\t<div class=\"ls-cta__image\"><img decoding=\"async\" src=\"https:\/\/vorlen.geek-tonic.dev\/wp-content\/uploads\/sites\/13\/2024\/02\/visite-plages-camping-finistere.webp\" alt=\"bezoek stranden camping finistere\"><\/div>\n\t<div class=\"ls-cta__title\">\n\t\tDe stranden\t<\/div>\n\n\t\t\n<\/a><\/div><\/div><div class=\"wp-block-column\"><div id=\"destinations\" class=\"ls-cta\">\n\n<a href=\"https:\/\/vorlen.geek-tonic.dev\/nl\/kamperen-glenan-archipel\/\" target=\"\" rel=\"noopener\" class=\"ls-cta__link\">\n\n\t<div class=\"ls-cta__image\"><img decoding=\"async\" src=\"https:\/\/vorlen.geek-tonic.dev\/wp-content\/uploads\/sites\/13\/2024\/02\/visite-archipel-glenan-camping-finistere.webp\" alt=\"visite archipel glenan camping finistere\"><\/div>\n\t<div class=\"ls-cta__title\">\n\t\tDe Gl\u00e9nan-archipel\t<\/div>\n\n\t\t\n<\/a><\/div><\/div><div class=\"wp-block-column\"><div id=\"destinations\" class=\"ls-cta\">\n\n<a href=\"https:\/\/vorlen.geek-tonic.dev\/nl\/toerisme-fouesnant\/\" target=\"\" rel=\"noopener\" class=\"ls-cta__link\">\n\n\t<div class=\"ls-cta__image\"><img decoding=\"async\" src=\"https:\/\/vorlen.geek-tonic.dev\/wp-content\/uploads\/sites\/13\/2024\/02\/tourisme-fouesnant-camping-finistere.webp\" alt=\"toerisme fouesnant camping finistere\"><\/div>\n\t<div class=\"ls-cta__title\">\n\t\tOntdek Fouesnant\t<\/div>\n\n\t\t\n<\/a><\/div><\/div><\/div><\/div>\n\r\n    <\/div>\r\n<\/section>","protected":false},"excerpt":{"rendered":"","protected":false},"author":1,"featured_media":1889,"parent":0,"menu_order":0,"comment_status":"closed","ping_status":"closed","template":"","meta":{"_acf_changed":false,"footnotes":""},"sujet":[],"class_list":["post-1887","page","type-page","status-publish","has-post-thumbnail","hentry"],"acf":[],"yoast_head":"<!-- This site is optimized with the Yoast SEO plugin v23.9 - https:\/\/yoast.com\/wordpress\/plugins\/seo\/ -->\n<title>Camping in de buurt van de Bretonse Rivi\u00e8ra en zijn badplaatsen<\/title>\n<meta name=\"description\" content=\"Ontdek de wonderen van de Bretonse Rivi\u00e8ra tijdens uw verblijf op de camping, met zijn uitzonderlijke erfgoed en wateractiviteiten: B\u00e9nodet, Concarneau...\" \/>\n<meta name=\"robots\" content=\"noindex, follow, max-snippet:-1, max-image-preview:large, max-video-preview:-1\" \/>\n<meta property=\"og:locale\" content=\"nl_NL\" \/>\n<meta property=\"og:type\" content=\"article\" \/>\n<meta property=\"og:title\" content=\"Camping in de buurt van de Bretonse Rivi\u00e8ra en zijn badplaatsen\" \/>\n<meta property=\"og:description\" content=\"Ontdek de wonderen van de Bretonse Rivi\u00e8ra tijdens uw verblijf op de camping, met zijn uitzonderlijke erfgoed en wateractiviteiten: B\u00e9nodet, Concarneau...\" \/>\n<meta property=\"og:url\" content=\"https:\/\/vorlen.geek-tonic.dev\/nl\/toerisme-riviera-bretonne-camping\/\" \/>\n<meta property=\"og:site_name\" content=\"Camping Le Vorlen\" \/>\n<meta property=\"article:modified_time\" content=\"2024-04-18T14:34:25+00:00\" \/>\n<meta property=\"og:image\" content=\"https:\/\/vorlen.geek-tonic.dev\/wp-content\/uploads\/sites\/13\/2024\/02\/tourisme-riviera-bretonne-camping-finistere-1.webp\" \/>\n\t<meta property=\"og:image:width\" content=\"2000\" \/>\n\t<meta property=\"og:image:height\" content=\"1000\" \/>\n\t<meta property=\"og:image:type\" content=\"image\/webp\" \/>\n<meta name=\"twitter:card\" content=\"summary_large_image\" \/>\n<meta name=\"twitter:label1\" content=\"Geschatte leestijd\" \/>\n\t<meta name=\"twitter:data1\" content=\"1 minuut\" \/>\n<script type=\"application\/ld+json\" class=\"yoast-schema-graph\">{\"@context\":\"https:\/\/schema.org\",\"@graph\":[{\"@type\":\"WebPage\",\"@id\":\"https:\/\/vorlen.geek-tonic.dev\/nl\/toerisme-riviera-bretonne-camping\/\",\"url\":\"https:\/\/vorlen.geek-tonic.dev\/nl\/toerisme-riviera-bretonne-camping\/\",\"name\":\"Camping in de buurt van de Bretonse Rivi\u00e8ra en zijn badplaatsen\",\"isPartOf\":{\"@id\":\"https:\/\/vorlen.geek-tonic.dev\/nl\/#website\"},\"primaryImageOfPage\":{\"@id\":\"https:\/\/vorlen.geek-tonic.dev\/nl\/toerisme-riviera-bretonne-camping\/#primaryimage\"},\"image\":{\"@id\":\"https:\/\/vorlen.geek-tonic.dev\/nl\/toerisme-riviera-bretonne-camping\/#primaryimage\"},\"thumbnailUrl\":\"https:\/\/vorlen.geek-tonic.dev\/wp-content\/uploads\/sites\/13\/2024\/02\/tourisme-riviera-bretonne-camping-finistere-1.webp\",\"datePublished\":\"2024-02-26T14:36:27+00:00\",\"dateModified\":\"2024-04-18T14:34:25+00:00\",\"description\":\"Ontdek de wonderen van de Bretonse Rivi\u00e8ra tijdens uw verblijf op de camping, met zijn uitzonderlijke erfgoed en wateractiviteiten: B\u00e9nodet, Concarneau...\",\"breadcrumb\":{\"@id\":\"https:\/\/vorlen.geek-tonic.dev\/nl\/toerisme-riviera-bretonne-camping\/#breadcrumb\"},\"inLanguage\":\"nl-NL\",\"potentialAction\":[{\"@type\":\"ReadAction\",\"target\":[\"https:\/\/vorlen.geek-tonic.dev\/nl\/toerisme-riviera-bretonne-camping\/\"]}]},{\"@type\":\"ImageObject\",\"inLanguage\":\"nl-NL\",\"@id\":\"https:\/\/vorlen.geek-tonic.dev\/nl\/toerisme-riviera-bretonne-camping\/#primaryimage\",\"url\":\"https:\/\/vorlen.geek-tonic.dev\/wp-content\/uploads\/sites\/13\/2024\/02\/tourisme-riviera-bretonne-camping-finistere-1.webp\",\"contentUrl\":\"https:\/\/vorlen.geek-tonic.dev\/wp-content\/uploads\/sites\/13\/2024\/02\/tourisme-riviera-bretonne-camping-finistere-1.webp\",\"width\":2000,\"height\":1000,\"caption\":\"toerisme riviera bretonne camping finistere\"},{\"@type\":\"BreadcrumbList\",\"@id\":\"https:\/\/vorlen.geek-tonic.dev\/nl\/toerisme-riviera-bretonne-camping\/#breadcrumb\",\"itemListElement\":[{\"@type\":\"ListItem\",\"position\":1,\"name\":\"Camping dans le Finist\u00e8re Sud\",\"item\":\"https:\/\/vorlen.geek-tonic.dev\/nl\/\"},{\"@type\":\"ListItem\",\"position\":2,\"name\":\"Camping bij de Bretonse Rivi\u00e8ra\"}]},{\"@type\":\"WebSite\",\"@id\":\"https:\/\/vorlen.geek-tonic.dev\/nl\/#website\",\"url\":\"https:\/\/vorlen.geek-tonic.dev\/nl\/\",\"name\":\"Camping Le Vorlen\",\"description\":\"\",\"publisher\":{\"@id\":\"https:\/\/vorlen.geek-tonic.dev\/nl\/#organization\"},\"potentialAction\":[{\"@type\":\"SearchAction\",\"target\":{\"@type\":\"EntryPoint\",\"urlTemplate\":\"https:\/\/vorlen.geek-tonic.dev\/nl\/?s={search_term_string}\"},\"query-input\":{\"@type\":\"PropertyValueSpecification\",\"valueRequired\":true,\"valueName\":\"search_term_string\"}}],\"inLanguage\":\"nl-NL\"},{\"@type\":\"Organization\",\"@id\":\"https:\/\/vorlen.geek-tonic.dev\/nl\/#organization\",\"name\":\"Camping Le Vorlen\",\"url\":\"https:\/\/vorlen.geek-tonic.dev\/nl\/\",\"logo\":{\"@type\":\"ImageObject\",\"inLanguage\":\"nl-NL\",\"@id\":\"https:\/\/vorlen.geek-tonic.dev\/nl\/#\/schema\/logo\/image\/\",\"url\":\"https:\/\/vorlen.geek-tonic.dev\/wp-content\/uploads\/sites\/13\/2024\/03\/cropped-logo-Flower-camping-Le-Vorlen.png\",\"contentUrl\":\"https:\/\/vorlen.geek-tonic.dev\/wp-content\/uploads\/sites\/13\/2024\/03\/cropped-logo-Flower-camping-Le-Vorlen.png\",\"width\":500,\"height\":660,\"caption\":\"Camping Le Vorlen\"},\"image\":{\"@id\":\"https:\/\/vorlen.geek-tonic.dev\/nl\/#\/schema\/logo\/image\/\"}}]}<\/script>\n<!-- \/ Yoast SEO plugin. -->","yoast_head_json":{"title":"Camping in de buurt van de Bretonse Rivi\u00e8ra en zijn badplaatsen","description":"Ontdek de wonderen van de Bretonse Rivi\u00e8ra tijdens uw verblijf op de camping, met zijn uitzonderlijke erfgoed en wateractiviteiten: B\u00e9nodet, Concarneau...","robots":{"index":"noindex","follow":"follow","max-snippet":"max-snippet:-1","max-image-preview":"max-image-preview:large","max-video-preview":"max-video-preview:-1"},"og_locale":"nl_NL","og_type":"article","og_title":"Camping in de buurt van de Bretonse Rivi\u00e8ra en zijn badplaatsen","og_description":"Ontdek de wonderen van de Bretonse Rivi\u00e8ra tijdens uw verblijf op de camping, met zijn uitzonderlijke erfgoed en wateractiviteiten: B\u00e9nodet, Concarneau...","og_url":"https:\/\/vorlen.geek-tonic.dev\/nl\/toerisme-riviera-bretonne-camping\/","og_site_name":"Camping Le Vorlen","article_modified_time":"2024-04-18T14:34:25+00:00","og_image":[{"width":2000,"height":1000,"url":"https:\/\/vorlen.geek-tonic.dev\/wp-content\/uploads\/sites\/13\/2024\/02\/tourisme-riviera-bretonne-camping-finistere-1.webp","type":"image\/webp"}],"twitter_card":"summary_large_image","twitter_misc":{"Geschatte leestijd":"1 minuut"},"schema":{"@context":"https:\/\/schema.org","@graph":[{"@type":"WebPage","@id":"https:\/\/vorlen.geek-tonic.dev\/nl\/toerisme-riviera-bretonne-camping\/","url":"https:\/\/vorlen.geek-tonic.dev\/nl\/toerisme-riviera-bretonne-camping\/","name":"Camping in de buurt van de Bretonse Rivi\u00e8ra en zijn badplaatsen","isPartOf":{"@id":"https:\/\/vorlen.geek-tonic.dev\/nl\/#website"},"primaryImageOfPage":{"@id":"https:\/\/vorlen.geek-tonic.dev\/nl\/toerisme-riviera-bretonne-camping\/#primaryimage"},"image":{"@id":"https:\/\/vorlen.geek-tonic.dev\/nl\/toerisme-riviera-bretonne-camping\/#primaryimage"},"thumbnailUrl":"https:\/\/vorlen.geek-tonic.dev\/wp-content\/uploads\/sites\/13\/2024\/02\/tourisme-riviera-bretonne-camping-finistere-1.webp","datePublished":"2024-02-26T14:36:27+00:00","dateModified":"2024-04-18T14:34:25+00:00","description":"Ontdek de wonderen van de Bretonse Rivi\u00e8ra tijdens uw verblijf op de camping, met zijn uitzonderlijke erfgoed en wateractiviteiten: B\u00e9nodet, Concarneau...","breadcrumb":{"@id":"https:\/\/vorlen.geek-tonic.dev\/nl\/toerisme-riviera-bretonne-camping\/#breadcrumb"},"inLanguage":"nl-NL","potentialAction":[{"@type":"ReadAction","target":["https:\/\/vorlen.geek-tonic.dev\/nl\/toerisme-riviera-bretonne-camping\/"]}]},{"@type":"ImageObject","inLanguage":"nl-NL","@id":"https:\/\/vorlen.geek-tonic.dev\/nl\/toerisme-riviera-bretonne-camping\/#primaryimage","url":"https:\/\/vorlen.geek-tonic.dev\/wp-content\/uploads\/sites\/13\/2024\/02\/tourisme-riviera-bretonne-camping-finistere-1.webp","contentUrl":"https:\/\/vorlen.geek-tonic.dev\/wp-content\/uploads\/sites\/13\/2024\/02\/tourisme-riviera-bretonne-camping-finistere-1.webp","width":2000,"height":1000,"caption":"toerisme riviera bretonne camping finistere"},{"@type":"BreadcrumbList","@id":"https:\/\/vorlen.geek-tonic.dev\/nl\/toerisme-riviera-bretonne-camping\/#breadcrumb","itemListElement":[{"@type":"ListItem","position":1,"name":"Camping dans le Finist\u00e8re Sud","item":"https:\/\/vorlen.geek-tonic.dev\/nl\/"},{"@type":"ListItem","position":2,"name":"Camping bij de Bretonse Rivi\u00e8ra"}]},{"@type":"WebSite","@id":"https:\/\/vorlen.geek-tonic.dev\/nl\/#website","url":"https:\/\/vorlen.geek-tonic.dev\/nl\/","name":"Camping Le Vorlen","description":"","publisher":{"@id":"https:\/\/vorlen.geek-tonic.dev\/nl\/#organization"},"potentialAction":[{"@type":"SearchAction","target":{"@type":"EntryPoint","urlTemplate":"https:\/\/vorlen.geek-tonic.dev\/nl\/?s={search_term_string}"},"query-input":{"@type":"PropertyValueSpecification","valueRequired":true,"valueName":"search_term_string"}}],"inLanguage":"nl-NL"},{"@type":"Organization","@id":"https:\/\/vorlen.geek-tonic.dev\/nl\/#organization","name":"Camping Le Vorlen","url":"https:\/\/vorlen.geek-tonic.dev\/nl\/","logo":{"@type":"ImageObject","inLanguage":"nl-NL","@id":"https:\/\/vorlen.geek-tonic.dev\/nl\/#\/schema\/logo\/image\/","url":"https:\/\/vorlen.geek-tonic.dev\/wp-content\/uploads\/sites\/13\/2024\/03\/cropped-logo-Flower-camping-Le-Vorlen.png","contentUrl":"https:\/\/vorlen.geek-tonic.dev\/wp-content\/uploads\/sites\/13\/2024\/03\/cropped-logo-Flower-camping-Le-Vorlen.png","width":500,"height":660,"caption":"Camping Le Vorlen"},"image":{"@id":"https:\/\/vorlen.geek-tonic.dev\/nl\/#\/schema\/logo\/image\/"}}]}},"_links":{"self":[{"href":"https:\/\/vorlen.geek-tonic.dev\/nl\/wp-json\/wp\/v2\/pages\/1887","targetHints":{"allow":["GET"]}}],"collection":[{"href":"https:\/\/vorlen.geek-tonic.dev\/nl\/wp-json\/wp\/v2\/pages"}],"about":[{"href":"https:\/\/vorlen.geek-tonic.dev\/nl\/wp-json\/wp\/v2\/types\/page"}],"author":[{"embeddable":true,"href":"https:\/\/vorlen.geek-tonic.dev\/nl\/wp-json\/wp\/v2\/users\/1"}],"replies":[{"embeddable":true,"href":"https:\/\/vorlen.geek-tonic.dev\/nl\/wp-json\/wp\/v2\/comments?post=1887"}],"version-history":[{"count":1,"href":"https:\/\/vorlen.geek-tonic.dev\/nl\/wp-json\/wp\/v2\/pages\/1887\/revisions"}],"predecessor-version":[{"id":1890,"href":"https:\/\/vorlen.geek-tonic.dev\/nl\/wp-json\/wp\/v2\/pages\/1887\/revisions\/1890"}],"wp:featuredmedia":[{"embeddable":true,"href":"https:\/\/vorlen.geek-tonic.dev\/nl\/wp-json\/wp\/v2\/media\/1889"}],"wp:attachment":[{"href":"https:\/\/vorlen.geek-tonic.dev\/nl\/wp-json\/wp\/v2\/media?parent=1887"}],"wp:term":[{"taxonomy":"sujet","embeddable":true,"href":"https:\/\/vorlen.geek-tonic.dev\/nl\/wp-json\/wp\/v2\/sujet?post=1887"}],"curies":[{"name":"wp","href":"https:\/\/api.w.org\/{rel}","templated":true}]}}